{"id":5679,"date":"2021-10-30T16:10:37","date_gmt":"2021-10-30T14:10:37","guid":{"rendered":"http:\/\/toensfeldt-modellbau.de\/?page_id=5679"},"modified":"2025-03-08T13:44:47","modified_gmt":"2025-03-08T11:44:47","slug":"schwerlastregal","status":"publish","type":"page","link":"https:\/\/toensfeldt-modellbau.de\/?page_id=5679","title":{"rendered":"Schwerlastregal"},"content":{"rendered":"\n<p><strong><em><span style=\"color:#a30004\" class=\"has-inline-color\">Schwerlastregal &#8211; System<\/span><\/em><\/strong><\/p>\n\n\n\n<figure class=\"wp-block-image size-large\"><a href=\"http:\/\/toensfeldt-modellbau.de\/wp-content\/uploads\/2021\/10\/3Rerale_Farbe_4.jpg\"><img loading=\"lazy\" decoding=\"async\" width=\"567\" height=\"292\" src=\"http:\/\/toensfeldt-modellbau.de\/wp-content\/uploads\/2021\/10\/3Rerale_Farbe_4.jpg\" alt=\"\" class=\"wp-image-5692\" srcset=\"https:\/\/toensfeldt-modellbau.de\/wp-content\/uploads\/2021\/10\/3Rerale_Farbe_4.jpg 567w, https:\/\/toensfeldt-modellbau.de\/wp-content\/uploads\/2021\/10\/3Rerale_Farbe_4-300x154.jpg 300w\" sizes=\"auto, (max-width: 567px) 100vw, 567px\" \/><\/a><\/figure>\n\n\n\n<p><strong><em><span style=\"color:#a30004\" class=\"has-inline-color\">Schwerlastregal &#8211; System Pulverbeschichtet<\/span><\/em><\/strong><\/p>\n\n\n\n<ul class=\"wp-block-list\">\n<li>Schwerlastregale aus gelasertem Stahlblech 1,0 mm, zum Profil weiterverarbeitet. 1 Fachabteil besteht aus 2 Wangen Blau Pulverbeschichte, 2 Fachb\u00f6den Orange Pulverbeschichtet und ist f\u00fcr max. 6 Palettenpl\u00e4tze ausgelegt !<\/li>\n\n\n\n<li>Jedes Fach ist mit ca.1,0 kg belastbar<\/li>\n\n\n\n<li>Ma\u00dfe gelten f\u00fcr einfaches Schwerlastregal. Das Regal kann nach rechts, links und in der Breite beliebig ausgebaut werden.<\/li>\n<\/ul>\n\n\n\n<p><em>Achtung<\/em> die Regalb\u00f6den werden mit Schrauben und Muttern mit der Wange Verbunden !<\/p>\n\n\n\n<figure class=\"wp-block-image size-large\"><a href=\"http:\/\/toensfeldt-modellbau.de\/wp-content\/uploads\/2015\/09\/1Regal_Farbe_2Int.jpg\"><img loading=\"lazy\" decoding=\"async\" width=\"289\" height=\"250\" src=\"http:\/\/toensfeldt-modellbau.de\/wp-content\/uploads\/2015\/09\/1Regal_Farbe_2Int.jpg\" alt=\"\" class=\"wp-image-1321\"\/><\/a><\/figure>\n\n\n\n<ul class=\"wp-block-list\">\n<li>Ma\u00dfe:<\/li>\n\n\n\n<li>Breite : ca. 197 mm<\/li>\n\n\n\n<li>Tiefe : ca. 80 mm<\/li>\n\n\n\n<li>H\u00f6he : ca. 220 mm<\/li>\n\n\n\n<li>Gewicht : ca. 250 g<\/li>\n<\/ul>\n\n\n\n<p>Art. Nr.: Bestelltext:<\/p>\n\n\n\n<ul class=\"wp-block-list\">\n<li><span style=\"color:#a30008\" class=\"has-inline-color\">091010<\/span> Schwerlastregal, einfach, Bausatz<\/li>\n\n\n\n<li><span style=\"color:#a3000d\" class=\"has-inline-color\">091011<\/span> Schwerlastregal, zweifach, Bausatz<\/li>\n\n\n\n<li><span style=\"color:#a3000d\" class=\"has-inline-color\">091012<\/span> Schwerlastregal, dreifach, Bausatz<\/li>\n\n\n\n<li><span style=\"color:#a30008\" class=\"has-inline-color\">091013<\/span> Schwerlastregal, Eckenschutz, Bausatz<\/li>\n<\/ul>\n\n\n\n<p><em><strong><span style=\"color:#a30015\" class=\"has-inline-color\">Eckenschutz f\u00fcr Schwerlastregale<\/span><\/strong><\/em><\/p>\n\n\n\n<figure class=\"wp-block-image size-large\"><a href=\"http:\/\/toensfeldt-modellbau.de\/wp-content\/uploads\/2021\/10\/3Rerale_Farbe_2int.jpg\"><img loading=\"lazy\" decoding=\"async\" width=\"171\" height=\"170\" src=\"http:\/\/toensfeldt-modellbau.de\/wp-content\/uploads\/2021\/10\/3Rerale_Farbe_2int.jpg\" alt=\"\" class=\"wp-image-5695\" srcset=\"https:\/\/toensfeldt-modellbau.de\/wp-content\/uploads\/2021\/10\/3Rerale_Farbe_2int.jpg 171w, https:\/\/toensfeldt-modellbau.de\/wp-content\/uploads\/2021\/10\/3Rerale_Farbe_2int-150x150.jpg 150w\" sizes=\"auto, (max-width: 171px) 100vw, 171px\" \/><\/a><\/figure>\n\n\n\n<figure class=\"wp-block-image size-large\"><a href=\"http:\/\/toensfeldt-modellbau.de\/wp-content\/uploads\/2015\/09\/EckenschutZINt1.jpg\"><img loading=\"lazy\" decoding=\"async\" width=\"254\" height=\"170\" src=\"http:\/\/toensfeldt-modellbau.de\/wp-content\/uploads\/2015\/09\/EckenschutZINt1.jpg\" alt=\"\" class=\"wp-image-1322\"\/><\/a><\/figure>\n\n\n\n<p>Bausatz besteht aus: 2 x Eckenschutz Rechs und Links, 2 x Aufkleber, Schrauben und Bauanleitung.<\/p>\n\n\n\n<p>Art. Nr.: Bestelltext:<\/p>\n\n\n\n<ul class=\"wp-block-list\">\n<li><span style=\"color:#a30004\" class=\"has-inline-color\">091020<\/span> Schwerlastregal, Eckenschutz, Bausatz<\/li>\n<\/ul>\n\n\n\n<p>Herstellerdaten gem\u00e4s GPSR<\/p>\n\n\n\n<p>Olaf T\u00f6nsfeldt<br>T\u00f6nsfeldt Modellbau Vertrieb<br>Nobiskr\u00fcger Allee 20<br>24768 Rendsburg<\/p>\n\n\n\n<p><strong>Deutschland<\/strong><br>Tel.: 0049 (0 ) 43 31\/ 51 95<br>E-Mail an: <a href=\"mailto:tmv@toensfeldt-modellbau.de\">tmv@toensfeldt-modellbau.de<\/a><\/p>\n","protected":false},"excerpt":{"rendered":"<p>Schwerlastregal &#8211; System Schwerlastregal &#8211; System Pulverbeschichtet Achtung die Regalb\u00f6den werden mit Schrauben und Muttern mit der Wange Verbunden ! Art. Nr.: Bestelltext: Eckenschutz f\u00fcr Schwerlastregale Bausatz besteht aus: 2 x Eckenschutz Rechs und Links, 2 x Aufkleber, Schrauben und &hellip; <a href=\"https:\/\/toensfeldt-modellbau.de\/?page_id=5679\">Weiterlesen <span class=\"meta-nav\">&rarr;<\/span><\/a><\/p>\n","protected":false},"author":2,"featured_media":0,"parent":0,"menu_order":0,"comment_status":"closed","ping_status":"closed","template":"","meta":{"footnotes":""},"class_list":["post-5679","page","type-page","status-publish","hentry"],"_links":{"self":[{"href":"https:\/\/toensfeldt-modellbau.de\/index.php?rest_route=\/wp\/v2\/pages\/5679","targetHints":{"allow":["GET"]}}],"collection":[{"href":"https:\/\/toensfeldt-modellbau.de\/index.php?rest_route=\/wp\/v2\/pages"}],"about":[{"href":"https:\/\/toensfeldt-modellbau.de\/index.php?rest_route=\/wp\/v2\/types\/page"}],"author":[{"embeddable":true,"href":"https:\/\/toensfeldt-modellbau.de\/index.php?rest_route=\/wp\/v2\/users\/2"}],"replies":[{"embeddable":true,"href":"https:\/\/toensfeldt-modellbau.de\/index.php?rest_route=%2Fwp%2Fv2%2Fcomments&post=5679"}],"version-history":[{"count":6,"href":"https:\/\/toensfeldt-modellbau.de\/index.php?rest_route=\/wp\/v2\/pages\/5679\/revisions"}],"predecessor-version":[{"id":7674,"href":"https:\/\/toensfeldt-modellbau.de\/index.php?rest_route=\/wp\/v2\/pages\/5679\/revisions\/7674"}],"wp:attachment":[{"href":"https:\/\/toensfeldt-modellbau.de\/index.php?rest_route=%2Fwp%2Fv2%2Fmedia&parent=5679"}],"curies":[{"name":"wp","href":"https:\/\/api.w.org\/{rel}","templated":true}]}}