{"id":5681,"date":"2021-10-30T16:11:08","date_gmt":"2021-10-30T14:11:08","guid":{"rendered":"http:\/\/toensfeldt-modellbau.de\/?page_id=5681"},"modified":"2025-03-08T13:43:19","modified_gmt":"2025-03-08T11:43:19","slug":"kragarmregal","status":"publish","type":"page","link":"https:\/\/toensfeldt-modellbau.de\/?page_id=5681","title":{"rendered":"Kragarmregal"},"content":{"rendered":"\n<p><strong><em><span style=\"color:#a3000d\" class=\"has-inline-color\">Kragarmregale Einfach und Zweifach<\/span><\/em><\/strong><\/p>\n\n\n\n<figure class=\"wp-block-image size-large\"><a href=\"http:\/\/toensfeldt-modellbau.de\/wp-content\/uploads\/2013\/11\/krak_1_2.jpg\"><img loading=\"lazy\" decoding=\"async\" width=\"300\" height=\"171\" src=\"http:\/\/toensfeldt-modellbau.de\/wp-content\/uploads\/2013\/11\/krak_1_2.jpg\" alt=\"\" class=\"wp-image-360\"\/><\/a><\/figure>\n\n\n\n<ul class=\"wp-block-list\">\n<li>Kragarmregale aus gelasertem Stahlblech 1,0 mm, zum Profil weiterverarbeitet.<\/li>\n\n\n\n<li>Das Regal besteht aus 2 Grundwangen, die mit Laschen verschraubt werden. Am Boden werden F\u00fc\u00dfe zur Stabilisierung verschraubt. Zus\u00e4tzliche Verankerung im Boden ist m\u00f6glich.<\/li>\n\n\n\n<li>In das Regal werden Vollmaterialst\u00e4be eingeschoben, die mit Stiften gesichert werden, um die F\u00e4cher zu erstellen.<\/li>\n<\/ul>\n\n\n\n<ul class=\"wp-block-list\">\n<li>Ma\u00dfe gelten f\u00fcr einfach Kragarmregal ohne Bodenplatte, das Regal kann freistehend mit Bodenplatte oder an eine Wand angebaut werden (Bodenplatte nicht im Bausatz enthalten).<\/li>\n<\/ul>\n\n\n\n<figure class=\"wp-block-image size-large\"><a href=\"http:\/\/toensfeldt-modellbau.de\/wp-content\/uploads\/2013\/11\/090105.jpg\"><img loading=\"lazy\" decoding=\"async\" width=\"250\" height=\"250\" src=\"http:\/\/toensfeldt-modellbau.de\/wp-content\/uploads\/2013\/11\/090105.jpg\" alt=\"090105\" class=\"wp-image-355\" srcset=\"https:\/\/toensfeldt-modellbau.de\/wp-content\/uploads\/2013\/11\/090105.jpg 250w, https:\/\/toensfeldt-modellbau.de\/wp-content\/uploads\/2013\/11\/090105-150x150.jpg 150w\" sizes=\"auto, (max-width: 250px) 100vw, 250px\" \/><\/a><\/figure>\n\n\n\n<p>Ma\u00dfe Kragarmregal einfach<\/p>\n\n\n\n<ul class=\"wp-block-list\">\n<li>H\u00f6he: ca. 185 mm<\/li>\n\n\n\n<li>Breite ca. 222 mm<\/li>\n\n\n\n<li>Tiefe: ca. 50 mm<\/li>\n\n\n\n<li>Gewicht: ca. 400 g<\/li>\n<\/ul>\n\n\n\n<figure class=\"wp-block-image size-large\"><a href=\"http:\/\/toensfeldt-modellbau.de\/wp-content\/uploads\/2013\/11\/090106.jpg\"><img loading=\"lazy\" decoding=\"async\" width=\"250\" height=\"250\" src=\"http:\/\/toensfeldt-modellbau.de\/wp-content\/uploads\/2013\/11\/090106.jpg\" alt=\"090106\" class=\"wp-image-356\" srcset=\"https:\/\/toensfeldt-modellbau.de\/wp-content\/uploads\/2013\/11\/090106.jpg 250w, https:\/\/toensfeldt-modellbau.de\/wp-content\/uploads\/2013\/11\/090106-150x150.jpg 150w\" sizes=\"auto, (max-width: 250px) 100vw, 250px\" \/><\/a><\/figure>\n\n\n\n<p>Ma\u00dfe Kragarmregal doppelt<\/p>\n\n\n\n<ul class=\"wp-block-list\">\n<li>H\u00f6he: ca. 185 mm<\/li>\n\n\n\n<li>Breite ca. 222 mm<\/li>\n\n\n\n<li>Tiefe: ca. 85 mm<\/li>\n\n\n\n<li>Gewicht: ca. 400 g<\/li>\n<\/ul>\n\n\n\n<p>Art. Nr.: Bestelltext:<\/p>\n\n\n\n<ul class=\"wp-block-list\">\n<li><span style=\"color:#a30004\" class=\"has-inline-color\">091006<\/span> Kragarmregal, einfach, Bausatz<\/li>\n\n\n\n<li><span style=\"color:#a30008\" class=\"has-inline-color\">091007<\/span> Kragarmregal, doppelt, Bausatz<\/li>\n\n\n\n<li><span style=\"color:#a30008\" class=\"has-inline-color\">091008<\/span> Ersatzteile, Kragarmregal<\/li>\n<\/ul>\n\n\n\n<p>Herstellerdaten gem\u00e4s GPSR<\/p>\n\n\n\n<p>Olaf T\u00f6nsfeldt<br>T\u00f6nsfeldt Modellbau Vertrieb<br>Nobiskr\u00fcger Allee 20<br>24768 Rendsburg<\/p>\n\n\n\n<p><strong>Deutschland<\/strong><br>Tel.: 0049 (0 ) 43 31\/ 51 95<br>E-Mail an: <a href=\"mailto:tmv@toensfeldt-modellbau.de\">tmv@toensfeldt-modellbau.de<\/a><\/p>\n","protected":false},"excerpt":{"rendered":"<p>Kragarmregale Einfach und Zweifach Ma\u00dfe Kragarmregal einfach Ma\u00dfe Kragarmregal doppelt Art. Nr.: Bestelltext: Herstellerdaten gem\u00e4s GPSR Olaf T\u00f6nsfeldtT\u00f6nsfeldt Modellbau VertriebNobiskr\u00fcger Allee 2024768 Rendsburg DeutschlandTel.: 0049 (0 ) 43 31\/ 51 95E-Mail an: tmv@toensfeldt-modellbau.de<\/p>\n","protected":false},"author":2,"featured_media":0,"parent":0,"menu_order":0,"comment_status":"closed","ping_status":"closed","template":"","meta":{"footnotes":""},"class_list":["post-5681","page","type-page","status-publish","hentry"],"_links":{"self":[{"href":"https:\/\/toensfeldt-modellbau.de\/index.php?rest_route=\/wp\/v2\/pages\/5681","targetHints":{"allow":["GET"]}}],"collection":[{"href":"https:\/\/toensfeldt-modellbau.de\/index.php?rest_route=\/wp\/v2\/pages"}],"about":[{"href":"https:\/\/toensfeldt-modellbau.de\/index.php?rest_route=\/wp\/v2\/types\/page"}],"author":[{"embeddable":true,"href":"https:\/\/toensfeldt-modellbau.de\/index.php?rest_route=\/wp\/v2\/users\/2"}],"replies":[{"embeddable":true,"href":"https:\/\/toensfeldt-modellbau.de\/index.php?rest_route=%2Fwp%2Fv2%2Fcomments&post=5681"}],"version-history":[{"count":3,"href":"https:\/\/toensfeldt-modellbau.de\/index.php?rest_route=\/wp\/v2\/pages\/5681\/revisions"}],"predecessor-version":[{"id":7672,"href":"https:\/\/toensfeldt-modellbau.de\/index.php?rest_route=\/wp\/v2\/pages\/5681\/revisions\/7672"}],"wp:attachment":[{"href":"https:\/\/toensfeldt-modellbau.de\/index.php?rest_route=%2Fwp%2Fv2%2Fmedia&parent=5681"}],"curies":[{"name":"wp","href":"https:\/\/api.w.org\/{rel}","templated":true}]}}