{"id":5724,"date":"2021-11-13T13:36:21","date_gmt":"2021-11-13T11:36:21","guid":{"rendered":"https:\/\/toensfeldt-modellbau.de\/?page_id=5724"},"modified":"2025-03-08T12:48:14","modified_gmt":"2025-03-08T10:48:14","slug":"d-ringe-2","status":"publish","type":"page","link":"https:\/\/toensfeldt-modellbau.de\/?page_id=5724","title":{"rendered":"D-Ringe"},"content":{"rendered":"\n<p><strong><em><span style=\"color:#a30015\" class=\"has-inline-color\">TMV D-Ringe aus Messingguss<\/span><\/em><\/strong><\/p>\n\n\n\n<figure class=\"wp-block-image size-large\"><a href=\"http:\/\/toensfeldt-modellbau.de\/wp-content\/uploads\/2021\/11\/4-Farben-D-Ringe.jpg\"><img loading=\"lazy\" decoding=\"async\" width=\"425\" height=\"233\" src=\"http:\/\/toensfeldt-modellbau.de\/wp-content\/uploads\/2021\/11\/4-Farben-D-Ringe.jpg\" alt=\"\" class=\"wp-image-5732\" srcset=\"https:\/\/toensfeldt-modellbau.de\/wp-content\/uploads\/2021\/11\/4-Farben-D-Ringe.jpg 425w, https:\/\/toensfeldt-modellbau.de\/wp-content\/uploads\/2021\/11\/4-Farben-D-Ringe-300x164.jpg 300w\" sizes=\"auto, (max-width: 425px) 100vw, 425px\" \/><\/a><\/figure>\n\n\n\n<p>4 TMV D-Ringe mit Sicherrungsblech aus Messing Feinguss ohne Schrauben in 6 Farben pulverbeschichtet, Verzinkt oder Vernickelt.<\/p>\n\n\n\n<figure class=\"wp-block-image size-large\"><a href=\"http:\/\/toensfeldt-modellbau.de\/wp-content\/uploads\/2021\/11\/4-D-Ringe-Rotjpg.jpg\"><img loading=\"lazy\" decoding=\"async\" width=\"283\" height=\"141\" src=\"http:\/\/toensfeldt-modellbau.de\/wp-content\/uploads\/2021\/11\/4-D-Ringe-Rotjpg.jpg\" alt=\"\" class=\"wp-image-5730\"\/><\/a><\/figure>\n\n\n\n<figure class=\"wp-block-image size-large\"><a href=\"http:\/\/toensfeldt-modellbau.de\/wp-content\/uploads\/2021\/11\/4-D-RingeGelb.jpg\"><img loading=\"lazy\" decoding=\"async\" width=\"283\" height=\"144\" src=\"http:\/\/toensfeldt-modellbau.de\/wp-content\/uploads\/2021\/11\/4-D-RingeGelb.jpg\" alt=\"\" class=\"wp-image-5729\"\/><\/a><\/figure>\n\n\n\n<figure class=\"wp-block-image size-large\"><a href=\"http:\/\/toensfeldt-modellbau.de\/wp-content\/uploads\/2021\/11\/4-D-Ringe-Blau.jpg\"><img loading=\"lazy\" decoding=\"async\" width=\"283\" height=\"131\" src=\"http:\/\/toensfeldt-modellbau.de\/wp-content\/uploads\/2021\/11\/4-D-Ringe-Blau.jpg\" alt=\"\" class=\"wp-image-5728\"\/><\/a><\/figure>\n\n\n\n<figure class=\"wp-block-image size-large is-resized\"><a href=\"http:\/\/toensfeldt-modellbau.de\/wp-content\/uploads\/2021\/11\/4-D-Ringe-Verzinkt.jpg\"><img loading=\"lazy\" decoding=\"async\" width=\"283\" height=\"135\" src=\"http:\/\/toensfeldt-modellbau.de\/wp-content\/uploads\/2021\/11\/4-D-Ringe-Verzinkt.jpg\" alt=\"\" class=\"wp-image-5731\" style=\"width:283px;height:135px\"\/><\/a><\/figure>\n\n\n\n<figure class=\"wp-block-image size-large\"><a href=\"http:\/\/toensfeldt-modellbau.de\/wp-content\/uploads\/2021\/11\/3-Farben-D-Ringe.jpg\"><img loading=\"lazy\" decoding=\"async\" width=\"425\" height=\"256\" src=\"http:\/\/toensfeldt-modellbau.de\/wp-content\/uploads\/2021\/11\/3-Farben-D-Ringe.jpg\" alt=\"\" class=\"wp-image-5745\" srcset=\"https:\/\/toensfeldt-modellbau.de\/wp-content\/uploads\/2021\/11\/3-Farben-D-Ringe.jpg 425w, https:\/\/toensfeldt-modellbau.de\/wp-content\/uploads\/2021\/11\/3-Farben-D-Ringe-300x181.jpg 300w\" sizes=\"auto, (max-width: 425px) 100vw, 425px\" \/><\/a><\/figure>\n\n\n\n<figure class=\"wp-block-image size-large\"><a href=\"http:\/\/toensfeldt-modellbau.de\/wp-content\/uploads\/2021\/11\/4-D-Ringe-Schwarz.jpg\"><img loading=\"lazy\" decoding=\"async\" width=\"283\" height=\"155\" src=\"http:\/\/toensfeldt-modellbau.de\/wp-content\/uploads\/2021\/11\/4-D-Ringe-Schwarz.jpg\" alt=\"\" class=\"wp-image-5741\"\/><\/a><\/figure>\n\n\n\n<figure class=\"wp-block-image size-large\"><a href=\"http:\/\/toensfeldt-modellbau.de\/wp-content\/uploads\/2021\/11\/4-D-Ringe-Pink.jpg\"><img loading=\"lazy\" decoding=\"async\" width=\"283\" height=\"143\" src=\"http:\/\/toensfeldt-modellbau.de\/wp-content\/uploads\/2021\/11\/4-D-Ringe-Pink.jpg\" alt=\"\" class=\"wp-image-5740\"\/><\/a><\/figure>\n\n\n\n<figure class=\"wp-block-image size-large\"><a href=\"http:\/\/toensfeldt-modellbau.de\/wp-content\/uploads\/2021\/11\/4-D-Ringe-Verbickeltt.jpg\"><img loading=\"lazy\" decoding=\"async\" width=\"283\" height=\"150\" src=\"http:\/\/toensfeldt-modellbau.de\/wp-content\/uploads\/2021\/11\/4-D-Ringe-Verbickeltt.jpg\" alt=\"\" class=\"wp-image-5742\"\/><\/a><\/figure>\n\n\n\n<p>Technische Daten D-Ringe:<\/p>\n\n\n\n<p>D-Ring:<\/p>\n\n\n\n<ul class=\"wp-block-list\">\n<li>H\u00f6he: ca. 10,0 mm<\/li>\n\n\n\n<li>Breite: ca. 8,2 mm<\/li>\n\n\n\n<li>St\u00e4rke: ca. 2,0 mm<\/li>\n<\/ul>\n\n\n\n<p>Klemmblech:<\/p>\n\n\n\n<ul class=\"wp-block-list\">\n<li>L\u00e4nge: ca. 10 mm<\/li>\n\n\n\n<li>Breite: ca. 4,5 mm<\/li>\n\n\n\n<li>Bohrung: 2,0 mm \u00d8<\/li>\n<\/ul>\n\n\n\n<ul class=\"wp-block-list\">\n<li><span style=\"color:#a30008\" class=\"has-inline-color\">030440<\/span> 4 TMV D-Ringe Rot<\/li>\n\n\n\n<li><span style=\"color:#a30003\" class=\"has-inline-color\">030441<\/span> 4 TMV D-Ringe Gelb<\/li>\n\n\n\n<li><span style=\"color:#a3000d\" class=\"has-inline-color\">030442<\/span> 4 TMV D-Ringe Blau<\/li>\n\n\n\n<li>030443 4 TMV D-Ringe Oliv<\/li>\n\n\n\n<li><span style=\"color:#a30008\" class=\"has-inline-color\">030444<\/span> 4 TMV D-Ringe Schwarz<\/li>\n\n\n\n<li><span style=\"color:#a30004\" class=\"has-inline-color\">030445<\/span> 4 TMV D-Ringe Verzinkt<\/li>\n\n\n\n<li><span style=\"color:#a30008\" class=\"has-inline-color\">030446<\/span> 4 TMV D-Ringe Pink<\/li>\n\n\n\n<li><span style=\"color:#a30015\" class=\"has-inline-color\">030447<\/span> 4 TMV D-Ringe Vernickelt<\/li>\n<\/ul>\n\n\n\n<p>Herstellerdaten gem\u00e4s GPSR<\/p>\n\n\n\n<p>Olaf T\u00f6nsfeldt<br>T\u00f6nsfeldt Modellbau Vertrieb<br>Nobiskr\u00fcger Allee 20<br>24768 Rendsburg<\/p>\n\n\n\n<p><strong>Deutschland<\/strong><br>Tel.: 0049 (0 ) 43 31\/ 51 95<br>E-Mail an: <a href=\"mailto:tmv@toensfeldt-modellbau.de\">tmv@toensfeldt-modellbau.de<\/a><\/p>\n","protected":false},"excerpt":{"rendered":"<p>TMV D-Ringe aus Messingguss 4 TMV D-Ringe mit Sicherrungsblech aus Messing Feinguss ohne Schrauben in 6 Farben pulverbeschichtet, Verzinkt oder Vernickelt. Technische Daten D-Ringe: D-Ring: Klemmblech: Herstellerdaten gem\u00e4s GPSR Olaf T\u00f6nsfeldtT\u00f6nsfeldt Modellbau VertriebNobiskr\u00fcger Allee 2024768 Rendsburg DeutschlandTel.: 0049 (0 ) &hellip; <a href=\"https:\/\/toensfeldt-modellbau.de\/?page_id=5724\">Weiterlesen <span class=\"meta-nav\">&rarr;<\/span><\/a><\/p>\n","protected":false},"author":2,"featured_media":0,"parent":0,"menu_order":0,"comment_status":"closed","ping_status":"closed","template":"","meta":{"footnotes":""},"class_list":["post-5724","page","type-page","status-publish","hentry"],"_links":{"self":[{"href":"https:\/\/toensfeldt-modellbau.de\/index.php?rest_route=\/wp\/v2\/pages\/5724","targetHints":{"allow":["GET"]}}],"collection":[{"href":"https:\/\/toensfeldt-modellbau.de\/index.php?rest_route=\/wp\/v2\/pages"}],"about":[{"href":"https:\/\/toensfeldt-modellbau.de\/index.php?rest_route=\/wp\/v2\/types\/page"}],"author":[{"embeddable":true,"href":"https:\/\/toensfeldt-modellbau.de\/index.php?rest_route=\/wp\/v2\/users\/2"}],"replies":[{"embeddable":true,"href":"https:\/\/toensfeldt-modellbau.de\/index.php?rest_route=%2Fwp%2Fv2%2Fcomments&post=5724"}],"version-history":[{"count":9,"href":"https:\/\/toensfeldt-modellbau.de\/index.php?rest_route=\/wp\/v2\/pages\/5724\/revisions"}],"predecessor-version":[{"id":7630,"href":"https:\/\/toensfeldt-modellbau.de\/index.php?rest_route=\/wp\/v2\/pages\/5724\/revisions\/7630"}],"wp:attachment":[{"href":"https:\/\/toensfeldt-modellbau.de\/index.php?rest_route=%2Fwp%2Fv2%2Fmedia&parent=5724"}],"curies":[{"name":"wp","href":"https:\/\/api.w.org\/{rel}","templated":true}]}}