{"id":5755,"date":"2021-11-25T13:49:30","date_gmt":"2021-11-25T11:49:30","guid":{"rendered":"https:\/\/toensfeldt-modellbau.de\/?page_id=5755"},"modified":"2025-03-02T14:51:39","modified_gmt":"2025-03-02T12:51:39","slug":"norsu-gs","status":"publish","type":"page","link":"https:\/\/toensfeldt-modellbau.de\/?page_id=5755","title":{"rendered":"GS Norsu"},"content":{"rendered":"\n<p><strong><em><span style=\"color:#a30008\" class=\"has-inline-color\">Zinken und Schutzgitter f\u00fcr Norsu Gabelstapler <\/span><\/em><\/strong><\/p>\n\n\n\n<p>An dieser Stelle ein dank an Santigo Lopez ( ig-truckmodellbau-ostalb ). f\u00fcr die Fotos des Norsu Gabelstapler mit unseren Zinken, Schutzgittern und IBC-Tank !<\/p>\n\n\n\n<figure class=\"wp-block-image size-large\"><a href=\"http:\/\/toensfeldt-modellbau.de\/wp-content\/uploads\/2021\/11\/Noru-Stapler-IBC-Tank.jpg\"><img loading=\"lazy\" decoding=\"async\" width=\"425\" height=\"370\" src=\"http:\/\/toensfeldt-modellbau.de\/wp-content\/uploads\/2021\/11\/Noru-Stapler-IBC-Tank.jpg\" alt=\"\" class=\"wp-image-5754\" srcset=\"https:\/\/toensfeldt-modellbau.de\/wp-content\/uploads\/2021\/11\/Noru-Stapler-IBC-Tank.jpg 425w, https:\/\/toensfeldt-modellbau.de\/wp-content\/uploads\/2021\/11\/Noru-Stapler-IBC-Tank-300x261.jpg 300w\" sizes=\"auto, (max-width: 425px) 100vw, 425px\" \/><\/a><\/figure>\n\n\n\n<p><strong><em><span style=\"color:#a30003\" class=\"has-inline-color\">TMV Gabelstapler Zinken Mittel<\/span><\/em><\/strong><\/p>\n\n\n\n<p>Mittel Lange Gabelzinken f\u00fcr den Norsu Gabelstapler aus dem 3D-Drucker. Die TMV Gabelzinken sind aus Alumide und sehr flexibel aber auch bruchsicher in der normalen Handhabung. Auf die TMV Gabelzinken passen 2 Europaletten quer ( zur schnellst-m\u00f6glichen Beladung unter Beachtung der zu hebenden Gewichte des Modells ) und 1. Europalette L\u00e4ngs. Die Gabelstaplerzinken gibt es in Schwarz eingef\u00e4rbt. Achtung die Oberfl\u00e4che der TMV Gabelzinken ist rau und nicht glatt wie die Metallzinken ! Falls n\u00f6tig liefern wir noch 2 Madenschrauben zur Sicherung der TMV Gabelzinken mit.<\/p>\n\n\n\n<figure class=\"wp-block-image size-large\"><a href=\"http:\/\/toensfeldt-modellbau.de\/wp-content\/uploads\/2021\/11\/Norsu-Stapler-Zinken.jpg\"><img loading=\"lazy\" decoding=\"async\" width=\"283\" height=\"140\" src=\"http:\/\/toensfeldt-modellbau.de\/wp-content\/uploads\/2021\/11\/Norsu-Stapler-Zinken.jpg\" alt=\"\" class=\"wp-image-5753\"\/><\/a><\/figure>\n\n\n\n<p>Technische Daten Mittel:<\/p>\n\n\n\n<ul class=\"wp-block-list\">\n<li>L\u00e4nge: ca. 111 mm<\/li>\n\n\n\n<li>H\u00f6he: ca. 49 mm<\/li>\n\n\n\n<li>Breite: ca. 9 mm<\/li>\n\n\n\n<li>St\u00e4rke: ca. 4 mm<\/li>\n<\/ul>\n\n\n\n<p>Art. Nr. Text:<\/p>\n\n\n\n<ul class=\"wp-block-list\">\n<li><mark style=\"background-color:rgba(0, 0, 0, 0);color:#a30004\" class=\"has-inline-color\">020553<\/mark> TMV GS Zinken Alumide Norsu Mittel Schwarz<\/li>\n<\/ul>\n\n\n\n<p><strong><em><span style=\"color:#a30004\" class=\"has-inline-color\">TMV Schutzgitter und Ausatz Schutzgitter f\u00fcr Norsu<\/span><\/em><\/strong><\/p>\n\n\n\n<p>Das TMV Schutzgitter wird auf die Grundplatte des Norsu Gabelstaplers einfach aufgesteckt. Das TMV Schutzgitter kommt aus dem 3D-Drucker und ist aus Polyamide Kunststoff schwarz eingef\u00e4rbt. In die Seitenf\u00fchrung sollten noch Kunststoffstreifen eingeklebt werden damit das Schutzgitter nicht wackelt. Es ist auch wesentlich leichter als ein Schutzgitter aus Messing.<\/p>\n\n\n\n<figure class=\"wp-block-image size-large\"><a href=\"http:\/\/toensfeldt-modellbau.de\/wp-content\/uploads\/2021\/11\/Norsu-Stapler-Schutzgitter.jpg\"><img loading=\"lazy\" decoding=\"async\" width=\"283\" height=\"228\" src=\"http:\/\/toensfeldt-modellbau.de\/wp-content\/uploads\/2021\/11\/Norsu-Stapler-Schutzgitter.jpg\" alt=\"\" class=\"wp-image-5752\"\/><\/a><\/figure>\n\n\n\n<p>Technische Daten Schutzgitter:<\/p>\n\n\n\n<ul class=\"wp-block-list\">\n<li>Breite: 109 mm<\/li>\n\n\n\n<li>H\u00f6he: 86 mm<\/li>\n\n\n\n<li>Tiefe: 8 mm<\/li>\n\n\n\n<li>Gewicht: ca. 15,6 g<\/li>\n<\/ul>\n\n\n\n<p>Technische Daten Schutzgitter Aufsatz:<\/p>\n\n\n\n<ul class=\"wp-block-list\">\n<li>Breite: 109 mm<\/li>\n\n\n\n<li>H\u00f6he: 45 mm<\/li>\n\n\n\n<li>Tiefe: 8 mm<\/li>\n<\/ul>\n\n\n\n<p>Art. Nr. Bestell Text:<\/p>\n\n\n\n<ul class=\"wp-block-list\">\n<li><mark style=\"background-color:rgba(0, 0, 0, 0);color:#a30003\" class=\"has-inline-color\">020555<\/mark> TMV Schutzgitter thicon\/Lesu<\/li>\n\n\n\n<li><mark style=\"background-color:rgba(0, 0, 0, 0);color:#a30011\" class=\"has-inline-color\">020556<\/mark> TMV Schutzgitter Aufsatz thicon\/Lesu<\/li>\n<\/ul>\n\n\n\n<p>Herstellerdaten gem\u00e4s GPSR<\/p>\n\n\n\n<p>Olaf T\u00f6nsfeldt<br>T\u00f6nsfeldt Modellbau Vertrieb<br>Nobiskr\u00fcger Allee 20<br>24768 Rendsburg<\/p>\n\n\n\n<p><strong>Deutschland<\/strong><br>Tel.: 0049 (0 ) 43 31\/ 51 95<br>E-Mail an: <a href=\"mailto:tmv@toensfeldt-modellbau.de\">tmv@toensfeldt-modellbau.de<\/a><\/p>\n\n\n\n<p><mark style=\"background-color:rgba(0, 0, 0, 0)\" class=\"has-inline-color has-blue-color\">Die namentliche Nennung von Herstellern und Produkten erfolgt nur zum Zweck der eindeutigen Bezeichnung der Artikel der einzelnen Hersteller. Einige der auf dieser Internetseite genannten Produktnamen sind eingetragene Warenzeichen bzw. unterliegen dem Copyright der jeweiligen Eigent\u00fcmer.<\/mark><\/p>\n","protected":false},"excerpt":{"rendered":"<p>Zinken und Schutzgitter f\u00fcr Norsu Gabelstapler An dieser Stelle ein dank an Santigo Lopez ( ig-truckmodellbau-ostalb ). f\u00fcr die Fotos des Norsu Gabelstapler mit unseren Zinken, Schutzgittern und IBC-Tank ! TMV Gabelstapler Zinken Mittel Mittel Lange Gabelzinken f\u00fcr den Norsu &hellip; <a href=\"https:\/\/toensfeldt-modellbau.de\/?page_id=5755\">Weiterlesen <span class=\"meta-nav\">&rarr;<\/span><\/a><\/p>\n","protected":false},"author":2,"featured_media":0,"parent":0,"menu_order":0,"comment_status":"closed","ping_status":"closed","template":"","meta":{"footnotes":""},"class_list":["post-5755","page","type-page","status-publish","hentry"],"_links":{"self":[{"href":"https:\/\/toensfeldt-modellbau.de\/index.php?rest_route=\/wp\/v2\/pages\/5755","targetHints":{"allow":["GET"]}}],"collection":[{"href":"https:\/\/toensfeldt-modellbau.de\/index.php?rest_route=\/wp\/v2\/pages"}],"about":[{"href":"https:\/\/toensfeldt-modellbau.de\/index.php?rest_route=\/wp\/v2\/types\/page"}],"author":[{"embeddable":true,"href":"https:\/\/toensfeldt-modellbau.de\/index.php?rest_route=\/wp\/v2\/users\/2"}],"replies":[{"embeddable":true,"href":"https:\/\/toensfeldt-modellbau.de\/index.php?rest_route=%2Fwp%2Fv2%2Fcomments&post=5755"}],"version-history":[{"count":6,"href":"https:\/\/toensfeldt-modellbau.de\/index.php?rest_route=\/wp\/v2\/pages\/5755\/revisions"}],"predecessor-version":[{"id":7591,"href":"https:\/\/toensfeldt-modellbau.de\/index.php?rest_route=\/wp\/v2\/pages\/5755\/revisions\/7591"}],"wp:attachment":[{"href":"https:\/\/toensfeldt-modellbau.de\/index.php?rest_route=%2Fwp%2Fv2%2Fmedia&parent=5755"}],"curies":[{"name":"wp","href":"https:\/\/api.w.org\/{rel}","templated":true}]}}