{"id":587,"date":"2013-11-22T17:05:29","date_gmt":"2013-11-22T15:05:29","guid":{"rendered":"http:\/\/toensfeldt-modellbau.de\/?page_id=587"},"modified":"2014-11-09T13:17:46","modified_gmt":"2014-11-09T11:17:46","slug":"elektrik","status":"publish","type":"page","link":"https:\/\/toensfeldt-modellbau.de\/?page_id=587","title":{"rendered":"Elektrik"},"content":{"rendered":"<p><img loading=\"lazy\" decoding=\"async\" class=\"alignleft size-full wp-image-597\" src=\"http:\/\/toensfeldt-modellbau.de\/wp-content\/uploads\/2013\/11\/RundumPlat1-150x150.jpg\" alt=\"RundumPlat1-150x150\" width=\"150\" height=\"150\" \/>Lampen und Elektronik f\u00fcr Ma\u00dfstab 1:14 und 1:16<\/p>\n<p>&nbsp;<\/p>\n<p>&nbsp;<\/p>\n<p>&nbsp;<\/p>\n<p><em><strong><span style=\"color: #ff0000; font-family: Arial,Helvetica,sans-serif; font-size: large;\">Rundumleuchte senkrecht<\/span><\/strong><\/em><\/p>\n<div id=\"attachment_592\" style=\"width: 234px\" class=\"wp-caption alignleft\"><img loading=\"lazy\" decoding=\"async\" aria-describedby=\"caption-attachment-592\" class=\"size-full wp-image-592\" src=\"http:\/\/toensfeldt-modellbau.de\/wp-content\/uploads\/2013\/11\/100105.jpg\" alt=\"100105\" width=\"224\" height=\"300\" \/><p id=\"caption-attachment-592\" class=\"wp-caption-text\">100105<\/p><\/div>\n<ul>\n<li>Die Rundumleuchte f\u00fcr die senkrechte Montage z.B. an Sto\u00dfstangen usw., ist mit 4 Gl\u00fchl\u00e4mpchen je 6 V \/ 50 mA ausgestattet. Sockel aus Alu, Lampenglas aus Kunststoff.<\/li>\n<\/ul>\n<p>Technische Daten :<\/p>\n<ul>\n<li>Durchmesser : ca 9 mm<\/li>\n<li>H\u00f6he : ca 29 mm<\/li>\n<\/ul>\n<p>Art. Nr.: Bestelltext:<\/p>\n<ul>\n<li><span style=\"color: #ff0000;\">100105<\/span> Rundumleuchte, senkrecht orange<\/li>\n<li><span style=\"color: #ff0000;\">100106<\/span> Rundumleuchte, senkrecht blau<\/li>\n<\/ul>\n<p>&nbsp;<\/p>\n<p><strong><em><span style=\"color: #ff0000; font-family: Arial,Helvetica,sans-serif; font-size: large;\">Rundumleuchte schwenkbar<\/span><\/em><\/strong><\/p>\n<div id=\"attachment_593\" style=\"width: 294px\" class=\"wp-caption alignleft\"><img loading=\"lazy\" decoding=\"async\" aria-describedby=\"caption-attachment-593\" class=\"size-full wp-image-593\" src=\"http:\/\/toensfeldt-modellbau.de\/wp-content\/uploads\/2013\/11\/100107.jpg\" alt=\"100107\" width=\"284\" height=\"300\" \/><p id=\"caption-attachment-593\" class=\"wp-caption-text\">100107<\/p><\/div>\n<ul>\n<li>Ausf\u00fchrung wie Rundumleuchte senkrecht jedoch mit beweglichen Sockel. Dadurch kann die Leuchte z. B. bei der Dachmontage bis zu 5\u00b0 geneigt werden. Somit steht sie immer senkrecht.<\/li>\n<\/ul>\n<p>Technische Daten :<\/p>\n<ul>\n<li>Durchmesser : ca 9 mm<\/li>\n<li>H\u00f6he : ca 15 mm<\/li>\n<\/ul>\n<p>Art. Nr.: Bestelltext:<\/p>\n<ul>\n<li><span style=\"color: #ff0000;\">100107<\/span> Runduml., schwenkbar orange<\/li>\n<li><span style=\"color: #ff0000;\">100108<\/span> Runduml., schwenkbar blau<\/li>\n<\/ul>\n<p>&nbsp;<\/p>\n<p><em><strong><span style=\"color: #ff0000; font-family: Arial,Helvetica,sans-serif; font-size: large;\">Elektronik f\u00fcr Rundumleuchte<\/span><\/strong><\/em><\/p>\n<div id=\"attachment_594\" style=\"width: 310px\" class=\"wp-caption alignleft\"><img loading=\"lazy\" decoding=\"async\" aria-describedby=\"caption-attachment-594\" class=\"size-full wp-image-594\" src=\"http:\/\/toensfeldt-modellbau.de\/wp-content\/uploads\/2013\/11\/100109.jpg\" alt=\"100109\" width=\"300\" height=\"274\" \/><p id=\"caption-attachment-594\" class=\"wp-caption-text\">100109<\/p><\/div>\n<ul>\n<li>SMD 4 Kanal Lauflicht steuert die 4 Mini &#8211; Gl\u00fchlampen. An diese Elektronik k\u00f6nnen max. 2 Rundumleuchten ange- schlossen werden. Betriebsspannung 6 &#8211; 12 V f\u00fcr Gl\u00fchlampe bis max 100 mA, die Laufgeschwindigkeit ist einstellbar. Die Platine ist fertig aufgebaut, gepr\u00fcft und mit Anschlussplan.<\/li>\n<\/ul>\n<ul>Abmessung : 28 x 23 mm<\/ul>\n<p>Art. Nr.: Bestelltext:<\/p>\n<ul>\n<li><span style=\"color: #ff0000;\">100109<\/span> Elektonik f\u00fcr Rundumleuchte<\/li>\n<\/ul>\n<p>&nbsp;<\/p>\n<p><em><strong><span style=\"color: #ff0000; font-family: Arial,Helvetica,sans-serif; font-size: large;\">Elektronik mit Schaltkanal f\u00fcr Rundumleuchte<\/span><\/strong><\/em><\/p>\n<div id=\"attachment_595\" style=\"width: 305px\" class=\"wp-caption alignleft\"><img loading=\"lazy\" decoding=\"async\" aria-describedby=\"caption-attachment-595\" class=\"size-full wp-image-595\" src=\"http:\/\/toensfeldt-modellbau.de\/wp-content\/uploads\/2013\/11\/100110.jpg\" alt=\"100110\" width=\"295\" height=\"212\" \/><p id=\"caption-attachment-595\" class=\"wp-caption-text\">100110<\/p><\/div>\n<ul>\n<li>Gleiche Aufbau wie oben, wird direkt aneinen Schaltkanal am Empf\u00e4nger angeschlossen. Stecker Graupner J\/R. Die Platine ist fertig aufgebaut, gepr\u00fcft und mit Anschlu\u00dfplan.<\/li>\n<\/ul>\n<p>Art. Nr. : Bestelltext :<\/p>\n<ul>\n<li><span style=\"color: #ff0000;\">100110<\/span> Elektonik f\u00fcr Rundumleuchte<\/li>\n<\/ul>\n<p>&nbsp;<\/p>\n<p>&nbsp;<\/p>\n<p><strong><em><span style=\"color: #ff0000;\">Scheinwerfer 1:16 Rund <\/span><\/em><\/strong><\/p>\n<div id=\"attachment_589\" style=\"width: 180px\" class=\"wp-caption alignleft\"><img loading=\"lazy\" decoding=\"async\" aria-describedby=\"caption-attachment-589\" class=\"size-full wp-image-589\" src=\"http:\/\/toensfeldt-modellbau.de\/wp-content\/uploads\/2013\/11\/100101.jpg\" alt=\"100101\" width=\"170\" height=\"190\" \/><p id=\"caption-attachment-589\" class=\"wp-caption-text\">100101<\/p><\/div>\n<ul>\n<li>2 schwarze Oldtimerscheinwerfer rund, H\u00f6he ca. 18 mm mit Muttern, Chromeinsatz und Glasabdeckung, Gl\u00fchl\u00e4mpchen sind nachr\u00fcstbar.<\/li>\n<\/ul>\n<p>Art. Nr. : Bestelltext :<\/p>\n<ul>\n<li><span style=\"color: #ff0000;\">100101<\/span> Oldtimerscheinwerfer rund<\/li>\n<\/ul>\n<p>&nbsp;<\/p>\n<p>&nbsp;<\/p>\n<p><strong><em><span style=\"color: #ff0000;\">Scheinwerfer 1:16 Oval<\/span><\/em><\/strong><\/p>\n<div id=\"attachment_590\" style=\"width: 180px\" class=\"wp-caption alignleft\"><img loading=\"lazy\" decoding=\"async\" aria-describedby=\"caption-attachment-590\" class=\"size-full wp-image-590\" src=\"http:\/\/toensfeldt-modellbau.de\/wp-content\/uploads\/2013\/11\/100102.jpg\" alt=\"100102\" width=\"170\" height=\"189\" \/><p id=\"caption-attachment-590\" class=\"wp-caption-text\">100102<\/p><\/div>\n<ul>\n<li>2 schwarze Oldtimerscheinwerfer oval, H\u00f6he ca. 18 mm mit Muttern, Chromeinsatz und Glasabdeckung, Gl\u00fchl\u00e4mpchen sind nachr\u00fcstbar.<\/li>\n<\/ul>\n<p>Art. Nr. : Bestelltext :<\/p>\n<p><span style=\"color: #ff0000;\">100102<\/span> Oldtimerscheinwerfer oval<\/p>\n<p>&nbsp;<\/p>\n<p>&nbsp;<\/p>\n<p><strong><em><span style=\"color: #ff0000; font-family: Arial,Helvetica,sans-serif; font-size: large;\">Elektronik f\u00fcr 6 Kammerr\u00fcckleuchte 7,2 &amp; 12 V<br \/>\n<\/span><\/em><\/strong><\/p>\n<div id=\"attachment_596\" style=\"width: 180px\" class=\"wp-caption alignleft\"><img loading=\"lazy\" decoding=\"async\" aria-describedby=\"caption-attachment-596\" class=\"size-full wp-image-596\" src=\"http:\/\/toensfeldt-modellbau.de\/wp-content\/uploads\/2013\/11\/100114.jpg\" alt=\"100114\" width=\"170\" height=\"124\" \/><p id=\"caption-attachment-596\" class=\"wp-caption-text\">100114<\/p><\/div>\n<ul>\n<li>SMD Technik steuert die LED&#8217;s. Die Platine ist fertig aufgebaut, gepr\u00fcft , mit Kabel und Anschlu\u00dfplan.<\/li>\n<\/ul>\n<p>Art. Nr.: Bestelltext:<\/p>\n<ul>\n<li><span style=\"color: #ff0000;\">100114<\/span> Elektronik f\u00fcr 6 Kammerr\u00fcckleuchte<\/li>\n<\/ul>\n<p>&nbsp;<\/p>\n<p><strong><em><span style=\"color: #ff0000;\">Elektronik f\u00fcr 7-Kammerr\u00fcckleuchte 7,2\u00a0 &amp;\u00a0 12 V<br \/>\n<\/span><\/em><\/strong><\/p>\n<div id=\"attachment_591\" style=\"width: 180px\" class=\"wp-caption alignleft\"><img loading=\"lazy\" decoding=\"async\" aria-describedby=\"caption-attachment-591\" class=\"size-full wp-image-591\" src=\"http:\/\/toensfeldt-modellbau.de\/wp-content\/uploads\/2013\/11\/100104.jpg\" alt=\"100104\" width=\"170\" height=\"114\" \/><p id=\"caption-attachment-591\" class=\"wp-caption-text\">100104<\/p><\/div>\n<ul>\n<li>SMD Technik steuert die 14 LED&#8217;s. Die Platine ist fertig aufgebaut, gepr\u00fcft und mit Anschlussplan.<\/li>\n<\/ul>\n<p>Art. Nr.: Bestelltext:<\/p>\n<ul>\n<li><span style=\"color: #ff0000;\">100104<\/span> Elektronik f\u00fcr 7 Kammerr\u00fcckleuchte<\/li>\n<\/ul>\n","protected":false},"excerpt":{"rendered":"<p>Lampen und Elektronik f\u00fcr Ma\u00dfstab 1:14 und 1:16 &nbsp; &nbsp; &nbsp; Rundumleuchte senkrecht Die Rundumleuchte f\u00fcr die senkrechte Montage z.B. an Sto\u00dfstangen usw., ist mit 4 Gl\u00fchl\u00e4mpchen je 6 V \/ 50 mA ausgestattet. Sockel aus Alu, Lampenglas aus Kunststoff. &hellip; <a href=\"https:\/\/toensfeldt-modellbau.de\/?page_id=587\">Weiterlesen <span class=\"meta-nav\">&rarr;<\/span><\/a><\/p>\n","protected":false},"author":3,"featured_media":0,"parent":581,"menu_order":1,"comment_status":"closed","ping_status":"closed","template":"","meta":{"footnotes":""},"class_list":["post-587","page","type-page","status-publish","hentry"],"_links":{"self":[{"href":"https:\/\/toensfeldt-modellbau.de\/index.php?rest_route=\/wp\/v2\/pages\/587","targetHints":{"allow":["GET"]}}],"collection":[{"href":"https:\/\/toensfeldt-modellbau.de\/index.php?rest_route=\/wp\/v2\/pages"}],"about":[{"href":"https:\/\/toensfeldt-modellbau.de\/index.php?rest_route=\/wp\/v2\/types\/page"}],"author":[{"embeddable":true,"href":"https:\/\/toensfeldt-modellbau.de\/index.php?rest_route=\/wp\/v2\/users\/3"}],"replies":[{"embeddable":true,"href":"https:\/\/toensfeldt-modellbau.de\/index.php?rest_route=%2Fwp%2Fv2%2Fcomments&post=587"}],"version-history":[{"count":21,"href":"https:\/\/toensfeldt-modellbau.de\/index.php?rest_route=\/wp\/v2\/pages\/587\/revisions"}],"predecessor-version":[{"id":1034,"href":"https:\/\/toensfeldt-modellbau.de\/index.php?rest_route=\/wp\/v2\/pages\/587\/revisions\/1034"}],"up":[{"embeddable":true,"href":"https:\/\/toensfeldt-modellbau.de\/index.php?rest_route=\/wp\/v2\/pages\/581"}],"wp:attachment":[{"href":"https:\/\/toensfeldt-modellbau.de\/index.php?rest_route=%2Fwp%2Fv2%2Fmedia&parent=587"}],"curies":[{"name":"wp","href":"https:\/\/api.w.org\/{rel}","templated":true}]}}