{"id":6115,"date":"2022-01-05T13:11:46","date_gmt":"2022-01-05T11:11:46","guid":{"rendered":"https:\/\/toensfeldt-modellbau.de\/?page_id=6115"},"modified":"2025-03-09T11:42:27","modified_gmt":"2025-03-09T09:42:27","slug":"tmv-kabeltrommel","status":"publish","type":"page","link":"https:\/\/toensfeldt-modellbau.de\/?page_id=6115","title":{"rendered":"TMV Kabeltrommel"},"content":{"rendered":"\n<p><strong><em><span style=\"color:#a30011\" class=\"has-inline-color\">Kabeltrommel<\/span><\/em><\/strong><\/p>\n\n\n\n<ul class=\"wp-block-list\">\n<li>Die TMV Kabeltrommel ist ein Bausatz aus Kunststoffteilen bestehest aus: Steckerwand, R\u00fcckwand, Mittelst\u00fcck, St\u00e4nder, Fu\u00df, Griff, Achse aus Metal, Kabel, Stecker und eine Bauanleitung.<\/li>\n<\/ul>\n\n\n\n<p><img loading=\"lazy\" decoding=\"async\" src=\"http:\/\/toensfeldt-modellbau.de\/wp-content\/uploads\/2013\/11\/092360.jpg\" alt=\"092360\" srcset=\"https:\/\/toensfeldt-modellbau.de\/wp-content\/uploads\/2013\/11\/092360.jpg 170w, https:\/\/toensfeldt-modellbau.de\/wp-content\/uploads\/2013\/11\/092360-150x150.jpg 150w\" width=\"170\" height=\"170\"><\/p>\n\n\n\n<p id=\"caption-attachment-544\"><img loading=\"lazy\" decoding=\"async\" srcset=\"https:\/\/toensfeldt-modellbau.de\/wp-content\/uploads\/2013\/11\/092361.jpg 170w, https:\/\/toensfeldt-modellbau.de\/wp-content\/uploads\/2013\/11\/092361-150x150.jpg 150w\" width=\"170\" height=\"170\" src=\"http:\/\/toensfeldt-modellbau.de\/wp-content\/uploads\/2013\/11\/092361.jpg\" alt=\"092361\"><\/p>\n\n\n\n<p id=\"caption-attachment-545\"><img loading=\"lazy\" decoding=\"async\" srcset=\"https:\/\/toensfeldt-modellbau.de\/wp-content\/uploads\/2013\/11\/092362.jpg 170w, https:\/\/toensfeldt-modellbau.de\/wp-content\/uploads\/2013\/11\/092362-150x150.jpg 150w\" width=\"170\" height=\"170\" src=\"http:\/\/toensfeldt-modellbau.de\/wp-content\/uploads\/2013\/11\/092362.jpg\" alt=\"092362\"><\/p>\n\n\n\n<p>Technische Daten:<\/p>\n\n\n\n<ul class=\"wp-block-list\">\n<li>H\u00f6he: ca. 31 mm<\/li>\n\n\n\n<li>Breite: ca. 20 mm<\/li>\n\n\n\n<li>Tiefe: ca. 16 mm<\/li>\n<\/ul>\n\n\n\n<p>Art. Nr Bestell Text:<\/p>\n\n\n\n<ul class=\"wp-block-list\">\n<li><span style=\"color:#a3000d\" class=\"has-inline-color\">092360<\/span> Kabeltrommel Rot<\/li>\n\n\n\n<li><span style=\"color:#a30008\" class=\"has-inline-color\">092361<\/span> Kabeltrommel Blau<\/li>\n\n\n\n<li><span style=\"color:#a30003\" class=\"has-inline-color\">092362<\/span> Kabeltrommel Gelb<\/li>\n<\/ul>\n\n\n\n<p>Herstellerdaten gem\u00e4s GPSR<\/p>\n\n\n\n<p>Olaf T\u00f6nsfeldt<br>T\u00f6nsfeldt Modellbau Vertrieb<br>Nobiskr\u00fcger Allee 20<br>24768 Rendsburg<\/p>\n\n\n\n<p><strong>Deutschland<\/strong><br>Tel.: 0049 (0 ) 43 31\/ 51 95<br>E-Mail an: <a href=\"mailto:tmv@toensfeldt-modellbau.de\">tmv@toensfeldt-modellbau.de<\/a><\/p>\n","protected":false},"excerpt":{"rendered":"<p>Kabeltrommel Technische Daten: Art. Nr Bestell Text: Herstellerdaten gem\u00e4s GPSR Olaf T\u00f6nsfeldtT\u00f6nsfeldt Modellbau VertriebNobiskr\u00fcger Allee 2024768 Rendsburg DeutschlandTel.: 0049 (0 ) 43 31\/ 51 95E-Mail an: tmv@toensfeldt-modellbau.de<\/p>\n","protected":false},"author":2,"featured_media":0,"parent":0,"menu_order":0,"comment_status":"closed","ping_status":"closed","template":"","meta":{"footnotes":""},"class_list":["post-6115","page","type-page","status-publish","hentry"],"_links":{"self":[{"href":"https:\/\/toensfeldt-modellbau.de\/index.php?rest_route=\/wp\/v2\/pages\/6115","targetHints":{"allow":["GET"]}}],"collection":[{"href":"https:\/\/toensfeldt-modellbau.de\/index.php?rest_route=\/wp\/v2\/pages"}],"about":[{"href":"https:\/\/toensfeldt-modellbau.de\/index.php?rest_route=\/wp\/v2\/types\/page"}],"author":[{"embeddable":true,"href":"https:\/\/toensfeldt-modellbau.de\/index.php?rest_route=\/wp\/v2\/users\/2"}],"replies":[{"embeddable":true,"href":"https:\/\/toensfeldt-modellbau.de\/index.php?rest_route=%2Fwp%2Fv2%2Fcomments&post=6115"}],"version-history":[{"count":4,"href":"https:\/\/toensfeldt-modellbau.de\/index.php?rest_route=\/wp\/v2\/pages\/6115\/revisions"}],"predecessor-version":[{"id":7722,"href":"https:\/\/toensfeldt-modellbau.de\/index.php?rest_route=\/wp\/v2\/pages\/6115\/revisions\/7722"}],"wp:attachment":[{"href":"https:\/\/toensfeldt-modellbau.de\/index.php?rest_route=%2Fwp%2Fv2%2Fmedia&parent=6115"}],"curies":[{"name":"wp","href":"https:\/\/api.w.org\/{rel}","templated":true}]}}