{"id":6117,"date":"2022-01-05T13:12:17","date_gmt":"2022-01-05T11:12:17","guid":{"rendered":"https:\/\/toensfeldt-modellbau.de\/?page_id=6117"},"modified":"2025-03-09T11:41:48","modified_gmt":"2025-03-09T09:41:48","slug":"3d-druck-kabeltrommel","status":"publish","type":"page","link":"https:\/\/toensfeldt-modellbau.de\/?page_id=6117","title":{"rendered":"3D-Druck Kabeltrommel"},"content":{"rendered":"\n<p><strong><em><span class=\"has-inline-color has-blue-color\">Absofort  Lieferbar  !!!!<\/span><\/em><\/strong><\/p>\n\n\n\n<figure class=\"wp-block-image size-full\"><a href=\"http:\/\/toensfeldt-modellbau.de\/wp-content\/uploads\/2022\/01\/4-Kabel-Trommeln.jpg\"><img loading=\"lazy\" decoding=\"async\" width=\"425\" height=\"248\" src=\"http:\/\/toensfeldt-modellbau.de\/wp-content\/uploads\/2022\/01\/4-Kabel-Trommeln.jpg\" alt=\"\" class=\"wp-image-6426\" srcset=\"https:\/\/toensfeldt-modellbau.de\/wp-content\/uploads\/2022\/01\/4-Kabel-Trommeln.jpg 425w, https:\/\/toensfeldt-modellbau.de\/wp-content\/uploads\/2022\/01\/4-Kabel-Trommeln-300x175.jpg 300w\" sizes=\"auto, (max-width: 425px) 100vw, 425px\" \/><\/a><\/figure>\n\n\n\n<p>Die Kabeltrommel aus dem 3D-Drucker darf in ihrer Modell Werkstatt, auf dem LKW oder als zuladung auf keinen Fall fehlen.<br>Sie zeichnet sich durch ihre sehr Detailreiche Gestaltung aus.<br>Die Kabeltrommel besteht aus der St\u00e4nder, Trommel, Kabel, mit Stecker und den Steckdosen. Kabeltrommel Alugrau das Kabel Schwarz oder Orange die Steckdosen k\u00f6nnen Sie sich aussuchen ob Rot\/Schwarz oder Blau\/Schwarz und mu\u00df dan noch aufgeklebt werden.<\/p>\n\n\n\n<figure class=\"wp-block-image size-full\"><a href=\"http:\/\/toensfeldt-modellbau.de\/wp-content\/uploads\/2022\/01\/Alugrau-Kabel-Schwarz.jpg\"><img loading=\"lazy\" decoding=\"async\" width=\"425\" height=\"248\" src=\"http:\/\/toensfeldt-modellbau.de\/wp-content\/uploads\/2022\/01\/Alugrau-Kabel-Schwarz.jpg\" alt=\"\" class=\"wp-image-6409\" srcset=\"https:\/\/toensfeldt-modellbau.de\/wp-content\/uploads\/2022\/01\/Alugrau-Kabel-Schwarz.jpg 425w, https:\/\/toensfeldt-modellbau.de\/wp-content\/uploads\/2022\/01\/Alugrau-Kabel-Schwarz-300x175.jpg 300w\" sizes=\"auto, (max-width: 425px) 100vw, 425px\" \/><\/a><\/figure>\n\n\n\n<figure class=\"wp-block-image size-full\"><a href=\"http:\/\/toensfeldt-modellbau.de\/wp-content\/uploads\/2022\/01\/Alugrau-Kabel-Orange.jpg\"><img loading=\"lazy\" decoding=\"async\" width=\"425\" height=\"243\" src=\"http:\/\/toensfeldt-modellbau.de\/wp-content\/uploads\/2022\/01\/Alugrau-Kabel-Orange.jpg\" alt=\"\" class=\"wp-image-6408\" srcset=\"https:\/\/toensfeldt-modellbau.de\/wp-content\/uploads\/2022\/01\/Alugrau-Kabel-Orange.jpg 425w, https:\/\/toensfeldt-modellbau.de\/wp-content\/uploads\/2022\/01\/Alugrau-Kabel-Orange-300x172.jpg 300w\" sizes=\"auto, (max-width: 425px) 100vw, 425px\" \/><\/a><\/figure>\n\n\n\n<p>Farben Trommel:<\/p>\n\n\n\n<ul class=\"wp-block-list\">\n<li>Graualu<\/li>\n<\/ul>\n\n\n\n<p>Steckdosen Farben:<\/p>\n\n\n\n<ul class=\"wp-block-list\">\n<li>Blau<\/li>\n\n\n\n<li>Rot<\/li>\n<\/ul>\n\n\n\n<p>Kabel Farbe:<\/p>\n\n\n\n<ul class=\"wp-block-list\">\n<li>Orange<\/li>\n\n\n\n<li>Schwarz<\/li>\n<\/ul>\n\n\n\n<p><strong><em><span style=\"color:#a30003\" class=\"has-inline-color\">Bei Bestellung bitte die Farben angeben.<\/span><\/em><\/strong><\/p>\n\n\n\n<p>Art. Nr Bestell Text:<\/p>\n\n\n\n<ul class=\"wp-block-list\">\n<li><span style=\"color:#a3000d\" class=\"has-inline-color\">092366<\/span> Kabeltrommel Alugrau+Farbe Kabel+Farbe Steckdosen<\/li>\n<\/ul>\n\n\n\n<p>Herstellerdaten gem\u00e4s GPSR<\/p>\n\n\n\n<p>Olaf T\u00f6nsfeldt<br>T\u00f6nsfeldt Modellbau Vertrieb<br>Nobiskr\u00fcger Allee 20<br>24768 Rendsburg<\/p>\n\n\n\n<p><strong>Deutschland<\/strong><br>Tel.: 0049 (0 ) 43 31\/ 51 95<br>E-Mail an: <a href=\"mailto:tmv@toensfeldt-modellbau.de\">tmv@toensfeldt-modellbau.de<\/a><\/p>\n","protected":false},"excerpt":{"rendered":"<p>Absofort Lieferbar !!!! Die Kabeltrommel aus dem 3D-Drucker darf in ihrer Modell Werkstatt, auf dem LKW oder als zuladung auf keinen Fall fehlen.Sie zeichnet sich durch ihre sehr Detailreiche Gestaltung aus.Die Kabeltrommel besteht aus der St\u00e4nder, Trommel, Kabel, mit Stecker &hellip; <a href=\"https:\/\/toensfeldt-modellbau.de\/?page_id=6117\">Weiterlesen <span class=\"meta-nav\">&rarr;<\/span><\/a><\/p>\n","protected":false},"author":2,"featured_media":0,"parent":0,"menu_order":0,"comment_status":"closed","ping_status":"closed","template":"","meta":{"footnotes":""},"class_list":["post-6117","page","type-page","status-publish","hentry"],"_links":{"self":[{"href":"https:\/\/toensfeldt-modellbau.de\/index.php?rest_route=\/wp\/v2\/pages\/6117","targetHints":{"allow":["GET"]}}],"collection":[{"href":"https:\/\/toensfeldt-modellbau.de\/index.php?rest_route=\/wp\/v2\/pages"}],"about":[{"href":"https:\/\/toensfeldt-modellbau.de\/index.php?rest_route=\/wp\/v2\/types\/page"}],"author":[{"embeddable":true,"href":"https:\/\/toensfeldt-modellbau.de\/index.php?rest_route=\/wp\/v2\/users\/2"}],"replies":[{"embeddable":true,"href":"https:\/\/toensfeldt-modellbau.de\/index.php?rest_route=%2Fwp%2Fv2%2Fcomments&post=6117"}],"version-history":[{"count":6,"href":"https:\/\/toensfeldt-modellbau.de\/index.php?rest_route=\/wp\/v2\/pages\/6117\/revisions"}],"predecessor-version":[{"id":7721,"href":"https:\/\/toensfeldt-modellbau.de\/index.php?rest_route=\/wp\/v2\/pages\/6117\/revisions\/7721"}],"wp:attachment":[{"href":"https:\/\/toensfeldt-modellbau.de\/index.php?rest_route=%2Fwp%2Fv2%2Fmedia&parent=6117"}],"curies":[{"name":"wp","href":"https:\/\/api.w.org\/{rel}","templated":true}]}}