{"id":6119,"date":"2022-01-05T13:12:43","date_gmt":"2022-01-05T11:12:43","guid":{"rendered":"https:\/\/toensfeldt-modellbau.de\/?page_id=6119"},"modified":"2025-03-09T11:42:50","modified_gmt":"2025-03-09T09:42:50","slug":"tmv-verlaengerungskabel","status":"publish","type":"page","link":"https:\/\/toensfeldt-modellbau.de\/?page_id=6119","title":{"rendered":"TMV Verl\u00e4ngerungskabel"},"content":{"rendered":"\n<figure class=\"wp-block-image size-large\"><a href=\"http:\/\/toensfeldt-modellbau.de\/wp-content\/uploads\/2022\/01\/KV-3-Farben-1.Int_.jpg\"><img loading=\"lazy\" decoding=\"async\" width=\"283\" height=\"258\" src=\"http:\/\/toensfeldt-modellbau.de\/wp-content\/uploads\/2022\/01\/KV-3-Farben-1.Int_.jpg\" alt=\"\" class=\"wp-image-6131\"\/><\/a><\/figure>\n\n\n\n<p>TMV Verl\u00e4ngerrungskabel besteht aus 1 x Stecker, 1 x Buchse 1:14 und Kabel 10 m ( ca. 70 cm ) oder 25 m ca. 175 cm ) in den Farben Rot, Blau und Schwarz. Bausatz Stecker, Buchse und Kabel mu\u00df zusammen geklebt werden.<\/p>\n\n\n\n<figure class=\"wp-block-image size-large\"><a href=\"http:\/\/toensfeldt-modellbau.de\/wp-content\/uploads\/2022\/01\/KV-3-Farben-10m-1.jpg\"><img loading=\"lazy\" decoding=\"async\" width=\"132\" height=\"283\" src=\"http:\/\/toensfeldt-modellbau.de\/wp-content\/uploads\/2022\/01\/KV-3-Farben-10m-1.jpg\" alt=\"\" class=\"wp-image-6132\"\/><\/a><figcaption class=\"wp-element-caption\">10 m<\/figcaption><\/figure>\n\n\n\n<figure class=\"wp-block-image size-large\"><a href=\"http:\/\/toensfeldt-modellbau.de\/wp-content\/uploads\/2022\/01\/KV-3-Farben-25m-1.jpg\"><img loading=\"lazy\" decoding=\"async\" width=\"150\" height=\"283\" src=\"http:\/\/toensfeldt-modellbau.de\/wp-content\/uploads\/2022\/01\/KV-3-Farben-25m-1.jpg\" alt=\"\" class=\"wp-image-6133\"\/><\/a><figcaption class=\"wp-element-caption\">25 m<\/figcaption><\/figure>\n\n\n\n<p>Andere L\u00e4ngen auf Anfrage.<\/p>\n\n\n\n<p>Art. Nr. Bestelltext:<\/p>\n\n\n\n<ul class=\"wp-block-list\">\n<li><span style=\"color:#a30003\" class=\"has-inline-color\">092367<\/span> TMV 10 m Verl\u00e4ngerrungskabel + Farbe<\/li>\n\n\n\n<li><span style=\"color:#a30003\" class=\"has-inline-color\">092368<\/span> TMV 25 m Verl\u00e4ngerrungskabel + Farbe<\/li>\n<\/ul>\n\n\n\n<p>Herstellerdaten gem\u00e4s GPSR<\/p>\n\n\n\n<p>Olaf T\u00f6nsfeldt<br>T\u00f6nsfeldt Modellbau Vertrieb<br>Nobiskr\u00fcger Allee 20<br>24768 Rendsburg<\/p>\n\n\n\n<p><strong>Deutschland<\/strong><br>Tel.: 0049 (0 ) 43 31\/ 51 95<br>E-Mail an: <a href=\"mailto:tmv@toensfeldt-modellbau.de\">tmv@toensfeldt-modellbau.de<\/a><\/p>\n","protected":false},"excerpt":{"rendered":"<p>TMV Verl\u00e4ngerrungskabel besteht aus 1 x Stecker, 1 x Buchse 1:14 und Kabel 10 m ( ca. 70 cm ) oder 25 m ca. 175 cm ) in den Farben Rot, Blau und Schwarz. Bausatz Stecker, Buchse und Kabel mu\u00df &hellip; <a href=\"https:\/\/toensfeldt-modellbau.de\/?page_id=6119\">Weiterlesen <span class=\"meta-nav\">&rarr;<\/span><\/a><\/p>\n","protected":false},"author":2,"featured_media":0,"parent":0,"menu_order":0,"comment_status":"closed","ping_status":"closed","template":"","meta":{"footnotes":""},"class_list":["post-6119","page","type-page","status-publish","hentry"],"_links":{"self":[{"href":"https:\/\/toensfeldt-modellbau.de\/index.php?rest_route=\/wp\/v2\/pages\/6119","targetHints":{"allow":["GET"]}}],"collection":[{"href":"https:\/\/toensfeldt-modellbau.de\/index.php?rest_route=\/wp\/v2\/pages"}],"about":[{"href":"https:\/\/toensfeldt-modellbau.de\/index.php?rest_route=\/wp\/v2\/types\/page"}],"author":[{"embeddable":true,"href":"https:\/\/toensfeldt-modellbau.de\/index.php?rest_route=\/wp\/v2\/users\/2"}],"replies":[{"embeddable":true,"href":"https:\/\/toensfeldt-modellbau.de\/index.php?rest_route=%2Fwp%2Fv2%2Fcomments&post=6119"}],"version-history":[{"count":4,"href":"https:\/\/toensfeldt-modellbau.de\/index.php?rest_route=\/wp\/v2\/pages\/6119\/revisions"}],"predecessor-version":[{"id":7723,"href":"https:\/\/toensfeldt-modellbau.de\/index.php?rest_route=\/wp\/v2\/pages\/6119\/revisions\/7723"}],"wp:attachment":[{"href":"https:\/\/toensfeldt-modellbau.de\/index.php?rest_route=%2Fwp%2Fv2%2Fmedia&parent=6119"}],"curies":[{"name":"wp","href":"https:\/\/api.w.org\/{rel}","templated":true}]}}