{"id":6181,"date":"2022-01-08T13:58:01","date_gmt":"2022-01-08T11:58:01","guid":{"rendered":"https:\/\/toensfeldt-modellbau.de\/?page_id=6181"},"modified":"2025-03-02T11:59:53","modified_gmt":"2025-03-02T09:59:53","slug":"din-standrohr","status":"publish","type":"page","link":"https:\/\/toensfeldt-modellbau.de\/?page_id=6181","title":{"rendered":"DIN-Standrohr"},"content":{"rendered":"\n<figure class=\"wp-block-image size-large\"><a href=\"http:\/\/toensfeldt-modellbau.de\/wp-content\/uploads\/2022\/01\/G-Klasse-Standrohr.jpg\"><img loading=\"lazy\" decoding=\"async\" width=\"567\" height=\"433\" src=\"http:\/\/toensfeldt-modellbau.de\/wp-content\/uploads\/2022\/01\/G-Klasse-Standrohr.jpg\" alt=\"\" class=\"wp-image-6194\" srcset=\"https:\/\/toensfeldt-modellbau.de\/wp-content\/uploads\/2022\/01\/G-Klasse-Standrohr.jpg 567w, https:\/\/toensfeldt-modellbau.de\/wp-content\/uploads\/2022\/01\/G-Klasse-Standrohr-300x229.jpg 300w\" sizes=\"auto, (max-width: 567px) 100vw, 567px\" \/><\/a><\/figure>\n\n\n\n<p>DIN-Standrohr aus dem 3D-Drucker zum selber bemahlen.<\/p>\n\n\n\n<figure class=\"wp-block-image size-large\"><a href=\"http:\/\/toensfeldt-modellbau.de\/wp-content\/uploads\/2022\/01\/3-Teile-Standrohr-weoss.jpg\"><img loading=\"lazy\" decoding=\"async\" width=\"425\" height=\"369\" src=\"http:\/\/toensfeldt-modellbau.de\/wp-content\/uploads\/2022\/01\/3-Teile-Standrohr-weoss.jpg\" alt=\"\" class=\"wp-image-6193\" srcset=\"https:\/\/toensfeldt-modellbau.de\/wp-content\/uploads\/2022\/01\/3-Teile-Standrohr-weoss.jpg 425w, https:\/\/toensfeldt-modellbau.de\/wp-content\/uploads\/2022\/01\/3-Teile-Standrohr-weoss-300x260.jpg 300w\" sizes=\"auto, (max-width: 425px) 100vw, 425px\" \/><\/a><\/figure>\n\n\n\n<p>Das DIN-Standrohr ist der Schl\u00fcssel zur sicheren Wasserversorgung an der Einsatzstelle. Nicht nur das sichtbare Niederschraubventil ist wiedergegeben, sondern auch alle Schrauben und Muttern, welche man auch bei einem original DIN-Standrohr findet.<br>Modell ist leider nicht funktionsf\u00e4hig.<br>Das DIN-Standrohr wir ohne Bemalung ausgeliefert, um ihnen eine Freie Farbwahl zu erm\u00f6glichen. Diese sollte jedoch auch f\u00fcr unge\u00fcbte Modellbauer kein gr\u00f6\u00dferes Problem darstellen.<\/p>\n\n\n\n<figure class=\"wp-block-image size-large\"><a href=\"http:\/\/toensfeldt-modellbau.de\/wp-content\/uploads\/2022\/01\/Standrohr-weiss.jpg\"><img loading=\"lazy\" decoding=\"async\" width=\"283\" height=\"376\" src=\"http:\/\/toensfeldt-modellbau.de\/wp-content\/uploads\/2022\/01\/Standrohr-weiss.jpg\" alt=\"\" class=\"wp-image-6195\" srcset=\"https:\/\/toensfeldt-modellbau.de\/wp-content\/uploads\/2022\/01\/Standrohr-weiss.jpg 283w, https:\/\/toensfeldt-modellbau.de\/wp-content\/uploads\/2022\/01\/Standrohr-weiss-226x300.jpg 226w\" sizes=\"auto, (max-width: 283px) 100vw, 283px\" \/><\/a><\/figure>\n\n\n\n<p>Art. Nr. Bestelltext:<\/p>\n\n\n\n<ul class=\"wp-block-list\">\n<li><span style=\"color:#a30004\" class=\"has-inline-color\">040260<\/span> DIN-Standrohr<\/li>\n<\/ul>\n\n\n\n<p>Unterflurhydrantenschl\u00fcssel  auch aus dem 3D-Drucker<\/p>\n\n\n\n<figure class=\"wp-block-image size-large\"><a href=\"http:\/\/toensfeldt-modellbau.de\/wp-content\/uploads\/2022\/01\/Unterflursch..jpg\"><img loading=\"lazy\" decoding=\"async\" width=\"283\" height=\"266\" src=\"http:\/\/toensfeldt-modellbau.de\/wp-content\/uploads\/2022\/01\/Unterflursch..jpg\" alt=\"\" class=\"wp-image-6196\"\/><\/a><\/figure>\n\n\n\n<p>Art. Nr. Bestelltext:<\/p>\n\n\n\n<ul class=\"wp-block-list\">\n<li><span style=\"color:#a30004\" class=\"has-inline-color\">040258<\/span> Unterflurhydrantenschl\u00fcssel<\/li>\n<\/ul>\n\n\n\n<p>\u00dcberflurhydrantenschl\u00fcssel aus dem 3D-Druck<\/p>\n\n\n\n<figure class=\"wp-block-image size-large\"><a href=\"http:\/\/toensfeldt-modellbau.de\/wp-content\/uploads\/2022\/01\/Ueberflursch..jpg\"><img loading=\"lazy\" decoding=\"async\" width=\"283\" height=\"380\" src=\"http:\/\/toensfeldt-modellbau.de\/wp-content\/uploads\/2022\/01\/Ueberflursch..jpg\" alt=\"\" class=\"wp-image-6197\" srcset=\"https:\/\/toensfeldt-modellbau.de\/wp-content\/uploads\/2022\/01\/Ueberflursch..jpg 283w, https:\/\/toensfeldt-modellbau.de\/wp-content\/uploads\/2022\/01\/Ueberflursch.-223x300.jpg 223w\" sizes=\"auto, (max-width: 283px) 100vw, 283px\" \/><\/a><\/figure>\n\n\n\n<p>Art. Nr. Bestelltext:<\/p>\n\n\n\n<ul class=\"wp-block-list\">\n<li><span style=\"color:#a30004\" class=\"has-inline-color\">040259<\/span> Pberflurhydrantenschl\u00fcssel<\/li>\n<\/ul>\n\n\n\n<p>Herstellerdaten gem\u00e4s GPSR<\/p>\n\n\n\n<p>Kai Daubenthaler<br>Daubenthaler Modellbau<br>Lessingstra\u00dfe 14<br>75031 Eppingen<\/p>\n\n\n\n<p><strong>Deutschland<\/strong><br>Tel.: 07262\/4270<br>E-Mail: info@daubenthaler-modellbau.de<\/p>\n","protected":false},"excerpt":{"rendered":"<p>DIN-Standrohr aus dem 3D-Drucker zum selber bemahlen. Das DIN-Standrohr ist der Schl\u00fcssel zur sicheren Wasserversorgung an der Einsatzstelle. Nicht nur das sichtbare Niederschraubventil ist wiedergegeben, sondern auch alle Schrauben und Muttern, welche man auch bei einem original DIN-Standrohr findet.Modell ist &hellip; <a href=\"https:\/\/toensfeldt-modellbau.de\/?page_id=6181\">Weiterlesen <span class=\"meta-nav\">&rarr;<\/span><\/a><\/p>\n","protected":false},"author":2,"featured_media":0,"parent":0,"menu_order":0,"comment_status":"closed","ping_status":"closed","template":"","meta":{"footnotes":""},"class_list":["post-6181","page","type-page","status-publish","hentry"],"_links":{"self":[{"href":"https:\/\/toensfeldt-modellbau.de\/index.php?rest_route=\/wp\/v2\/pages\/6181","targetHints":{"allow":["GET"]}}],"collection":[{"href":"https:\/\/toensfeldt-modellbau.de\/index.php?rest_route=\/wp\/v2\/pages"}],"about":[{"href":"https:\/\/toensfeldt-modellbau.de\/index.php?rest_route=\/wp\/v2\/types\/page"}],"author":[{"embeddable":true,"href":"https:\/\/toensfeldt-modellbau.de\/index.php?rest_route=\/wp\/v2\/users\/2"}],"replies":[{"embeddable":true,"href":"https:\/\/toensfeldt-modellbau.de\/index.php?rest_route=%2Fwp%2Fv2%2Fcomments&post=6181"}],"version-history":[{"count":4,"href":"https:\/\/toensfeldt-modellbau.de\/index.php?rest_route=\/wp\/v2\/pages\/6181\/revisions"}],"predecessor-version":[{"id":7526,"href":"https:\/\/toensfeldt-modellbau.de\/index.php?rest_route=\/wp\/v2\/pages\/6181\/revisions\/7526"}],"wp:attachment":[{"href":"https:\/\/toensfeldt-modellbau.de\/index.php?rest_route=%2Fwp%2Fv2%2Fmedia&parent=6181"}],"curies":[{"name":"wp","href":"https:\/\/api.w.org\/{rel}","templated":true}]}}