{"id":62,"date":"2013-11-21T13:24:27","date_gmt":"2013-11-21T11:24:27","guid":{"rendered":"http:\/\/toensfeldt-modellbau.de\/?page_id=62"},"modified":"2025-03-02T12:30:04","modified_gmt":"2025-03-02T10:30:04","slug":"sattelzugfahrgestelle","status":"publish","type":"page","link":"https:\/\/toensfeldt-modellbau.de\/?page_id=62","title":{"rendered":"Sattelzugfahrgestelle"},"content":{"rendered":"<p><img loading=\"lazy\" decoding=\"async\" class=\"size-full wp-image-55 alignleft\" src=\"http:\/\/toensfeldt-modellbau.de\/wp-content\/uploads\/2013\/11\/Bausatz-Fahrgestelle.jpg\" alt=\"\" width=\"170\" height=\"170\" srcset=\"https:\/\/toensfeldt-modellbau.de\/wp-content\/uploads\/2013\/11\/Bausatz-Fahrgestelle.jpg 170w, https:\/\/toensfeldt-modellbau.de\/wp-content\/uploads\/2013\/11\/Bausatz-Fahrgestelle-150x150.jpg 150w\" sizes=\"auto, (max-width: 170px) 100vw, 170px\" \/>Funktionskomponenten f\u00fcr Ma\u00dfstab 1:16<\/p>\n<p>&nbsp;<\/p>\n<p>&nbsp;<\/p>\n<p>&nbsp;<\/p>\n<p>&nbsp;<\/p>\n<p><strong><em><span style=\"color: #ff0000;\">3 Achs C &#8211; Profil Rahmen<\/span><\/em><\/strong><\/p>\n<ul>\n<li>Fahrgestell f\u00fcr 3 Achs &#8211; Sattelzugmaschinen. Rahmen aus gelaserten Stahlblech 1,0 mm, zum C &#8211; Profil weiterverarbeitet und Pulverbeschichtet. Bei diesem Fahrgestell kann die alte WEDICO-Sattelplatte weiter benutzt werden. Ohne Zubeh\u00f6r !<\/li>\n<\/ul>\n<p><img loading=\"lazy\" decoding=\"async\" class=\"alignnone size-full wp-image-65\" src=\"http:\/\/toensfeldt-modellbau.de\/wp-content\/uploads\/2013\/11\/FG3AV1-2.jpg\" alt=\"FG3AV1-2\" width=\"241\" height=\"142\" \/><\/p>\n<p>Technische Daten:<\/p>\n<ul>\n<li>L\u00e4nge : ca. 432 mm<\/li>\n<li>Breite : ca. 60 mm<\/li>\n<li>H\u00f6he : ca. 20 mm<\/li>\n<\/ul>\n<p>Art. Nr. Bestelltext:<\/p>\n<ul>\n<li><span style=\"color: #ff0000;\">020055<\/span> 3 Achs C &#8211; Profil Rahmen, Anthrazit<\/li>\n<li><span style=\"color: #ff0000;\">020056<\/span> 3 Achs C &#8211; Profil Rahmen, Schwarz<\/li>\n<li><span style=\"color: #ff0000;\">020057<\/span> 3 Achs C &#8211; Profil Rahmen, unbehandelt<\/li>\n<\/ul>\n<p><strong><em><span style=\"color: #ff0000;\">2 Achs C-Profil Rahmen<\/span><\/em><\/strong><\/p>\n<ul>\n<li>Fahrgestell f\u00fcr 2 Achs &#8211; Sattelzugmaschinen. Rahmen aus gelaserten Stahlblech 1,0 mm, zum C &#8211; Profil weiterverarbeitet und Pulverbeschichtet. Bei diesem Fahrgestell kann die alte WEDICO-Sattelplatte weiter benutzt werden.<\/li>\n<\/ul>\n<p><img loading=\"lazy\" decoding=\"async\" class=\"alignnone size-full wp-image-64\" src=\"http:\/\/toensfeldt-modellbau.de\/wp-content\/uploads\/2013\/11\/2ARA-2-300x171.jpg\" alt=\"2ARA-2-300x171\" width=\"300\" height=\"171\" \/><\/p>\n<p>Technische Daten:<\/p>\n<ul>\n<li>L\u00e4nge : ca. 342 mm<\/li>\n<li>Breite : ca. 60 mm<\/li>\n<li>H\u00f6he : ca. 20 mm<\/li>\n<\/ul>\n<p>Art. Nr.: Bestelltext:<\/p>\n<ul>\n<li><span style=\"color: #ff0000;\">020050<\/span> 2 Achs C &#8211; Profil Rahmen, Anthrazit<\/li>\n<li><span style=\"color: #ff0000;\">020051<\/span> 2 Achs C &#8211; Profil Rahmen, Schwarz<\/li>\n<li><span style=\"color: #ff0000;\">020052<\/span> 2 Achs C &#8211; Profil Rahmen, unbehandelt<\/li>\n<\/ul>\n<p><strong><em><span style=\"color: #ff0000;\">Montagesatz mit Kippvorrichtung<\/span><\/em><\/strong><\/p>\n<p><img loading=\"lazy\" decoding=\"async\" class=\"alignnone size-full wp-image-66\" src=\"http:\/\/toensfeldt-modellbau.de\/wp-content\/uploads\/2013\/11\/MONTAG-1.jpg\" alt=\"MONTAG-1\" width=\"198\" height=\"116\" \/><\/p>\n<ul>\n<li>F\u00fcr BRUDER-F\u00fchrerh\u00e4user MB ACTORS, MAM TGA L und MAN TGA LX. Dient zur Anbindung des F\u00fchrerhauses sowohl f\u00fcr den TMV-C-Profil- als auch f\u00fcr den WEDICO-Standardrahmen.<\/li>\n<\/ul>\n<p>Art. Nr.: Bestelltext:<\/p>\n<ul>\n<li><span style=\"color: #ff0000;\">020016<\/span> Montagesatz, natur<\/li>\n<li><span style=\"color: #ff0000;\">020021<\/span> Montagesatz, anthrazit<\/li>\n<li><span style=\"color: #ff0000;\">020022<\/span> Montagesatz, schwarz<\/li>\n<\/ul>\n<p><span style=\"font-size: medium;\">Herstellerdaten gem\u00e4s GPSR<\/span><\/p>\n<p><span style=\"font-size: medium;\">Olaf T\u00f6nsfeldt<br \/>\nT\u00f6nsfeldt <span style=\"color: #000000;\">Modellbau Vertrieb<\/span><span style=\"color: #ff0000;\"><span style=\"font-family: Arial, Helvetica, sans-serif;\"><br \/>\n<\/span><\/span>Nobiskr\u00fcger Allee 20<span style=\"font-family: Arial, Helvetica, sans-serif;\"><br \/>\n<\/span>24768 Rendsburg<\/span><\/p>\n<p><strong><span style=\"font-size: medium;\">Deutschland<\/span><\/strong><span style=\"font-size: medium;\"><br \/>\nTel.: 0049 (0 ) 43 31\/ 51 95<br \/>\nE-Mail an: <a href=\"mailto:tmv@toensfeldt-modellbau.de\">tmv@toensfeldt-modellbau.de<\/a><\/span><\/p>\n","protected":false},"excerpt":{"rendered":"<p>Funktionskomponenten f\u00fcr Ma\u00dfstab 1:16 &nbsp; &nbsp; &nbsp; &nbsp; 3 Achs C &#8211; Profil Rahmen Fahrgestell f\u00fcr 3 Achs &#8211; Sattelzugmaschinen. Rahmen aus gelaserten Stahlblech 1,0 mm, zum C &#8211; Profil weiterverarbeitet und Pulverbeschichtet. Bei diesem Fahrgestell kann die alte WEDICO-Sattelplatte &hellip; <a href=\"https:\/\/toensfeldt-modellbau.de\/?page_id=62\">Weiterlesen <span class=\"meta-nav\">&rarr;<\/span><\/a><\/p>\n","protected":false},"author":3,"featured_media":0,"parent":60,"menu_order":1,"comment_status":"closed","ping_status":"closed","template":"","meta":{"footnotes":""},"class_list":["post-62","page","type-page","status-publish","hentry"],"_links":{"self":[{"href":"https:\/\/toensfeldt-modellbau.de\/index.php?rest_route=\/wp\/v2\/pages\/62","targetHints":{"allow":["GET"]}}],"collection":[{"href":"https:\/\/toensfeldt-modellbau.de\/index.php?rest_route=\/wp\/v2\/pages"}],"about":[{"href":"https:\/\/toensfeldt-modellbau.de\/index.php?rest_route=\/wp\/v2\/types\/page"}],"author":[{"embeddable":true,"href":"https:\/\/toensfeldt-modellbau.de\/index.php?rest_route=\/wp\/v2\/users\/3"}],"replies":[{"embeddable":true,"href":"https:\/\/toensfeldt-modellbau.de\/index.php?rest_route=%2Fwp%2Fv2%2Fcomments&post=62"}],"version-history":[{"count":8,"href":"https:\/\/toensfeldt-modellbau.de\/index.php?rest_route=\/wp\/v2\/pages\/62\/revisions"}],"predecessor-version":[{"id":7560,"href":"https:\/\/toensfeldt-modellbau.de\/index.php?rest_route=\/wp\/v2\/pages\/62\/revisions\/7560"}],"up":[{"embeddable":true,"href":"https:\/\/toensfeldt-modellbau.de\/index.php?rest_route=\/wp\/v2\/pages\/60"}],"wp:attachment":[{"href":"https:\/\/toensfeldt-modellbau.de\/index.php?rest_route=%2Fwp%2Fv2%2Fmedia&parent=62"}],"curies":[{"name":"wp","href":"https:\/\/api.w.org\/{rel}","templated":true}]}}