{"id":6240,"date":"2022-01-08T15:51:14","date_gmt":"2022-01-08T13:51:14","guid":{"rendered":"https:\/\/toensfeldt-modellbau.de\/?page_id=6240"},"modified":"2025-03-08T12:43:00","modified_gmt":"2025-03-08T10:43:00","slug":"palette-116","status":"publish","type":"page","link":"https:\/\/toensfeldt-modellbau.de\/?page_id=6240","title":{"rendered":"Paletten 1:16"},"content":{"rendered":"\n<figure class=\"wp-block-image size-full\"><a href=\"http:\/\/toensfeldt-modellbau.de\/wp-content\/uploads\/2022\/01\/Holz-Paletten1-141-16.jpg\"><img loading=\"lazy\" decoding=\"async\" width=\"425\" height=\"297\" src=\"http:\/\/toensfeldt-modellbau.de\/wp-content\/uploads\/2022\/01\/Holz-Paletten1-141-16.jpg\" alt=\"\" class=\"wp-image-6412\" srcset=\"https:\/\/toensfeldt-modellbau.de\/wp-content\/uploads\/2022\/01\/Holz-Paletten1-141-16.jpg 425w, https:\/\/toensfeldt-modellbau.de\/wp-content\/uploads\/2022\/01\/Holz-Paletten1-141-16-300x210.jpg 300w\" sizes=\"auto, (max-width: 425px) 100vw, 425px\" \/><\/a><\/figure>\n\n\n\n<p><strong>Euro-Palette in Echtholz.<br>Holzart,Brettst\u00e4rke,Gr\u00f6\u00dfe und Ausf\u00fchrung entsprechen dem Original, inklusive eingebrannten Liezensierten Stempel.<br>Brandzeichen in DB, EPAL und EUR<\/strong><\/p>\n\n\n\n<figure class=\"wp-block-image size-full\"><a href=\"http:\/\/toensfeldt-modellbau.de\/wp-content\/uploads\/2022\/01\/Paletten1-16-DB-EPAL.jpg\"><img loading=\"lazy\" decoding=\"async\" width=\"283\" height=\"231\" src=\"http:\/\/toensfeldt-modellbau.de\/wp-content\/uploads\/2022\/01\/Paletten1-16-DB-EPAL.jpg\" alt=\"\" class=\"wp-image-6415\"\/><\/a><figcaption class=\"wp-element-caption\">DB &amp; EPAL Neu<\/figcaption><\/figure>\n\n\n\n<p>Art. Nr. Bestelltext:<\/p>\n\n\n\n<ul class=\"wp-block-list\">\n<li>050008 1 EURO-Palette DB Gestempelt 1:16<\/li>\n\n\n\n<li>050009 1 EURO-Plaette EPAL Gestempelt 1:16<\/li>\n<\/ul>\n\n\n\n<p><strong>Herstellerdaten gem\u00e4s GPSR<\/strong><\/p>\n\n\n\n<p><strong>Andreas Heier<br>Andys-Ladegut<br>Gr\u00fcnbaumstra\u00dfe 91<br>42659 Solingen<br>Deutschland<br>Telefon: 021222663430<br>E-Mail: info@andys-ladegut.de<\/strong><\/p>\n","protected":false},"excerpt":{"rendered":"<p>Euro-Palette in Echtholz.Holzart,Brettst\u00e4rke,Gr\u00f6\u00dfe und Ausf\u00fchrung entsprechen dem Original, inklusive eingebrannten Liezensierten Stempel.Brandzeichen in DB, EPAL und EUR Art. Nr. Bestelltext: Herstellerdaten gem\u00e4s GPSR Andreas HeierAndys-LadegutGr\u00fcnbaumstra\u00dfe 9142659 SolingenDeutschlandTelefon: 021222663430E-Mail: info@andys-ladegut.de<\/p>\n","protected":false},"author":2,"featured_media":0,"parent":0,"menu_order":0,"comment_status":"closed","ping_status":"closed","template":"","meta":{"footnotes":""},"class_list":["post-6240","page","type-page","status-publish","hentry"],"_links":{"self":[{"href":"https:\/\/toensfeldt-modellbau.de\/index.php?rest_route=\/wp\/v2\/pages\/6240","targetHints":{"allow":["GET"]}}],"collection":[{"href":"https:\/\/toensfeldt-modellbau.de\/index.php?rest_route=\/wp\/v2\/pages"}],"about":[{"href":"https:\/\/toensfeldt-modellbau.de\/index.php?rest_route=\/wp\/v2\/types\/page"}],"author":[{"embeddable":true,"href":"https:\/\/toensfeldt-modellbau.de\/index.php?rest_route=\/wp\/v2\/users\/2"}],"replies":[{"embeddable":true,"href":"https:\/\/toensfeldt-modellbau.de\/index.php?rest_route=%2Fwp%2Fv2%2Fcomments&post=6240"}],"version-history":[{"count":6,"href":"https:\/\/toensfeldt-modellbau.de\/index.php?rest_route=\/wp\/v2\/pages\/6240\/revisions"}],"predecessor-version":[{"id":7620,"href":"https:\/\/toensfeldt-modellbau.de\/index.php?rest_route=\/wp\/v2\/pages\/6240\/revisions\/7620"}],"wp:attachment":[{"href":"https:\/\/toensfeldt-modellbau.de\/index.php?rest_route=%2Fwp%2Fv2%2Fmedia&parent=6240"}],"curies":[{"name":"wp","href":"https:\/\/api.w.org\/{rel}","templated":true}]}}