{"id":6272,"date":"2022-01-09T13:04:58","date_gmt":"2022-01-09T11:04:58","guid":{"rendered":"https:\/\/toensfeldt-modellbau.de\/?page_id=6272"},"modified":"2022-11-06T13:23:29","modified_gmt":"2022-11-06T11:23:29","slug":"vrw-g55","status":"publish","type":"page","link":"https:\/\/toensfeldt-modellbau.de\/?page_id=6272","title":{"rendered":"VRW1 G55"},"content":{"rendered":"\n<p><strong><em><span style=\"color:#a30004\" class=\"has-inline-color\">Vorraus R\u00fcst Wagen auf Basies eines Jamara G 55 AMG<\/span><\/em><\/strong><\/p>\n\n\n\n<figure class=\"wp-block-image size-large\"><a href=\"http:\/\/toensfeldt-modellbau.de\/wp-content\/uploads\/2022\/01\/G-Klasse-Standrohr.jpg\"><img loading=\"lazy\" decoding=\"async\" width=\"567\" height=\"433\" src=\"http:\/\/toensfeldt-modellbau.de\/wp-content\/uploads\/2022\/01\/G-Klasse-Standrohr.jpg\" alt=\"\" class=\"wp-image-6194\" srcset=\"https:\/\/toensfeldt-modellbau.de\/wp-content\/uploads\/2022\/01\/G-Klasse-Standrohr.jpg 567w, https:\/\/toensfeldt-modellbau.de\/wp-content\/uploads\/2022\/01\/G-Klasse-Standrohr-300x229.jpg 300w\" sizes=\"auto, (max-width: 567px) 100vw, 567px\" \/><\/a><\/figure>\n\n\n\n<p>Vorausr\u00fcstwagen kurz VRW auf Basis eines MB G55 AMG Ma\u00dfstab 1:14<\/p>\n\n\n\n<figure class=\"wp-block-image size-large\"><a href=\"http:\/\/toensfeldt-modellbau.de\/wp-content\/uploads\/2022\/01\/VRW-Links.jpg\"><img loading=\"lazy\" decoding=\"async\" width=\"425\" height=\"351\" src=\"http:\/\/toensfeldt-modellbau.de\/wp-content\/uploads\/2022\/01\/VRW-Links.jpg\" alt=\"\" class=\"wp-image-6277\" srcset=\"https:\/\/toensfeldt-modellbau.de\/wp-content\/uploads\/2022\/01\/VRW-Links.jpg 425w, https:\/\/toensfeldt-modellbau.de\/wp-content\/uploads\/2022\/01\/VRW-Links-300x248.jpg 300w\" sizes=\"auto, (max-width: 425px) 100vw, 425px\" \/><\/a><\/figure>\n\n\n\n<p><\/p>\n\n\n\n<figure class=\"wp-block-image size-large\"><a href=\"http:\/\/toensfeldt-modellbau.de\/wp-content\/uploads\/2022\/01\/VRW-Vorne.jpg\"><img loading=\"lazy\" decoding=\"async\" width=\"311\" height=\"425\" src=\"http:\/\/toensfeldt-modellbau.de\/wp-content\/uploads\/2022\/01\/VRW-Vorne.jpg\" alt=\"\" class=\"wp-image-6278\" srcset=\"https:\/\/toensfeldt-modellbau.de\/wp-content\/uploads\/2022\/01\/VRW-Vorne.jpg 311w, https:\/\/toensfeldt-modellbau.de\/wp-content\/uploads\/2022\/01\/VRW-Vorne-220x300.jpg 220w\" sizes=\"auto, (max-width: 311px) 100vw, 311px\" \/><\/a><\/figure>\n\n\n\n<figure class=\"wp-block-image size-large\"><a href=\"http:\/\/toensfeldt-modellbau.de\/wp-content\/uploads\/2022\/01\/VRW-Hinten.jpg\"><img loading=\"lazy\" decoding=\"async\" width=\"425\" height=\"357\" src=\"http:\/\/toensfeldt-modellbau.de\/wp-content\/uploads\/2022\/01\/VRW-Hinten.jpg\" alt=\"\" class=\"wp-image-6276\" srcset=\"https:\/\/toensfeldt-modellbau.de\/wp-content\/uploads\/2022\/01\/VRW-Hinten.jpg 425w, https:\/\/toensfeldt-modellbau.de\/wp-content\/uploads\/2022\/01\/VRW-Hinten-300x252.jpg 300w\" sizes=\"auto, (max-width: 425px) 100vw, 425px\" \/><\/a><\/figure>\n\n\n\n<p>Ausstaung VRW:<\/p>\n\n\n\n<ul class=\"wp-block-list\">\n<li>Licht Vorne &amp; Hinten<\/li>\n\n\n\n<li>Blitzer Vorne<\/li>\n\n\n\n<li>Lichtbalken Dach<\/li>\n\n\n\n<li>Rundumleuchte Hinten<\/li>\n\n\n\n<li>Lackierung in Rot RAL 3000<\/li>\n\n\n\n<li>Lackierung \u201eMichael Seyfarth\u201c MS-Graphixx.<\/li>\n\n\n\n<li>Beschriftung<\/li>\n\n\n\n<li>Fernsteuerung Orginal<\/li>\n<\/ul>\n\n\n\n<p>Preis 199,00 \u20ac<\/p>\n\n\n\n<p><mark style=\"background-color:rgba(0, 0, 0, 0)\" class=\"has-inline-color has-blue-color\">Die namentliche Nennung von Herstellern und Produkten erfolgt nur zum Zweck der eindeutigen Bezeichnung der Artikel der einzelnen Hersteller. Einige der auf dieser Internetseite genannten Produktnamen sind eingetragene Warenzeichen bzw. unterliegen dem Copyright der jeweiligen Eigent\u00fcmer.<\/mark><\/p>\n","protected":false},"excerpt":{"rendered":"<p>Vorraus R\u00fcst Wagen auf Basies eines Jamara G 55 AMG Vorausr\u00fcstwagen kurz VRW auf Basis eines MB G55 AMG Ma\u00dfstab 1:14 Ausstaung VRW: Preis 199,00 \u20ac Die namentliche Nennung von Herstellern und Produkten erfolgt nur zum Zweck der eindeutigen Bezeichnung &hellip; <a href=\"https:\/\/toensfeldt-modellbau.de\/?page_id=6272\">Weiterlesen <span class=\"meta-nav\">&rarr;<\/span><\/a><\/p>\n","protected":false},"author":2,"featured_media":0,"parent":0,"menu_order":0,"comment_status":"closed","ping_status":"closed","template":"","meta":{"footnotes":""},"class_list":["post-6272","page","type-page","status-publish","hentry"],"_links":{"self":[{"href":"https:\/\/toensfeldt-modellbau.de\/index.php?rest_route=\/wp\/v2\/pages\/6272","targetHints":{"allow":["GET"]}}],"collection":[{"href":"https:\/\/toensfeldt-modellbau.de\/index.php?rest_route=\/wp\/v2\/pages"}],"about":[{"href":"https:\/\/toensfeldt-modellbau.de\/index.php?rest_route=\/wp\/v2\/types\/page"}],"author":[{"embeddable":true,"href":"https:\/\/toensfeldt-modellbau.de\/index.php?rest_route=\/wp\/v2\/users\/2"}],"replies":[{"embeddable":true,"href":"https:\/\/toensfeldt-modellbau.de\/index.php?rest_route=%2Fwp%2Fv2%2Fcomments&post=6272"}],"version-history":[{"count":8,"href":"https:\/\/toensfeldt-modellbau.de\/index.php?rest_route=\/wp\/v2\/pages\/6272\/revisions"}],"predecessor-version":[{"id":6955,"href":"https:\/\/toensfeldt-modellbau.de\/index.php?rest_route=\/wp\/v2\/pages\/6272\/revisions\/6955"}],"wp:attachment":[{"href":"https:\/\/toensfeldt-modellbau.de\/index.php?rest_route=%2Fwp%2Fv2%2Fmedia&parent=6272"}],"curies":[{"name":"wp","href":"https:\/\/api.w.org\/{rel}","templated":true}]}}