{"id":6373,"date":"2022-01-15T15:43:35","date_gmt":"2022-01-15T13:43:35","guid":{"rendered":"https:\/\/toensfeldt-modellbau.de\/?page_id=6373"},"modified":"2025-03-08T13:58:41","modified_gmt":"2025-03-08T11:58:41","slug":"sp-tridem","status":"publish","type":"page","link":"https:\/\/toensfeldt-modellbau.de\/?page_id=6373","title":{"rendered":"SP Regale"},"content":{"rendered":"\n<figure class=\"wp-block-image size-full\"><a href=\"http:\/\/toensfeldt-modellbau.de\/wp-content\/uploads\/2022\/05\/Kraga3.jpg\"><img loading=\"lazy\" decoding=\"async\" width=\"425\" height=\"307\" src=\"http:\/\/toensfeldt-modellbau.de\/wp-content\/uploads\/2022\/05\/Kraga3.jpg\" alt=\"\" class=\"wp-image-6710\" srcset=\"https:\/\/toensfeldt-modellbau.de\/wp-content\/uploads\/2022\/05\/Kraga3.jpg 425w, https:\/\/toensfeldt-modellbau.de\/wp-content\/uploads\/2022\/05\/Kraga3-300x217.jpg 300w\" sizes=\"auto, (max-width: 425px) 100vw, 425px\" \/><\/a><\/figure>\n\n\n\n<figure class=\"wp-block-image size-full\"><a href=\"http:\/\/toensfeldt-modellbau.de\/wp-content\/uploads\/2022\/05\/Kraga2.jpg\"><img loading=\"lazy\" decoding=\"async\" width=\"425\" height=\"446\" src=\"http:\/\/toensfeldt-modellbau.de\/wp-content\/uploads\/2022\/05\/Kraga2.jpg\" alt=\"\" class=\"wp-image-6709\" srcset=\"https:\/\/toensfeldt-modellbau.de\/wp-content\/uploads\/2022\/05\/Kraga2.jpg 425w, https:\/\/toensfeldt-modellbau.de\/wp-content\/uploads\/2022\/05\/Kraga2-286x300.jpg 286w\" sizes=\"auto, (max-width: 425px) 100vw, 425px\" \/><\/a><\/figure>\n\n\n\n<figure class=\"wp-block-image size-full\"><a href=\"http:\/\/toensfeldt-modellbau.de\/wp-content\/uploads\/2022\/05\/Kraga1.jpg\"><img loading=\"lazy\" decoding=\"async\" width=\"277\" height=\"425\" src=\"http:\/\/toensfeldt-modellbau.de\/wp-content\/uploads\/2022\/05\/Kraga1.jpg\" alt=\"\" class=\"wp-image-6708\" srcset=\"https:\/\/toensfeldt-modellbau.de\/wp-content\/uploads\/2022\/05\/Kraga1.jpg 277w, https:\/\/toensfeldt-modellbau.de\/wp-content\/uploads\/2022\/05\/Kraga1-196x300.jpg 196w\" sizes=\"auto, (max-width: 277px) 100vw, 277px\" \/><\/a><\/figure>\n\n\n\n<p>Kragarmregal aus Edelstahl zur Regaleinheit f\u00fcr Rohre von 5 Mtr. L\u00e4nge zusammmen gebaut in blau und orange pulverbeschichtet.<\/p>\n\n\n\n<p>1 Regal besteht aus: 2 Wagen, 1 R\u00fcckwand, 1 Fu\u00df sowie den Schrauben Satz.<\/p>\n\n\n\n<p>Regal in Natur 3 vorhanden.<\/p>\n\n\n\n<p>Regal als Satz in blau und orange wie Bild zeigt 1 vorhanden<\/p>\n\n\n\n<p>Masse ein Regal: H\u00f6he:<\/p>\n\n\n\n<ul class=\"wp-block-list\">\n<li>233mm Breite:<\/li>\n<\/ul>\n\n\n\n<ul class=\"wp-block-list\">\n<li>108mm Tiefe:<\/li>\n<\/ul>\n\n\n\n<ul class=\"wp-block-list\">\n<li>93mm<\/li>\n<\/ul>\n\n\n\n<p>Preis: 16,20 \u20ac Natur St.<\/p>\n\n\n\n<p>Preis Regaleinheit blau orange: 63,60 \u20ac<\/p>\n\n\n\n<p><br><br><br><strong>Importeur:<\/strong><\/p>\n\n\n\n<p>Olaf T\u00f6nsfeldt<br>T\u00f6nsfeldt Modellbau Vertrieb<br>Nobiskr\u00fcger Allee 20<br>24768 Rendsburg<\/p>\n\n\n\n<p><strong>Deutschland<\/strong><br>Tel.: 0049 (0 ) 43 31\/ 51 95<br>E-Mail an: <a href=\"mailto:tmv@toensfeldt-modellbau.de\">tmv@toensfeldt-modellbau.de<\/a><\/p>\n","protected":false},"excerpt":{"rendered":"<p>Kragarmregal aus Edelstahl zur Regaleinheit f\u00fcr Rohre von 5 Mtr. L\u00e4nge zusammmen gebaut in blau und orange pulverbeschichtet. 1 Regal besteht aus: 2 Wagen, 1 R\u00fcckwand, 1 Fu\u00df sowie den Schrauben Satz. Regal in Natur 3 vorhanden. Regal als Satz &hellip; <a href=\"https:\/\/toensfeldt-modellbau.de\/?page_id=6373\">Weiterlesen <span class=\"meta-nav\">&rarr;<\/span><\/a><\/p>\n","protected":false},"author":2,"featured_media":0,"parent":0,"menu_order":0,"comment_status":"closed","ping_status":"closed","template":"","meta":{"footnotes":""},"class_list":["post-6373","page","type-page","status-publish","hentry"],"_links":{"self":[{"href":"https:\/\/toensfeldt-modellbau.de\/index.php?rest_route=\/wp\/v2\/pages\/6373","targetHints":{"allow":["GET"]}}],"collection":[{"href":"https:\/\/toensfeldt-modellbau.de\/index.php?rest_route=\/wp\/v2\/pages"}],"about":[{"href":"https:\/\/toensfeldt-modellbau.de\/index.php?rest_route=\/wp\/v2\/types\/page"}],"author":[{"embeddable":true,"href":"https:\/\/toensfeldt-modellbau.de\/index.php?rest_route=\/wp\/v2\/users\/2"}],"replies":[{"embeddable":true,"href":"https:\/\/toensfeldt-modellbau.de\/index.php?rest_route=%2Fwp%2Fv2%2Fcomments&post=6373"}],"version-history":[{"count":5,"href":"https:\/\/toensfeldt-modellbau.de\/index.php?rest_route=\/wp\/v2\/pages\/6373\/revisions"}],"predecessor-version":[{"id":7689,"href":"https:\/\/toensfeldt-modellbau.de\/index.php?rest_route=\/wp\/v2\/pages\/6373\/revisions\/7689"}],"wp:attachment":[{"href":"https:\/\/toensfeldt-modellbau.de\/index.php?rest_route=%2Fwp%2Fv2%2Fmedia&parent=6373"}],"curies":[{"name":"wp","href":"https:\/\/api.w.org\/{rel}","templated":true}]}}