{"id":6395,"date":"2022-01-15T18:48:57","date_gmt":"2022-01-15T16:48:57","guid":{"rendered":"https:\/\/toensfeldt-modellbau.de\/?page_id=6395"},"modified":"2025-03-08T20:19:20","modified_gmt":"2025-03-08T18:19:20","slug":"sp-unterlegkeile-114","status":"publish","type":"page","link":"https:\/\/toensfeldt-modellbau.de\/?page_id=6395","title":{"rendered":"SP Unterlegkeile 1:14"},"content":{"rendered":"\n<p><strong><em><span style=\"color:#a30003\" class=\"has-inline-color\">Unterlegkeile VA 1:14<\/span><\/em><\/strong><\/p>\n\n\n\n<figure class=\"wp-block-image size-large\"><a href=\"http:\/\/toensfeldt-modellbau.de\/wp-content\/uploads\/2022\/01\/SP-Keile-Natur-Gelb-Kat-scaled.jpg\"><img loading=\"lazy\" decoding=\"async\" width=\"1024\" height=\"586\" src=\"http:\/\/toensfeldt-modellbau.de\/wp-content\/uploads\/2022\/01\/SP-Keile-Natur-Gelb-Kat-1024x586.jpg\" alt=\"\" class=\"wp-image-6401\" srcset=\"https:\/\/toensfeldt-modellbau.de\/wp-content\/uploads\/2022\/01\/SP-Keile-Natur-Gelb-Kat-1024x586.jpg 1024w, https:\/\/toensfeldt-modellbau.de\/wp-content\/uploads\/2022\/01\/SP-Keile-Natur-Gelb-Kat-300x172.jpg 300w, https:\/\/toensfeldt-modellbau.de\/wp-content\/uploads\/2022\/01\/SP-Keile-Natur-Gelb-Kat-768x440.jpg 768w, https:\/\/toensfeldt-modellbau.de\/wp-content\/uploads\/2022\/01\/SP-Keile-Natur-Gelb-Kat-1536x879.jpg 1536w, https:\/\/toensfeldt-modellbau.de\/wp-content\/uploads\/2022\/01\/SP-Keile-Natur-Gelb-Kat-2048x1172.jpg 2048w\" sizes=\"auto, (max-width: 1024px) 100vw, 1024px\" \/><\/a><\/figure>\n\n\n\n<p>Unterlergkeile aus Edelstahl mit Krallen in Natur oder Gelb\/Schwarz einfach oder am Doppeltr\u00e4ger auch wieder Natur oder Gelb\/Schwarz.<\/p>\n\n\n\n<figure class=\"wp-block-image size-full\"><a href=\"http:\/\/toensfeldt-modellbau.de\/wp-content\/uploads\/2022\/01\/SP-Unterlegkeil-Gelb.jpg\"><img loading=\"lazy\" decoding=\"async\" width=\"283\" height=\"155\" src=\"http:\/\/toensfeldt-modellbau.de\/wp-content\/uploads\/2022\/01\/SP-Unterlegkeil-Gelb.jpg\" alt=\"\" class=\"wp-image-6403\"\/><\/a><\/figure>\n\n\n\n<figure class=\"wp-block-image size-full\"><a href=\"http:\/\/toensfeldt-modellbau.de\/wp-content\/uploads\/2022\/01\/SP-Keil-Natur1.jpg\"><img loading=\"lazy\" decoding=\"async\" width=\"425\" height=\"148\" src=\"http:\/\/toensfeldt-modellbau.de\/wp-content\/uploads\/2022\/01\/SP-Keil-Natur1.jpg\" alt=\"\" class=\"wp-image-6402\" srcset=\"https:\/\/toensfeldt-modellbau.de\/wp-content\/uploads\/2022\/01\/SP-Keil-Natur1.jpg 425w, https:\/\/toensfeldt-modellbau.de\/wp-content\/uploads\/2022\/01\/SP-Keil-Natur1-300x104.jpg 300w\" sizes=\"auto, (max-width: 425px) 100vw, 425px\" \/><\/a><\/figure>\n\n\n\n<p>Art. Nr. Bestell Text:<\/p>\n\n\n\n<ul class=\"wp-block-list\">\n<li><span style=\"color:#a30008\" class=\"has-inline-color\">020404<\/span> Unterlegkeil 1:14 mit Krallen Natur<\/li>\n\n\n\n<li><span style=\"color:#a30004\" class=\"has-inline-color\">020405<\/span> Unterlegkeil 1:14 mit Krallen Gelb<\/li>\n<\/ul>\n\n\n\n<p>Preise von 11,00 \u20ac bie 14,00 \u20ac<\/p>\n\n\n\n<figure class=\"wp-block-image size-full\"><a href=\"http:\/\/toensfeldt-modellbau.de\/wp-content\/uploads\/2022\/01\/SP-2-Keile-Natur1.jpg\"><img loading=\"lazy\" decoding=\"async\" width=\"425\" height=\"224\" src=\"http:\/\/toensfeldt-modellbau.de\/wp-content\/uploads\/2022\/01\/SP-2-Keile-Natur1.jpg\" alt=\"\" class=\"wp-image-6399\" srcset=\"https:\/\/toensfeldt-modellbau.de\/wp-content\/uploads\/2022\/01\/SP-2-Keile-Natur1.jpg 425w, https:\/\/toensfeldt-modellbau.de\/wp-content\/uploads\/2022\/01\/SP-2-Keile-Natur1-300x158.jpg 300w\" sizes=\"auto, (max-width: 425px) 100vw, 425px\" \/><\/a><\/figure>\n\n\n\n<figure class=\"wp-block-image size-full\"><a href=\"http:\/\/toensfeldt-modellbau.de\/wp-content\/uploads\/2022\/01\/SP-2Keile-Gelb1.jpg\"><img loading=\"lazy\" decoding=\"async\" width=\"283\" height=\"178\" src=\"http:\/\/toensfeldt-modellbau.de\/wp-content\/uploads\/2022\/01\/SP-2Keile-Gelb1.jpg\" alt=\"\" class=\"wp-image-6400\"\/><\/a><\/figure>\n\n\n\n<p>Art. Nr. Bestell Text:<\/p>\n\n\n\n<ul class=\"wp-block-list\">\n<li><span style=\"color:#a3000d\" class=\"has-inline-color\">020406 <\/span>2 Unterlegkeile 1:14 mit Krallen Natur<\/li>\n\n\n\n<li><span style=\"color:#a30004\" class=\"has-inline-color\">020407<\/span> 2 Unterlegkeile 1:14 mit Krallen Gelb<\/li>\n<\/ul>\n\n\n\n<p> Preise von 27,50 \u20ac bie 39,90 \u20ac <br><br><strong>Importeur<\/strong><\/p>\n\n\n\n<p>Olaf T\u00f6nsfeldt<br>T\u00f6nsfeldt Modellbau Vertrieb<br>Nobiskr\u00fcger Allee 20<br>24768 Rendsburg<\/p>\n\n\n\n<p><strong>Deutschland<\/strong><br>Tel.: 0049 (0 ) 43 31\/ 51 95<br>E-Mail an: <a href=\"mailto:tmv@toensfeldt-modellbau.de\">tmv@toensfeldt-modellbau.de<\/a><\/p>\n","protected":false},"excerpt":{"rendered":"<p>Unterlegkeile VA 1:14 Unterlergkeile aus Edelstahl mit Krallen in Natur oder Gelb\/Schwarz einfach oder am Doppeltr\u00e4ger auch wieder Natur oder Gelb\/Schwarz. Art. Nr. Bestell Text: Preise von 11,00 \u20ac bie 14,00 \u20ac Art. Nr. Bestell Text: Preise von 27,50 \u20ac &hellip; <a href=\"https:\/\/toensfeldt-modellbau.de\/?page_id=6395\">Weiterlesen <span class=\"meta-nav\">&rarr;<\/span><\/a><\/p>\n","protected":false},"author":2,"featured_media":0,"parent":0,"menu_order":0,"comment_status":"closed","ping_status":"closed","template":"","meta":{"footnotes":""},"class_list":["post-6395","page","type-page","status-publish","hentry"],"_links":{"self":[{"href":"https:\/\/toensfeldt-modellbau.de\/index.php?rest_route=\/wp\/v2\/pages\/6395","targetHints":{"allow":["GET"]}}],"collection":[{"href":"https:\/\/toensfeldt-modellbau.de\/index.php?rest_route=\/wp\/v2\/pages"}],"about":[{"href":"https:\/\/toensfeldt-modellbau.de\/index.php?rest_route=\/wp\/v2\/types\/page"}],"author":[{"embeddable":true,"href":"https:\/\/toensfeldt-modellbau.de\/index.php?rest_route=\/wp\/v2\/users\/2"}],"replies":[{"embeddable":true,"href":"https:\/\/toensfeldt-modellbau.de\/index.php?rest_route=%2Fwp%2Fv2%2Fcomments&post=6395"}],"version-history":[{"count":6,"href":"https:\/\/toensfeldt-modellbau.de\/index.php?rest_route=\/wp\/v2\/pages\/6395\/revisions"}],"predecessor-version":[{"id":7699,"href":"https:\/\/toensfeldt-modellbau.de\/index.php?rest_route=\/wp\/v2\/pages\/6395\/revisions\/7699"}],"wp:attachment":[{"href":"https:\/\/toensfeldt-modellbau.de\/index.php?rest_route=%2Fwp%2Fv2%2Fmedia&parent=6395"}],"curies":[{"name":"wp","href":"https:\/\/api.w.org\/{rel}","templated":true}]}}