{"id":650,"date":"2013-11-22T18:24:39","date_gmt":"2013-11-22T16:24:39","guid":{"rendered":"http:\/\/toensfeldt-modellbau.de\/?page_id=650"},"modified":"2017-01-15T14:03:58","modified_gmt":"2017-01-15T12:03:58","slug":"tmv-verkehrsleitung","status":"publish","type":"page","link":"https:\/\/toensfeldt-modellbau.de\/?page_id=650","title":{"rendered":"TMV Verkehrsleitung"},"content":{"rendered":"<p><img loading=\"lazy\" decoding=\"async\" class=\"alignleft size-full wp-image-649\" src=\"http:\/\/toensfeldt-modellbau.de\/wp-content\/uploads\/2013\/11\/090025.jpg\" alt=\"090025\" width=\"283\" height=\"145\" \/>Verkehrsleitsysteme aus Metal und Kunststoff<\/p>\n<p>&nbsp;<\/p>\n<p>&nbsp;<\/p>\n<p>&nbsp;<\/p>\n<p><strong><em><span style=\"color: #ff0000;\">Hochbake<\/span><\/em><\/strong><\/p>\n<div id=\"attachment_646\" style=\"width: 152px\" class=\"wp-caption alignleft\"><img loading=\"lazy\" decoding=\"async\" aria-describedby=\"caption-attachment-646\" class=\"size-full wp-image-646\" src=\"http:\/\/toensfeldt-modellbau.de\/wp-content\/uploads\/2013\/11\/090010.jpg\" alt=\"090010\" width=\"142\" height=\"231\" \/><p id=\"caption-attachment-646\" class=\"wp-caption-text\">090010<\/p><\/div>\n<ul>\n<li>Hochbarke aus Alu mit rot\/wei\u00df Aufklebern, Bake und runder Fu\u00df schwarz Beschichtet.<\/li>\n<\/ul>\n<ul>\n<li>H\u00f6he: 83 x 20 x 2 mm<\/li>\n<\/ul>\n<p>Art. Nr.\/ Bestelltext :<\/p>\n<ul>\n<li><span style=\"color: #ff0000;\">090010<\/span> Bake, hoch mit Zapfen<\/li>\n<\/ul>\n<p>&nbsp;<\/p>\n<p>&nbsp;<\/p>\n<p>&nbsp;<\/p>\n<p><strong><em><span style=\"color: #ff0000;\">Querbake<\/span><\/em><\/strong><\/p>\n<div id=\"attachment_644\" style=\"width: 152px\" class=\"wp-caption alignleft\"><img loading=\"lazy\" decoding=\"async\" aria-describedby=\"caption-attachment-644\" class=\"size-full wp-image-644\" src=\"http:\/\/toensfeldt-modellbau.de\/wp-content\/uploads\/2013\/11\/090005.jpg\" alt=\"090005\" width=\"142\" height=\"84\" \/><p id=\"caption-attachment-644\" class=\"wp-caption-text\">090005<\/p><\/div>\n<div id=\"attachment_660\" style=\"width: 152px\" class=\"wp-caption alignleft\"><img loading=\"lazy\" decoding=\"async\" aria-describedby=\"caption-attachment-660\" class=\"size-full wp-image-660\" src=\"http:\/\/toensfeldt-modellbau.de\/wp-content\/uploads\/2013\/11\/090006.jpg\" alt=\"090006\" width=\"142\" height=\"84\" \/><p id=\"caption-attachment-660\" class=\"wp-caption-text\">090006<\/p><\/div>\n<ul>\n<li>Querbake, Alu mit rot\/wei\u00df Aufklebern, St\u00e4nder und Ovalf\u00fc\u00dfe, schwarz beschichtet.<\/li>\n<\/ul>\n<ul>\n<li>L\u00e4nge: 140 x 20 x 2 mm<\/li>\n<\/ul>\n<p>&nbsp;<\/p>\n<p>Art. Nr.\/ Bestelltext :<\/p>\n<ul>\n<li><span style=\"color: #ff0000;\">090005 <span style=\"color: #000000;\">1<\/span><\/span> Querbake m. 2 F\u00fc\u00dfen<\/li>\n<li><span style=\"color: #ff0000;\">090006<\/span> 2 Querbaken m. 3 F\u00fc\u00dfen<\/li>\n<li><span style=\"color: #ff0000;\">090007<\/span> 2 Querbaken m. 4 F\u00fc\u00dfe<\/li>\n<\/ul>\n<p><em><strong><span style=\"color: #ff0000;\">2 Warndreiecke mit Drehst\u00e4nder<\/span><\/strong><\/em><\/p>\n<div id=\"attachment_647\" style=\"width: 152px\" class=\"wp-caption alignleft\"><img loading=\"lazy\" decoding=\"async\" aria-describedby=\"caption-attachment-647\" class=\"size-full wp-image-647\" src=\"http:\/\/toensfeldt-modellbau.de\/wp-content\/uploads\/2013\/11\/090020.jpg\" alt=\"090020\" width=\"142\" height=\"139\" \/><p id=\"caption-attachment-647\" class=\"wp-caption-text\">090020<\/p><\/div>\n<p>Technische Daten:<\/p>\n<ul>\n<li>Schildgr\u00f6\u00dfe : ca. 29 mm<\/li>\n<\/ul>\n<p>Art. Nr.\/ Bestelltext<\/p>\n<ul>\n<li><span style=\"color: #ff0000;\">090020<\/span> 2 Warndreiecke<\/li>\n<\/ul>\n<p>&nbsp;<\/p>\n<p><em><strong><span style=\"color: #ff0000;\">Baustellenschilder mit St\u00e4nder<\/span><\/strong><\/em><\/p>\n<div id=\"attachment_648\" style=\"width: 152px\" class=\"wp-caption alignleft\"><img loading=\"lazy\" decoding=\"async\" aria-describedby=\"caption-attachment-648\" class=\"size-full wp-image-648\" src=\"http:\/\/toensfeldt-modellbau.de\/wp-content\/uploads\/2013\/11\/090022.jpg\" alt=\"090022\" width=\"142\" height=\"125\" \/><p id=\"caption-attachment-648\" class=\"wp-caption-text\">090022<\/p><\/div>\n<p>Technische Daten:<\/p>\n<ul>\n<li>Schildgr\u00f6\u00dfe : 29 mm<\/li>\n<\/ul>\n<p>Art. Nr.\/ Bestelltext<\/p>\n<ul>\n<li><span style=\"color: #ff0000;\">090022<\/span> 2 Baustellenschilder<\/li>\n<\/ul>\n","protected":false},"excerpt":{"rendered":"<p>Verkehrsleitsysteme aus Metal und Kunststoff &nbsp; &nbsp; &nbsp; Hochbake Hochbarke aus Alu mit rot\/wei\u00df Aufklebern, Bake und runder Fu\u00df schwarz Beschichtet. H\u00f6he: 83 x 20 x 2 mm Art. Nr.\/ Bestelltext : 090010 Bake, hoch mit Zapfen &nbsp; &nbsp; &nbsp; &hellip; <a href=\"https:\/\/toensfeldt-modellbau.de\/?page_id=650\">Weiterlesen <span class=\"meta-nav\">&rarr;<\/span><\/a><\/p>\n","protected":false},"author":3,"featured_media":0,"parent":581,"menu_order":4,"comment_status":"closed","ping_status":"closed","template":"","meta":{"footnotes":""},"class_list":["post-650","page","type-page","status-publish","hentry"],"_links":{"self":[{"href":"https:\/\/toensfeldt-modellbau.de\/index.php?rest_route=\/wp\/v2\/pages\/650","targetHints":{"allow":["GET"]}}],"collection":[{"href":"https:\/\/toensfeldt-modellbau.de\/index.php?rest_route=\/wp\/v2\/pages"}],"about":[{"href":"https:\/\/toensfeldt-modellbau.de\/index.php?rest_route=\/wp\/v2\/types\/page"}],"author":[{"embeddable":true,"href":"https:\/\/toensfeldt-modellbau.de\/index.php?rest_route=\/wp\/v2\/users\/3"}],"replies":[{"embeddable":true,"href":"https:\/\/toensfeldt-modellbau.de\/index.php?rest_route=%2Fwp%2Fv2%2Fcomments&post=650"}],"version-history":[{"count":10,"href":"https:\/\/toensfeldt-modellbau.de\/index.php?rest_route=\/wp\/v2\/pages\/650\/revisions"}],"predecessor-version":[{"id":1664,"href":"https:\/\/toensfeldt-modellbau.de\/index.php?rest_route=\/wp\/v2\/pages\/650\/revisions\/1664"}],"up":[{"embeddable":true,"href":"https:\/\/toensfeldt-modellbau.de\/index.php?rest_route=\/wp\/v2\/pages\/581"}],"wp:attachment":[{"href":"https:\/\/toensfeldt-modellbau.de\/index.php?rest_route=%2Fwp%2Fv2%2Fmedia&parent=650"}],"curies":[{"name":"wp","href":"https:\/\/api.w.org\/{rel}","templated":true}]}}