{"id":6507,"date":"2022-03-19T16:31:32","date_gmt":"2022-03-19T14:31:32","guid":{"rendered":"https:\/\/toensfeldt-modellbau.de\/?page_id=6507"},"modified":"2025-03-08T14:03:18","modified_gmt":"2025-03-08T12:03:18","slug":"tmv-rueckleuchten","status":"publish","type":"page","link":"https:\/\/toensfeldt-modellbau.de\/?page_id=6507","title":{"rendered":"TMV R\u00fcckleuchten"},"content":{"rendered":"\n<p><strong><em><span class=\"has-inline-color has-blue-color\"> Ab sofort ist unter dem lezten Bild ein Video mit den Funktionen der TMV R\u00fcckleuchten 4+1 zu sehen!<\/span><\/em><\/strong><\/p>\n\n\n\n<figure class=\"wp-block-image size-full\"><a href=\"http:\/\/toensfeldt-modellbau.de\/wp-content\/uploads\/2022\/03\/TMV41Alu-StosstangeAu20.jpg\"><img loading=\"lazy\" decoding=\"async\" width=\"567\" height=\"414\" src=\"http:\/\/toensfeldt-modellbau.de\/wp-content\/uploads\/2022\/03\/TMV41Alu-StosstangeAu20.jpg\" alt=\"\" class=\"wp-image-6517\" srcset=\"https:\/\/toensfeldt-modellbau.de\/wp-content\/uploads\/2022\/03\/TMV41Alu-StosstangeAu20.jpg 567w, https:\/\/toensfeldt-modellbau.de\/wp-content\/uploads\/2022\/03\/TMV41Alu-StosstangeAu20-300x219.jpg 300w\" sizes=\"auto, (max-width: 567px) 100vw, 567px\" \/><\/a><\/figure>\n\n\n\n<p>Neu bei T\u00f6nsfeldt Modellbau \u2013 Vertrieb sind die R\u00fcckleuchten 4+1 f\u00fcr Anh\u00e4nger &amp; Auflieger im Ma\u00dfstab 1:14! Bei den TMV R\u00fcckleuchten 4+1 f\u00fcr Anh\u00e4nger &amp; Auflieger kommen die Geh\u00e4use, Reflektoren und die Schutzgl\u00e4ser komplett aus dem 3D-Drucker. Die Platine ist mit LEDs best\u00fcckt und hat eine Betriebsspannung von 7,2 \u2013 12 V. Das Geh\u00e4use ist Schwarz gehalten, der Reflektor hat 2 mal 2 runde Kammern in deren Mitte ein Reflextordreieck sitzt und ist silbern lackiert, um die Leuchtkraft der LEDs zu unterst\u00fctzen. Die Platinen sind f\u00fcr Links und Rechts ausgelegt und m\u00fcssen so auch verbaut werden.<\/p>\n\n\n\n<p>Die Belegung der Kammern von au\u00dfen nach innen: Blinker, R\u00fcck- und Bremslicht kombiniert, Nebelschlusslicht, R\u00fcckfahrlicht.<\/p>\n\n\n\n<p>Die Platinen sind einbaufertig und k\u00f6nnen dank der Kabel an fast allen Lichtanlagen angeschlossen werden.<\/p>\n\n\n\n<p>Bevor Sie die Leuchten einbauen, geben Sie Spannung (z. B. mit Hilfe einer 9V-Blockbatterie) auf die Leuchten,<br>um zu testen, welches Kabel welche Lichtfunktion steuert. Markieren Sie die Kabel mit Farbe oder F\u00e4hnchen, damit Sie beim Anschlie\u00dfen die Kabel entsprechend zuordnen k\u00f6nnen.<br>Es m\u00fc\u00dfen die 4 L\u00f6cher des R\u00fcckleuchtentr\u00e4gers mit dem mitgelieferten Bohrer \u00d8 2,5 mm aufgebohrt werden.<\/p>\n\n\n\n<figure class=\"wp-block-image size-full\"><a href=\"http:\/\/toensfeldt-modellbau.de\/wp-content\/uploads\/2022\/03\/TMV41Alu-StosstangeAuf15.jpg\"><img loading=\"lazy\" decoding=\"async\" width=\"425\" height=\"275\" src=\"http:\/\/toensfeldt-modellbau.de\/wp-content\/uploads\/2022\/03\/TMV41Alu-StosstangeAuf15.jpg\" alt=\"\" class=\"wp-image-6518\" srcset=\"https:\/\/toensfeldt-modellbau.de\/wp-content\/uploads\/2022\/03\/TMV41Alu-StosstangeAuf15.jpg 425w, https:\/\/toensfeldt-modellbau.de\/wp-content\/uploads\/2022\/03\/TMV41Alu-StosstangeAuf15-300x194.jpg 300w\" sizes=\"auto, (max-width: 425px) 100vw, 425px\" \/><\/a><\/figure>\n\n\n\n<p>TMV R\u00fcckleuchten 4+1 am Carson Aufliegerfahrgestell<\/p>\n\n\n\n<figure class=\"wp-block-image size-full\"><a href=\"http:\/\/toensfeldt-modellbau.de\/wp-content\/uploads\/2022\/03\/TMV41Rueckleuchten.jpg\"><img loading=\"lazy\" decoding=\"async\" width=\"425\" height=\"267\" src=\"http:\/\/toensfeldt-modellbau.de\/wp-content\/uploads\/2022\/03\/TMV41Rueckleuchten.jpg\" alt=\"\" class=\"wp-image-6512\" srcset=\"https:\/\/toensfeldt-modellbau.de\/wp-content\/uploads\/2022\/03\/TMV41Rueckleuchten.jpg 425w, https:\/\/toensfeldt-modellbau.de\/wp-content\/uploads\/2022\/03\/TMV41Rueckleuchten-300x188.jpg 300w\" sizes=\"auto, (max-width: 425px) 100vw, 425px\" \/><\/a><\/figure>\n\n\n\n<p>TMV R\u00fcckleuchten 4+1<\/p>\n\n\n\n<figure class=\"wp-block-image size-full\"><a href=\"http:\/\/toensfeldt-modellbau.de\/wp-content\/uploads\/2022\/03\/TMV41Alu-Stosstange.jpg\"><img loading=\"lazy\" decoding=\"async\" width=\"425\" height=\"117\" src=\"http:\/\/toensfeldt-modellbau.de\/wp-content\/uploads\/2022\/03\/TMV41Alu-Stosstange.jpg\" alt=\"\" class=\"wp-image-6510\" srcset=\"https:\/\/toensfeldt-modellbau.de\/wp-content\/uploads\/2022\/03\/TMV41Alu-Stosstange.jpg 425w, https:\/\/toensfeldt-modellbau.de\/wp-content\/uploads\/2022\/03\/TMV41Alu-Stosstange-300x83.jpg 300w\" sizes=\"auto, (max-width: 425px) 100vw, 425px\" \/><\/a><\/figure>\n\n\n\n<p>TMV R\u00fcckleuchten 4+1 an Carson Alusto\u00dfstange<\/p>\n\n\n\n<figure class=\"wp-block-image size-full\"><a href=\"http:\/\/toensfeldt-modellbau.de\/wp-content\/uploads\/2022\/03\/TMV41Alu-Traeger.jpg\"><img loading=\"lazy\" decoding=\"async\" width=\"425\" height=\"189\" src=\"http:\/\/toensfeldt-modellbau.de\/wp-content\/uploads\/2022\/03\/TMV41Alu-Traeger.jpg\" alt=\"\" class=\"wp-image-6511\" srcset=\"https:\/\/toensfeldt-modellbau.de\/wp-content\/uploads\/2022\/03\/TMV41Alu-Traeger.jpg 425w, https:\/\/toensfeldt-modellbau.de\/wp-content\/uploads\/2022\/03\/TMV41Alu-Traeger-300x133.jpg 300w\" sizes=\"auto, (max-width: 425px) 100vw, 425px\" \/><\/a><\/figure>\n\n\n\n<p> TMV R\u00fcckleuchten 4+1 an Carson Alu-Tr\u00e4gern<\/p>\n\n\n\n<figure class=\"wp-block-image size-full\"><a href=\"http:\/\/toensfeldt-modellbau.de\/wp-content\/uploads\/2022\/03\/TMV41Stahl-Traeger.jpg\"><img loading=\"lazy\" decoding=\"async\" width=\"425\" height=\"145\" src=\"http:\/\/toensfeldt-modellbau.de\/wp-content\/uploads\/2022\/03\/TMV41Stahl-Traeger.jpg\" alt=\"\" class=\"wp-image-6519\" srcset=\"https:\/\/toensfeldt-modellbau.de\/wp-content\/uploads\/2022\/03\/TMV41Stahl-Traeger.jpg 425w, https:\/\/toensfeldt-modellbau.de\/wp-content\/uploads\/2022\/03\/TMV41Stahl-Traeger-300x102.jpg 300w\" sizes=\"auto, (max-width: 425px) 100vw, 425px\" \/><\/a><\/figure>\n\n\n\n<p> TMV R\u00fcckleuchten 4+1 an Carson Stahlblech Tr\u00e4gern<\/p>\n\n\n\n<p><\/p>\n\n\n\n<div class=\"wp-block-media-text alignwide is-stacked-on-mobile\" style=\"grid-template-columns:67% auto\"><figure class=\"wp-block-media-text__media\"><video controls src=\"http:\/\/toensfeldt-modellbau.de\/wp-content\/uploads\/2022\/03\/TMV-Rueckleuchten-41.mp4\"><\/video><\/figure><div class=\"wp-block-media-text__content\">\n<blockquote class=\"wp-block-quote is-layout-flow wp-block-quote-is-layout-flow\">\n<p><\/p>\n<\/blockquote>\n<\/div><\/div>\n\n\n\n<p><\/p>\n\n\n\n<p><strong><em><span style=\"color:#a30003\" class=\"has-inline-color\">Beachten Sie, an welchem Tr\u00e4ger Sie die TMV-R\u00fcckleuchten 4+1 befestigen:<\/span><\/em><\/strong><\/p>\n\n\n\n<ul class=\"wp-block-list\">\n<li>Bei handels\u00fcblichen Stahlblechtr\u00e4gern (1 mm St\u00e4rke, z. B. von Carson) verwenden Sie die Innensechskantschrauben M2 x 2 mm.<\/li>\n\n\n\n<li>Bei 2 mm starken Tr\u00e4gern (z. B. Aluminium-Sto\u00dfstange Carson) verwenden Sie die  Innensechskantschrauben M2 x 3mm. <\/li>\n\n\n\n<li>Bei als mehr 2 mm starken Tr\u00e4gern (z. B. aus Alu-Tr\u00e4gern, von Carson) verwenden Sie die  Innensechskantschrauben M2 x 4mm und eine U-Scheibe.  <\/li>\n\n\n\n<li>Die Schrauben d\u00fcrfen nur leicht handfest angezogen werden!<\/li>\n\n\n\n<li>Bei Bestellung bitte die Schraubenl\u00e4nge mit angeben!<\/li>\n<\/ul>\n\n\n\n<p>Art. Nr. Bestell Text:<\/p>\n\n\n\n<ul class=\"wp-block-list\">\n<li><span style=\"color:#a30004\" class=\"has-inline-color\">100001<\/span> TMV R\u00fcckleuchten 4+1<\/li>\n\n\n\n<li>Bitte dran denken, die Schraubenl\u00e4nge mit anzugeben!<\/li>\n<\/ul>\n\n\n\n<p>Herstellerdaten gem\u00e4s GPSR<\/p>\n\n\n\n<p>Olaf T\u00f6nsfeldt<br>T\u00f6nsfeldt Modellbau Vertrieb<br>Nobiskr\u00fcger Allee 20<br>24768 Rendsburg<\/p>\n\n\n\n<p><strong>Deutschland<\/strong><br>Tel.: 0049 (0 ) 43 31\/ 51 95<br>E-Mail an: <a href=\"mailto:tmv@toensfeldt-modellbau.de\">tmv@toensfeldt-modellbau.de<\/a><\/p>\n\n\n\n<p><span class=\"has-inline-color has-blue-color\">Die namentliche Nennung von Herstellern und Produkten erfolgt nur zum Zweck der eindeutigen Bezeichnung der Artikel der einzelnen Hersteller. Einige der auf dieser Internetseite genannten Produktnamen sind eingetragene Warenzeichen bzw. unterliegen dem Copyright der jeweiligen Eigent\u00fcmer.<\/span><\/p>\n","protected":false},"excerpt":{"rendered":"<p>Ab sofort ist unter dem lezten Bild ein Video mit den Funktionen der TMV R\u00fcckleuchten 4+1 zu sehen! Neu bei T\u00f6nsfeldt Modellbau \u2013 Vertrieb sind die R\u00fcckleuchten 4+1 f\u00fcr Anh\u00e4nger &amp; Auflieger im Ma\u00dfstab 1:14! Bei den TMV R\u00fcckleuchten 4+1 &hellip; <a href=\"https:\/\/toensfeldt-modellbau.de\/?page_id=6507\">Weiterlesen <span class=\"meta-nav\">&rarr;<\/span><\/a><\/p>\n","protected":false},"author":2,"featured_media":0,"parent":0,"menu_order":0,"comment_status":"closed","ping_status":"closed","template":"","meta":{"footnotes":""},"class_list":["post-6507","page","type-page","status-publish","hentry"],"_links":{"self":[{"href":"https:\/\/toensfeldt-modellbau.de\/index.php?rest_route=\/wp\/v2\/pages\/6507","targetHints":{"allow":["GET"]}}],"collection":[{"href":"https:\/\/toensfeldt-modellbau.de\/index.php?rest_route=\/wp\/v2\/pages"}],"about":[{"href":"https:\/\/toensfeldt-modellbau.de\/index.php?rest_route=\/wp\/v2\/types\/page"}],"author":[{"embeddable":true,"href":"https:\/\/toensfeldt-modellbau.de\/index.php?rest_route=\/wp\/v2\/users\/2"}],"replies":[{"embeddable":true,"href":"https:\/\/toensfeldt-modellbau.de\/index.php?rest_route=%2Fwp%2Fv2%2Fcomments&post=6507"}],"version-history":[{"count":18,"href":"https:\/\/toensfeldt-modellbau.de\/index.php?rest_route=\/wp\/v2\/pages\/6507\/revisions"}],"predecessor-version":[{"id":7693,"href":"https:\/\/toensfeldt-modellbau.de\/index.php?rest_route=\/wp\/v2\/pages\/6507\/revisions\/7693"}],"wp:attachment":[{"href":"https:\/\/toensfeldt-modellbau.de\/index.php?rest_route=%2Fwp%2Fv2%2Fmedia&parent=6507"}],"curies":[{"name":"wp","href":"https:\/\/api.w.org\/{rel}","templated":true}]}}