{"id":6535,"date":"2022-03-23T18:35:51","date_gmt":"2022-03-23T16:35:51","guid":{"rendered":"https:\/\/toensfeldt-modellbau.de\/?page_id=6535"},"modified":"2026-04-08T17:02:40","modified_gmt":"2026-04-08T15:02:40","slug":"mastverstellung-robbe-h50","status":"publish","type":"page","link":"https:\/\/toensfeldt-modellbau.de\/?page_id=6535","title":{"rendered":"GS H50 Mastverstellung"},"content":{"rendered":"\n<figure class=\"wp-block-image size-full\"><a href=\"http:\/\/toensfeldt-modellbau.de\/wp-content\/uploads\/2021\/08\/GS-Seitlich-Rechts.jpg\"><img loading=\"lazy\" decoding=\"async\" width=\"425\" height=\"326\" src=\"http:\/\/toensfeldt-modellbau.de\/wp-content\/uploads\/2021\/08\/GS-Seitlich-Rechts.jpg\" alt=\"\" class=\"wp-image-4903\" srcset=\"https:\/\/toensfeldt-modellbau.de\/wp-content\/uploads\/2021\/08\/GS-Seitlich-Rechts.jpg 425w, https:\/\/toensfeldt-modellbau.de\/wp-content\/uploads\/2021\/08\/GS-Seitlich-Rechts-300x230.jpg 300w\" sizes=\"auto, (max-width: 425px) 100vw, 425px\" \/><\/a><\/figure>\n\n\n\n<p><strong><em><span style=\"color:#a30004\" class=\"has-inline-color\">TMV Mastverstellung f\u00fcr den Robbe Gabelstapler H50<\/span><\/em><\/strong><\/p>\n\n\n\n<p>Achtung: <strong><em>Der Tasterschalter geh\u00f6rt nicht mehr zum Lieferumfang.<\/em><\/strong><\/p>\n\n\n\n<p>Beschreibung:<br>Die TMV Mastverstellung ist als technisch saubere L\u00f6sung f\u00fcr das Mastkippen im Linde-H50-Gabelstapler von Robbe konzipiert.<br>Das Kippen mittels Mikroservo &#8211; wie im Orignalbausatz umgesetzt &#8211; hat mehrere Nachteile: Bauartbedingt wird das Servo ununterbrochen unter Last betrieben, sodass es relativ schnell verschlei\u00dft.<br>Es muss st\u00e4ndig Strom flie\u00dfen, um die Position zu halten. Folge: k\u00fcrzere Akkulaufzeit.<br>Des Weiteren kann mit klassischen Modellbausendern das Kippen nicht sinnvoll \u00fcber einen Kreuzkn\u00fcppel bedient werden, da diese i. d. R. selbstzentrierend sind.<br>Alle diese Probleme umgeht die L\u00f6sung mittels Spindelantrieb: Es wird nur ein geringer Strom ben\u00f6tigt, wenn die Maststellung ver\u00e4ndert werden muss. Die Mechanik ist selsbthemmend, damit ist der Strombedarf im Stillstand vernachl\u00e4ssigbar.<br>Die Einheit kann \u00fcber einen normalen Kreuzkn\u00fcppel angesteuert werden, in Mittelstellung bleibt der Mast an der aktuellen Position stehen.<br>Ein Endschalter sorgt automatisch daf\u00fcr, dass im angekippten Zustand der Motor abgeschaltet wird.                                                                                                                                                              <strong><em>Der Tasterschalter geh\u00f6rt nicht mehr zum Lieferumfang.<\/em><\/strong><br>Durch den zum Lieferumfang geh\u00f6renden 3-Stufentaster kann der Mast auch manuell verstellt werden. Das ist sehr hilfreich, wenn der Sender gerade nicht zur Hand ist.<br>Der Taster kann unauff\u00e4llig in der Fahrerkabine neben dem Lade-\/Ein-\/Ausschalter platziert werden.<\/p>\n\n\n\n<figure class=\"wp-block-image size-large\"><a href=\"http:\/\/toensfeldt-modellbau.de\/wp-content\/uploads\/2022\/03\/BA1.jpg\"><img loading=\"lazy\" decoding=\"async\" width=\"1024\" height=\"586\" src=\"http:\/\/toensfeldt-modellbau.de\/wp-content\/uploads\/2022\/03\/BA1-1024x586.jpg\" alt=\"\" class=\"wp-image-6533\" srcset=\"https:\/\/toensfeldt-modellbau.de\/wp-content\/uploads\/2022\/03\/BA1-1024x586.jpg 1024w, https:\/\/toensfeldt-modellbau.de\/wp-content\/uploads\/2022\/03\/BA1-300x172.jpg 300w, https:\/\/toensfeldt-modellbau.de\/wp-content\/uploads\/2022\/03\/BA1-768x440.jpg 768w, https:\/\/toensfeldt-modellbau.de\/wp-content\/uploads\/2022\/03\/BA1.jpg 1425w\" sizes=\"auto, (max-width: 1024px) 100vw, 1024px\" \/><\/a><\/figure>\n\n\n\n<p>High-Lights der TMV Mastverstellung:<\/p>\n\n\n\n<ul class=\"wp-block-list\">\n<li>Kippeinheit bestehend aus Mechanik und Elektronik, kein zus\u00e4tzlicher Fahrtregler n\u00f6tig!<\/li>\n\n\n\n<li>Nur ein Anschlussstecker, Versorgung direkt aus der Empf\u00e4ngerspannung<\/li>\n\n\n\n<li>Betriebsspannung: 4,8 bis 8V<\/li>\n\n\n\n<li>Aufgrund des Spindelantriebs sehr stromsparend<\/li>\n\n\n\n<li>Endabschaltung im angekippten Zustand<\/li>\n\n\n\n<li>Elektronik ist \u00fcberlastgesch\u00fctzt<\/li>\n\n\n\n<li>Einfacher Einbau (f\u00fcr Ausbau des Original-Servos muss jedoch das Chassis auseinandergenommen werden!)<\/li>\n\n\n\n<li>Ben\u00f6tigt den gleichen Bauraum wie Originall\u00f6sung<\/li>\n<\/ul>\n\n\n\n<p>Art. Nr. Bestelltext:<\/p>\n\n\n\n<ul class=\"wp-block-list\">\n<li><span style=\"color:#a30004\" class=\"has-inline-color\">100050<\/span> TMV Mastverstellung Robbe H 50<\/li>\n<\/ul>\n\n\n\n<p>Herstellerdaten gem\u00e4s GPSR<\/p>\n\n\n\n<p>Olaf T\u00f6nsfeldt<br>T\u00f6nsfeldt Modellbau Vertrieb<br>Nobiskr\u00fcger Allee 20<br>24768 Rendsburg<\/p>\n\n\n\n<p><strong>Deutschland<\/strong><br>Tel.: 0049 (0 ) 43 31\/ 51 95<br>E-Mail an: <a href=\"mailto:tmv@toensfeldt-modellbau.de\">tmv@toensfeldt-modellbau.de<\/a><\/p>\n\n\n\n<p><em><mark style=\"background-color:rgba(0, 0, 0, 0)\" class=\"has-inline-color has-blue-color\">Die namentliche Nennung von Herstellern und Produkten erfolgt nur zum Zweck der eindeutigen Bezeichnung der Artikel der einzelnen Hersteller. Einige der auf dieser Internetseite genannten Produktnamen sind eingetragene Warenzeichen bzw. unterliegen dem Copyright der jeweiligen Eigent\u00fcmer.<\/mark><\/em><\/p>\n","protected":false},"excerpt":{"rendered":"<p>TMV Mastverstellung f\u00fcr den Robbe Gabelstapler H50 Achtung: Der Tasterschalter geh\u00f6rt nicht mehr zum Lieferumfang. Beschreibung:Die TMV Mastverstellung ist als technisch saubere L\u00f6sung f\u00fcr das Mastkippen im Linde-H50-Gabelstapler von Robbe konzipiert.Das Kippen mittels Mikroservo &#8211; wie im Orignalbausatz umgesetzt &#8211; &hellip; <a href=\"https:\/\/toensfeldt-modellbau.de\/?page_id=6535\">Weiterlesen <span class=\"meta-nav\">&rarr;<\/span><\/a><\/p>\n","protected":false},"author":2,"featured_media":0,"parent":0,"menu_order":0,"comment_status":"closed","ping_status":"closed","template":"","meta":{"footnotes":""},"class_list":["post-6535","page","type-page","status-publish","hentry"],"_links":{"self":[{"href":"https:\/\/toensfeldt-modellbau.de\/index.php?rest_route=\/wp\/v2\/pages\/6535","targetHints":{"allow":["GET"]}}],"collection":[{"href":"https:\/\/toensfeldt-modellbau.de\/index.php?rest_route=\/wp\/v2\/pages"}],"about":[{"href":"https:\/\/toensfeldt-modellbau.de\/index.php?rest_route=\/wp\/v2\/types\/page"}],"author":[{"embeddable":true,"href":"https:\/\/toensfeldt-modellbau.de\/index.php?rest_route=\/wp\/v2\/users\/2"}],"replies":[{"embeddable":true,"href":"https:\/\/toensfeldt-modellbau.de\/index.php?rest_route=%2Fwp%2Fv2%2Fcomments&post=6535"}],"version-history":[{"count":8,"href":"https:\/\/toensfeldt-modellbau.de\/index.php?rest_route=\/wp\/v2\/pages\/6535\/revisions"}],"predecessor-version":[{"id":8122,"href":"https:\/\/toensfeldt-modellbau.de\/index.php?rest_route=\/wp\/v2\/pages\/6535\/revisions\/8122"}],"wp:attachment":[{"href":"https:\/\/toensfeldt-modellbau.de\/index.php?rest_route=%2Fwp%2Fv2%2Fmedia&parent=6535"}],"curies":[{"name":"wp","href":"https:\/\/api.w.org\/{rel}","templated":true}]}}