{"id":6559,"date":"2022-03-26T14:36:44","date_gmt":"2022-03-26T12:36:44","guid":{"rendered":"https:\/\/toensfeldt-modellbau.de\/?page_id=6559"},"modified":"2025-03-08T20:20:02","modified_gmt":"2025-03-08T18:20:02","slug":"tiefladerreifen-114","status":"publish","type":"page","link":"https:\/\/toensfeldt-modellbau.de\/?page_id=6559","title":{"rendered":"Tiefladerreifen 1:14"},"content":{"rendered":"\n<figure class=\"wp-block-image size-full\"><a href=\"http:\/\/toensfeldt-modellbau.de\/wp-content\/uploads\/2022\/03\/Keil-60-mm1.jpg\"><img loading=\"lazy\" decoding=\"async\" width=\"425\" height=\"202\" src=\"http:\/\/toensfeldt-modellbau.de\/wp-content\/uploads\/2022\/03\/Keil-60-mm1.jpg\" alt=\"\" class=\"wp-image-6548\" srcset=\"https:\/\/toensfeldt-modellbau.de\/wp-content\/uploads\/2022\/03\/Keil-60-mm1.jpg 425w, https:\/\/toensfeldt-modellbau.de\/wp-content\/uploads\/2022\/03\/Keil-60-mm1-300x143.jpg 300w\" sizes=\"auto, (max-width: 425px) 100vw, 425px\" \/><\/a><\/figure>\n\n\n\n<p>Unterlegkeil f\u00fcr Tiefladerreifen bis 59 mm \u00d8 z. B. f\u00fcr Reifen von Carson.<\/p>\n\n\n\n<figure class=\"wp-block-image size-full\"><a href=\"http:\/\/toensfeldt-modellbau.de\/wp-content\/uploads\/2022\/03\/Keil-60-mm2.jpg\"><img loading=\"lazy\" decoding=\"async\" width=\"425\" height=\"290\" src=\"http:\/\/toensfeldt-modellbau.de\/wp-content\/uploads\/2022\/03\/Keil-60-mm2.jpg\" alt=\"\" class=\"wp-image-6549\" srcset=\"https:\/\/toensfeldt-modellbau.de\/wp-content\/uploads\/2022\/03\/Keil-60-mm2.jpg 425w, https:\/\/toensfeldt-modellbau.de\/wp-content\/uploads\/2022\/03\/Keil-60-mm2-300x205.jpg 300w\" sizes=\"auto, (max-width: 425px) 100vw, 425px\" \/><\/a><\/figure>\n\n\n\n<p> Carson TU4 Tieflader Anh\u00e4nger in Oliv <\/p>\n\n\n\n<p>Art. Nr. Bestelltext:<\/p>\n\n\n\n<p><span style=\"color:#a30015\" class=\"has-inline-color\">020408<\/span>  1 Unterleg Keil Gelb 1:14 3D Reifen \u00d8 59 mm <\/p>\n\n\n\n<p>Herstellerdaten gem\u00e4s GPSR<\/p>\n\n\n\n<p>Olaf T\u00f6nsfeldt<br>T\u00f6nsfeldt Modellbau Vertrieb<br>Nobiskr\u00fcger Allee 20<br>24768 Rendsburg<\/p>\n\n\n\n<p><strong>Deutschland<\/strong><br>Tel.: 0049 (0 ) 43 31\/ 51 95<br>E-Mail an: <a href=\"mailto:tmv@toensfeldt-modellbau.de\">tmv@toensfeldt-modellbau.de<\/a><\/p>\n","protected":false},"excerpt":{"rendered":"<p>Unterlegkeil f\u00fcr Tiefladerreifen bis 59 mm \u00d8 z. B. f\u00fcr Reifen von Carson. Carson TU4 Tieflader Anh\u00e4nger in Oliv Art. Nr. Bestelltext: 020408 1 Unterleg Keil Gelb 1:14 3D Reifen \u00d8 59 mm Herstellerdaten gem\u00e4s GPSR Olaf T\u00f6nsfeldtT\u00f6nsfeldt Modellbau VertriebNobiskr\u00fcger &hellip; <a href=\"https:\/\/toensfeldt-modellbau.de\/?page_id=6559\">Weiterlesen <span class=\"meta-nav\">&rarr;<\/span><\/a><\/p>\n","protected":false},"author":2,"featured_media":0,"parent":0,"menu_order":0,"comment_status":"closed","ping_status":"closed","template":"","meta":{"footnotes":""},"class_list":["post-6559","page","type-page","status-publish","hentry"],"_links":{"self":[{"href":"https:\/\/toensfeldt-modellbau.de\/index.php?rest_route=\/wp\/v2\/pages\/6559","targetHints":{"allow":["GET"]}}],"collection":[{"href":"https:\/\/toensfeldt-modellbau.de\/index.php?rest_route=\/wp\/v2\/pages"}],"about":[{"href":"https:\/\/toensfeldt-modellbau.de\/index.php?rest_route=\/wp\/v2\/types\/page"}],"author":[{"embeddable":true,"href":"https:\/\/toensfeldt-modellbau.de\/index.php?rest_route=\/wp\/v2\/users\/2"}],"replies":[{"embeddable":true,"href":"https:\/\/toensfeldt-modellbau.de\/index.php?rest_route=%2Fwp%2Fv2%2Fcomments&post=6559"}],"version-history":[{"count":4,"href":"https:\/\/toensfeldt-modellbau.de\/index.php?rest_route=\/wp\/v2\/pages\/6559\/revisions"}],"predecessor-version":[{"id":7700,"href":"https:\/\/toensfeldt-modellbau.de\/index.php?rest_route=\/wp\/v2\/pages\/6559\/revisions\/7700"}],"wp:attachment":[{"href":"https:\/\/toensfeldt-modellbau.de\/index.php?rest_route=%2Fwp%2Fv2%2Fmedia&parent=6559"}],"curies":[{"name":"wp","href":"https:\/\/api.w.org\/{rel}","templated":true}]}}