{"id":6577,"date":"2022-03-26T15:13:48","date_gmt":"2022-03-26T13:13:48","guid":{"rendered":"https:\/\/toensfeldt-modellbau.de\/?page_id=6577"},"modified":"2025-03-08T20:15:20","modified_gmt":"2025-03-08T18:15:20","slug":"lowlinerreifen-114","status":"publish","type":"page","link":"https:\/\/toensfeldt-modellbau.de\/?page_id=6577","title":{"rendered":"Lowlinerreifen 1:14"},"content":{"rendered":"\n<p><strong><em><span style=\"color:#a30004\" class=\"has-inline-color\"> Unterleg Keil f\u00fcr einen Lowliner Reifen 1:14 <\/span><\/em><\/strong><\/p>\n\n\n\n<figure class=\"wp-block-image size-full\"><a href=\"http:\/\/toensfeldt-modellbau.de\/wp-content\/uploads\/2022\/03\/Keil-72-mm1.jpg\"><img loading=\"lazy\" decoding=\"async\" width=\"425\" height=\"169\" src=\"http:\/\/toensfeldt-modellbau.de\/wp-content\/uploads\/2022\/03\/Keil-72-mm1.jpg\" alt=\"\" class=\"wp-image-6550\" srcset=\"https:\/\/toensfeldt-modellbau.de\/wp-content\/uploads\/2022\/03\/Keil-72-mm1.jpg 425w, https:\/\/toensfeldt-modellbau.de\/wp-content\/uploads\/2022\/03\/Keil-72-mm1-300x119.jpg 300w\" sizes=\"auto, (max-width: 425px) 100vw, 425px\" \/><\/a><\/figure>\n\n\n\n<p>Art. Nr. Bestelltex:<\/p>\n\n\n\n<ul class=\"wp-block-list\">\n<li> <span style=\"color:#a30008\" class=\"has-inline-color\">020410<\/span> 1 Unterleg Keil Gelb 1:14 3D Reifen \u00d8 73 mm <\/li>\n<\/ul>\n\n\n\n<p>Herstellerdaten gem\u00e4s GPSR<\/p>\n\n\n\n<p>Olaf T\u00f6nsfeldt<br>T\u00f6nsfeldt Modellbau Vertrieb<br>Nobiskr\u00fcger Allee 20<br>24768 Rendsburg<\/p>\n\n\n\n<p><strong>Deutschland<\/strong><br>Tel.: 0049 (0 ) 43 31\/ 51 95<br>E-Mail an: <a href=\"mailto:tmv@toensfeldt-modellbau.de\">tmv@toensfeldt-modellbau.de<\/a><\/p>\n","protected":false},"excerpt":{"rendered":"<p>Unterleg Keil f\u00fcr einen Lowliner Reifen 1:14 Art. Nr. Bestelltex: Herstellerdaten gem\u00e4s GPSR Olaf T\u00f6nsfeldtT\u00f6nsfeldt Modellbau VertriebNobiskr\u00fcger Allee 2024768 Rendsburg DeutschlandTel.: 0049 (0 ) 43 31\/ 51 95E-Mail an: tmv@toensfeldt-modellbau.de<\/p>\n","protected":false},"author":2,"featured_media":0,"parent":0,"menu_order":0,"comment_status":"closed","ping_status":"closed","template":"","meta":{"footnotes":""},"class_list":["post-6577","page","type-page","status-publish","hentry"],"_links":{"self":[{"href":"https:\/\/toensfeldt-modellbau.de\/index.php?rest_route=\/wp\/v2\/pages\/6577","targetHints":{"allow":["GET"]}}],"collection":[{"href":"https:\/\/toensfeldt-modellbau.de\/index.php?rest_route=\/wp\/v2\/pages"}],"about":[{"href":"https:\/\/toensfeldt-modellbau.de\/index.php?rest_route=\/wp\/v2\/types\/page"}],"author":[{"embeddable":true,"href":"https:\/\/toensfeldt-modellbau.de\/index.php?rest_route=\/wp\/v2\/users\/2"}],"replies":[{"embeddable":true,"href":"https:\/\/toensfeldt-modellbau.de\/index.php?rest_route=%2Fwp%2Fv2%2Fcomments&post=6577"}],"version-history":[{"count":4,"href":"https:\/\/toensfeldt-modellbau.de\/index.php?rest_route=\/wp\/v2\/pages\/6577\/revisions"}],"predecessor-version":[{"id":7696,"href":"https:\/\/toensfeldt-modellbau.de\/index.php?rest_route=\/wp\/v2\/pages\/6577\/revisions\/7696"}],"wp:attachment":[{"href":"https:\/\/toensfeldt-modellbau.de\/index.php?rest_route=%2Fwp%2Fv2%2Fmedia&parent=6577"}],"curies":[{"name":"wp","href":"https:\/\/api.w.org\/{rel}","templated":true}]}}