{"id":6621,"date":"2022-04-18T09:58:17","date_gmt":"2022-04-18T07:58:17","guid":{"rendered":"https:\/\/toensfeldt-modellbau.de\/?page_id=6621"},"modified":"2025-03-09T11:35:31","modified_gmt":"2025-03-09T09:35:31","slug":"handstampfer","status":"publish","type":"page","link":"https:\/\/toensfeldt-modellbau.de\/?page_id=6621","title":{"rendered":"Handstampfer"},"content":{"rendered":"\n<figure class=\"wp-block-image size-full\"><a href=\"http:\/\/toensfeldt-modellbau.de\/wp-content\/uploads\/2022\/04\/Handstampfer-mit-Figur.jpg\"><img loading=\"lazy\" decoding=\"async\" width=\"567\" height=\"617\" src=\"http:\/\/toensfeldt-modellbau.de\/wp-content\/uploads\/2022\/04\/Handstampfer-mit-Figur.jpg\" alt=\"\" class=\"wp-image-6617\" srcset=\"https:\/\/toensfeldt-modellbau.de\/wp-content\/uploads\/2022\/04\/Handstampfer-mit-Figur.jpg 567w, https:\/\/toensfeldt-modellbau.de\/wp-content\/uploads\/2022\/04\/Handstampfer-mit-Figur-276x300.jpg 276w\" sizes=\"auto, (max-width: 567px) 100vw, 567px\" \/><\/a><\/figure>\n\n\n\n<p>Handstampfer aus Messing und Holz. Zum verdichten von Kies und Steinpflastern als Ladung und Deko f\u00fcr Baufahrzeuge. Handstampfer mit T-Griff schwarz pulverbeschichtet oder mit Holzstiel und Grundplatte schwarz pulverbeschichtet.<\/p>\n\n\n\n<figure class=\"wp-block-image size-full\"><a href=\"http:\/\/toensfeldt-modellbau.de\/wp-content\/uploads\/2022\/04\/2-Handstampfer.jpg\"><img loading=\"lazy\" decoding=\"async\" width=\"283\" height=\"527\" src=\"http:\/\/toensfeldt-modellbau.de\/wp-content\/uploads\/2022\/04\/2-Handstampfer.jpg\" alt=\"\" class=\"wp-image-6616\" srcset=\"https:\/\/toensfeldt-modellbau.de\/wp-content\/uploads\/2022\/04\/2-Handstampfer.jpg 283w, https:\/\/toensfeldt-modellbau.de\/wp-content\/uploads\/2022\/04\/2-Handstampfer-161x300.jpg 161w\" sizes=\"auto, (max-width: 283px) 100vw, 283px\" \/><\/a><\/figure>\n\n\n\n<figure class=\"wp-block-image size-full\"><a href=\"http:\/\/toensfeldt-modellbau.de\/wp-content\/uploads\/2022\/04\/Hanspapfer-T.jpg\"><img loading=\"lazy\" decoding=\"async\" width=\"283\" height=\"434\" src=\"http:\/\/toensfeldt-modellbau.de\/wp-content\/uploads\/2022\/04\/Hanspapfer-T.jpg\" alt=\"\" class=\"wp-image-6619\" srcset=\"https:\/\/toensfeldt-modellbau.de\/wp-content\/uploads\/2022\/04\/Hanspapfer-T.jpg 283w, https:\/\/toensfeldt-modellbau.de\/wp-content\/uploads\/2022\/04\/Hanspapfer-T-196x300.jpg 196w\" sizes=\"auto, (max-width: 283px) 100vw, 283px\" \/><\/a><\/figure>\n\n\n\n<figure class=\"wp-block-image size-full\"><a href=\"http:\/\/toensfeldt-modellbau.de\/wp-content\/uploads\/2022\/04\/Hanspapfer-Glatt.jpg\"><img loading=\"lazy\" decoding=\"async\" width=\"174\" height=\"567\" src=\"http:\/\/toensfeldt-modellbau.de\/wp-content\/uploads\/2022\/04\/Hanspapfer-Glatt.jpg\" alt=\"\" class=\"wp-image-6618\" srcset=\"https:\/\/toensfeldt-modellbau.de\/wp-content\/uploads\/2022\/04\/Hanspapfer-Glatt.jpg 174w, https:\/\/toensfeldt-modellbau.de\/wp-content\/uploads\/2022\/04\/Hanspapfer-Glatt-92x300.jpg 92w\" sizes=\"auto, (max-width: 174px) 100vw, 174px\" \/><\/a><\/figure>\n\n\n\n<p>Ma\u00dfe Handstampfer T-Griff:<\/p>\n\n\n\n<ul class=\"wp-block-list\">\n<li>H\u00f6he: 5,7 cm<\/li>\n\n\n\n<li>Breite: T-Griff 2,0 cm<\/li>\n\n\n\n<li>Grundplatte: 13 x13 mm<\/li>\n<\/ul>\n\n\n\n<p>Ma\u00dfe Handstampfer Holzstiel:<\/p>\n\n\n\n<ul class=\"wp-block-list\">\n<li>H\u00f6he: 9,8 cm<\/li>\n\n\n\n<li>Breite \u00d8: Holzstiel 2,0 mm<\/li>\n\n\n\n<li>Grundplatte: 13 x13 mm<\/li>\n<\/ul>\n\n\n\n<p>Art. Nr. Bestell Text:<\/p>\n\n\n\n<ul class=\"wp-block-list\">\n<li><span style=\"color:#a30003\" class=\"has-inline-color\">040295<\/span> TMV Handstampfer T-Griff<\/li>\n\n\n\n<li><span style=\"color:#a30004\" class=\"has-inline-color\">040<\/span><span style=\"color:#a30003\" class=\"has-inline-color\">296<\/span> TMV Handstampfer Holzstiel<\/li>\n<\/ul>\n\n\n\n<p>Herstellerdaten gem\u00e4s GPSR<\/p>\n\n\n\n<p>Olaf T\u00f6nsfeldt<br>T\u00f6nsfeldt Modellbau Vertrieb<br>Nobiskr\u00fcger Allee 20<br>24768 Rendsburg<\/p>\n\n\n\n<p><strong>Deutschland<\/strong><br>Tel.: 0049 (0 ) 43 31\/ 51 95<br>E-Mail an: <a href=\"mailto:tmv@toensfeldt-modellbau.de\">tmv@toensfeldt-modellbau.de<\/a><\/p>\n","protected":false},"excerpt":{"rendered":"<p>Handstampfer aus Messing und Holz. Zum verdichten von Kies und Steinpflastern als Ladung und Deko f\u00fcr Baufahrzeuge. Handstampfer mit T-Griff schwarz pulverbeschichtet oder mit Holzstiel und Grundplatte schwarz pulverbeschichtet. Ma\u00dfe Handstampfer T-Griff: Ma\u00dfe Handstampfer Holzstiel: Art. Nr. Bestell Text: Herstellerdaten &hellip; <a href=\"https:\/\/toensfeldt-modellbau.de\/?page_id=6621\">Weiterlesen <span class=\"meta-nav\">&rarr;<\/span><\/a><\/p>\n","protected":false},"author":2,"featured_media":0,"parent":0,"menu_order":0,"comment_status":"closed","ping_status":"closed","template":"","meta":{"footnotes":""},"class_list":["post-6621","page","type-page","status-publish","hentry"],"_links":{"self":[{"href":"https:\/\/toensfeldt-modellbau.de\/index.php?rest_route=\/wp\/v2\/pages\/6621","targetHints":{"allow":["GET"]}}],"collection":[{"href":"https:\/\/toensfeldt-modellbau.de\/index.php?rest_route=\/wp\/v2\/pages"}],"about":[{"href":"https:\/\/toensfeldt-modellbau.de\/index.php?rest_route=\/wp\/v2\/types\/page"}],"author":[{"embeddable":true,"href":"https:\/\/toensfeldt-modellbau.de\/index.php?rest_route=\/wp\/v2\/users\/2"}],"replies":[{"embeddable":true,"href":"https:\/\/toensfeldt-modellbau.de\/index.php?rest_route=%2Fwp%2Fv2%2Fcomments&post=6621"}],"version-history":[{"count":4,"href":"https:\/\/toensfeldt-modellbau.de\/index.php?rest_route=\/wp\/v2\/pages\/6621\/revisions"}],"predecessor-version":[{"id":7713,"href":"https:\/\/toensfeldt-modellbau.de\/index.php?rest_route=\/wp\/v2\/pages\/6621\/revisions\/7713"}],"wp:attachment":[{"href":"https:\/\/toensfeldt-modellbau.de\/index.php?rest_route=%2Fwp%2Fv2%2Fmedia&parent=6621"}],"curies":[{"name":"wp","href":"https:\/\/api.w.org\/{rel}","templated":true}]}}