{"id":6623,"date":"2022-04-18T09:58:44","date_gmt":"2022-04-18T07:58:44","guid":{"rendered":"https:\/\/toensfeldt-modellbau.de\/?page_id=6623"},"modified":"2025-03-09T11:38:01","modified_gmt":"2025-03-09T09:38:01","slug":"kalkspaten","status":"publish","type":"page","link":"https:\/\/toensfeldt-modellbau.de\/?page_id=6623","title":{"rendered":"Kalkspaten"},"content":{"rendered":"\n<figure class=\"wp-block-image size-full\"><a href=\"http:\/\/toensfeldt-modellbau.de\/wp-content\/uploads\/2022\/04\/Kalkspaten-Buett.jpg\"><img loading=\"lazy\" decoding=\"async\" width=\"567\" height=\"653\" src=\"http:\/\/toensfeldt-modellbau.de\/wp-content\/uploads\/2022\/04\/Kalkspaten-Buett.jpg\" alt=\"\" class=\"wp-image-6615\" srcset=\"https:\/\/toensfeldt-modellbau.de\/wp-content\/uploads\/2022\/04\/Kalkspaten-Buett.jpg 567w, https:\/\/toensfeldt-modellbau.de\/wp-content\/uploads\/2022\/04\/Kalkspaten-Buett-260x300.jpg 260w\" sizes=\"auto, (max-width: 567px) 100vw, 567px\" \/><\/a><\/figure>\n\n\n\n<p>Kalkspaten zum anmischen von M\u00f6rtel in der B\u00fctt. Aus Messing gefertigt mit und ohne Loch so wie mit Glatten Schaufelstiel oder mit T-Griff schwarz pulverbeschichtet.<\/p>\n\n\n\n<figure class=\"wp-block-image size-full\"><a href=\"http:\/\/toensfeldt-modellbau.de\/wp-content\/uploads\/2022\/04\/4-Kalkspaten.jpg\"><img loading=\"lazy\" decoding=\"async\" width=\"425\" height=\"525\" src=\"http:\/\/toensfeldt-modellbau.de\/wp-content\/uploads\/2022\/04\/4-Kalkspaten.jpg\" alt=\"\" class=\"wp-image-6614\" srcset=\"https:\/\/toensfeldt-modellbau.de\/wp-content\/uploads\/2022\/04\/4-Kalkspaten.jpg 425w, https:\/\/toensfeldt-modellbau.de\/wp-content\/uploads\/2022\/04\/4-Kalkspaten-243x300.jpg 243w\" sizes=\"auto, (max-width: 425px) 100vw, 425px\" \/><\/a><\/figure>\n\n\n\n<figure class=\"wp-block-image size-full\"><a href=\"http:\/\/toensfeldt-modellbau.de\/wp-content\/uploads\/2022\/04\/2-Kalkspaten-T.jpg\"><img loading=\"lazy\" decoding=\"async\" width=\"283\" height=\"727\" src=\"http:\/\/toensfeldt-modellbau.de\/wp-content\/uploads\/2022\/04\/2-Kalkspaten-T.jpg\" alt=\"\" class=\"wp-image-6613\" srcset=\"https:\/\/toensfeldt-modellbau.de\/wp-content\/uploads\/2022\/04\/2-Kalkspaten-T.jpg 283w, https:\/\/toensfeldt-modellbau.de\/wp-content\/uploads\/2022\/04\/2-Kalkspaten-T-117x300.jpg 117w\" sizes=\"auto, (max-width: 283px) 100vw, 283px\" \/><\/a><\/figure>\n\n\n\n<figure class=\"wp-block-image size-full\"><a href=\"http:\/\/toensfeldt-modellbau.de\/wp-content\/uploads\/2022\/04\/2-Kalkspaten-Glatt.jpg\"><img loading=\"lazy\" decoding=\"async\" width=\"283\" height=\"677\" src=\"http:\/\/toensfeldt-modellbau.de\/wp-content\/uploads\/2022\/04\/2-Kalkspaten-Glatt.jpg\" alt=\"\" class=\"wp-image-6612\" srcset=\"https:\/\/toensfeldt-modellbau.de\/wp-content\/uploads\/2022\/04\/2-Kalkspaten-Glatt.jpg 283w, https:\/\/toensfeldt-modellbau.de\/wp-content\/uploads\/2022\/04\/2-Kalkspaten-Glatt-125x300.jpg 125w\" sizes=\"auto, (max-width: 283px) 100vw, 283px\" \/><\/a><\/figure>\n\n\n\n<p>Ma\u00dfe Kalkspaten T-Griff &amp; Stiel Glatt:<\/p>\n\n\n\n<ul class=\"wp-block-list\">\n<li>H\u00f6he: 9,4 cm<\/li>\n\n\n\n<li>Breite: T-Griff 9 mm<\/li>\n\n\n\n<li>Breite Spatenblatt: 11,5 mm<\/li>\n\n\n\n<li>H\u00f6he Spatenblatt: 14,5 mm<\/li>\n\n\n\n<li>Loch \u00d8: 4,0 mm<\/li>\n<\/ul>\n\n\n\n<p>Art. Nr. Bestell Text:<\/p>\n\n\n\n<ul class=\"wp-block-list\">\n<li><span style=\"color:#a30008\" class=\"has-inline-color\">040297<\/span> TMV Kalkspaten Glatt m. &amp; o. Loch<\/li>\n\n\n\n<li><span style=\"color:#a30004\" class=\"has-inline-color\">040298<\/span> TMV TMV Kalkspaten T-Griff m. &amp; o. Loch<\/li>\n<\/ul>\n\n\n\n<p>Herstellerdaten gem\u00e4s GPSR<\/p>\n\n\n\n<p>Olaf T\u00f6nsfeldt<br>T\u00f6nsfeldt Modellbau Vertrieb<br>Nobiskr\u00fcger Allee 20<br>24768 Rendsburg<\/p>\n\n\n\n<p><strong>Deutschland<\/strong><br>Tel.: 0049 (0 ) 43 31\/ 51 95<br>E-Mail an: <a href=\"mailto:tmv@toensfeldt-modellbau.de\">tmv@toensfeldt-modellbau.de<\/a><\/p>\n","protected":false},"excerpt":{"rendered":"<p>Kalkspaten zum anmischen von M\u00f6rtel in der B\u00fctt. Aus Messing gefertigt mit und ohne Loch so wie mit Glatten Schaufelstiel oder mit T-Griff schwarz pulverbeschichtet. Ma\u00dfe Kalkspaten T-Griff &amp; Stiel Glatt: Art. Nr. Bestell Text: Herstellerdaten gem\u00e4s GPSR Olaf T\u00f6nsfeldtT\u00f6nsfeldt &hellip; <a href=\"https:\/\/toensfeldt-modellbau.de\/?page_id=6623\">Weiterlesen <span class=\"meta-nav\">&rarr;<\/span><\/a><\/p>\n","protected":false},"author":2,"featured_media":0,"parent":0,"menu_order":0,"comment_status":"closed","ping_status":"closed","template":"","meta":{"footnotes":""},"class_list":["post-6623","page","type-page","status-publish","hentry"],"_links":{"self":[{"href":"https:\/\/toensfeldt-modellbau.de\/index.php?rest_route=\/wp\/v2\/pages\/6623","targetHints":{"allow":["GET"]}}],"collection":[{"href":"https:\/\/toensfeldt-modellbau.de\/index.php?rest_route=\/wp\/v2\/pages"}],"about":[{"href":"https:\/\/toensfeldt-modellbau.de\/index.php?rest_route=\/wp\/v2\/types\/page"}],"author":[{"embeddable":true,"href":"https:\/\/toensfeldt-modellbau.de\/index.php?rest_route=\/wp\/v2\/users\/2"}],"replies":[{"embeddable":true,"href":"https:\/\/toensfeldt-modellbau.de\/index.php?rest_route=%2Fwp%2Fv2%2Fcomments&post=6623"}],"version-history":[{"count":4,"href":"https:\/\/toensfeldt-modellbau.de\/index.php?rest_route=\/wp\/v2\/pages\/6623\/revisions"}],"predecessor-version":[{"id":7716,"href":"https:\/\/toensfeldt-modellbau.de\/index.php?rest_route=\/wp\/v2\/pages\/6623\/revisions\/7716"}],"wp:attachment":[{"href":"https:\/\/toensfeldt-modellbau.de\/index.php?rest_route=%2Fwp%2Fv2%2Fmedia&parent=6623"}],"curies":[{"name":"wp","href":"https:\/\/api.w.org\/{rel}","templated":true}]}}