{"id":6647,"date":"2022-04-24T11:30:24","date_gmt":"2022-04-24T09:30:24","guid":{"rendered":"https:\/\/toensfeldt-modellbau.de\/?page_id=6647"},"modified":"2026-04-08T17:15:29","modified_gmt":"2026-04-08T15:15:29","slug":"schnaekenraeder","status":"publish","type":"page","link":"https:\/\/toensfeldt-modellbau.de\/?page_id=6647","title":{"rendered":"GS H50 Schneckenr\u00e4der"},"content":{"rendered":"\n<p><strong><em><span style=\"color:#a3000d\" class=\"has-inline-color\">Ersatzteile 2 Schneckenr\u00e4der f\u00fcr Robbe Gabelstapler Linde H50<\/span><\/em><\/strong><\/p>\n\n\n\n<figure class=\"wp-block-image size-full\"><a href=\"http:\/\/toensfeldt-modellbau.de\/wp-content\/uploads\/2022\/04\/2-Schnaekenraeder-H50-2-Int.jpg\"><img loading=\"lazy\" decoding=\"async\" width=\"425\" height=\"455\" src=\"http:\/\/toensfeldt-modellbau.de\/wp-content\/uploads\/2022\/04\/2-Schnaekenraeder-H50-2-Int.jpg\" alt=\"\" class=\"wp-image-6658\" srcset=\"https:\/\/toensfeldt-modellbau.de\/wp-content\/uploads\/2022\/04\/2-Schnaekenraeder-H50-2-Int.jpg 425w, https:\/\/toensfeldt-modellbau.de\/wp-content\/uploads\/2022\/04\/2-Schnaekenraeder-H50-2-Int-280x300.jpg 280w\" sizes=\"auto, (max-width: 425px) 100vw, 425px\" \/><\/a><\/figure>\n\n\n\n<p>2 TMV Schneckenr\u00e4der f\u00fcr den Robbe Gabelstapler H50 zum Austausch. Teile Nr. 10.6 aus der Bauanleitung Schritt 10 Seite 22. Aus Messing gedreht.<\/p>\n\n\n\n<figure class=\"wp-block-image size-full\"><a href=\"http:\/\/toensfeldt-modellbau.de\/wp-content\/uploads\/2022\/04\/2-Schnaekenraeder-H50-3-Int.jpg\"><img loading=\"lazy\" decoding=\"async\" width=\"283\" height=\"158\" src=\"http:\/\/toensfeldt-modellbau.de\/wp-content\/uploads\/2022\/04\/2-Schnaekenraeder-H50-3-Int.jpg\" alt=\"\" class=\"wp-image-6664\"\/><\/a><\/figure>\n\n\n\n<p>Art.Nr. Bestelltext:<\/p>\n\n\n\n<ul class=\"wp-block-list\">\n<li><span style=\"color:#a30004\" class=\"has-inline-color\">020533<\/span> 2 TMV Schneckenr\u00e4der<\/li>\n<\/ul>\n\n\n\n<p>Herstellerdaten gem\u00e4s GPSR<\/p>\n\n\n\n<p>Olaf T\u00f6nsfeldt<br>T\u00f6nsfeldt Modellbau Vertrieb<br>Nobiskr\u00fcger Allee 20<br>24768 Rendsburg<\/p>\n\n\n\n<p><strong>Deutschland<\/strong><br>Tel.: 0049 (0 ) 43 31\/ 51 95<br>E-Mail an: <a href=\"mailto:tmv@toensfeldt-modellbau.de\">tmv@toensfeldt-modellbau.de<\/a><\/p>\n\n\n\n<p><strong><em><span style=\"color:#a30003\" class=\"has-inline-color\">Mit freutlicher Genehmigung der Firma Modellbau Lindinger \u00d6sterreich.<\/span><\/em><\/strong><\/p>\n\n\n\n<p><span class=\"has-inline-color has-blue-color\">Die namentliche Nennung von Herstellern und Produkten erfolgt nur zum Zweck der eindeutigen Bezeichnung der Artikel der einzelnen Hersteller. Einige der auf dieser Internetseite genannten Produktnamen sind eingetragene Warenzeichen bzw. unterliegen dem Copyright der jeweiligen Eigent\u00fcmer.<\/span><\/p>\n","protected":false},"excerpt":{"rendered":"<p>Ersatzteile 2 Schneckenr\u00e4der f\u00fcr Robbe Gabelstapler Linde H50 2 TMV Schneckenr\u00e4der f\u00fcr den Robbe Gabelstapler H50 zum Austausch. Teile Nr. 10.6 aus der Bauanleitung Schritt 10 Seite 22. Aus Messing gedreht. Art.Nr. Bestelltext: Herstellerdaten gem\u00e4s GPSR Olaf T\u00f6nsfeldtT\u00f6nsfeldt Modellbau VertriebNobiskr\u00fcger &hellip; <a href=\"https:\/\/toensfeldt-modellbau.de\/?page_id=6647\">Weiterlesen <span class=\"meta-nav\">&rarr;<\/span><\/a><\/p>\n","protected":false},"author":2,"featured_media":0,"parent":0,"menu_order":0,"comment_status":"closed","ping_status":"closed","template":"","meta":{"footnotes":""},"class_list":["post-6647","page","type-page","status-publish","hentry"],"_links":{"self":[{"href":"https:\/\/toensfeldt-modellbau.de\/index.php?rest_route=\/wp\/v2\/pages\/6647","targetHints":{"allow":["GET"]}}],"collection":[{"href":"https:\/\/toensfeldt-modellbau.de\/index.php?rest_route=\/wp\/v2\/pages"}],"about":[{"href":"https:\/\/toensfeldt-modellbau.de\/index.php?rest_route=\/wp\/v2\/types\/page"}],"author":[{"embeddable":true,"href":"https:\/\/toensfeldt-modellbau.de\/index.php?rest_route=\/wp\/v2\/users\/2"}],"replies":[{"embeddable":true,"href":"https:\/\/toensfeldt-modellbau.de\/index.php?rest_route=%2Fwp%2Fv2%2Fcomments&post=6647"}],"version-history":[{"count":13,"href":"https:\/\/toensfeldt-modellbau.de\/index.php?rest_route=\/wp\/v2\/pages\/6647\/revisions"}],"predecessor-version":[{"id":8136,"href":"https:\/\/toensfeldt-modellbau.de\/index.php?rest_route=\/wp\/v2\/pages\/6647\/revisions\/8136"}],"wp:attachment":[{"href":"https:\/\/toensfeldt-modellbau.de\/index.php?rest_route=%2Fwp%2Fv2%2Fmedia&parent=6647"}],"curies":[{"name":"wp","href":"https:\/\/api.w.org\/{rel}","templated":true}]}}