{"id":6651,"date":"2022-04-24T11:38:02","date_gmt":"2022-04-24T09:38:02","guid":{"rendered":"https:\/\/toensfeldt-modellbau.de\/?page_id=6651"},"modified":"2026-04-08T14:57:14","modified_gmt":"2026-04-08T12:57:14","slug":"gewindestange","status":"publish","type":"page","link":"https:\/\/toensfeldt-modellbau.de\/?page_id=6651","title":{"rendered":"GS H50 Gewindestange"},"content":{"rendered":"\n<p><strong><em><mark style=\"background-color:rgba(0, 0, 0, 0);color:#a30003\" class=\"has-inline-color\">TMV 2 Gewindestangen f\u00fcr Gabelstapler H50<\/mark><\/em><\/strong><\/p>\n\n\n\n<figure class=\"wp-block-image size-full is-resized\"><a href=\"http:\/\/toensfeldt-modellbau.de\/wp-content\/uploads\/2022\/06\/Gewindestangen-H50.jpg\"><img loading=\"lazy\" decoding=\"async\" width=\"425\" height=\"242\" src=\"http:\/\/toensfeldt-modellbau.de\/wp-content\/uploads\/2022\/06\/Gewindestangen-H50.jpg\" alt=\"\" class=\"wp-image-6787\" style=\"width:670px;height:auto\" srcset=\"https:\/\/toensfeldt-modellbau.de\/wp-content\/uploads\/2022\/06\/Gewindestangen-H50.jpg 425w, https:\/\/toensfeldt-modellbau.de\/wp-content\/uploads\/2022\/06\/Gewindestangen-H50-300x171.jpg 300w\" sizes=\"auto, (max-width: 425px) 100vw, 425px\" \/><\/a><\/figure>\n\n\n\n<p>TMV 2 Gewindestangen f\u00fcr den Gabelstapler H50, Robbe Teile Nr. 10.5. Aus der Bauanleitung Schritt 10 Seite 22. Aus Stahl gedreht geh\u00e4rtet und beschichtet in schwarz gegen Rost.<\/p>\n\n\n\n<figure class=\"wp-block-image size-full is-resized\"><a href=\"http:\/\/toensfeldt-modellbau.de\/wp-content\/uploads\/2022\/06\/2TMV-Gewindestangen.jpg\"><img loading=\"lazy\" decoding=\"async\" width=\"283\" height=\"314\" src=\"http:\/\/toensfeldt-modellbau.de\/wp-content\/uploads\/2022\/06\/2TMV-Gewindestangen.jpg\" alt=\"\" class=\"wp-image-6786\" style=\"aspect-ratio:0.9012644309879928;width:462px;height:auto\" srcset=\"https:\/\/toensfeldt-modellbau.de\/wp-content\/uploads\/2022\/06\/2TMV-Gewindestangen.jpg 283w, https:\/\/toensfeldt-modellbau.de\/wp-content\/uploads\/2022\/06\/2TMV-Gewindestangen-270x300.jpg 270w\" sizes=\"auto, (max-width: 283px) 100vw, 283px\" \/><\/a><\/figure>\n\n\n\n<p>Feddern f\u00fcr Gewindestangen<\/p>\n\n\n\n<figure class=\"wp-block-image size-full is-resized\"><a href=\"http:\/\/toensfeldt-modellbau.de\/wp-content\/uploads\/2026\/04\/TMV-020538.jpg\"><img loading=\"lazy\" decoding=\"async\" width=\"425\" height=\"399\" src=\"http:\/\/toensfeldt-modellbau.de\/wp-content\/uploads\/2026\/04\/TMV-020538.jpg\" alt=\"\" class=\"wp-image-8107\" style=\"aspect-ratio:1.0651546132865455;width:670px;height:auto\" srcset=\"https:\/\/toensfeldt-modellbau.de\/wp-content\/uploads\/2026\/04\/TMV-020538.jpg 425w, https:\/\/toensfeldt-modellbau.de\/wp-content\/uploads\/2026\/04\/TMV-020538-300x282.jpg 300w\" sizes=\"auto, (max-width: 425px) 100vw, 425px\" \/><\/a><\/figure>\n\n\n\n<figure class=\"wp-block-image size-full is-resized\"><a href=\"http:\/\/toensfeldt-modellbau.de\/wp-content\/uploads\/2026\/04\/2-Federn-2.jpg\"><img loading=\"lazy\" decoding=\"async\" width=\"425\" height=\"296\" src=\"http:\/\/toensfeldt-modellbau.de\/wp-content\/uploads\/2026\/04\/2-Federn-2.jpg\" alt=\"\" class=\"wp-image-8110\" style=\"width:670px;height:auto\" srcset=\"https:\/\/toensfeldt-modellbau.de\/wp-content\/uploads\/2026\/04\/2-Federn-2.jpg 425w, https:\/\/toensfeldt-modellbau.de\/wp-content\/uploads\/2026\/04\/2-Federn-2-300x209.jpg 300w\" sizes=\"auto, (max-width: 425px) 100vw, 425px\" \/><\/a><\/figure>\n\n\n\n<p>Ferdern f\u00fcr Gewindestange Bauteil 10.3.<\/p>\n\n\n\n<p>Art.Nr. Bestelltext:<\/p>\n\n\n\n<ul class=\"wp-block-list\">\n<li>020534 2 TMV Gewindestangen f\u00fcr GS H50<\/li>\n\n\n\n<li>020538 2 TMV Druckfedern f\u00fcr Gewindenstangen H50<\/li>\n<\/ul>\n\n\n\n<p>Herstellerdaten gem\u00e4s GPSR<\/p>\n\n\n\n<p>Olaf T\u00f6nsfeldt<br>T\u00f6nsfeldt Modellbau Vertrieb<br>Nobiskr\u00fcger Allee 20<br>24768 Rendsburg<\/p>\n\n\n\n<p><strong>Deutschland<\/strong><br>Tel.: 0049 (0 ) 43 31\/ 51 95<br>E-Mail an: <a href=\"mailto:tmv@toensfeldt-modellbau.de\">tmv@toensfeldt-modellbau.de<\/a><\/p>\n\n\n\n<p><strong><em><span style=\"color:#a30003\" class=\"has-inline-color\">Mit freutlicher Genehmigung der Firma Modellbau Lindinger \u00d6sterreich.<\/span><\/em><\/strong><\/p>\n\n\n\n<p><mark style=\"background-color:rgba(0, 0, 0, 0)\" class=\"has-inline-color has-blue-color\">Die namentliche Nennung von Herstellern und Produkten erfolgt nur zum Zweck der eindeutigen Bezeichnung der Artikel der einzelnen Hersteller. Einige der auf dieser Internetseite genannten Produktnamen sind eingetragene Warenzeichen bzw. unterliegen dem Copyright der jeweiligen Eigent\u00fcmer.<\/mark><\/p>\n","protected":false},"excerpt":{"rendered":"<p>TMV 2 Gewindestangen f\u00fcr Gabelstapler H50 TMV 2 Gewindestangen f\u00fcr den Gabelstapler H50, Robbe Teile Nr. 10.5. Aus der Bauanleitung Schritt 10 Seite 22. Aus Stahl gedreht geh\u00e4rtet und beschichtet in schwarz gegen Rost. Feddern f\u00fcr Gewindestangen Ferdern f\u00fcr Gewindestange &hellip; <a href=\"https:\/\/toensfeldt-modellbau.de\/?page_id=6651\">Weiterlesen <span class=\"meta-nav\">&rarr;<\/span><\/a><\/p>\n","protected":false},"author":2,"featured_media":0,"parent":0,"menu_order":0,"comment_status":"closed","ping_status":"closed","template":"","meta":{"footnotes":""},"class_list":["post-6651","page","type-page","status-publish","hentry"],"_links":{"self":[{"href":"https:\/\/toensfeldt-modellbau.de\/index.php?rest_route=\/wp\/v2\/pages\/6651","targetHints":{"allow":["GET"]}}],"collection":[{"href":"https:\/\/toensfeldt-modellbau.de\/index.php?rest_route=\/wp\/v2\/pages"}],"about":[{"href":"https:\/\/toensfeldt-modellbau.de\/index.php?rest_route=\/wp\/v2\/types\/page"}],"author":[{"embeddable":true,"href":"https:\/\/toensfeldt-modellbau.de\/index.php?rest_route=\/wp\/v2\/users\/2"}],"replies":[{"embeddable":true,"href":"https:\/\/toensfeldt-modellbau.de\/index.php?rest_route=%2Fwp%2Fv2%2Fcomments&post=6651"}],"version-history":[{"count":9,"href":"https:\/\/toensfeldt-modellbau.de\/index.php?rest_route=\/wp\/v2\/pages\/6651\/revisions"}],"predecessor-version":[{"id":8111,"href":"https:\/\/toensfeldt-modellbau.de\/index.php?rest_route=\/wp\/v2\/pages\/6651\/revisions\/8111"}],"wp:attachment":[{"href":"https:\/\/toensfeldt-modellbau.de\/index.php?rest_route=%2Fwp%2Fv2%2Fmedia&parent=6651"}],"curies":[{"name":"wp","href":"https:\/\/api.w.org\/{rel}","templated":true}]}}