{"id":6743,"date":"2022-05-21T15:38:03","date_gmt":"2022-05-21T13:38:03","guid":{"rendered":"https:\/\/toensfeldt-modellbau.de\/?page_id=6743"},"modified":"2024-12-07T17:49:17","modified_gmt":"2024-12-07T15:49:17","slug":"alu-kiste","status":"publish","type":"page","link":"https:\/\/toensfeldt-modellbau.de\/?page_id=6743","title":{"rendered":"Alu-Kiste"},"content":{"rendered":"\n<p><strong><em>TMV Alu-Kiste aus dem 3d-Drucker mit Messingbeschl\u00e4gen<\/em><\/strong> <strong><em>!<\/em><\/strong><\/p>\n\n\n\n<figure class=\"wp-block-image size-full\"><a href=\"http:\/\/toensfeldt-modellbau.de\/wp-content\/uploads\/2022\/05\/Alu-Kiste-5-Fach.jpg\"><img loading=\"lazy\" decoding=\"async\" width=\"624\" height=\"303\" src=\"http:\/\/toensfeldt-modellbau.de\/wp-content\/uploads\/2022\/05\/Alu-Kiste-5-Fach.jpg\" alt=\"\" class=\"wp-image-6736\" srcset=\"https:\/\/toensfeldt-modellbau.de\/wp-content\/uploads\/2022\/05\/Alu-Kiste-5-Fach.jpg 624w, https:\/\/toensfeldt-modellbau.de\/wp-content\/uploads\/2022\/05\/Alu-Kiste-5-Fach-300x146.jpg 300w\" sizes=\"auto, (max-width: 624px) 100vw, 624px\" \/><\/a><\/figure>\n\n\n\n<p>TMV Alu-Kiste und Deckel aus dem 3d-Drucker mit Zylinderstifte aus VA als Schnierstift. Die Alu-Kiste gibt es in den Farben Alu-Grau, Schwarz, Oliv und in vorbereitung THW Blau. Die Beschl\u00e4ge sind aus Messing Feinguss sie gibt es in Messing Natur, Schwarz Br\u00fcniert oder in Verzinkt. Die TMV Alu-Kisten k\u00f6nnen selbst in Farbe und Beschl\u00e4gen zusammen gestellt werden.<\/p>\n\n\n\n<p>Herstellerdaten gem\u00e4s GPSR<\/p>\n\n\n\n<p>Olaf T\u00f6nsfeldt<br>T\u00f6nsfeldt Modellbau Vertrieb<br>Nobiskr\u00fcger Allee 20<br>24768 Rendsburg<br>Tel.: 0049 (0 ) 43 31\/ 51 95<br>E-Mail an: tmv@toensfeldt-modellbau.de<\/p>\n","protected":false},"excerpt":{"rendered":"<p>TMV Alu-Kiste aus dem 3d-Drucker mit Messingbeschl\u00e4gen ! TMV Alu-Kiste und Deckel aus dem 3d-Drucker mit Zylinderstifte aus VA als Schnierstift. Die Alu-Kiste gibt es in den Farben Alu-Grau, Schwarz, Oliv und in vorbereitung THW Blau. Die Beschl\u00e4ge sind aus &hellip; <a href=\"https:\/\/toensfeldt-modellbau.de\/?page_id=6743\">Weiterlesen <span class=\"meta-nav\">&rarr;<\/span><\/a><\/p>\n","protected":false},"author":2,"featured_media":0,"parent":0,"menu_order":0,"comment_status":"closed","ping_status":"closed","template":"","meta":{"footnotes":""},"class_list":["post-6743","page","type-page","status-publish","hentry"],"_links":{"self":[{"href":"https:\/\/toensfeldt-modellbau.de\/index.php?rest_route=\/wp\/v2\/pages\/6743","targetHints":{"allow":["GET"]}}],"collection":[{"href":"https:\/\/toensfeldt-modellbau.de\/index.php?rest_route=\/wp\/v2\/pages"}],"about":[{"href":"https:\/\/toensfeldt-modellbau.de\/index.php?rest_route=\/wp\/v2\/types\/page"}],"author":[{"embeddable":true,"href":"https:\/\/toensfeldt-modellbau.de\/index.php?rest_route=\/wp\/v2\/users\/2"}],"replies":[{"embeddable":true,"href":"https:\/\/toensfeldt-modellbau.de\/index.php?rest_route=%2Fwp%2Fv2%2Fcomments&post=6743"}],"version-history":[{"count":3,"href":"https:\/\/toensfeldt-modellbau.de\/index.php?rest_route=\/wp\/v2\/pages\/6743\/revisions"}],"predecessor-version":[{"id":7459,"href":"https:\/\/toensfeldt-modellbau.de\/index.php?rest_route=\/wp\/v2\/pages\/6743\/revisions\/7459"}],"wp:attachment":[{"href":"https:\/\/toensfeldt-modellbau.de\/index.php?rest_route=%2Fwp%2Fv2%2Fmedia&parent=6743"}],"curies":[{"name":"wp","href":"https:\/\/api.w.org\/{rel}","templated":true}]}}