{"id":6747,"date":"2022-05-21T16:13:17","date_gmt":"2022-05-21T14:13:17","guid":{"rendered":"https:\/\/toensfeldt-modellbau.de\/?page_id=6747"},"modified":"2024-12-07T17:49:51","modified_gmt":"2024-12-07T15:49:51","slug":"alu-kiste-grau","status":"publish","type":"page","link":"https:\/\/toensfeldt-modellbau.de\/?page_id=6747","title":{"rendered":"Alu-Kiste Grau"},"content":{"rendered":"\n<figure class=\"wp-block-image size-full\"><a href=\"http:\/\/toensfeldt-modellbau.de\/wp-content\/uploads\/2022\/06\/3-Alu-Kisten-Grau.jpg\"><img loading=\"lazy\" decoding=\"async\" width=\"567\" height=\"284\" src=\"http:\/\/toensfeldt-modellbau.de\/wp-content\/uploads\/2022\/06\/3-Alu-Kisten-Grau.jpg\" alt=\"\" class=\"wp-image-6795\" srcset=\"https:\/\/toensfeldt-modellbau.de\/wp-content\/uploads\/2022\/06\/3-Alu-Kisten-Grau.jpg 567w, https:\/\/toensfeldt-modellbau.de\/wp-content\/uploads\/2022\/06\/3-Alu-Kisten-Grau-300x150.jpg 300w\" sizes=\"auto, (max-width: 567px) 100vw, 567px\" \/><\/a><\/figure>\n\n\n\n<p>Die TMV Alu-Kiste in Grau aus dem 3d-Drucker<\/p>\n\n\n\n<figure class=\"wp-block-image size-full\"><a href=\"http:\/\/toensfeldt-modellbau.de\/wp-content\/uploads\/2022\/06\/Alu-Kiste-Grau-Verzinkt1.jpg\"><img loading=\"lazy\" decoding=\"async\" width=\"425\" height=\"295\" src=\"http:\/\/toensfeldt-modellbau.de\/wp-content\/uploads\/2022\/06\/Alu-Kiste-Grau-Verzinkt1.jpg\" alt=\"\" class=\"wp-image-6796\" srcset=\"https:\/\/toensfeldt-modellbau.de\/wp-content\/uploads\/2022\/06\/Alu-Kiste-Grau-Verzinkt1.jpg 425w, https:\/\/toensfeldt-modellbau.de\/wp-content\/uploads\/2022\/06\/Alu-Kiste-Grau-Verzinkt1-300x208.jpg 300w\" sizes=\"auto, (max-width: 425px) 100vw, 425px\" \/><\/a><\/figure>\n\n\n\n<p>Beschlagsatz Verzinkt<\/p>\n\n\n\n<figure class=\"wp-block-image size-full\"><a href=\"http:\/\/toensfeldt-modellbau.de\/wp-content\/uploads\/2022\/05\/Alu-Kiste-Grau-Messing1.jpg\"><img loading=\"lazy\" decoding=\"async\" width=\"425\" height=\"310\" src=\"http:\/\/toensfeldt-modellbau.de\/wp-content\/uploads\/2022\/05\/Alu-Kiste-Grau-Messing1.jpg\" alt=\"\" class=\"wp-image-6737\" srcset=\"https:\/\/toensfeldt-modellbau.de\/wp-content\/uploads\/2022\/05\/Alu-Kiste-Grau-Messing1.jpg 425w, https:\/\/toensfeldt-modellbau.de\/wp-content\/uploads\/2022\/05\/Alu-Kiste-Grau-Messing1-300x219.jpg 300w\" sizes=\"auto, (max-width: 425px) 100vw, 425px\" \/><\/a><\/figure>\n\n\n\n<p>Beschlagsatz Messing<\/p>\n\n\n\n<figure class=\"wp-block-image size-full\"><a href=\"http:\/\/toensfeldt-modellbau.de\/wp-content\/uploads\/2022\/05\/Alu-Kiste-Grau-Schw1.jpg\"><img loading=\"lazy\" decoding=\"async\" width=\"425\" height=\"307\" src=\"http:\/\/toensfeldt-modellbau.de\/wp-content\/uploads\/2022\/05\/Alu-Kiste-Grau-Schw1.jpg\" alt=\"\" class=\"wp-image-6738\" srcset=\"https:\/\/toensfeldt-modellbau.de\/wp-content\/uploads\/2022\/05\/Alu-Kiste-Grau-Schw1.jpg 425w, https:\/\/toensfeldt-modellbau.de\/wp-content\/uploads\/2022\/05\/Alu-Kiste-Grau-Schw1-300x217.jpg 300w\" sizes=\"auto, (max-width: 425px) 100vw, 425px\" \/><\/a><\/figure>\n\n\n\n<p>Beschlagsatz Schwarz<\/p>\n\n\n\n<p>Technische Daten TMV Alu-Kiste Grau:<\/p>\n\n\n\n<ul class=\"wp-block-list\">\n<li>L\u00e4nge: ca. 61 mm<\/li>\n\n\n\n<li>H\u00f6he: ca. 34 mm<\/li>\n\n\n\n<li>Breite : ca. 47 mm<\/li>\n\n\n\n<li>Gewicht: 23 Gram<\/li>\n<\/ul>\n\n\n\n<p>Art. Nr. Bestelltext Alu-Kiste:<\/p>\n\n\n\n<ul class=\"wp-block-list\">\n<li>040350 TMV Alu-Kiste Grau<\/li>\n\n\n\n<li>040360 TMV Beschlagsatz Alu-Kiste Verzinkt<\/li>\n\n\n\n<li>040361 TMV Beschlagsatz Alu-Kiste Schwarz<\/li>\n\n\n\n<li>040361 TMV Beschlagsatz Alu-Kiste Messing<\/li>\n<\/ul>\n\n\n\n<p>Herstellerdaten gem\u00e4s GPSR<\/p>\n\n\n\n<p>Olaf T\u00f6nsfeldt<br>T\u00f6nsfeldt Modellbau Vertrieb<br>Nobiskr\u00fcger Allee 20<br>24768 Rendsburg<br>Tel.: 0049 (0 ) 43 31\/ 51 95<br>E-Mail an: tmv@toensfeldt-modellbau.de<\/p>\n","protected":false},"excerpt":{"rendered":"<p>Die TMV Alu-Kiste in Grau aus dem 3d-Drucker Beschlagsatz Verzinkt Beschlagsatz Messing Beschlagsatz Schwarz Technische Daten TMV Alu-Kiste Grau: Art. Nr. Bestelltext Alu-Kiste: Herstellerdaten gem\u00e4s GPSR Olaf T\u00f6nsfeldtT\u00f6nsfeldt Modellbau VertriebNobiskr\u00fcger Allee 2024768 RendsburgTel.: 0049 (0 ) 43 31\/ 51 95E-Mail &hellip; <a href=\"https:\/\/toensfeldt-modellbau.de\/?page_id=6747\">Weiterlesen <span class=\"meta-nav\">&rarr;<\/span><\/a><\/p>\n","protected":false},"author":2,"featured_media":0,"parent":0,"menu_order":0,"comment_status":"closed","ping_status":"closed","template":"","meta":{"footnotes":""},"class_list":["post-6747","page","type-page","status-publish","hentry"],"_links":{"self":[{"href":"https:\/\/toensfeldt-modellbau.de\/index.php?rest_route=\/wp\/v2\/pages\/6747","targetHints":{"allow":["GET"]}}],"collection":[{"href":"https:\/\/toensfeldt-modellbau.de\/index.php?rest_route=\/wp\/v2\/pages"}],"about":[{"href":"https:\/\/toensfeldt-modellbau.de\/index.php?rest_route=\/wp\/v2\/types\/page"}],"author":[{"embeddable":true,"href":"https:\/\/toensfeldt-modellbau.de\/index.php?rest_route=\/wp\/v2\/users\/2"}],"replies":[{"embeddable":true,"href":"https:\/\/toensfeldt-modellbau.de\/index.php?rest_route=%2Fwp%2Fv2%2Fcomments&post=6747"}],"version-history":[{"count":4,"href":"https:\/\/toensfeldt-modellbau.de\/index.php?rest_route=\/wp\/v2\/pages\/6747\/revisions"}],"predecessor-version":[{"id":7460,"href":"https:\/\/toensfeldt-modellbau.de\/index.php?rest_route=\/wp\/v2\/pages\/6747\/revisions\/7460"}],"wp:attachment":[{"href":"https:\/\/toensfeldt-modellbau.de\/index.php?rest_route=%2Fwp%2Fv2%2Fmedia&parent=6747"}],"curies":[{"name":"wp","href":"https:\/\/api.w.org\/{rel}","templated":true}]}}