{"id":6749,"date":"2022-05-21T16:26:53","date_gmt":"2022-05-21T14:26:53","guid":{"rendered":"https:\/\/toensfeldt-modellbau.de\/?page_id=6749"},"modified":"2024-12-07T17:50:13","modified_gmt":"2024-12-07T15:50:13","slug":"alu-kiste-oliv","status":"publish","type":"page","link":"https:\/\/toensfeldt-modellbau.de\/?page_id=6749","title":{"rendered":"Alu-Kiste Oliv"},"content":{"rendered":"\n<figure class=\"wp-block-image size-full\"><a href=\"http:\/\/toensfeldt-modellbau.de\/wp-content\/uploads\/2022\/06\/2-Alu-Kisten-Oliv.jpg\"><img loading=\"lazy\" decoding=\"async\" width=\"567\" height=\"394\" src=\"http:\/\/toensfeldt-modellbau.de\/wp-content\/uploads\/2022\/06\/2-Alu-Kisten-Oliv.jpg\" alt=\"\" class=\"wp-image-6793\" srcset=\"https:\/\/toensfeldt-modellbau.de\/wp-content\/uploads\/2022\/06\/2-Alu-Kisten-Oliv.jpg 567w, https:\/\/toensfeldt-modellbau.de\/wp-content\/uploads\/2022\/06\/2-Alu-Kisten-Oliv-300x208.jpg 300w\" sizes=\"auto, (max-width: 567px) 100vw, 567px\" \/><\/a><\/figure>\n\n\n\n<p>TMV Alu-Kiste Oliv aus dem 3d-Drucker mit und ohne Aufklebersazt<\/p>\n\n\n\n<figure class=\"wp-block-image size-full\"><a href=\"http:\/\/toensfeldt-modellbau.de\/wp-content\/uploads\/2022\/05\/Alu-Kiste-Oliv-Beklebt2.jpg\"><img loading=\"lazy\" decoding=\"async\" width=\"425\" height=\"241\" src=\"http:\/\/toensfeldt-modellbau.de\/wp-content\/uploads\/2022\/05\/Alu-Kiste-Oliv-Beklebt2.jpg\" alt=\"\" class=\"wp-image-6741\" srcset=\"https:\/\/toensfeldt-modellbau.de\/wp-content\/uploads\/2022\/05\/Alu-Kiste-Oliv-Beklebt2.jpg 425w, https:\/\/toensfeldt-modellbau.de\/wp-content\/uploads\/2022\/05\/Alu-Kiste-Oliv-Beklebt2-300x170.jpg 300w\" sizes=\"auto, (max-width: 425px) 100vw, 425px\" \/><\/a><\/figure>\n\n\n\n<p>TMV Alu-Kiste Oliv mit Beschlagsatz schwarz und TMV Beschriftungssatz in vers. ausf\u00fchrungen.<\/p>\n\n\n\n<figure class=\"wp-block-image size-full\"><a href=\"http:\/\/toensfeldt-modellbau.de\/wp-content\/uploads\/2022\/05\/Alu-Kiste-Oliv1.jpg\"><img loading=\"lazy\" decoding=\"async\" width=\"425\" height=\"246\" src=\"http:\/\/toensfeldt-modellbau.de\/wp-content\/uploads\/2022\/05\/Alu-Kiste-Oliv1.jpg\" alt=\"\" class=\"wp-image-6739\" srcset=\"https:\/\/toensfeldt-modellbau.de\/wp-content\/uploads\/2022\/05\/Alu-Kiste-Oliv1.jpg 425w, https:\/\/toensfeldt-modellbau.de\/wp-content\/uploads\/2022\/05\/Alu-Kiste-Oliv1-300x174.jpg 300w\" sizes=\"auto, (max-width: 425px) 100vw, 425px\" \/><\/a><\/figure>\n\n\n\n<p>TMV Beschlagsatz schwarz<\/p>\n\n\n\n<figure class=\"wp-block-image size-full is-resized\"><a href=\"http:\/\/toensfeldt-modellbau.de\/wp-content\/uploads\/2022\/05\/Alu-Kiste-Oliv-Beklebt1.jpg\"><img loading=\"lazy\" decoding=\"async\" width=\"425\" height=\"322\" src=\"http:\/\/toensfeldt-modellbau.de\/wp-content\/uploads\/2022\/05\/Alu-Kiste-Oliv-Beklebt1.jpg\" alt=\"\" class=\"wp-image-6740\" style=\"width:425px;height:322px\" srcset=\"https:\/\/toensfeldt-modellbau.de\/wp-content\/uploads\/2022\/05\/Alu-Kiste-Oliv-Beklebt1.jpg 425w, https:\/\/toensfeldt-modellbau.de\/wp-content\/uploads\/2022\/05\/Alu-Kiste-Oliv-Beklebt1-300x227.jpg 300w\" sizes=\"auto, (max-width: 425px) 100vw, 425px\" \/><\/a><\/figure>\n\n\n\n<p>Technische Daten TMV Alu-Kiste Oliv:<\/p>\n\n\n\n<ul class=\"wp-block-list\">\n<li>L\u00e4nge: ca. 61 mm<\/li>\n\n\n\n<li>H\u00f6he: ca. 34 mm<\/li>\n\n\n\n<li>Breite : ca. 47 mm<\/li>\n\n\n\n<li>Gewicht: 23 Gram<\/li>\n<\/ul>\n\n\n\n<p>Art. Nr. Bestelltext Alu-Kiste:<\/p>\n\n\n\n<ul class=\"wp-block-list\">\n<li>040351 TMV Alu-Kiste Oliv<\/li>\n\n\n\n<li>040360 TMV Beschlagsatz Alu-Kiste Verzinkt<\/li>\n\n\n\n<li>040361 TMV Beschlagsatz Alu-Kiste Schwarz<\/li>\n\n\n\n<li>040362 TMV Beschlagsatz Alu-Kiste Messing<\/li>\n\n\n\n<li>040370 TMV Aufklebersatz Erste Hilfe<\/li>\n\n\n\n<li>040371 TMV Aufklebersatz First Aid<\/li>\n\n\n\n<li>040372 TMV Aufklebersatz Verbrennungen<\/li>\n<\/ul>\n\n\n\n<p>Herstellerdaten gem\u00e4s GPSR<\/p>\n\n\n\n<p>Olaf T\u00f6nsfeldt<br>T\u00f6nsfeldt Modellbau Vertrieb<br>Nobiskr\u00fcger Allee 20<br>24768 Rendsburg<br>Tel.: 0049 (0 ) 43 31\/ 51 95<br>E-Mail an: tmv@toensfeldt-modellbau.de<\/p>\n","protected":false},"excerpt":{"rendered":"<p>TMV Alu-Kiste Oliv aus dem 3d-Drucker mit und ohne Aufklebersazt TMV Alu-Kiste Oliv mit Beschlagsatz schwarz und TMV Beschriftungssatz in vers. ausf\u00fchrungen. TMV Beschlagsatz schwarz Technische Daten TMV Alu-Kiste Oliv: Art. Nr. Bestelltext Alu-Kiste: Herstellerdaten gem\u00e4s GPSR Olaf T\u00f6nsfeldtT\u00f6nsfeldt Modellbau &hellip; <a href=\"https:\/\/toensfeldt-modellbau.de\/?page_id=6749\">Weiterlesen <span class=\"meta-nav\">&rarr;<\/span><\/a><\/p>\n","protected":false},"author":2,"featured_media":0,"parent":0,"menu_order":0,"comment_status":"closed","ping_status":"closed","template":"","meta":{"footnotes":""},"class_list":["post-6749","page","type-page","status-publish","hentry"],"_links":{"self":[{"href":"https:\/\/toensfeldt-modellbau.de\/index.php?rest_route=\/wp\/v2\/pages\/6749","targetHints":{"allow":["GET"]}}],"collection":[{"href":"https:\/\/toensfeldt-modellbau.de\/index.php?rest_route=\/wp\/v2\/pages"}],"about":[{"href":"https:\/\/toensfeldt-modellbau.de\/index.php?rest_route=\/wp\/v2\/types\/page"}],"author":[{"embeddable":true,"href":"https:\/\/toensfeldt-modellbau.de\/index.php?rest_route=\/wp\/v2\/users\/2"}],"replies":[{"embeddable":true,"href":"https:\/\/toensfeldt-modellbau.de\/index.php?rest_route=%2Fwp%2Fv2%2Fcomments&post=6749"}],"version-history":[{"count":4,"href":"https:\/\/toensfeldt-modellbau.de\/index.php?rest_route=\/wp\/v2\/pages\/6749\/revisions"}],"predecessor-version":[{"id":7461,"href":"https:\/\/toensfeldt-modellbau.de\/index.php?rest_route=\/wp\/v2\/pages\/6749\/revisions\/7461"}],"wp:attachment":[{"href":"https:\/\/toensfeldt-modellbau.de\/index.php?rest_route=%2Fwp%2Fv2%2Fmedia&parent=6749"}],"curies":[{"name":"wp","href":"https:\/\/api.w.org\/{rel}","templated":true}]}}