{"id":6751,"date":"2022-05-21T16:32:33","date_gmt":"2022-05-21T14:32:33","guid":{"rendered":"https:\/\/toensfeldt-modellbau.de\/?page_id=6751"},"modified":"2024-12-07T17:50:37","modified_gmt":"2024-12-07T15:50:37","slug":"alu-kiste-schwarz","status":"publish","type":"page","link":"https:\/\/toensfeldt-modellbau.de\/?page_id=6751","title":{"rendered":"Alu Kiste Schwarz"},"content":{"rendered":"\n<figure class=\"wp-block-image size-full\"><a href=\"http:\/\/toensfeldt-modellbau.de\/wp-content\/uploads\/2022\/06\/2-Alu-Kisten-Schwarz.jpg\"><img loading=\"lazy\" decoding=\"async\" width=\"567\" height=\"363\" src=\"http:\/\/toensfeldt-modellbau.de\/wp-content\/uploads\/2022\/06\/2-Alu-Kisten-Schwarz.jpg\" alt=\"\" class=\"wp-image-6794\" srcset=\"https:\/\/toensfeldt-modellbau.de\/wp-content\/uploads\/2022\/06\/2-Alu-Kisten-Schwarz.jpg 567w, https:\/\/toensfeldt-modellbau.de\/wp-content\/uploads\/2022\/06\/2-Alu-Kisten-Schwarz-300x192.jpg 300w\" sizes=\"auto, (max-width: 567px) 100vw, 567px\" \/><\/a><\/figure>\n\n\n\n<p>TMV Alu-Kiste aus dem 3d-Drucker in schwarz<\/p>\n\n\n\n<figure class=\"wp-block-image size-full\"><a href=\"http:\/\/toensfeldt-modellbau.de\/wp-content\/uploads\/2022\/06\/Alu-Kiste-Sch-Verzikngt1.jpg\"><img loading=\"lazy\" decoding=\"async\" width=\"425\" height=\"240\" src=\"http:\/\/toensfeldt-modellbau.de\/wp-content\/uploads\/2022\/06\/Alu-Kiste-Sch-Verzikngt1.jpg\" alt=\"\" class=\"wp-image-6812\" srcset=\"https:\/\/toensfeldt-modellbau.de\/wp-content\/uploads\/2022\/06\/Alu-Kiste-Sch-Verzikngt1.jpg 425w, https:\/\/toensfeldt-modellbau.de\/wp-content\/uploads\/2022\/06\/Alu-Kiste-Sch-Verzikngt1-300x169.jpg 300w\" sizes=\"auto, (max-width: 425px) 100vw, 425px\" \/><\/a><\/figure>\n\n\n\n<p>TMV Alu-Kiste Schwarz mit Beschlgsatz Verzinkt.<\/p>\n\n\n\n<figure class=\"wp-block-image size-full\"><a href=\"http:\/\/toensfeldt-modellbau.de\/wp-content\/uploads\/2022\/05\/Alu-Kiste-Sch-Messing1.jpg\"><img loading=\"lazy\" decoding=\"async\" width=\"425\" height=\"257\" src=\"http:\/\/toensfeldt-modellbau.de\/wp-content\/uploads\/2022\/05\/Alu-Kiste-Sch-Messing1.jpg\" alt=\"\" class=\"wp-image-6742\" srcset=\"https:\/\/toensfeldt-modellbau.de\/wp-content\/uploads\/2022\/05\/Alu-Kiste-Sch-Messing1.jpg 425w, https:\/\/toensfeldt-modellbau.de\/wp-content\/uploads\/2022\/05\/Alu-Kiste-Sch-Messing1-300x181.jpg 300w\" sizes=\"auto, (max-width: 425px) 100vw, 425px\" \/><\/a><\/figure>\n\n\n\n<p>TMV Alu-Kiste Schwarz mit Beschlgsatz Messing.<\/p>\n\n\n\n<p>Technische Daten TMV Alu-Kiste Schwarz:<\/p>\n\n\n\n<p>L\u00e4nge: ca. 61 mm<br>H\u00f6he: ca. 34 mm<br>Breite : ca. 47 mm<br>Gewicht: 23 Gram<\/p>\n\n\n\n<p>Art. Nr. Bestelltext Alu-Kiste:<\/p>\n\n\n\n<p>040352 TMV Alu-Kiste Schwarz<br>040360 TMV Beschlagsatz Alu-Kiste Verzinkt<br>040361 TMV Beschlagsatz Alu-Kiste Schwarz<br>040361 TMV Beschlagsatz Alu-Kiste Messing<\/p>\n\n\n\n<p>Herstellerdaten gem\u00e4s GPSR<\/p>\n\n\n\n<p>Olaf T\u00f6nsfeldt<br>T\u00f6nsfeldt Modellbau Vertrieb<br>Nobiskr\u00fcger Allee 20<br>24768 Rendsburg<br>Tel.: 0049 (0 ) 43 31\/ 51 95<br>E-Mail an: tmv@toensfeldt-modellbau.de<\/p>\n","protected":false},"excerpt":{"rendered":"<p>TMV Alu-Kiste aus dem 3d-Drucker in schwarz TMV Alu-Kiste Schwarz mit Beschlgsatz Verzinkt. TMV Alu-Kiste Schwarz mit Beschlgsatz Messing. Technische Daten TMV Alu-Kiste Schwarz: L\u00e4nge: ca. 61 mmH\u00f6he: ca. 34 mmBreite : ca. 47 mmGewicht: 23 Gram Art. Nr. Bestelltext &hellip; <a href=\"https:\/\/toensfeldt-modellbau.de\/?page_id=6751\">Weiterlesen <span class=\"meta-nav\">&rarr;<\/span><\/a><\/p>\n","protected":false},"author":2,"featured_media":0,"parent":0,"menu_order":0,"comment_status":"closed","ping_status":"closed","template":"","meta":{"footnotes":""},"class_list":["post-6751","page","type-page","status-publish","hentry"],"_links":{"self":[{"href":"https:\/\/toensfeldt-modellbau.de\/index.php?rest_route=\/wp\/v2\/pages\/6751","targetHints":{"allow":["GET"]}}],"collection":[{"href":"https:\/\/toensfeldt-modellbau.de\/index.php?rest_route=\/wp\/v2\/pages"}],"about":[{"href":"https:\/\/toensfeldt-modellbau.de\/index.php?rest_route=\/wp\/v2\/types\/page"}],"author":[{"embeddable":true,"href":"https:\/\/toensfeldt-modellbau.de\/index.php?rest_route=\/wp\/v2\/users\/2"}],"replies":[{"embeddable":true,"href":"https:\/\/toensfeldt-modellbau.de\/index.php?rest_route=%2Fwp%2Fv2%2Fcomments&post=6751"}],"version-history":[{"count":4,"href":"https:\/\/toensfeldt-modellbau.de\/index.php?rest_route=\/wp\/v2\/pages\/6751\/revisions"}],"predecessor-version":[{"id":7462,"href":"https:\/\/toensfeldt-modellbau.de\/index.php?rest_route=\/wp\/v2\/pages\/6751\/revisions\/7462"}],"wp:attachment":[{"href":"https:\/\/toensfeldt-modellbau.de\/index.php?rest_route=%2Fwp%2Fv2%2Fmedia&parent=6751"}],"curies":[{"name":"wp","href":"https:\/\/api.w.org\/{rel}","templated":true}]}}