{"id":6914,"date":"2022-08-20T12:42:43","date_gmt":"2022-08-20T10:42:43","guid":{"rendered":"https:\/\/toensfeldt-modellbau.de\/?page_id=6914"},"modified":"2022-08-20T12:48:00","modified_gmt":"2022-08-20T10:48:00","slug":"fahrgestelle-114","status":"publish","type":"page","link":"https:\/\/toensfeldt-modellbau.de\/?page_id=6914","title":{"rendered":"Fahrgestelle 1:14"},"content":{"rendered":"\n<p>Hier finden Sie ausr\u00fcstung f\u00fcr Fahrgestelle im Ma\u00dfstab 1:14.<\/p>\n\n\n\n<figure class=\"wp-block-image size-full\"><a href=\"http:\/\/toensfeldt-modellbau.de\/wp-content\/uploads\/2021\/02\/Stuetze-Lesu.jpg\"><img loading=\"lazy\" decoding=\"async\" width=\"283\" height=\"497\" src=\"http:\/\/toensfeldt-modellbau.de\/wp-content\/uploads\/2021\/02\/Stuetze-Lesu.jpg\" alt=\"\" class=\"wp-image-4460\" srcset=\"https:\/\/toensfeldt-modellbau.de\/wp-content\/uploads\/2021\/02\/Stuetze-Lesu.jpg 283w, https:\/\/toensfeldt-modellbau.de\/wp-content\/uploads\/2021\/02\/Stuetze-Lesu-171x300.jpg 171w\" sizes=\"auto, (max-width: 283px) 100vw, 283px\" \/><\/a><\/figure>\n","protected":false},"excerpt":{"rendered":"<p>Hier finden Sie ausr\u00fcstung f\u00fcr Fahrgestelle im Ma\u00dfstab 1:14.<\/p>\n","protected":false},"author":2,"featured_media":0,"parent":0,"menu_order":0,"comment_status":"closed","ping_status":"closed","template":"","meta":{"footnotes":""},"class_list":["post-6914","page","type-page","status-publish","hentry"],"_links":{"self":[{"href":"https:\/\/toensfeldt-modellbau.de\/index.php?rest_route=\/wp\/v2\/pages\/6914","targetHints":{"allow":["GET"]}}],"collection":[{"href":"https:\/\/toensfeldt-modellbau.de\/index.php?rest_route=\/wp\/v2\/pages"}],"about":[{"href":"https:\/\/toensfeldt-modellbau.de\/index.php?rest_route=\/wp\/v2\/types\/page"}],"author":[{"embeddable":true,"href":"https:\/\/toensfeldt-modellbau.de\/index.php?rest_route=\/wp\/v2\/users\/2"}],"replies":[{"embeddable":true,"href":"https:\/\/toensfeldt-modellbau.de\/index.php?rest_route=%2Fwp%2Fv2%2Fcomments&post=6914"}],"version-history":[{"count":3,"href":"https:\/\/toensfeldt-modellbau.de\/index.php?rest_route=\/wp\/v2\/pages\/6914\/revisions"}],"predecessor-version":[{"id":6919,"href":"https:\/\/toensfeldt-modellbau.de\/index.php?rest_route=\/wp\/v2\/pages\/6914\/revisions\/6919"}],"wp:attachment":[{"href":"https:\/\/toensfeldt-modellbau.de\/index.php?rest_route=%2Fwp%2Fv2%2Fmedia&parent=6914"}],"curies":[{"name":"wp","href":"https:\/\/api.w.org\/{rel}","templated":true}]}}