{"id":6976,"date":"2022-12-07T13:27:56","date_gmt":"2022-12-07T11:27:56","guid":{"rendered":"https:\/\/toensfeldt-modellbau.de\/?page_id=6976"},"modified":"2025-03-08T12:53:05","modified_gmt":"2025-03-08T10:53:05","slug":"schaekel-2","status":"publish","type":"page","link":"https:\/\/toensfeldt-modellbau.de\/?page_id=6976","title":{"rendered":"Sch\u00e4kel"},"content":{"rendered":"\n<figure class=\"wp-block-image size-full is-resized\"><a href=\"http:\/\/toensfeldt-modellbau.de\/wp-content\/uploads\/2022\/12\/82x44-Verzinkt.jpg\"><img loading=\"lazy\" decoding=\"async\" width=\"425\" height=\"438\" src=\"http:\/\/toensfeldt-modellbau.de\/wp-content\/uploads\/2022\/12\/82x44-Verzinkt.jpg\" alt=\"\" class=\"wp-image-6987\" style=\"width:670px;height:auto\" srcset=\"https:\/\/toensfeldt-modellbau.de\/wp-content\/uploads\/2022\/12\/82x44-Verzinkt.jpg 425w, https:\/\/toensfeldt-modellbau.de\/wp-content\/uploads\/2022\/12\/82x44-Verzinkt-291x300.jpg 291w\" sizes=\"auto, (max-width: 425px) 100vw, 425px\" \/><\/a><\/figure>\n\n\n\n<p>Sch\u00e4kel Verzinkt<\/p>\n\n\n\n<figure class=\"wp-block-image size-full\"><a href=\"http:\/\/toensfeldt-modellbau.de\/wp-content\/uploads\/2022\/12\/3-Farben-Schaekel.jpg\"><img loading=\"lazy\" decoding=\"async\" width=\"709\" height=\"293\" src=\"http:\/\/toensfeldt-modellbau.de\/wp-content\/uploads\/2022\/12\/3-Farben-Schaekel.jpg\" alt=\"\" class=\"wp-image-6984\" srcset=\"https:\/\/toensfeldt-modellbau.de\/wp-content\/uploads\/2022\/12\/3-Farben-Schaekel.jpg 709w, https:\/\/toensfeldt-modellbau.de\/wp-content\/uploads\/2022\/12\/3-Farben-Schaekel-300x124.jpg 300w\" sizes=\"auto, (max-width: 709px) 100vw, 709px\" \/><\/a><\/figure>\n\n\n\n<p>Sch\u00e4kel Br\u00fcniert<\/p>\n\n\n\n<p>Herstellerdaten gem\u00e4s GPSR<\/p>\n\n\n\n<p>Olaf T\u00f6nsfeldt<br>T\u00f6nsfeldt Modellbau Vertrieb<br>Nobiskr\u00fcger Allee 20<br>24768 Rendsburg<\/p>\n\n\n\n<p><strong>Deutschland<\/strong><br>Tel.: 0049 (0 ) 43 31\/ 51 95<br>E-Mail an: <a href=\"mailto:tmv@toensfeldt-modellbau.de\">tmv@toensfeldt-modellbau.de<\/a><\/p>\n","protected":false},"excerpt":{"rendered":"<p>Sch\u00e4kel Verzinkt Sch\u00e4kel Br\u00fcniert Herstellerdaten gem\u00e4s GPSR Olaf T\u00f6nsfeldtT\u00f6nsfeldt Modellbau VertriebNobiskr\u00fcger Allee 2024768 Rendsburg DeutschlandTel.: 0049 (0 ) 43 31\/ 51 95E-Mail an: tmv@toensfeldt-modellbau.de<\/p>\n","protected":false},"author":2,"featured_media":0,"parent":0,"menu_order":0,"comment_status":"closed","ping_status":"closed","template":"","meta":{"footnotes":""},"class_list":["post-6976","page","type-page","status-publish","hentry"],"_links":{"self":[{"href":"https:\/\/toensfeldt-modellbau.de\/index.php?rest_route=\/wp\/v2\/pages\/6976","targetHints":{"allow":["GET"]}}],"collection":[{"href":"https:\/\/toensfeldt-modellbau.de\/index.php?rest_route=\/wp\/v2\/pages"}],"about":[{"href":"https:\/\/toensfeldt-modellbau.de\/index.php?rest_route=\/wp\/v2\/types\/page"}],"author":[{"embeddable":true,"href":"https:\/\/toensfeldt-modellbau.de\/index.php?rest_route=\/wp\/v2\/users\/2"}],"replies":[{"embeddable":true,"href":"https:\/\/toensfeldt-modellbau.de\/index.php?rest_route=%2Fwp%2Fv2%2Fcomments&post=6976"}],"version-history":[{"count":3,"href":"https:\/\/toensfeldt-modellbau.de\/index.php?rest_route=\/wp\/v2\/pages\/6976\/revisions"}],"predecessor-version":[{"id":7635,"href":"https:\/\/toensfeldt-modellbau.de\/index.php?rest_route=\/wp\/v2\/pages\/6976\/revisions\/7635"}],"wp:attachment":[{"href":"https:\/\/toensfeldt-modellbau.de\/index.php?rest_route=%2Fwp%2Fv2%2Fmedia&parent=6976"}],"curies":[{"name":"wp","href":"https:\/\/api.w.org\/{rel}","templated":true}]}}