{"id":6998,"date":"2023-01-08T09:55:20","date_gmt":"2023-01-08T07:55:20","guid":{"rendered":"https:\/\/toensfeldt-modellbau.de\/?page_id=6998"},"modified":"2025-03-02T11:47:58","modified_gmt":"2025-03-02T09:47:58","slug":"t-balken","status":"publish","type":"page","link":"https:\/\/toensfeldt-modellbau.de\/?page_id=6998","title":{"rendered":"T-Balken"},"content":{"rendered":"\n<figure class=\"wp-block-image size-full\"><a href=\"http:\/\/toensfeldt-modellbau.de\/wp-content\/uploads\/2023\/01\/T-Balken-LKW-Int.jpg\"><img loading=\"lazy\" decoding=\"async\" width=\"567\" height=\"688\" src=\"http:\/\/toensfeldt-modellbau.de\/wp-content\/uploads\/2023\/01\/T-Balken-LKW-Int.jpg\" alt=\"\" class=\"wp-image-7020\" srcset=\"https:\/\/toensfeldt-modellbau.de\/wp-content\/uploads\/2023\/01\/T-Balken-LKW-Int.jpg 567w, https:\/\/toensfeldt-modellbau.de\/wp-content\/uploads\/2023\/01\/T-Balken-LKW-Int-247x300.jpg 247w\" sizes=\"auto, (max-width: 567px) 100vw, 567px\" \/><\/a><\/figure>\n\n\n\n<figure class=\"wp-block-image size-full\"><a href=\"http:\/\/toensfeldt-modellbau.de\/wp-content\/uploads\/2023\/01\/T-Balken-Alu-Natur.jpg\"><img loading=\"lazy\" decoding=\"async\" width=\"567\" height=\"487\" src=\"http:\/\/toensfeldt-modellbau.de\/wp-content\/uploads\/2023\/01\/T-Balken-Alu-Natur.jpg\" alt=\"\" class=\"wp-image-6997\" srcset=\"https:\/\/toensfeldt-modellbau.de\/wp-content\/uploads\/2023\/01\/T-Balken-Alu-Natur.jpg 567w, https:\/\/toensfeldt-modellbau.de\/wp-content\/uploads\/2023\/01\/T-Balken-Alu-Natur-300x258.jpg 300w\" sizes=\"auto, (max-width: 567px) 100vw, 567px\" \/><\/a><\/figure>\n\n\n\n<p>TMV T-Balken kurz f\u00fcr den Tow Truck. Er ist aus Alu gefr\u00e4st und gedreht und nur in Alu Natur erh\u00e4ltlich. Wie der gro\u00dfe T-Balken beim Tow Truck hat auch der kurze T-Balken an den Enden l\u00f6cher f\u00fcr die angepassten Bolzen damit nichts vom T-Balken rutschen kann. Beim TMV T-Balken sind 2 angepasste Bolzen und neue Splinte dabei.<\/p>\n\n\n\n<h2 class=\"wp-block-heading\"><\/h2>\n\n\n\n<figure class=\"wp-block-image size-full is-resized\"><a href=\"http:\/\/toensfeldt-modellbau.de\/wp-content\/uploads\/2023\/07\/T-Balken-Alu-mit.jpg\"><img loading=\"lazy\" decoding=\"async\" width=\"567\" height=\"341\" src=\"http:\/\/toensfeldt-modellbau.de\/wp-content\/uploads\/2023\/07\/T-Balken-Alu-mit.jpg\" alt=\"\" class=\"wp-image-7205\" style=\"width:573px;height:auto\" srcset=\"https:\/\/toensfeldt-modellbau.de\/wp-content\/uploads\/2023\/07\/T-Balken-Alu-mit.jpg 567w, https:\/\/toensfeldt-modellbau.de\/wp-content\/uploads\/2023\/07\/T-Balken-Alu-mit-300x180.jpg 300w\" sizes=\"auto, (max-width: 567px) 100vw, 567px\" \/><\/a><\/figure>\n\n\n\n<figure class=\"wp-block-image size-full is-resized\"><a href=\"http:\/\/toensfeldt-modellbau.de\/wp-content\/uploads\/2025\/03\/T-Balken-3D-2.jpg\"><img loading=\"lazy\" decoding=\"async\" width=\"567\" height=\"479\" src=\"http:\/\/toensfeldt-modellbau.de\/wp-content\/uploads\/2025\/03\/T-Balken-3D-2.jpg\" alt=\"\" class=\"wp-image-7498\" style=\"width:575px;height:auto\" srcset=\"https:\/\/toensfeldt-modellbau.de\/wp-content\/uploads\/2025\/03\/T-Balken-3D-2.jpg 567w, https:\/\/toensfeldt-modellbau.de\/wp-content\/uploads\/2025\/03\/T-Balken-3D-2-300x253.jpg 300w\" sizes=\"auto, (max-width: 567px) 100vw, 567px\" \/><\/a><\/figure>\n\n\n\n<p>T-Balken Kurz 3d-Druck<\/p>\n\n\n\n<figure class=\"wp-block-image size-full is-resized\"><a href=\"http:\/\/toensfeldt-modellbau.de\/wp-content\/uploads\/2025\/03\/T-Balken-3D-2.jpg\"><img loading=\"lazy\" decoding=\"async\" width=\"567\" height=\"479\" src=\"http:\/\/toensfeldt-modellbau.de\/wp-content\/uploads\/2025\/03\/T-Balken-3D-2.jpg\" alt=\"\" class=\"wp-image-7498\" style=\"width:580px;height:auto\" srcset=\"https:\/\/toensfeldt-modellbau.de\/wp-content\/uploads\/2025\/03\/T-Balken-3D-2.jpg 567w, https:\/\/toensfeldt-modellbau.de\/wp-content\/uploads\/2025\/03\/T-Balken-3D-2-300x253.jpg 300w\" sizes=\"auto, (max-width: 567px) 100vw, 567px\" \/><\/a><\/figure>\n\n\n\n<figure class=\"wp-block-image size-full is-resized\"><a href=\"http:\/\/toensfeldt-modellbau.de\/wp-content\/uploads\/2025\/03\/T-Balken-3D-4.jpg\"><img loading=\"lazy\" decoding=\"async\" width=\"425\" height=\"234\" src=\"http:\/\/toensfeldt-modellbau.de\/wp-content\/uploads\/2025\/03\/T-Balken-3D-4.jpg\" alt=\"\" class=\"wp-image-7500\" style=\"width:584px;height:auto\" srcset=\"https:\/\/toensfeldt-modellbau.de\/wp-content\/uploads\/2025\/03\/T-Balken-3D-4.jpg 425w, https:\/\/toensfeldt-modellbau.de\/wp-content\/uploads\/2025\/03\/T-Balken-3D-4-300x165.jpg 300w\" sizes=\"auto, (max-width: 425px) 100vw, 425px\" \/><\/a><\/figure>\n\n\n\n<figure class=\"wp-block-image size-full is-resized\"><a href=\"http:\/\/toensfeldt-modellbau.de\/wp-content\/uploads\/2025\/03\/T-Balken-3D-3.jpg\"><img loading=\"lazy\" decoding=\"async\" width=\"425\" height=\"291\" src=\"http:\/\/toensfeldt-modellbau.de\/wp-content\/uploads\/2025\/03\/T-Balken-3D-3.jpg\" alt=\"\" class=\"wp-image-7499\" style=\"width:586px;height:auto\" srcset=\"https:\/\/toensfeldt-modellbau.de\/wp-content\/uploads\/2025\/03\/T-Balken-3D-3.jpg 425w, https:\/\/toensfeldt-modellbau.de\/wp-content\/uploads\/2025\/03\/T-Balken-3D-3-300x205.jpg 300w\" sizes=\"auto, (max-width: 425px) 100vw, 425px\" \/><\/a><\/figure>\n\n\n\n<p>Technische Daten TMV T-Balken kurz Alu &amp; 3d-Druck:<\/p>\n\n\n\n<ul class=\"wp-block-list\">\n<li>L\u00e4nge: 70 mm<\/li>\n\n\n\n<li>H\u00f6he 9,0 mm<\/li>\n\n\n\n<li>Breite 9,0 mm<\/li>\n<\/ul>\n\n\n\n<p>Bestell Nr. Text:<\/p>\n\n\n\n<p class=\"has-black-color has-text-color\">050250 TMV T-Balken Tow Truck kurz Alu<\/p>\n\n\n\n<h1 class=\"wp-block-heading\"><\/h1>\n\n\n\n<figure class=\"wp-block-image\" id=\"block-14a5f8c3-f151-4966-aba3-2149cd8405ed\"><a href=\"http:\/\/toensfeldt-modellbau.de\/wp-content\/uploads\/2023\/01\/T-Balken-LKW-Int.jpg\"><img decoding=\"async\" src=\"http:\/\/toensfeldt-modellbau.de\/wp-content\/uploads\/2023\/01\/T-Balken-LKW-Int.jpg\" alt=\"Dieses Bild hat ein leeres Alt-Attribut. Der Dateiname ist T-Balken-LKW-Int.jpg\"\/><\/a><\/figure>\n\n\n\n<figure class=\"wp-block-image\" id=\"block-f5513889-f2ba-46f1-9c34-669e12aa99e5\"><a href=\"http:\/\/toensfeldt-modellbau.de\/wp-content\/uploads\/2023\/01\/T-Balken-Alu-Natur.jpg\"><img decoding=\"async\" src=\"http:\/\/toensfeldt-modellbau.de\/wp-content\/uploads\/2023\/01\/T-Balken-Alu-Natur.jpg\" alt=\"Dieses Bild hat ein leeres Alt-Attribut. Der Dateiname ist T-Balken-Alu-Natur.jpg\"\/><\/a><\/figure>\n\n\n\n<p id=\"block-64e753f2-c9b4-431c-b0c1-b31badb73789\">TMV T-Balken kurz f\u00fcr den Tow Truck. Er ist aus Alu gefr\u00e4st und gedreht und nur in Alu Natur erh\u00e4ltlich. Wie der gro\u00dfe T-Balken beim Tow Truck hat auch der kurze T-Balken an den Enden l\u00f6cher f\u00fcr die angepassten Bolzen damit nichts vom T-Balken rutschen kann. Beim TMV T-Balken sind 2 angepasste Bolzen und neue Splinte dabei.<\/p>\n\n\n\n<h2 class=\"wp-block-heading\" id=\"block-2677a76e-5855-42f9-bd71-40c21813de3a\"><\/h2>\n\n\n\n<figure class=\"wp-block-image\" id=\"block-6743608c-3458-40d6-873e-95d8bf043275\"><a href=\"http:\/\/toensfeldt-modellbau.de\/wp-content\/uploads\/2023\/07\/T-Balken-Alu-mit.jpg\"><img decoding=\"async\" src=\"http:\/\/toensfeldt-modellbau.de\/wp-content\/uploads\/2023\/07\/T-Balken-Alu-mit.jpg\" alt=\"Dieses Bild hat ein leeres Alt-Attribut. Der Dateiname ist T-Balken-Alu-mit.jpg\"\/><\/a><\/figure>\n\n\n\n<figure class=\"wp-block-image\" id=\"block-55d7f6c2-1946-4595-9eec-c01f4ac07a30\"><a href=\"http:\/\/toensfeldt-modellbau.de\/wp-content\/uploads\/2025\/03\/T-Balken-3D-2.jpg\"><img decoding=\"async\" src=\"http:\/\/toensfeldt-modellbau.de\/wp-content\/uploads\/2025\/03\/T-Balken-3D-2.jpg\" alt=\"Dieses Bild hat ein leeres Alt-Attribut. Der Dateiname ist T-Balken-3D-2.jpg\"\/><\/a><\/figure>\n\n\n\n<p id=\"block-ad40276e-16ac-47ca-91d7-48e9e57f1b5d\">T-Balken Kurz 3d-Druck<\/p>\n\n\n\n<figure class=\"wp-block-image\" id=\"block-373cc02f-de5e-4581-b8c8-2529879fff5b\"><a href=\"http:\/\/toensfeldt-modellbau.de\/wp-content\/uploads\/2025\/03\/T-Balken-3D-2.jpg\"><img decoding=\"async\" src=\"http:\/\/toensfeldt-modellbau.de\/wp-content\/uploads\/2025\/03\/T-Balken-3D-2.jpg\" alt=\"Dieses Bild hat ein leeres Alt-Attribut. Der Dateiname ist T-Balken-3D-2.jpg\"\/><\/a><\/figure>\n\n\n\n<figure class=\"wp-block-image\" id=\"block-b52fc703-ca47-4b17-a23c-f14266306236\"><a href=\"http:\/\/toensfeldt-modellbau.de\/wp-content\/uploads\/2025\/03\/T-Balken-3D-4.jpg\"><img decoding=\"async\" src=\"http:\/\/toensfeldt-modellbau.de\/wp-content\/uploads\/2025\/03\/T-Balken-3D-4.jpg\" alt=\"Dieses Bild hat ein leeres Alt-Attribut. Der Dateiname ist T-Balken-3D-4.jpg\"\/><\/a><\/figure>\n\n\n\n<figure class=\"wp-block-image\" id=\"block-80a556ef-4e9b-4a45-af65-fd567e120bf1\"><a href=\"http:\/\/toensfeldt-modellbau.de\/wp-content\/uploads\/2025\/03\/T-Balken-3D-3.jpg\"><img decoding=\"async\" src=\"http:\/\/toensfeldt-modellbau.de\/wp-content\/uploads\/2025\/03\/T-Balken-3D-3.jpg\" alt=\"Dieses Bild hat ein leeres Alt-Attribut. Der Dateiname ist T-Balken-3D-3.jpg\"\/><\/a><\/figure>\n\n\n\n<p id=\"block-c4f0547e-e58a-405f-b24f-ba55816b0428\">Technische Daten TMV T-Balken kurz Alu &amp; 3d-Druck:<\/p>\n\n\n\n<ul id=\"block-15f13957-26f6-4266-9355-010e5f453be3\" class=\"wp-block-list\">\n<li>L\u00e4nge: 70 mm<\/li>\n\n\n\n<li>H\u00f6he 9,0 mm<\/li>\n\n\n\n<li>Breite 9,0 mm<\/li>\n<\/ul>\n\n\n\n<p id=\"block-c391c3df-64af-4608-9806-0a522472f156\">Bestell Nr. Text:<\/p>\n\n\n\n<p id=\"block-55f348ae-d81e-4981-b55e-8f86cf471e02\">050250 TMV T-Balken Tow Truck kurz Alu<\/p>\n\n\n\n<h1 class=\"wp-block-heading\"><\/h1>\n\n\n\n<figure class=\"wp-block-image\" id=\"block-14a5f8c3-f151-4966-aba3-2149cd8405ed\"><a href=\"http:\/\/toensfeldt-modellbau.de\/wp-content\/uploads\/2023\/01\/T-Balken-LKW-Int.jpg\"><img decoding=\"async\" src=\"http:\/\/toensfeldt-modellbau.de\/wp-content\/uploads\/2023\/01\/T-Balken-LKW-Int.jpg\" alt=\"Dieses Bild hat ein leeres Alt-Attribut. Der Dateiname ist T-Balken-LKW-Int.jpg\"\/><\/a><\/figure>\n\n\n\n<figure class=\"wp-block-image\" id=\"block-f5513889-f2ba-46f1-9c34-669e12aa99e5\"><a href=\"http:\/\/toensfeldt-modellbau.de\/wp-content\/uploads\/2023\/01\/T-Balken-Alu-Natur.jpg\"><img decoding=\"async\" src=\"http:\/\/toensfeldt-modellbau.de\/wp-content\/uploads\/2023\/01\/T-Balken-Alu-Natur.jpg\" alt=\"Dieses Bild hat ein leeres Alt-Attribut. Der Dateiname ist T-Balken-Alu-Natur.jpg\"\/><\/a><\/figure>\n\n\n\n<p id=\"block-64e753f2-c9b4-431c-b0c1-b31badb73789\">TMV T-Balken kurz f\u00fcr den Tow Truck. Er ist aus Alu gefr\u00e4st und gedreht und nur in Alu Natur erh\u00e4ltlich. Wie der gro\u00dfe T-Balken beim Tow Truck hat auch der kurze T-Balken an den Enden l\u00f6cher f\u00fcr die angepassten Bolzen damit nichts vom T-Balken rutschen kann. Beim TMV T-Balken sind 2 angepasste Bolzen und neue Splinte dabei.<\/p>\n\n\n\n<h2 class=\"wp-block-heading\" id=\"block-2677a76e-5855-42f9-bd71-40c21813de3a\"><\/h2>\n\n\n\n<figure class=\"wp-block-image\" id=\"block-6743608c-3458-40d6-873e-95d8bf043275\"><a href=\"http:\/\/toensfeldt-modellbau.de\/wp-content\/uploads\/2023\/07\/T-Balken-Alu-mit.jpg\"><img decoding=\"async\" src=\"http:\/\/toensfeldt-modellbau.de\/wp-content\/uploads\/2023\/07\/T-Balken-Alu-mit.jpg\" alt=\"Dieses Bild hat ein leeres Alt-Attribut. Der Dateiname ist T-Balken-Alu-mit.jpg\"\/><\/a><\/figure>\n\n\n\n<figure class=\"wp-block-image\" id=\"block-55d7f6c2-1946-4595-9eec-c01f4ac07a30\"><a href=\"http:\/\/toensfeldt-modellbau.de\/wp-content\/uploads\/2025\/03\/T-Balken-3D-2.jpg\"><img decoding=\"async\" src=\"http:\/\/toensfeldt-modellbau.de\/wp-content\/uploads\/2025\/03\/T-Balken-3D-2.jpg\" alt=\"Dieses Bild hat ein leeres Alt-Attribut. Der Dateiname ist T-Balken-3D-2.jpg\"\/><\/a><\/figure>\n\n\n\n<p id=\"block-ad40276e-16ac-47ca-91d7-48e9e57f1b5d\">T-Balken Kurz 3d-Druck<\/p>\n\n\n\n<figure class=\"wp-block-image\" id=\"block-373cc02f-de5e-4581-b8c8-2529879fff5b\"><a href=\"http:\/\/toensfeldt-modellbau.de\/wp-content\/uploads\/2025\/03\/T-Balken-3D-2.jpg\"><img decoding=\"async\" src=\"http:\/\/toensfeldt-modellbau.de\/wp-content\/uploads\/2025\/03\/T-Balken-3D-2.jpg\" alt=\"Dieses Bild hat ein leeres Alt-Attribut. Der Dateiname ist T-Balken-3D-2.jpg\"\/><\/a><\/figure>\n\n\n\n<figure class=\"wp-block-image\" id=\"block-b52fc703-ca47-4b17-a23c-f14266306236\"><a href=\"http:\/\/toensfeldt-modellbau.de\/wp-content\/uploads\/2025\/03\/T-Balken-3D-4.jpg\"><img decoding=\"async\" src=\"http:\/\/toensfeldt-modellbau.de\/wp-content\/uploads\/2025\/03\/T-Balken-3D-4.jpg\" alt=\"Dieses Bild hat ein leeres Alt-Attribut. Der Dateiname ist T-Balken-3D-4.jpg\"\/><\/a><\/figure>\n\n\n\n<figure class=\"wp-block-image\" id=\"block-80a556ef-4e9b-4a45-af65-fd567e120bf1\"><a href=\"http:\/\/toensfeldt-modellbau.de\/wp-content\/uploads\/2025\/03\/T-Balken-3D-3.jpg\"><img decoding=\"async\" src=\"http:\/\/toensfeldt-modellbau.de\/wp-content\/uploads\/2025\/03\/T-Balken-3D-3.jpg\" alt=\"Dieses Bild hat ein leeres Alt-Attribut. Der Dateiname ist T-Balken-3D-3.jpg\"\/><\/a><\/figure>\n\n\n\n<p id=\"block-c4f0547e-e58a-405f-b24f-ba55816b0428\">Technische Daten TMV T-Balken kurz Alu &amp; 3d-Druck:<\/p>\n\n\n\n<ul id=\"block-15f13957-26f6-4266-9355-010e5f453be3\" class=\"wp-block-list\">\n<li>L\u00e4nge: 70 mm<\/li>\n\n\n\n<li>H\u00f6he 9,0 mm<\/li>\n\n\n\n<li>Breite 9,0 mm<\/li>\n<\/ul>\n\n\n\n<p id=\"block-c391c3df-64af-4608-9806-0a522472f156\">Bestell Nr. Text:<\/p>\n\n\n\n<ul class=\"wp-block-list\">\n<li>050250 TMV T-Balken Tow Truck kurz Alu<\/li>\n\n\n\n<li>050290 TMV T-Balken Tow Truck kurz 3d-Druck<\/li>\n<\/ul>\n\n\n\n<p>Herstellerdaten gem\u00e4s GPSR<\/p>\n\n\n\n<p>Olaf T\u00f6nsfeldt<br>T\u00f6nsfeldt Modellbau Vertrieb<br>Nobiskr\u00fcger Allee 20<br>24768 Rendsburg<\/p>\n\n\n\n<p><strong>Deutschland<\/strong><br>Tel.: 0049 (0 ) 43 31\/ 51 95<br>E-Mail an: tmv@toensfeldt-modellbau.de<\/p>\n","protected":false},"excerpt":{"rendered":"<p>TMV T-Balken kurz f\u00fcr den Tow Truck. Er ist aus Alu gefr\u00e4st und gedreht und nur in Alu Natur erh\u00e4ltlich. Wie der gro\u00dfe T-Balken beim Tow Truck hat auch der kurze T-Balken an den Enden l\u00f6cher f\u00fcr die angepassten Bolzen &hellip; <a href=\"https:\/\/toensfeldt-modellbau.de\/?page_id=6998\">Weiterlesen <span class=\"meta-nav\">&rarr;<\/span><\/a><\/p>\n","protected":false},"author":2,"featured_media":0,"parent":0,"menu_order":0,"comment_status":"closed","ping_status":"closed","template":"","meta":{"footnotes":""},"class_list":["post-6998","page","type-page","status-publish","hentry"],"_links":{"self":[{"href":"https:\/\/toensfeldt-modellbau.de\/index.php?rest_route=\/wp\/v2\/pages\/6998","targetHints":{"allow":["GET"]}}],"collection":[{"href":"https:\/\/toensfeldt-modellbau.de\/index.php?rest_route=\/wp\/v2\/pages"}],"about":[{"href":"https:\/\/toensfeldt-modellbau.de\/index.php?rest_route=\/wp\/v2\/types\/page"}],"author":[{"embeddable":true,"href":"https:\/\/toensfeldt-modellbau.de\/index.php?rest_route=\/wp\/v2\/users\/2"}],"replies":[{"embeddable":true,"href":"https:\/\/toensfeldt-modellbau.de\/index.php?rest_route=%2Fwp%2Fv2%2Fcomments&post=6998"}],"version-history":[{"count":8,"href":"https:\/\/toensfeldt-modellbau.de\/index.php?rest_route=\/wp\/v2\/pages\/6998\/revisions"}],"predecessor-version":[{"id":7505,"href":"https:\/\/toensfeldt-modellbau.de\/index.php?rest_route=\/wp\/v2\/pages\/6998\/revisions\/7505"}],"wp:attachment":[{"href":"https:\/\/toensfeldt-modellbau.de\/index.php?rest_route=%2Fwp%2Fv2%2Fmedia&parent=6998"}],"curies":[{"name":"wp","href":"https:\/\/api.w.org\/{rel}","templated":true}]}}