{"id":7005,"date":"2023-01-08T10:10:45","date_gmt":"2023-01-08T08:10:45","guid":{"rendered":"https:\/\/toensfeldt-modellbau.de\/?page_id=7005"},"modified":"2025-03-08T13:24:07","modified_gmt":"2025-03-08T11:24:07","slug":"lkw-batterien","status":"publish","type":"page","link":"https:\/\/toensfeldt-modellbau.de\/?page_id=7005","title":{"rendered":"LKW Batterien"},"content":{"rendered":"\n<figure class=\"wp-block-image size-full\"><a href=\"http:\/\/toensfeldt-modellbau.de\/wp-content\/uploads\/2023\/01\/Baterie-mit-Polklemmen-Int.jpg\"><img loading=\"lazy\" decoding=\"async\" width=\"567\" height=\"488\" src=\"http:\/\/toensfeldt-modellbau.de\/wp-content\/uploads\/2023\/01\/Baterie-mit-Polklemmen-Int.jpg\" alt=\"\" class=\"wp-image-7008\" srcset=\"https:\/\/toensfeldt-modellbau.de\/wp-content\/uploads\/2023\/01\/Baterie-mit-Polklemmen-Int.jpg 567w, https:\/\/toensfeldt-modellbau.de\/wp-content\/uploads\/2023\/01\/Baterie-mit-Polklemmen-Int-300x258.jpg 300w\" sizes=\"auto, (max-width: 567px) 100vw, 567px\" \/><\/a><\/figure>\n\n\n\n<p>LKW Batterien im Ma\u00dfstab 1:14 in Grau und Schwarz. Die LKW Batterien sind aus Resine gegossen ( kommen von Trenkel ) Grau oder Schwarz Lackiert und mit Aufklebern und Trageb\u00e4ndern versehen. F\u00fcr die LKW Batterien gibt es auch von TMV Ploklemmen links und rechts aus Messing gegossen und verzinkt.<\/p>\n\n\n\n<figure class=\"wp-block-image size-full\"><a href=\"http:\/\/toensfeldt-modellbau.de\/wp-content\/uploads\/2023\/01\/Batterie-Grau.jpg\"><img loading=\"lazy\" decoding=\"async\" width=\"425\" height=\"333\" src=\"http:\/\/toensfeldt-modellbau.de\/wp-content\/uploads\/2023\/01\/Batterie-Grau.jpg\" alt=\"\" class=\"wp-image-7009\" srcset=\"https:\/\/toensfeldt-modellbau.de\/wp-content\/uploads\/2023\/01\/Batterie-Grau.jpg 425w, https:\/\/toensfeldt-modellbau.de\/wp-content\/uploads\/2023\/01\/Batterie-Grau-300x235.jpg 300w\" sizes=\"auto, (max-width: 425px) 100vw, 425px\" \/><\/a><\/figure>\n\n\n\n<figure class=\"wp-block-image size-full\"><a href=\"http:\/\/toensfeldt-modellbau.de\/wp-content\/uploads\/2023\/01\/Batterie-Schwarz.jpg\"><img loading=\"lazy\" decoding=\"async\" width=\"425\" height=\"274\" src=\"http:\/\/toensfeldt-modellbau.de\/wp-content\/uploads\/2023\/01\/Batterie-Schwarz.jpg\" alt=\"\" class=\"wp-image-7010\" srcset=\"https:\/\/toensfeldt-modellbau.de\/wp-content\/uploads\/2023\/01\/Batterie-Schwarz.jpg 425w, https:\/\/toensfeldt-modellbau.de\/wp-content\/uploads\/2023\/01\/Batterie-Schwarz-300x193.jpg 300w\" sizes=\"auto, (max-width: 425px) 100vw, 425px\" \/><\/a><\/figure>\n\n\n\n<figure class=\"wp-block-image size-full\"><a href=\"http:\/\/toensfeldt-modellbau.de\/wp-content\/uploads\/2023\/01\/Polklemmen.jpg\"><img loading=\"lazy\" decoding=\"async\" width=\"425\" height=\"256\" src=\"http:\/\/toensfeldt-modellbau.de\/wp-content\/uploads\/2023\/01\/Polklemmen.jpg\" alt=\"\" class=\"wp-image-7011\" srcset=\"https:\/\/toensfeldt-modellbau.de\/wp-content\/uploads\/2023\/01\/Polklemmen.jpg 425w, https:\/\/toensfeldt-modellbau.de\/wp-content\/uploads\/2023\/01\/Polklemmen-300x181.jpg 300w\" sizes=\"auto, (max-width: 425px) 100vw, 425px\" \/><\/a><\/figure>\n\n\n\n<p>Technische Daten LKW Batterien:<\/p>\n\n\n\n<ul class=\"wp-block-list\">\n<li>L\u00e4nge: 40 mm<\/li>\n\n\n\n<li>H\u00f6he: 21 mm<\/li>\n\n\n\n<li>Breite: ca. 18 mm<\/li>\n<\/ul>\n\n\n\n<p>Bestell Nr. Text:<\/p>\n\n\n\n<ul class=\"wp-block-list\">\n<li>040500 TMV LKW Batterie 1:14 mit Aufkleber Grau<\/li>\n\n\n\n<li>040501 TMV LKW Batterie 1:14 mit Aufkleber Schwarz<\/li>\n\n\n\n<li>040502 TMV Polklemmen Messing f\u00fcr LKW Batterie 1:14 Verzinkt<\/li>\n<\/ul>\n\n\n\n<p>Herstellerdaten gem\u00e4s GPSR<\/p>\n\n\n\n<p>Olaf T\u00f6nsfeldt<br>T\u00f6nsfeldt Modellbau Vertrieb<br>Nobiskr\u00fcger Allee 20<br>24768 Rendsburg<\/p>\n\n\n\n<p><strong>Deutschland<\/strong><br>Tel.: 0049 (0 ) 43 31\/ 51 95<br>E-Mail an: <a href=\"mailto:tmv@toensfeldt-modellbau.de\">tmv@toensfeldt-modellbau.de<\/a><\/p>\n","protected":false},"excerpt":{"rendered":"<p>LKW Batterien im Ma\u00dfstab 1:14 in Grau und Schwarz. Die LKW Batterien sind aus Resine gegossen ( kommen von Trenkel ) Grau oder Schwarz Lackiert und mit Aufklebern und Trageb\u00e4ndern versehen. F\u00fcr die LKW Batterien gibt es auch von TMV &hellip; <a href=\"https:\/\/toensfeldt-modellbau.de\/?page_id=7005\">Weiterlesen <span class=\"meta-nav\">&rarr;<\/span><\/a><\/p>\n","protected":false},"author":2,"featured_media":0,"parent":0,"menu_order":0,"comment_status":"closed","ping_status":"closed","template":"","meta":{"footnotes":""},"class_list":["post-7005","page","type-page","status-publish","hentry"],"_links":{"self":[{"href":"https:\/\/toensfeldt-modellbau.de\/index.php?rest_route=\/wp\/v2\/pages\/7005","targetHints":{"allow":["GET"]}}],"collection":[{"href":"https:\/\/toensfeldt-modellbau.de\/index.php?rest_route=\/wp\/v2\/pages"}],"about":[{"href":"https:\/\/toensfeldt-modellbau.de\/index.php?rest_route=\/wp\/v2\/types\/page"}],"author":[{"embeddable":true,"href":"https:\/\/toensfeldt-modellbau.de\/index.php?rest_route=\/wp\/v2\/users\/2"}],"replies":[{"embeddable":true,"href":"https:\/\/toensfeldt-modellbau.de\/index.php?rest_route=%2Fwp%2Fv2%2Fcomments&post=7005"}],"version-history":[{"count":3,"href":"https:\/\/toensfeldt-modellbau.de\/index.php?rest_route=\/wp\/v2\/pages\/7005\/revisions"}],"predecessor-version":[{"id":7654,"href":"https:\/\/toensfeldt-modellbau.de\/index.php?rest_route=\/wp\/v2\/pages\/7005\/revisions\/7654"}],"wp:attachment":[{"href":"https:\/\/toensfeldt-modellbau.de\/index.php?rest_route=%2Fwp%2Fv2%2Fmedia&parent=7005"}],"curies":[{"name":"wp","href":"https:\/\/api.w.org\/{rel}","templated":true}]}}