{"id":7036,"date":"2023-02-26T17:08:20","date_gmt":"2023-02-26T15:08:20","guid":{"rendered":"https:\/\/toensfeldt-modellbau.de\/?page_id=7036"},"modified":"2025-03-02T12:13:03","modified_gmt":"2025-03-02T10:13:03","slug":"feuerloescher-box-16","status":"publish","type":"page","link":"https:\/\/toensfeldt-modellbau.de\/?page_id=7036","title":{"rendered":"Feuerl\u00f6scher Box 1:16"},"content":{"rendered":"\n<p>TMV Feuerl\u00f6scher Box im Ma\u00dfstab 1:16 f\u00fcr TMV Feuerl\u00f6scher 6 KG mit Griff Oval.<\/p>\n\n\n\n<p>Die TMV Feuerl\u00f6scher Box kann an Fahrerhausr\u00fcckw\u00e4nde, Rahmen von Zugmaschinen, Rahmen von Anh\u00e4ngern und Auflieger oder an W\u00e4nde verbaut werden. Die Wanne und den Deckel gibt es in verschiedenen Farben oder beides in Wei\u00df. Der Deckel ist Links angeschlagen TMV Feuerl\u00f6scher Box gibt es auch Rechts angeschlagen (in Vorbereitung).<\/p>\n\n\n\n<ul class=\"wp-block-list\">\n<li>Die TMV Feuerl\u00f6scher Box besteht aus Wanne, Deckel, Klarsichtfolie, Aufklebersatz mit den Piktogramm f\u00fcr Feuerl\u00f6scher aus der EU, USA und AUS<\/li>\n<\/ul>\n\n\n\n<p><img loading=\"lazy\" decoding=\"async\" src=\"http:\/\/toensfeldt-modellbau.de\/wp-content\/uploads\/2016\/09\/Feuerl\u00f6_Box_1-14_S-R_B2Int.jpg\" alt=\"feuerloe_box_1-14_s-r_b2int\" srcset=\"https:\/\/toensfeldt-modellbau.de\/wp-content\/uploads\/2016\/09\/Feuerl\u00f6_Box_1-14_S-R_B2Int.jpg 340w, https:\/\/toensfeldt-modellbau.de\/wp-content\/uploads\/2016\/09\/Feuerl\u00f6_Box_1-14_S-R_B2Int-300x194.jpg 300w\" width=\"340\" height=\"220\"><\/p>\n\n\n\n<p id=\"caption-attachment-1631\">Wanne Schwarz \/ Deckel Rot<\/p>\n\n\n\n<p><img loading=\"lazy\" decoding=\"async\" src=\"http:\/\/toensfeldt-modellbau.de\/wp-content\/uploads\/2016\/09\/Feuerl\u00f6_Box_1-14_R-R_B2Int.jpg\" alt=\"feuerloe_box_1-14_r-r_b2int\" srcset=\"https:\/\/toensfeldt-modellbau.de\/wp-content\/uploads\/2016\/09\/Feuerl\u00f6_Box_1-14_R-R_B2Int.jpg 340w, https:\/\/toensfeldt-modellbau.de\/wp-content\/uploads\/2016\/09\/Feuerl\u00f6_Box_1-14_R-R_B2Int-300x195.jpg 300w\" width=\"340\" height=\"221\"><\/p>\n\n\n\n<p id=\"caption-attachment-1630\">Wanne Rot \/ Deckel Rot<\/p>\n\n\n\n<ul class=\"wp-block-list\">\n<li>L\u00e4nge ca. 41 mm<\/li>\n\n\n\n<li>Breite ca. 25 mm<\/li>\n\n\n\n<li>H\u00f6he ca. 16 mm<\/li>\n<\/ul>\n\n\n\n<p><img loading=\"lazy\" decoding=\"async\" src=\"http:\/\/toensfeldt-modellbau.de\/wp-content\/uploads\/2017\/01\/Feuer-Kasten-Rechts1-14B1Int.jpg\" alt=\"Feuer-Kasten Rechts1-14B1Int\" width=\"283\" height=\"265\"><\/p>\n\n\n\n<p id=\"caption-attachment-1660\">Box Rechts Anschlag<\/p>\n\n\n\n<p>Art. Nr. Bestell Text:<\/p>\n\n\n\n<ul class=\"wp-block-list\">\n<li><em>0903330<\/em>&nbsp; TMV Feuerl\u00f6scher Box 1:16 S\/R<\/li>\n\n\n\n<li><em>090330R<\/em>&nbsp; TMV Feuerl\u00f6scher Box 1:16 Rechts S\/R<\/li>\n\n\n\n<li><em>090331<\/em>&nbsp;&nbsp;&nbsp;&nbsp;&nbsp; TMV Feuerl\u00f6scher Box 1:16 R\/R<\/li>\n\n\n\n<li><em>090331R<\/em>&nbsp;&nbsp; TMV Feuerl\u00f6scher Box 1:16 Rechts R<\/li>\n<\/ul>\n\n\n\n<p>Herstellerdaten gem\u00e4s GPSR<\/p>\n\n\n\n<p>Olaf T\u00f6nsfeldt<br>T\u00f6nsfeldt Modellbau Vertrieb<br>Nobiskr\u00fcger Allee 20<br>24768 Rendsburg<\/p>\n\n\n\n<p><strong>Deutschland<\/strong><br>Tel.: 0049 (0 ) 43 31\/ 51 95<br>E-Mail an: tmv@toensfeldt-modellbau.de<\/p>\n","protected":false},"excerpt":{"rendered":"<p>TMV Feuerl\u00f6scher Box im Ma\u00dfstab 1:16 f\u00fcr TMV Feuerl\u00f6scher 6 KG mit Griff Oval. Die TMV Feuerl\u00f6scher Box kann an Fahrerhausr\u00fcckw\u00e4nde, Rahmen von Zugmaschinen, Rahmen von Anh\u00e4ngern und Auflieger oder an W\u00e4nde verbaut werden. Die Wanne und den Deckel gibt &hellip; <a href=\"https:\/\/toensfeldt-modellbau.de\/?page_id=7036\">Weiterlesen <span class=\"meta-nav\">&rarr;<\/span><\/a><\/p>\n","protected":false},"author":2,"featured_media":0,"parent":0,"menu_order":0,"comment_status":"closed","ping_status":"closed","template":"","meta":{"footnotes":""},"class_list":["post-7036","page","type-page","status-publish","hentry"],"_links":{"self":[{"href":"https:\/\/toensfeldt-modellbau.de\/index.php?rest_route=\/wp\/v2\/pages\/7036","targetHints":{"allow":["GET"]}}],"collection":[{"href":"https:\/\/toensfeldt-modellbau.de\/index.php?rest_route=\/wp\/v2\/pages"}],"about":[{"href":"https:\/\/toensfeldt-modellbau.de\/index.php?rest_route=\/wp\/v2\/types\/page"}],"author":[{"embeddable":true,"href":"https:\/\/toensfeldt-modellbau.de\/index.php?rest_route=\/wp\/v2\/users\/2"}],"replies":[{"embeddable":true,"href":"https:\/\/toensfeldt-modellbau.de\/index.php?rest_route=%2Fwp%2Fv2%2Fcomments&post=7036"}],"version-history":[{"count":4,"href":"https:\/\/toensfeldt-modellbau.de\/index.php?rest_route=\/wp\/v2\/pages\/7036\/revisions"}],"predecessor-version":[{"id":7544,"href":"https:\/\/toensfeldt-modellbau.de\/index.php?rest_route=\/wp\/v2\/pages\/7036\/revisions\/7544"}],"wp:attachment":[{"href":"https:\/\/toensfeldt-modellbau.de\/index.php?rest_route=%2Fwp%2Fv2%2Fmedia&parent=7036"}],"curies":[{"name":"wp","href":"https:\/\/api.w.org\/{rel}","templated":true}]}}