{"id":7039,"date":"2023-02-26T17:09:08","date_gmt":"2023-02-26T15:09:08","guid":{"rendered":"https:\/\/toensfeldt-modellbau.de\/?page_id=7039"},"modified":"2025-03-02T12:12:45","modified_gmt":"2025-03-02T10:12:45","slug":"feuerloesch-box-co2-114","status":"publish","type":"page","link":"https:\/\/toensfeldt-modellbau.de\/?page_id=7039","title":{"rendered":"Feuerl\u00f6sch Box CO2 1:14"},"content":{"rendered":"\n<p>TMV Feuerl\u00f6scher Box im Ma\u00dfstab 1:14 f\u00fcr TMV CO2 Feuerl\u00f6scher Kurz&nbsp; 5 KG<\/p>\n\n\n\n<p>Die TMV Feuerl\u00f6scher Box CO2 kann an Fahrerhausr\u00fcckw\u00e4nde, Rahmen von Zugmaschinen, Rahmen von Anh\u00e4ngern und Auflieger oder an W\u00e4nde verbaut werden. Die Wanne und den Deckel gibt es nur in Rot, die Box kann f\u00fcr die Rechte oder Linke Seite des Faherhauses verwend werden ( die Box wiert einfach gedreht ).<\/p>\n\n\n\n<ul class=\"wp-block-list\">\n<li>Die TMV Feuerl\u00f6scher Box besteht aus Wanne, Deckel, Klarsichtfolie, Aufklebersatz mit den Piktogramm f\u00fcr Feuerl\u00f6scher aus der EU, USA und AUS.<\/li>\n<\/ul>\n\n\n\n<p><img loading=\"lazy\" decoding=\"async\" src=\"http:\/\/toensfeldt-modellbau.de\/wp-content\/uploads\/2017\/02\/BoxCO2_Rechts_Bild1_Int.jpg\" alt=\"BoxCO2_Rechts_Bild1_Int\" width=\"170\" height=\"253\"><\/p>\n\n\n\n<p id=\"caption-attachment-1681\">Rechts Anschlag<\/p>\n\n\n\n<p><img loading=\"lazy\" decoding=\"async\" src=\"http:\/\/toensfeldt-modellbau.de\/wp-content\/uploads\/2017\/02\/BoxCO2_Links_Bild1_Int.jpg\" alt=\"BoxCO2_Links_Bild1_Int\" width=\"170\" height=\"245\"><\/p>\n\n\n\n<p id=\"caption-attachment-1680\">Links Anschlag<\/p>\n\n\n\n<p>Art. Nr. Bestell Text:<\/p>\n\n\n\n<p><em>090329<\/em> &nbsp;&nbsp;&nbsp;&nbsp; TMV Feuerl\u00f6scher Box CO2 1:14 R<\/p>\n\n\n\n<p>Technische Daten:<\/p>\n\n\n\n<ul class=\"wp-block-list\">\n<li>L\u00e4nge ca. 40 mm<\/li>\n\n\n\n<li>Breite ca. 24mm<\/li>\n\n\n\n<li>H\u00f6he ca. 12 mm<\/li>\n<\/ul>\n\n\n\n<p>Preis: 13,50 \u20ac<\/p>\n\n\n\n<p>Herstellerdaten gem\u00e4s GPSR<\/p>\n\n\n\n<p>Olaf T\u00f6nsfeldt<br>T\u00f6nsfeldt Modellbau Vertrieb<br>Nobiskr\u00fcger Allee 20<br>24768 Rendsburg<\/p>\n\n\n\n<p><strong>Deutschland<\/strong><br>Tel.: 0049 (0 ) 43 31\/ 51 95<br>E-Mail an: tmv@toensfeldt-modellbau.de<\/p>\n","protected":false},"excerpt":{"rendered":"<p>TMV Feuerl\u00f6scher Box im Ma\u00dfstab 1:14 f\u00fcr TMV CO2 Feuerl\u00f6scher Kurz&nbsp; 5 KG Die TMV Feuerl\u00f6scher Box CO2 kann an Fahrerhausr\u00fcckw\u00e4nde, Rahmen von Zugmaschinen, Rahmen von Anh\u00e4ngern und Auflieger oder an W\u00e4nde verbaut werden. Die Wanne und den Deckel gibt &hellip; <a href=\"https:\/\/toensfeldt-modellbau.de\/?page_id=7039\">Weiterlesen <span class=\"meta-nav\">&rarr;<\/span><\/a><\/p>\n","protected":false},"author":2,"featured_media":0,"parent":0,"menu_order":0,"comment_status":"closed","ping_status":"closed","template":"","meta":{"footnotes":""},"class_list":["post-7039","page","type-page","status-publish","hentry"],"_links":{"self":[{"href":"https:\/\/toensfeldt-modellbau.de\/index.php?rest_route=\/wp\/v2\/pages\/7039","targetHints":{"allow":["GET"]}}],"collection":[{"href":"https:\/\/toensfeldt-modellbau.de\/index.php?rest_route=\/wp\/v2\/pages"}],"about":[{"href":"https:\/\/toensfeldt-modellbau.de\/index.php?rest_route=\/wp\/v2\/types\/page"}],"author":[{"embeddable":true,"href":"https:\/\/toensfeldt-modellbau.de\/index.php?rest_route=\/wp\/v2\/users\/2"}],"replies":[{"embeddable":true,"href":"https:\/\/toensfeldt-modellbau.de\/index.php?rest_route=%2Fwp%2Fv2%2Fcomments&post=7039"}],"version-history":[{"count":3,"href":"https:\/\/toensfeldt-modellbau.de\/index.php?rest_route=\/wp\/v2\/pages\/7039\/revisions"}],"predecessor-version":[{"id":7543,"href":"https:\/\/toensfeldt-modellbau.de\/index.php?rest_route=\/wp\/v2\/pages\/7039\/revisions\/7543"}],"wp:attachment":[{"href":"https:\/\/toensfeldt-modellbau.de\/index.php?rest_route=%2Fwp%2Fv2%2Fmedia&parent=7039"}],"curies":[{"name":"wp","href":"https:\/\/api.w.org\/{rel}","templated":true}]}}