{"id":7041,"date":"2023-02-26T17:09:40","date_gmt":"2023-02-26T15:09:40","guid":{"rendered":"https:\/\/toensfeldt-modellbau.de\/?page_id=7041"},"modified":"2025-03-02T12:14:28","modified_gmt":"2025-03-02T10:14:28","slug":"feuerloesch-box-auflieger-114","status":"publish","type":"page","link":"https:\/\/toensfeldt-modellbau.de\/?page_id=7041","title":{"rendered":"Box Auflieger 1:14"},"content":{"rendered":"\n<figure class=\"wp-block-image size-full\"><a href=\"http:\/\/toensfeldt-modellbau.de\/wp-content\/uploads\/2023\/02\/Feuerloescher-Box-Andy-Fahr..jpg\"><img loading=\"lazy\" decoding=\"async\" width=\"567\" height=\"346\" src=\"http:\/\/toensfeldt-modellbau.de\/wp-content\/uploads\/2023\/02\/Feuerloescher-Box-Andy-Fahr..jpg\" alt=\"\" class=\"wp-image-7027\" srcset=\"https:\/\/toensfeldt-modellbau.de\/wp-content\/uploads\/2023\/02\/Feuerloescher-Box-Andy-Fahr..jpg 567w, https:\/\/toensfeldt-modellbau.de\/wp-content\/uploads\/2023\/02\/Feuerloescher-Box-Andy-Fahr.-300x183.jpg 300w\" sizes=\"auto, (max-width: 567px) 100vw, 567px\" \/><\/a><\/figure>\n\n\n\n<p>Feuerl\u00f6scher Box Auflieger an einem Containerfahrgestell<\/p>\n\n\n\n<figure class=\"wp-block-image size-full\"><a href=\"http:\/\/toensfeldt-modellbau.de\/wp-content\/uploads\/2023\/02\/Feuerloescher-Box-Andy-mit..jpg\"><img loading=\"lazy\" decoding=\"async\" width=\"567\" height=\"321\" src=\"http:\/\/toensfeldt-modellbau.de\/wp-content\/uploads\/2023\/02\/Feuerloescher-Box-Andy-mit..jpg\" alt=\"\" class=\"wp-image-7028\" srcset=\"https:\/\/toensfeldt-modellbau.de\/wp-content\/uploads\/2023\/02\/Feuerloescher-Box-Andy-mit..jpg 567w, https:\/\/toensfeldt-modellbau.de\/wp-content\/uploads\/2023\/02\/Feuerloescher-Box-Andy-mit.-300x170.jpg 300w\" sizes=\"auto, (max-width: 567px) 100vw, 567px\" \/><\/a><\/figure>\n\n\n\n<p id=\"caption-attachment-7028\">Feuerl\u00f6scher Box Auflieger mit Feuerl\u00f6scher von TMV<\/p>\n\n\n\n<figure class=\"wp-block-image size-full\"><a href=\"http:\/\/toensfeldt-modellbau.de\/wp-content\/uploads\/2023\/02\/Feuerloescher-Box-Andy-3.jpg\"><img loading=\"lazy\" decoding=\"async\" width=\"425\" height=\"283\" src=\"http:\/\/toensfeldt-modellbau.de\/wp-content\/uploads\/2023\/02\/Feuerloescher-Box-Andy-3.jpg\" alt=\"\" class=\"wp-image-7026\" srcset=\"https:\/\/toensfeldt-modellbau.de\/wp-content\/uploads\/2023\/02\/Feuerloescher-Box-Andy-3.jpg 425w, https:\/\/toensfeldt-modellbau.de\/wp-content\/uploads\/2023\/02\/Feuerloescher-Box-Andy-3-300x200.jpg 300w\" sizes=\"auto, (max-width: 425px) 100vw, 425px\" \/><\/a><\/figure>\n\n\n\n<figure class=\"wp-block-image\"><a href=\"http:\/\/toensfeldt-modellbau.de\/wp-content\/uploads\/2023\/02\/Feuerloescher-Box-Andy-1..jpg\"><img loading=\"lazy\" decoding=\"async\" width=\"300\" height=\"298\" src=\"http:\/\/toensfeldt-modellbau.de\/wp-content\/uploads\/2023\/02\/Feuerloescher-Box-Andy-1.-300x298.jpg\" alt=\"\" class=\"wp-image-7024\" srcset=\"https:\/\/toensfeldt-modellbau.de\/wp-content\/uploads\/2023\/02\/Feuerloescher-Box-Andy-1.-300x298.jpg 300w, https:\/\/toensfeldt-modellbau.de\/wp-content\/uploads\/2023\/02\/Feuerloescher-Box-Andy-1.-150x150.jpg 150w, https:\/\/toensfeldt-modellbau.de\/wp-content\/uploads\/2023\/02\/Feuerloescher-Box-Andy-1..jpg 425w\" sizes=\"auto, (max-width: 300px) 100vw, 300px\" \/><\/a><\/figure>\n\n\n\n<figure class=\"wp-block-image\"><a href=\"http:\/\/toensfeldt-modellbau.de\/wp-content\/uploads\/2023\/02\/Feuerloescher-Box-Andy-2.jpg\"><img loading=\"lazy\" decoding=\"async\" width=\"300\" height=\"246\" src=\"http:\/\/toensfeldt-modellbau.de\/wp-content\/uploads\/2023\/02\/Feuerloescher-Box-Andy-2-300x246.jpg\" alt=\"\" class=\"wp-image-7025\" srcset=\"https:\/\/toensfeldt-modellbau.de\/wp-content\/uploads\/2023\/02\/Feuerloescher-Box-Andy-2-300x246.jpg 300w, https:\/\/toensfeldt-modellbau.de\/wp-content\/uploads\/2023\/02\/Feuerloescher-Box-Andy-2.jpg 425w\" sizes=\"auto, (max-width: 300px) 100vw, 300px\" \/><\/a><\/figure>\n\n\n\n<p>Technische Daten:<\/p>\n\n\n\n<ul class=\"wp-block-list\">\n<li>L\u00e4nge: 43,5 mm<\/li>\n\n\n\n<li>H\u00f6he: 21 mm<\/li>\n\n\n\n<li>Breite: 22 mm<\/li>\n<\/ul>\n\n\n\n<p>Art. Nr. Bestelltext:<\/p>\n\n\n\n<ul class=\"wp-block-list\">\n<li>090335 Feuerl\u00f6scher Box Auflieger<\/li>\n\n\n\n<li>090336 Feuerl\u00f6scher Box Auflieger mit Feuerl\u00f6scher<\/li>\n\n\n\n<li>090128 Feuerl\u00f6scher Pulver f\u00fcr Box Auflieger<\/li>\n<\/ul>\n\n\n\n<p>Feuerl\u00f6scher Herstellerdaten gem\u00e4s GPSR<\/p>\n\n\n\n<p>Olaf T\u00f6nsfeldt<br>T\u00f6nsfeldt Modellbau Vertrieb<br>Nobiskr\u00fcger Allee 20<br>24768 Rendsburg<\/p>\n\n\n\n<p><strong>Deutschland<\/strong><br>Tel.: 0049 (0 ) 43 31\/ 51 95<br>E-Mail an: tmv@toensfeldt-modellbau.de<\/p>\n\n\n\n<p>Feuerl\u00f6scherbox Auflieger <strong>Herstellerdaten gem\u00e4s GPSR<\/strong><\/p>\n\n\n\n<p><strong>Andreas Heier<br>Andys-Ladegut<br>Gr\u00fcnbaumstra\u00dfe 91<br>42659 Solingen<br>Deutschland<br>Telefon: 021222663430<br>E-Mail: info@andys-ladegut.de<\/strong><\/p>\n","protected":false},"excerpt":{"rendered":"<p>Feuerl\u00f6scher Box Auflieger an einem Containerfahrgestell Feuerl\u00f6scher Box Auflieger mit Feuerl\u00f6scher von TMV Technische Daten: Art. Nr. Bestelltext: Feuerl\u00f6scher Herstellerdaten gem\u00e4s GPSR Olaf T\u00f6nsfeldtT\u00f6nsfeldt Modellbau VertriebNobiskr\u00fcger Allee 2024768 Rendsburg DeutschlandTel.: 0049 (0 ) 43 31\/ 51 95E-Mail an: tmv@toensfeldt-modellbau.de Feuerl\u00f6scherbox &hellip; <a href=\"https:\/\/toensfeldt-modellbau.de\/?page_id=7041\">Weiterlesen <span class=\"meta-nav\">&rarr;<\/span><\/a><\/p>\n","protected":false},"author":2,"featured_media":0,"parent":0,"menu_order":0,"comment_status":"closed","ping_status":"closed","template":"","meta":{"footnotes":""},"class_list":["post-7041","page","type-page","status-publish","hentry"],"_links":{"self":[{"href":"https:\/\/toensfeldt-modellbau.de\/index.php?rest_route=\/wp\/v2\/pages\/7041","targetHints":{"allow":["GET"]}}],"collection":[{"href":"https:\/\/toensfeldt-modellbau.de\/index.php?rest_route=\/wp\/v2\/pages"}],"about":[{"href":"https:\/\/toensfeldt-modellbau.de\/index.php?rest_route=\/wp\/v2\/types\/page"}],"author":[{"embeddable":true,"href":"https:\/\/toensfeldt-modellbau.de\/index.php?rest_route=\/wp\/v2\/users\/2"}],"replies":[{"embeddable":true,"href":"https:\/\/toensfeldt-modellbau.de\/index.php?rest_route=%2Fwp%2Fv2%2Fcomments&post=7041"}],"version-history":[{"count":5,"href":"https:\/\/toensfeldt-modellbau.de\/index.php?rest_route=\/wp\/v2\/pages\/7041\/revisions"}],"predecessor-version":[{"id":7546,"href":"https:\/\/toensfeldt-modellbau.de\/index.php?rest_route=\/wp\/v2\/pages\/7041\/revisions\/7546"}],"wp:attachment":[{"href":"https:\/\/toensfeldt-modellbau.de\/index.php?rest_route=%2Fwp%2Fv2%2Fmedia&parent=7041"}],"curies":[{"name":"wp","href":"https:\/\/api.w.org\/{rel}","templated":true}]}}