{"id":7081,"date":"2023-04-23T19:22:45","date_gmt":"2023-04-23T17:22:45","guid":{"rendered":"https:\/\/toensfeldt-modellbau.de\/?page_id=7081"},"modified":"2026-04-08T17:12:55","modified_gmt":"2026-04-08T15:12:55","slug":"kette","status":"publish","type":"page","link":"https:\/\/toensfeldt-modellbau.de\/?page_id=7081","title":{"rendered":"GS H50 Ketten"},"content":{"rendered":"\n<p>Ersatz Ketten f\u00fcr den Gabelstapler Linde H50 Satz besteht aus 2 Endlos Ketten die selber getrend werden m\u00fcssen.<\/p>\n\n\n\n<figure class=\"wp-block-image size-full\"><a href=\"http:\/\/toensfeldt-modellbau.de\/wp-content\/uploads\/2023\/04\/Ketten-Robbe.jpg\"><img loading=\"lazy\" decoding=\"async\" width=\"567\" height=\"259\" src=\"http:\/\/toensfeldt-modellbau.de\/wp-content\/uploads\/2023\/04\/Ketten-Robbe.jpg\" alt=\"\" class=\"wp-image-7080\" srcset=\"https:\/\/toensfeldt-modellbau.de\/wp-content\/uploads\/2023\/04\/Ketten-Robbe.jpg 567w, https:\/\/toensfeldt-modellbau.de\/wp-content\/uploads\/2023\/04\/Ketten-Robbe-300x137.jpg 300w\" sizes=\"auto, (max-width: 567px) 100vw, 567px\" \/><\/a><\/figure>\n\n\n\n<p>Bestell Nr. Bestell Text:<\/p>\n\n\n\n<p>020535 TMV 2 Ketten f\u00fcr GS H50<\/p>\n\n\n\n<p>Herstellerdaten gem\u00e4s GPSR<\/p>\n\n\n\n<p>Olaf T\u00f6nsfeldt<br>T\u00f6nsfeldt Modellbau Vertrieb<br>Nobiskr\u00fcger Allee 20<br>24768 Rendsburg<\/p>\n\n\n\n<p><strong>Deutschland<\/strong><br>Tel.: 0049 (0 ) 43 31\/ 51 95<br>E-Mail an: <a href=\"mailto:tmv@toensfeldt-modellbau.de\">tmv@toensfeldt-modellbau.de<\/a><\/p>\n\n\n\n<p><em><mark style=\"background-color:rgba(0, 0, 0, 0)\" class=\"has-inline-color has-blue-color\">Die namentliche Nennung von Herstellern und Produkten erfolgt nur zum Zweck der eindeutigen Bezeichnung der Artikel der einzelnen Hersteller. Einige der auf dieser Internetseite genannten Produktnamen sind eingetragene Warenzeichen bzw. unterliegen dem Copyright der jeweiligen Eigent\u00fcmer.<\/mark><\/em><\/p>\n","protected":false},"excerpt":{"rendered":"<p>Ersatz Ketten f\u00fcr den Gabelstapler Linde H50 Satz besteht aus 2 Endlos Ketten die selber getrend werden m\u00fcssen. Bestell Nr. Bestell Text: 020535 TMV 2 Ketten f\u00fcr GS H50 Herstellerdaten gem\u00e4s GPSR Olaf T\u00f6nsfeldtT\u00f6nsfeldt Modellbau VertriebNobiskr\u00fcger Allee 2024768 Rendsburg DeutschlandTel.: &hellip; <a href=\"https:\/\/toensfeldt-modellbau.de\/?page_id=7081\">Weiterlesen <span class=\"meta-nav\">&rarr;<\/span><\/a><\/p>\n","protected":false},"author":2,"featured_media":0,"parent":0,"menu_order":0,"comment_status":"closed","ping_status":"closed","template":"","meta":{"footnotes":""},"class_list":["post-7081","page","type-page","status-publish","hentry"],"_links":{"self":[{"href":"https:\/\/toensfeldt-modellbau.de\/index.php?rest_route=\/wp\/v2\/pages\/7081","targetHints":{"allow":["GET"]}}],"collection":[{"href":"https:\/\/toensfeldt-modellbau.de\/index.php?rest_route=\/wp\/v2\/pages"}],"about":[{"href":"https:\/\/toensfeldt-modellbau.de\/index.php?rest_route=\/wp\/v2\/types\/page"}],"author":[{"embeddable":true,"href":"https:\/\/toensfeldt-modellbau.de\/index.php?rest_route=\/wp\/v2\/users\/2"}],"replies":[{"embeddable":true,"href":"https:\/\/toensfeldt-modellbau.de\/index.php?rest_route=%2Fwp%2Fv2%2Fcomments&post=7081"}],"version-history":[{"count":10,"href":"https:\/\/toensfeldt-modellbau.de\/index.php?rest_route=\/wp\/v2\/pages\/7081\/revisions"}],"predecessor-version":[{"id":8132,"href":"https:\/\/toensfeldt-modellbau.de\/index.php?rest_route=\/wp\/v2\/pages\/7081\/revisions\/8132"}],"wp:attachment":[{"href":"https:\/\/toensfeldt-modellbau.de\/index.php?rest_route=%2Fwp%2Fv2%2Fmedia&parent=7081"}],"curies":[{"name":"wp","href":"https:\/\/api.w.org\/{rel}","templated":true}]}}