{"id":7107,"date":"2023-04-26T17:48:49","date_gmt":"2023-04-26T15:48:49","guid":{"rendered":"https:\/\/toensfeldt-modellbau.de\/?page_id=7107"},"modified":"2025-03-02T11:48:37","modified_gmt":"2025-03-02T09:48:37","slug":"gabeltraeger","status":"publish","type":"page","link":"https:\/\/toensfeldt-modellbau.de\/?page_id=7107","title":{"rendered":"Gabeltr\u00e4ger"},"content":{"rendered":"\n<figure class=\"wp-block-image size-large\"><a href=\"http:\/\/toensfeldt-modellbau.de\/wp-content\/uploads\/2023\/04\/Gabelkoepfe-mit-Achse-Kat-scaled.jpg\"><img loading=\"lazy\" decoding=\"async\" width=\"1024\" height=\"648\" src=\"http:\/\/toensfeldt-modellbau.de\/wp-content\/uploads\/2023\/04\/Gabelkoepfe-mit-Achse-Kat-1024x648.jpg\" alt=\"\" class=\"wp-image-7096\" srcset=\"https:\/\/toensfeldt-modellbau.de\/wp-content\/uploads\/2023\/04\/Gabelkoepfe-mit-Achse-Kat-1024x648.jpg 1024w, https:\/\/toensfeldt-modellbau.de\/wp-content\/uploads\/2023\/04\/Gabelkoepfe-mit-Achse-Kat-300x190.jpg 300w, https:\/\/toensfeldt-modellbau.de\/wp-content\/uploads\/2023\/04\/Gabelkoepfe-mit-Achse-Kat-768x486.jpg 768w, https:\/\/toensfeldt-modellbau.de\/wp-content\/uploads\/2023\/04\/Gabelkoepfe-mit-Achse-Kat-1536x973.jpg 1536w, https:\/\/toensfeldt-modellbau.de\/wp-content\/uploads\/2023\/04\/Gabelkoepfe-mit-Achse-Kat-2048x1297.jpg 2048w\" sizes=\"auto, (max-width: 1024px) 100vw, 1024px\" \/><\/a><\/figure>\n\n\n\n<p>TMV Gabeltr\u00e4ger werden auf den T-Balken kurz aufgeschoben zur aufname der Gabelk\u00f6pfe und der Grundplatte. Die Gabeltr\u00e4ger werden aus 4 gelaserten Messing Teilen zusammengel\u00f6tet und anschlie\u00dfend verputz. Die Gabeltr\u00e4ger gibt es in Messing Natur oder Verzinkt.<\/p>\n\n\n\n<figure class=\"wp-block-image size-full is-resized\"><a href=\"http:\/\/toensfeldt-modellbau.de\/wp-content\/uploads\/2023\/04\/GT-Verzinkt-050251.jpg\"><img loading=\"lazy\" decoding=\"async\" width=\"567\" height=\"398\" src=\"http:\/\/toensfeldt-modellbau.de\/wp-content\/uploads\/2023\/04\/GT-Verzinkt-050251.jpg\" alt=\"\" class=\"wp-image-7095\" style=\"width:567px;height:398px\" srcset=\"https:\/\/toensfeldt-modellbau.de\/wp-content\/uploads\/2023\/04\/GT-Verzinkt-050251.jpg 567w, https:\/\/toensfeldt-modellbau.de\/wp-content\/uploads\/2023\/04\/GT-Verzinkt-050251-300x211.jpg 300w\" sizes=\"auto, (max-width: 567px) 100vw, 567px\" \/><\/a><\/figure>\n\n\n\n<p>Gabeltr\u00e4ger Verzinkt<\/p>\n\n\n\n<figure class=\"wp-block-image size-full is-resized\"><a href=\"http:\/\/toensfeldt-modellbau.de\/wp-content\/uploads\/2025\/03\/Gabeltraeger-3d-2.jpg\"><img loading=\"lazy\" decoding=\"async\" width=\"567\" height=\"318\" src=\"http:\/\/toensfeldt-modellbau.de\/wp-content\/uploads\/2025\/03\/Gabeltraeger-3d-2.jpg\" alt=\"\" class=\"wp-image-7496\" style=\"width:568px;height:auto\" srcset=\"https:\/\/toensfeldt-modellbau.de\/wp-content\/uploads\/2025\/03\/Gabeltraeger-3d-2.jpg 567w, https:\/\/toensfeldt-modellbau.de\/wp-content\/uploads\/2025\/03\/Gabeltraeger-3d-2-300x168.jpg 300w\" sizes=\"auto, (max-width: 567px) 100vw, 567px\" \/><\/a><\/figure>\n\n\n\n<p>Gabeltr\u00e4ger 3d<\/p>\n\n\n\n<figure class=\"wp-block-image size-full is-resized\"><a href=\"http:\/\/toensfeldt-modellbau.de\/wp-content\/uploads\/2025\/03\/Gabeltraeger-3d.jpg\"><img loading=\"lazy\" decoding=\"async\" width=\"425\" height=\"269\" src=\"http:\/\/toensfeldt-modellbau.de\/wp-content\/uploads\/2025\/03\/Gabeltraeger-3d.jpg\" alt=\"\" class=\"wp-image-7495\" style=\"width:570px;height:auto\" srcset=\"https:\/\/toensfeldt-modellbau.de\/wp-content\/uploads\/2025\/03\/Gabeltraeger-3d.jpg 425w, https:\/\/toensfeldt-modellbau.de\/wp-content\/uploads\/2025\/03\/Gabeltraeger-3d-300x190.jpg 300w\" sizes=\"auto, (max-width: 425px) 100vw, 425px\" \/><\/a><\/figure>\n\n\n\n<p>Art. Nr. Bestelltext:<\/p>\n\n\n\n<ul class=\"wp-block-list\">\n<li>050251 TMV 2 Gabeltr\u00e4ger Tow Truck Messing Verzinkt<\/li>\n\n\n\n<li>050291 TMV 2 Gabeltr\u00e4ger Tow Truck 3d-Druck<\/li>\n<\/ul>\n\n\n\n<p>Herstellerdaten gem\u00e4s GPSR<\/p>\n\n\n\n<p>Olaf T\u00f6nsfeldt<br>T\u00f6nsfeldt Modellbau Vertrieb<br>Nobiskr\u00fcger Allee 20<br>24768 Rendsburg<\/p>\n\n\n\n<p><strong>Deutschland<\/strong><br>Tel.: 0049 (0 ) 43 31\/ 51 95<br>E-Mail an: tmv@toensfeldt-modellbau.de<\/p>\n","protected":false},"excerpt":{"rendered":"<p>TMV Gabeltr\u00e4ger werden auf den T-Balken kurz aufgeschoben zur aufname der Gabelk\u00f6pfe und der Grundplatte. Die Gabeltr\u00e4ger werden aus 4 gelaserten Messing Teilen zusammengel\u00f6tet und anschlie\u00dfend verputz. Die Gabeltr\u00e4ger gibt es in Messing Natur oder Verzinkt. Gabeltr\u00e4ger Verzinkt Gabeltr\u00e4ger 3d &hellip; <a href=\"https:\/\/toensfeldt-modellbau.de\/?page_id=7107\">Weiterlesen <span class=\"meta-nav\">&rarr;<\/span><\/a><\/p>\n","protected":false},"author":2,"featured_media":0,"parent":0,"menu_order":0,"comment_status":"closed","ping_status":"closed","template":"","meta":{"footnotes":""},"class_list":["post-7107","page","type-page","status-publish","hentry"],"_links":{"self":[{"href":"https:\/\/toensfeldt-modellbau.de\/index.php?rest_route=\/wp\/v2\/pages\/7107","targetHints":{"allow":["GET"]}}],"collection":[{"href":"https:\/\/toensfeldt-modellbau.de\/index.php?rest_route=\/wp\/v2\/pages"}],"about":[{"href":"https:\/\/toensfeldt-modellbau.de\/index.php?rest_route=\/wp\/v2\/types\/page"}],"author":[{"embeddable":true,"href":"https:\/\/toensfeldt-modellbau.de\/index.php?rest_route=\/wp\/v2\/users\/2"}],"replies":[{"embeddable":true,"href":"https:\/\/toensfeldt-modellbau.de\/index.php?rest_route=%2Fwp%2Fv2%2Fcomments&post=7107"}],"version-history":[{"count":7,"href":"https:\/\/toensfeldt-modellbau.de\/index.php?rest_route=\/wp\/v2\/pages\/7107\/revisions"}],"predecessor-version":[{"id":7506,"href":"https:\/\/toensfeldt-modellbau.de\/index.php?rest_route=\/wp\/v2\/pages\/7107\/revisions\/7506"}],"wp:attachment":[{"href":"https:\/\/toensfeldt-modellbau.de\/index.php?rest_route=%2Fwp%2Fv2%2Fmedia&parent=7107"}],"curies":[{"name":"wp","href":"https:\/\/api.w.org\/{rel}","templated":true}]}}