{"id":7112,"date":"2023-04-26T17:56:35","date_gmt":"2023-04-26T15:56:35","guid":{"rendered":"https:\/\/toensfeldt-modellbau.de\/?page_id=7112"},"modified":"2025-03-02T11:49:20","modified_gmt":"2025-03-02T09:49:20","slug":"gabelkoepfe","status":"publish","type":"page","link":"https:\/\/toensfeldt-modellbau.de\/?page_id=7112","title":{"rendered":"Gabelk\u00f6pfe"},"content":{"rendered":"\n<figure class=\"wp-block-image size-large is-resized\"><a href=\"http:\/\/toensfeldt-modellbau.de\/wp-content\/uploads\/2023\/04\/Gabelkoepfe-mit-Achse-Kat-scaled.jpg\"><img loading=\"lazy\" decoding=\"async\" width=\"1024\" height=\"648\" src=\"http:\/\/toensfeldt-modellbau.de\/wp-content\/uploads\/2023\/04\/Gabelkoepfe-mit-Achse-Kat-1024x648.jpg\" alt=\"\" class=\"wp-image-7096\" style=\"width:670px;height:423px\" srcset=\"https:\/\/toensfeldt-modellbau.de\/wp-content\/uploads\/2023\/04\/Gabelkoepfe-mit-Achse-Kat-1024x648.jpg 1024w, https:\/\/toensfeldt-modellbau.de\/wp-content\/uploads\/2023\/04\/Gabelkoepfe-mit-Achse-Kat-300x190.jpg 300w, https:\/\/toensfeldt-modellbau.de\/wp-content\/uploads\/2023\/04\/Gabelkoepfe-mit-Achse-Kat-768x486.jpg 768w, https:\/\/toensfeldt-modellbau.de\/wp-content\/uploads\/2023\/04\/Gabelkoepfe-mit-Achse-Kat-1536x973.jpg 1536w, https:\/\/toensfeldt-modellbau.de\/wp-content\/uploads\/2023\/04\/Gabelkoepfe-mit-Achse-Kat-2048x1297.jpg 2048w\" sizes=\"auto, (max-width: 1024px) 100vw, 1024px\" \/><\/a><\/figure>\n\n\n\n<p>TMV Gabelk\u00f6pfe zum Abschleppen von Sattelzugmaschinen und Gliederzugmaschienen unter der Vorderachse oder Sattelzugmaschinen unter der Hinterachse. Gesteck werden sie in die Gabeltr\u00e4ger. Die Gabelk\u00f6pfe sind aus Messing gelasert und die Aufnahmen sind aus Messing gedreht und dann verl\u00f6tet. Die Gabelk\u00f6pfe gibt es in Messing Natur oder Verzinkt.<\/p>\n\n\n\n<figure class=\"wp-block-image size-large is-resized\"><a href=\"http:\/\/toensfeldt-modellbau.de\/wp-content\/uploads\/2023\/04\/IMG_0431-scaled.jpg\"><img loading=\"lazy\" decoding=\"async\" width=\"1024\" height=\"683\" src=\"http:\/\/toensfeldt-modellbau.de\/wp-content\/uploads\/2023\/04\/IMG_0431-1024x683.jpg\" alt=\"\" class=\"wp-image-7099\" style=\"width:670px;height:446px\" srcset=\"https:\/\/toensfeldt-modellbau.de\/wp-content\/uploads\/2023\/04\/IMG_0431-1024x683.jpg 1024w, https:\/\/toensfeldt-modellbau.de\/wp-content\/uploads\/2023\/04\/IMG_0431-300x200.jpg 300w, https:\/\/toensfeldt-modellbau.de\/wp-content\/uploads\/2023\/04\/IMG_0431-768x512.jpg 768w, https:\/\/toensfeldt-modellbau.de\/wp-content\/uploads\/2023\/04\/IMG_0431-1536x1024.jpg 1536w, https:\/\/toensfeldt-modellbau.de\/wp-content\/uploads\/2023\/04\/IMG_0431-2048x1365.jpg 2048w\" sizes=\"auto, (max-width: 1024px) 100vw, 1024px\" \/><\/a><\/figure>\n\n\n\n<p>Gabeltr\u00e4ger mit Gabelk\u00f6pfen Vorderachse<\/p>\n\n\n\n<figure class=\"wp-block-image size-full is-resized\"><a href=\"http:\/\/toensfeldt-modellbau.de\/wp-content\/uploads\/2023\/04\/GK-VA-Verzinkt-050260.jpg\"><img loading=\"lazy\" decoding=\"async\" width=\"567\" height=\"462\" src=\"http:\/\/toensfeldt-modellbau.de\/wp-content\/uploads\/2023\/04\/GK-VA-Verzinkt-050260.jpg\" alt=\"\" class=\"wp-image-7098\" style=\"width:567px;height:462px\" srcset=\"https:\/\/toensfeldt-modellbau.de\/wp-content\/uploads\/2023\/04\/GK-VA-Verzinkt-050260.jpg 567w, https:\/\/toensfeldt-modellbau.de\/wp-content\/uploads\/2023\/04\/GK-VA-Verzinkt-050260-300x244.jpg 300w\" sizes=\"auto, (max-width: 567px) 100vw, 567px\" \/><\/a><\/figure>\n\n\n\n<p>Gabelk\u00f6pfe Vorderachse Verzinkt<\/p>\n\n\n\n<figure class=\"wp-block-image size-full is-resized\"><a href=\"http:\/\/toensfeldt-modellbau.de\/wp-content\/uploads\/2023\/04\/GK-HA-Verzinkt-050262.jpg\"><img loading=\"lazy\" decoding=\"async\" width=\"567\" height=\"385\" src=\"http:\/\/toensfeldt-modellbau.de\/wp-content\/uploads\/2023\/04\/GK-HA-Verzinkt-050262.jpg\" alt=\"\" class=\"wp-image-7097\" style=\"width:567px;height:385px\" srcset=\"https:\/\/toensfeldt-modellbau.de\/wp-content\/uploads\/2023\/04\/GK-HA-Verzinkt-050262.jpg 567w, https:\/\/toensfeldt-modellbau.de\/wp-content\/uploads\/2023\/04\/GK-HA-Verzinkt-050262-300x204.jpg 300w\" sizes=\"auto, (max-width: 567px) 100vw, 567px\" \/><\/a><\/figure>\n\n\n\n<p>Gabelk\u00f6pfe Hintderachse Verzinkt<\/p>\n\n\n\n<figure class=\"wp-block-image size-full is-resized\"><a href=\"http:\/\/toensfeldt-modellbau.de\/wp-content\/uploads\/2023\/04\/KG-Messing-050261.jpg\"><img loading=\"lazy\" decoding=\"async\" width=\"567\" height=\"354\" src=\"http:\/\/toensfeldt-modellbau.de\/wp-content\/uploads\/2023\/04\/KG-Messing-050261.jpg\" alt=\"\" class=\"wp-image-7100\" style=\"width:567px;height:354px\" srcset=\"https:\/\/toensfeldt-modellbau.de\/wp-content\/uploads\/2023\/04\/KG-Messing-050261.jpg 567w, https:\/\/toensfeldt-modellbau.de\/wp-content\/uploads\/2023\/04\/KG-Messing-050261-300x187.jpg 300w\" sizes=\"auto, (max-width: 567px) 100vw, 567px\" \/><\/a><\/figure>\n\n\n\n<p>Gabelk\u00f6pfe Vorderachse Messing Natur<\/p>\n\n\n\n<figure class=\"wp-block-image size-full is-resized\"><a href=\"http:\/\/toensfeldt-modellbau.de\/wp-content\/uploads\/2023\/04\/KG-Messing-050263.jpg\"><img loading=\"lazy\" decoding=\"async\" width=\"567\" height=\"345\" src=\"http:\/\/toensfeldt-modellbau.de\/wp-content\/uploads\/2023\/04\/KG-Messing-050263.jpg\" alt=\"\" class=\"wp-image-7101\" style=\"width:567px;height:345px\" srcset=\"https:\/\/toensfeldt-modellbau.de\/wp-content\/uploads\/2023\/04\/KG-Messing-050263.jpg 567w, https:\/\/toensfeldt-modellbau.de\/wp-content\/uploads\/2023\/04\/KG-Messing-050263-300x183.jpg 300w\" sizes=\"auto, (max-width: 567px) 100vw, 567px\" \/><\/a><\/figure>\n\n\n\n<p>Gabelk\u00f6pfe Hinterachse Messing Natur<\/p>\n\n\n\n<p>Art. Nr. Bestelltext:<\/p>\n\n\n\n<ul class=\"wp-block-list\">\n<li>050260 TMV 2 Gabelk\u00f6pfe Tam Vorderachse Messing Verzinkt<\/li>\n\n\n\n<li>050261 TMV 2 Gabelk\u00f6pfe Tam Vorderachse Messing Natur<\/li>\n\n\n\n<li>050262 TMV 2 Gabelk\u00f6pfe Tam Hinterachse Messing Verzinkt<\/li>\n\n\n\n<li>050263 TMV 2 Gabelk\u00f6pfe Tam Hinterachse Messing Natur<\/li>\n<\/ul>\n\n\n\n<p>Herstellerdaten gem\u00e4s GPSR<\/p>\n\n\n\n<p>Olaf T\u00f6nsfeldt<br>T\u00f6nsfeldt Modellbau Vertrieb<br>Nobiskr\u00fcger Allee 20<br>24768 Rendsburg<\/p>\n\n\n\n<p><strong>Deutschland<\/strong><br>Tel.: 0049 (0 ) 43 31\/ 51 95<br>E-Mail an: tmv@toensfeldt-modellbau.de<\/p>\n","protected":false},"excerpt":{"rendered":"<p>TMV Gabelk\u00f6pfe zum Abschleppen von Sattelzugmaschinen und Gliederzugmaschienen unter der Vorderachse oder Sattelzugmaschinen unter der Hinterachse. Gesteck werden sie in die Gabeltr\u00e4ger. Die Gabelk\u00f6pfe sind aus Messing gelasert und die Aufnahmen sind aus Messing gedreht und dann verl\u00f6tet. Die Gabelk\u00f6pfe &hellip; <a href=\"https:\/\/toensfeldt-modellbau.de\/?page_id=7112\">Weiterlesen <span class=\"meta-nav\">&rarr;<\/span><\/a><\/p>\n","protected":false},"author":2,"featured_media":0,"parent":0,"menu_order":0,"comment_status":"closed","ping_status":"closed","template":"","meta":{"footnotes":""},"class_list":["post-7112","page","type-page","status-publish","hentry"],"_links":{"self":[{"href":"https:\/\/toensfeldt-modellbau.de\/index.php?rest_route=\/wp\/v2\/pages\/7112","targetHints":{"allow":["GET"]}}],"collection":[{"href":"https:\/\/toensfeldt-modellbau.de\/index.php?rest_route=\/wp\/v2\/pages"}],"about":[{"href":"https:\/\/toensfeldt-modellbau.de\/index.php?rest_route=\/wp\/v2\/types\/page"}],"author":[{"embeddable":true,"href":"https:\/\/toensfeldt-modellbau.de\/index.php?rest_route=\/wp\/v2\/users\/2"}],"replies":[{"embeddable":true,"href":"https:\/\/toensfeldt-modellbau.de\/index.php?rest_route=%2Fwp%2Fv2%2Fcomments&post=7112"}],"version-history":[{"count":3,"href":"https:\/\/toensfeldt-modellbau.de\/index.php?rest_route=\/wp\/v2\/pages\/7112\/revisions"}],"predecessor-version":[{"id":7508,"href":"https:\/\/toensfeldt-modellbau.de\/index.php?rest_route=\/wp\/v2\/pages\/7112\/revisions\/7508"}],"wp:attachment":[{"href":"https:\/\/toensfeldt-modellbau.de\/index.php?rest_route=%2Fwp%2Fv2%2Fmedia&parent=7112"}],"curies":[{"name":"wp","href":"https:\/\/api.w.org\/{rel}","templated":true}]}}