{"id":7115,"date":"2023-05-03T23:30:02","date_gmt":"2023-05-03T21:30:02","guid":{"rendered":"https:\/\/toensfeldt-modellbau.de\/?page_id=7115"},"modified":"2025-03-08T13:05:03","modified_gmt":"2025-03-08T11:05:03","slug":"zurrgurte","status":"publish","type":"page","link":"https:\/\/toensfeldt-modellbau.de\/?page_id=7115","title":{"rendered":"Zurrgurte"},"content":{"rendered":"\n<p>TMV 2 Zurrgurte mit angedeuteter Ratsche und Schnalle<\/p>\n\n\n\n<figure class=\"wp-block-image size-full is-resized\"><a href=\"http:\/\/toensfeldt-modellbau.de\/wp-content\/uploads\/2023\/05\/3-Zurrgurte-Int.jpg\"><img loading=\"lazy\" decoding=\"async\" width=\"709\" height=\"317\" src=\"http:\/\/toensfeldt-modellbau.de\/wp-content\/uploads\/2023\/05\/3-Zurrgurte-Int.jpg\" alt=\"\" class=\"wp-image-7117\" style=\"width:670px;height:299px\" srcset=\"https:\/\/toensfeldt-modellbau.de\/wp-content\/uploads\/2023\/05\/3-Zurrgurte-Int.jpg 709w, https:\/\/toensfeldt-modellbau.de\/wp-content\/uploads\/2023\/05\/3-Zurrgurte-Int-300x134.jpg 300w\" sizes=\"auto, (max-width: 709px) 100vw, 709px\" \/><\/a><\/figure>\n\n\n\n<p>TMV Zurrgurte mit 3 mm Band Ratsche und Schnalle aus Messing gelasert und verzinkt. Die Haken und die angedeutete Ratsche sind vern\u00e4ht. L\u00e4nge Ratsche mit Haken 3,50 cm Band mit Haken ca. 45 cm lang.<\/p>\n\n\n\n<figure class=\"wp-block-image size-full\"><a href=\"http:\/\/toensfeldt-modellbau.de\/wp-content\/uploads\/2023\/05\/030080-Orange.jpg\"><img loading=\"lazy\" decoding=\"async\" width=\"567\" height=\"160\" src=\"http:\/\/toensfeldt-modellbau.de\/wp-content\/uploads\/2023\/05\/030080-Orange.jpg\" alt=\"\" class=\"wp-image-7118\" srcset=\"https:\/\/toensfeldt-modellbau.de\/wp-content\/uploads\/2023\/05\/030080-Orange.jpg 567w, https:\/\/toensfeldt-modellbau.de\/wp-content\/uploads\/2023\/05\/030080-Orange-300x85.jpg 300w\" sizes=\"auto, (max-width: 567px) 100vw, 567px\" \/><\/a><figcaption class=\"wp-element-caption\">Zurrgurt Orange<\/figcaption><\/figure>\n\n\n\n<figure class=\"wp-block-image size-full\"><a href=\"http:\/\/toensfeldt-modellbau.de\/wp-content\/uploads\/2023\/05\/030082-Rot.jpg\"><img loading=\"lazy\" decoding=\"async\" width=\"567\" height=\"131\" src=\"http:\/\/toensfeldt-modellbau.de\/wp-content\/uploads\/2023\/05\/030082-Rot.jpg\" alt=\"\" class=\"wp-image-7119\" srcset=\"https:\/\/toensfeldt-modellbau.de\/wp-content\/uploads\/2023\/05\/030082-Rot.jpg 567w, https:\/\/toensfeldt-modellbau.de\/wp-content\/uploads\/2023\/05\/030082-Rot-300x69.jpg 300w\" sizes=\"auto, (max-width: 567px) 100vw, 567px\" \/><\/a><figcaption class=\"wp-element-caption\">Zurrgurt Rot<\/figcaption><\/figure>\n\n\n\n<figure class=\"wp-block-image size-full is-resized\"><a href=\"http:\/\/toensfeldt-modellbau.de\/wp-content\/uploads\/2023\/05\/030084-Blau.jpg\"><img loading=\"lazy\" decoding=\"async\" width=\"567\" height=\"149\" src=\"http:\/\/toensfeldt-modellbau.de\/wp-content\/uploads\/2023\/05\/030084-Blau.jpg\" alt=\"\" class=\"wp-image-7120\" style=\"width:567px;height:149px\" srcset=\"https:\/\/toensfeldt-modellbau.de\/wp-content\/uploads\/2023\/05\/030084-Blau.jpg 567w, https:\/\/toensfeldt-modellbau.de\/wp-content\/uploads\/2023\/05\/030084-Blau-300x79.jpg 300w\" sizes=\"auto, (max-width: 567px) 100vw, 567px\" \/><\/a><figcaption class=\"wp-element-caption\">Zurrgurt Blau<\/figcaption><\/figure>\n\n\n\n<p>Atr. Nr. Bestell Text:<\/p>\n\n\n\n<ul class=\"wp-block-list\">\n<li>030080 TMV 2 Zurrgurte Orange<\/li>\n\n\n\n<li>030082 TMV 2 Zurrgurte Rot<\/li>\n\n\n\n<li>030084 TMV 2 Zurrgurte Blau<\/li>\n<\/ul>\n\n\n\n<p>Herstellerdaten gem\u00e4s GPSR<\/p>\n\n\n\n<p>Olaf T\u00f6nsfeldt<br>T\u00f6nsfeldt Modellbau Vertrieb<br>Nobiskr\u00fcger Allee 20<br>24768 Rendsburg<\/p>\n\n\n\n<p><strong>Deutschland<\/strong><br>Tel.: 0049 (0 ) 43 31\/ 51 95<br>E-Mail an: <a href=\"mailto:tmv@toensfeldt-modellbau.de\">tmv@toensfeldt-modellbau.de<\/a><\/p>\n","protected":false},"excerpt":{"rendered":"<p>TMV 2 Zurrgurte mit angedeuteter Ratsche und Schnalle TMV Zurrgurte mit 3 mm Band Ratsche und Schnalle aus Messing gelasert und verzinkt. Die Haken und die angedeutete Ratsche sind vern\u00e4ht. L\u00e4nge Ratsche mit Haken 3,50 cm Band mit Haken ca. &hellip; <a href=\"https:\/\/toensfeldt-modellbau.de\/?page_id=7115\">Weiterlesen <span class=\"meta-nav\">&rarr;<\/span><\/a><\/p>\n","protected":false},"author":2,"featured_media":0,"parent":0,"menu_order":0,"comment_status":"closed","ping_status":"closed","template":"","meta":{"footnotes":""},"class_list":["post-7115","page","type-page","status-publish","hentry"],"_links":{"self":[{"href":"https:\/\/toensfeldt-modellbau.de\/index.php?rest_route=\/wp\/v2\/pages\/7115","targetHints":{"allow":["GET"]}}],"collection":[{"href":"https:\/\/toensfeldt-modellbau.de\/index.php?rest_route=\/wp\/v2\/pages"}],"about":[{"href":"https:\/\/toensfeldt-modellbau.de\/index.php?rest_route=\/wp\/v2\/types\/page"}],"author":[{"embeddable":true,"href":"https:\/\/toensfeldt-modellbau.de\/index.php?rest_route=\/wp\/v2\/users\/2"}],"replies":[{"embeddable":true,"href":"https:\/\/toensfeldt-modellbau.de\/index.php?rest_route=%2Fwp%2Fv2%2Fcomments&post=7115"}],"version-history":[{"count":4,"href":"https:\/\/toensfeldt-modellbau.de\/index.php?rest_route=\/wp\/v2\/pages\/7115\/revisions"}],"predecessor-version":[{"id":7639,"href":"https:\/\/toensfeldt-modellbau.de\/index.php?rest_route=\/wp\/v2\/pages\/7115\/revisions\/7639"}],"wp:attachment":[{"href":"https:\/\/toensfeldt-modellbau.de\/index.php?rest_route=%2Fwp%2Fv2%2Fmedia&parent=7115"}],"curies":[{"name":"wp","href":"https:\/\/api.w.org\/{rel}","templated":true}]}}