{"id":7154,"date":"2023-05-22T15:33:03","date_gmt":"2023-05-22T13:33:03","guid":{"rendered":"https:\/\/toensfeldt-modellbau.de\/?page_id=7154"},"modified":"2025-03-08T12:33:50","modified_gmt":"2025-03-08T10:33:50","slug":"jx-lichtplatine-vorne","status":"publish","type":"page","link":"https:\/\/toensfeldt-modellbau.de\/?page_id=7154","title":{"rendered":"JX MAN F2000"},"content":{"rendered":"\n<p>TMV Beleuchtungssatz Platinen f\u00fcr JX MAN F2000 Vorne<\/p>\n\n\n\n<figure class=\"wp-block-image size-full is-resized\"><a href=\"http:\/\/toensfeldt-modellbau.de\/wp-content\/uploads\/2023\/05\/F2000_LR.jpg\"><img loading=\"lazy\" decoding=\"async\" width=\"864\" height=\"864\" src=\"http:\/\/toensfeldt-modellbau.de\/wp-content\/uploads\/2023\/05\/F2000_LR.jpg\" alt=\"\" class=\"wp-image-7149\" style=\"width:670px;height:670px\" srcset=\"https:\/\/toensfeldt-modellbau.de\/wp-content\/uploads\/2023\/05\/F2000_LR.jpg 864w, https:\/\/toensfeldt-modellbau.de\/wp-content\/uploads\/2023\/05\/F2000_LR-300x300.jpg 300w, https:\/\/toensfeldt-modellbau.de\/wp-content\/uploads\/2023\/05\/F2000_LR-150x150.jpg 150w, https:\/\/toensfeldt-modellbau.de\/wp-content\/uploads\/2023\/05\/F2000_LR-768x768.jpg 768w\" sizes=\"auto, (max-width: 864px) 100vw, 864px\" \/><\/a><\/figure>\n\n\n\n<p>Bevor Sie die Platinen einbauen, geben Sie Spannung ( z. B. mit Hilfe einer 9V-Blockbatterir ) auf die Platine, um zu Testen, welches Kabel welche Lichtfunktion steuert. Makieren Sie die Kabel mit Farbe oder F\u00e4hnchen, damit Sie beim Anschlie\u00dfen die Kabel ensprechend zuordnen k\u00f6nnen. Bitte bei der Montage darauf achten, dass die 3D-Teile korrekt zugeordnet werden. Sie haben jeweils eine entsprechende Markierung.<\/p>\n\n\n\n<p>Art. Nr. und Bestekktext:<\/p>\n\n\n\n<p>100006 TMV Platinensatz vorne f\u00fcr JX MAN F2000<\/p>\n\n\n\n<p>Herstellerdaten gem\u00e4s GPSR<\/p>\n\n\n\n<p>Olaf T\u00f6nsfeldt<br>T\u00f6nsfeldt Modellbau Vertrieb<br>Nobiskr\u00fcger Allee 20<br>24768 Rendsburg<\/p>\n\n\n\n<p><strong>Deutschland<\/strong><br>Tel.: 0049 (0 ) 43 31\/ 51 95<br>E-Mail an: <a href=\"mailto:tmv@toensfeldt-modellbau.de\">tmv@toensfeldt-modellbau.de<\/a><\/p>\n","protected":false},"excerpt":{"rendered":"<p>TMV Beleuchtungssatz Platinen f\u00fcr JX MAN F2000 Vorne Bevor Sie die Platinen einbauen, geben Sie Spannung ( z. B. mit Hilfe einer 9V-Blockbatterir ) auf die Platine, um zu Testen, welches Kabel welche Lichtfunktion steuert. Makieren Sie die Kabel mit &hellip; <a href=\"https:\/\/toensfeldt-modellbau.de\/?page_id=7154\">Weiterlesen <span class=\"meta-nav\">&rarr;<\/span><\/a><\/p>\n","protected":false},"author":2,"featured_media":0,"parent":0,"menu_order":0,"comment_status":"closed","ping_status":"closed","template":"","meta":{"footnotes":""},"class_list":["post-7154","page","type-page","status-publish","hentry"],"_links":{"self":[{"href":"https:\/\/toensfeldt-modellbau.de\/index.php?rest_route=\/wp\/v2\/pages\/7154","targetHints":{"allow":["GET"]}}],"collection":[{"href":"https:\/\/toensfeldt-modellbau.de\/index.php?rest_route=\/wp\/v2\/pages"}],"about":[{"href":"https:\/\/toensfeldt-modellbau.de\/index.php?rest_route=\/wp\/v2\/types\/page"}],"author":[{"embeddable":true,"href":"https:\/\/toensfeldt-modellbau.de\/index.php?rest_route=\/wp\/v2\/users\/2"}],"replies":[{"embeddable":true,"href":"https:\/\/toensfeldt-modellbau.de\/index.php?rest_route=%2Fwp%2Fv2%2Fcomments&post=7154"}],"version-history":[{"count":4,"href":"https:\/\/toensfeldt-modellbau.de\/index.php?rest_route=\/wp\/v2\/pages\/7154\/revisions"}],"predecessor-version":[{"id":7613,"href":"https:\/\/toensfeldt-modellbau.de\/index.php?rest_route=\/wp\/v2\/pages\/7154\/revisions\/7613"}],"wp:attachment":[{"href":"https:\/\/toensfeldt-modellbau.de\/index.php?rest_route=%2Fwp%2Fv2%2Fmedia&parent=7154"}],"curies":[{"name":"wp","href":"https:\/\/api.w.org\/{rel}","templated":true}]}}