{"id":7175,"date":"2023-07-09T12:49:41","date_gmt":"2023-07-09T10:49:41","guid":{"rendered":"https:\/\/toensfeldt-modellbau.de\/?page_id=7175"},"modified":"2025-03-02T11:49:45","modified_gmt":"2025-03-02T09:49:45","slug":"grundplatte","status":"publish","type":"page","link":"https:\/\/toensfeldt-modellbau.de\/?page_id=7175","title":{"rendered":"Grundplatte"},"content":{"rendered":"\n<p class=\"has-blue-color has-text-color\">TMV Grundplatte f\u00fcr den Tamiya Tow Truck oder Eigenbauten.<\/p>\n\n\n\n<figure class=\"wp-block-image size-full is-resized\"><a href=\"http:\/\/toensfeldt-modellbau.de\/wp-content\/uploads\/2023\/07\/GP-Messing-Lift.jpg\"><img loading=\"lazy\" decoding=\"async\" width=\"709\" height=\"421\" src=\"http:\/\/toensfeldt-modellbau.de\/wp-content\/uploads\/2023\/07\/GP-Messing-Lift.jpg\" alt=\"\" class=\"wp-image-7181\" style=\"width:670px;height:397px\" srcset=\"https:\/\/toensfeldt-modellbau.de\/wp-content\/uploads\/2023\/07\/GP-Messing-Lift.jpg 709w, https:\/\/toensfeldt-modellbau.de\/wp-content\/uploads\/2023\/07\/GP-Messing-Lift-300x178.jpg 300w\" sizes=\"auto, (max-width: 709px) 100vw, 709px\" \/><\/a><\/figure>\n\n\n\n<p>TMV Grundplatte und der Halter Sattelplatte sind aus Messing gelasert und verl\u00f6tet. Die Halter Sattelplatte haben vorne und hinter einen Anschlag das die Sattelplatte nicht nach vorne oder hinten weg kippen k\u00f6nnen. Distanzst\u00fccke unter der Grundplatte ( gleichen die H\u00f6he zwischen T-Balken und Lift Gelenk aus ) sind aus Messing Flach Material und mit der Grundplatte verschraubt. Steckbolzen aus Messing gedreht und gebohrt, f\u00fcr die Splinte. Die Grundplatte und die Splinte gibt es in Messing Natur oder verzinkt. Teilesatz Grundplatte: TMV Grundplatte, Steckbolzen und Splinte.<\/p>\n\n\n\n<figure class=\"wp-block-image size-full\"><a href=\"http:\/\/toensfeldt-modellbau.de\/wp-content\/uploads\/2023\/07\/GP-Verzinkt-050270.jpg\"><img loading=\"lazy\" decoding=\"async\" width=\"567\" height=\"505\" src=\"http:\/\/toensfeldt-modellbau.de\/wp-content\/uploads\/2023\/07\/GP-Verzinkt-050270.jpg\" alt=\"\" class=\"wp-image-7180\" srcset=\"https:\/\/toensfeldt-modellbau.de\/wp-content\/uploads\/2023\/07\/GP-Verzinkt-050270.jpg 567w, https:\/\/toensfeldt-modellbau.de\/wp-content\/uploads\/2023\/07\/GP-Verzinkt-050270-300x267.jpg 300w\" sizes=\"auto, (max-width: 567px) 100vw, 567px\" \/><\/a><\/figure>\n\n\n\n<p>TMV Grundplatte Verzinkt<\/p>\n\n\n\n<p>Technische Daten TMV Grundplatte:<\/p>\n\n\n\n<ul class=\"wp-block-list\">\n<li>L\u00e4ng: 60mm<\/li>\n\n\n\n<li>Breite: 20mm<\/li>\n\n\n\n<li>H\u00f6he: ca. 13mm<\/li>\n<\/ul>\n\n\n\n<p>Art. Nr. Bestelltext:<\/p>\n\n\n\n<ul class=\"wp-block-list\">\n<li>050270 TMV Grundplatte Gabelhalter Tow Truck Messing Verzinkt<\/li>\n<\/ul>\n\n\n\n<p>Herstellerdaten gem\u00e4s GPSR<\/p>\n\n\n\n<p>Olaf T\u00f6nsfeldt<br>T\u00f6nsfeldt Modellbau Vertrieb<br>Nobiskr\u00fcger Allee 20<br>24768 Rendsburg<\/p>\n\n\n\n<p><strong>Deutschland<\/strong><br>Tel.: 0049 (0 ) 43 31\/ 51 95<br>E-Mail an: tmv@toensfeldt-modellbau.de<\/p>\n\n\n\n<p class=\"has-blue-color has-text-color\">Die namentliche Nennung von Herstellern und Produkten erfolgt nur zum Zweck der eindeutigen Bezeichnung der Artikel der einzelnen Hersteller. Einige der auf dieser Internetseite genannten Produktnamen sind eingetragene Warenzeichen bzw. unterliegen dem Copyright der jeweiligen Eigent\u00fcmer.<\/p>\n","protected":false},"excerpt":{"rendered":"<p>TMV Grundplatte f\u00fcr den Tamiya Tow Truck oder Eigenbauten. TMV Grundplatte und der Halter Sattelplatte sind aus Messing gelasert und verl\u00f6tet. Die Halter Sattelplatte haben vorne und hinter einen Anschlag das die Sattelplatte nicht nach vorne oder hinten weg kippen &hellip; <a href=\"https:\/\/toensfeldt-modellbau.de\/?page_id=7175\">Weiterlesen <span class=\"meta-nav\">&rarr;<\/span><\/a><\/p>\n","protected":false},"author":2,"featured_media":0,"parent":0,"menu_order":0,"comment_status":"closed","ping_status":"closed","template":"","meta":{"footnotes":""},"class_list":["post-7175","page","type-page","status-publish","hentry"],"_links":{"self":[{"href":"https:\/\/toensfeldt-modellbau.de\/index.php?rest_route=\/wp\/v2\/pages\/7175","targetHints":{"allow":["GET"]}}],"collection":[{"href":"https:\/\/toensfeldt-modellbau.de\/index.php?rest_route=\/wp\/v2\/pages"}],"about":[{"href":"https:\/\/toensfeldt-modellbau.de\/index.php?rest_route=\/wp\/v2\/types\/page"}],"author":[{"embeddable":true,"href":"https:\/\/toensfeldt-modellbau.de\/index.php?rest_route=\/wp\/v2\/users\/2"}],"replies":[{"embeddable":true,"href":"https:\/\/toensfeldt-modellbau.de\/index.php?rest_route=%2Fwp%2Fv2%2Fcomments&post=7175"}],"version-history":[{"count":8,"href":"https:\/\/toensfeldt-modellbau.de\/index.php?rest_route=\/wp\/v2\/pages\/7175\/revisions"}],"predecessor-version":[{"id":7509,"href":"https:\/\/toensfeldt-modellbau.de\/index.php?rest_route=\/wp\/v2\/pages\/7175\/revisions\/7509"}],"wp:attachment":[{"href":"https:\/\/toensfeldt-modellbau.de\/index.php?rest_route=%2Fwp%2Fv2%2Fmedia&parent=7175"}],"curies":[{"name":"wp","href":"https:\/\/api.w.org\/{rel}","templated":true}]}}