{"id":7210,"date":"2023-07-11T18:00:11","date_gmt":"2023-07-11T16:00:11","guid":{"rendered":"https:\/\/toensfeldt-modellbau.de\/?page_id=7210"},"modified":"2026-04-08T15:00:56","modified_gmt":"2026-04-08T13:00:56","slug":"alufelgen-h50","status":"publish","type":"page","link":"https:\/\/toensfeldt-modellbau.de\/?page_id=7210","title":{"rendered":"GS H50 Alufelgen"},"content":{"rendered":"\n<figure class=\"wp-block-image size-full is-resized\"><a href=\"http:\/\/toensfeldt-modellbau.de\/wp-content\/uploads\/2023\/07\/Alufelgen-H50.jpg\"><img loading=\"lazy\" decoding=\"async\" width=\"709\" height=\"561\" src=\"http:\/\/toensfeldt-modellbau.de\/wp-content\/uploads\/2023\/07\/Alufelgen-H50.jpg\" alt=\"\" class=\"wp-image-7214\" style=\"width:670px;height:530px\" srcset=\"https:\/\/toensfeldt-modellbau.de\/wp-content\/uploads\/2023\/07\/Alufelgen-H50.jpg 709w, https:\/\/toensfeldt-modellbau.de\/wp-content\/uploads\/2023\/07\/Alufelgen-H50-300x237.jpg 300w\" sizes=\"auto, (max-width: 709px) 100vw, 709px\" \/><\/a><\/figure>\n\n\n\n<p>Alufegen Satz f\u00fcr Robbe Gabelstapler Linde H50<\/p>\n\n\n\n<ul class=\"wp-block-list\">\n<li>1:1 austauschbar gegen die Kunststoff Bausatz Felgen<\/li>\n\n\n\n<li>Kein runterspringen der Reifen mehr m\u00f6glich<\/li>\n\n\n\n<li>Originelles Design in Alu Optik &#8211; lackierbar &#8211; eloxierbar<\/li>\n\n\n\n<li>Zur Montage der Hinterachsfelgen werden die Bausatzkugellager verwendet (4 St\u00fcck werden ben\u00f6tigt) alternativ gibt es auch im Shop passende Kugellager, welche eingepresst werden m\u00fcssen.<\/li>\n\n\n\n<li>angepasst f\u00fcr die Bausatzreifen<\/li>\n\n\n\n<li>CNC-gedreht aus AW-7075<\/li>\n<\/ul>\n\n\n\n<figure class=\"wp-block-image size-full is-resized\"><a href=\"http:\/\/toensfeldt-modellbau.de\/wp-content\/uploads\/2023\/07\/Alufelgen-H50-2.jpg\"><img loading=\"lazy\" decoding=\"async\" width=\"567\" height=\"467\" src=\"http:\/\/toensfeldt-modellbau.de\/wp-content\/uploads\/2023\/07\/Alufelgen-H50-2.jpg\" alt=\"\" class=\"wp-image-7216\" style=\"width:567px;height:467px\" srcset=\"https:\/\/toensfeldt-modellbau.de\/wp-content\/uploads\/2023\/07\/Alufelgen-H50-2.jpg 567w, https:\/\/toensfeldt-modellbau.de\/wp-content\/uploads\/2023\/07\/Alufelgen-H50-2-300x247.jpg 300w\" sizes=\"auto, (max-width: 567px) 100vw, 567px\" \/><\/a><\/figure>\n\n\n\n<p>Bild zeigt Alufelgen Satz mit TMV Schrauben Satz Schwarz br\u00fcniert.<\/p>\n\n\n\n<p>Der TMV Schrauben Satz f\u00fcr Alufelgen Satz besteht aus 48 Modellsechkant Schrauben aus Messing die schwarz br\u00fcniert oder verzinkt wurden ( derzeit nur br\u00fcniert verf\u00fcgbar ).<\/p>\n\n\n\n<figure class=\"wp-block-image size-full\"><a href=\"http:\/\/toensfeldt-modellbau.de\/wp-content\/uploads\/2023\/07\/Schraubensatz-mit-Felgen-1.jpg\"><img loading=\"lazy\" decoding=\"async\" width=\"709\" height=\"737\" src=\"http:\/\/toensfeldt-modellbau.de\/wp-content\/uploads\/2023\/07\/Schraubensatz-mit-Felgen-1.jpg\" alt=\"\" class=\"wp-image-7212\" srcset=\"https:\/\/toensfeldt-modellbau.de\/wp-content\/uploads\/2023\/07\/Schraubensatz-mit-Felgen-1.jpg 709w, https:\/\/toensfeldt-modellbau.de\/wp-content\/uploads\/2023\/07\/Schraubensatz-mit-Felgen-1-289x300.jpg 289w\" sizes=\"auto, (max-width: 709px) 100vw, 709px\" \/><\/a><\/figure>\n\n\n\n<figure class=\"wp-block-image size-full\"><a href=\"http:\/\/toensfeldt-modellbau.de\/wp-content\/uploads\/2023\/07\/Schraubensatz-mit-Felgen-3-Intt.jpg\"><img loading=\"lazy\" decoding=\"async\" width=\"709\" height=\"797\" src=\"http:\/\/toensfeldt-modellbau.de\/wp-content\/uploads\/2023\/07\/Schraubensatz-mit-Felgen-3-Intt.jpg\" alt=\"\" class=\"wp-image-7213\" srcset=\"https:\/\/toensfeldt-modellbau.de\/wp-content\/uploads\/2023\/07\/Schraubensatz-mit-Felgen-3-Intt.jpg 709w, https:\/\/toensfeldt-modellbau.de\/wp-content\/uploads\/2023\/07\/Schraubensatz-mit-Felgen-3-Intt-267x300.jpg 267w\" sizes=\"auto, (max-width: 709px) 100vw, 709px\" \/><\/a><\/figure>\n\n\n\n<p>Art. Nr. Bestelltext Alufegen Robbe H50<\/p>\n\n\n\n<ul class=\"wp-block-list\">\n<li>020536 Alufelgen Satz Robbe Stapler Linde H50<\/li>\n\n\n\n<li>020537TMV Schrauben Satz Alufelgen Robbe Stapler Linde H50 Schwarz<\/li>\n\n\n\n<li>020538 TMV Schrauben Satz Alufelgen Robbe Stapler Linde H50 Verzinkt in Vorbereitung<\/li>\n<\/ul>\n\n\n\n<p><mark style=\"background-color:rgba(0, 0, 0, 0)\" class=\"has-inline-color has-blue-color\">Die namentliche Nennung von Herstellern und Produkten erfolgt nur zum Zweck der eindeutigen Bezeichnung der Artikel der einzelnen Hersteller. Einige der auf dieser Internetseite genannten Produktnamen sind eingetragene Warenzeichen bzw. unterliegen dem Copyright der jeweiligen Eigent\u00fcmer.<\/mark><\/p>\n\n\n\n<p>Herstellerdaten gem\u00e4s GPSR<\/p>\n\n\n\n<p>Heiko Sch\u00f6nemann<br>Modelltechnik Sch\u00f6nemann<br>Schulstra\u00dfe 16<br>72829 Engstingen<\/p>\n\n\n\n<p><strong>Deutschland<\/strong><\/p>\n\n\n\n<p>Tel.: 01713290003<br>E-Mail: info@modelltechnik-schoenemann.de<\/p>\n","protected":false},"excerpt":{"rendered":"<p>Alufegen Satz f\u00fcr Robbe Gabelstapler Linde H50 Bild zeigt Alufelgen Satz mit TMV Schrauben Satz Schwarz br\u00fcniert. Der TMV Schrauben Satz f\u00fcr Alufelgen Satz besteht aus 48 Modellsechkant Schrauben aus Messing die schwarz br\u00fcniert oder verzinkt wurden ( derzeit nur &hellip; <a href=\"https:\/\/toensfeldt-modellbau.de\/?page_id=7210\">Weiterlesen <span class=\"meta-nav\">&rarr;<\/span><\/a><\/p>\n","protected":false},"author":2,"featured_media":0,"parent":0,"menu_order":0,"comment_status":"closed","ping_status":"closed","template":"","meta":{"footnotes":""},"class_list":["post-7210","page","type-page","status-publish","hentry"],"_links":{"self":[{"href":"https:\/\/toensfeldt-modellbau.de\/index.php?rest_route=\/wp\/v2\/pages\/7210","targetHints":{"allow":["GET"]}}],"collection":[{"href":"https:\/\/toensfeldt-modellbau.de\/index.php?rest_route=\/wp\/v2\/pages"}],"about":[{"href":"https:\/\/toensfeldt-modellbau.de\/index.php?rest_route=\/wp\/v2\/types\/page"}],"author":[{"embeddable":true,"href":"https:\/\/toensfeldt-modellbau.de\/index.php?rest_route=\/wp\/v2\/users\/2"}],"replies":[{"embeddable":true,"href":"https:\/\/toensfeldt-modellbau.de\/index.php?rest_route=%2Fwp%2Fv2%2Fcomments&post=7210"}],"version-history":[{"count":4,"href":"https:\/\/toensfeldt-modellbau.de\/index.php?rest_route=\/wp\/v2\/pages\/7210\/revisions"}],"predecessor-version":[{"id":8114,"href":"https:\/\/toensfeldt-modellbau.de\/index.php?rest_route=\/wp\/v2\/pages\/7210\/revisions\/8114"}],"wp:attachment":[{"href":"https:\/\/toensfeldt-modellbau.de\/index.php?rest_route=%2Fwp%2Fv2%2Fmedia&parent=7210"}],"curies":[{"name":"wp","href":"https:\/\/api.w.org\/{rel}","templated":true}]}}