{"id":7236,"date":"2023-09-06T15:34:27","date_gmt":"2023-09-06T13:34:27","guid":{"rendered":"https:\/\/toensfeldt-modellbau.de\/?page_id=7236"},"modified":"2025-07-15T15:43:59","modified_gmt":"2025-07-15T13:43:59","slug":"zurrgurte-funkzional","status":"publish","type":"page","link":"https:\/\/toensfeldt-modellbau.de\/?page_id=7236","title":{"rendered":"Zurrgurte Funkzional"},"content":{"rendered":"\n<figure class=\"wp-block-image size-full is-resized\"><a href=\"http:\/\/toensfeldt-modellbau.de\/wp-content\/uploads\/2023\/09\/3-Zurrgurte-Int.jpg\"><img loading=\"lazy\" decoding=\"async\" width=\"709\" height=\"376\" src=\"http:\/\/toensfeldt-modellbau.de\/wp-content\/uploads\/2023\/09\/3-Zurrgurte-Int.jpg\" alt=\"\" class=\"wp-image-7235\" style=\"width:670px;height:355px\" srcset=\"https:\/\/toensfeldt-modellbau.de\/wp-content\/uploads\/2023\/09\/3-Zurrgurte-Int.jpg 709w, https:\/\/toensfeldt-modellbau.de\/wp-content\/uploads\/2023\/09\/3-Zurrgurte-Int-300x159.jpg 300w\" sizes=\"auto, (max-width: 709px) 100vw, 709px\" \/><\/a><\/figure>\n\n\n\n<p>TMV funktionsf\u00e4hige Zurrgurte<\/p>\n\n\n\n<p>Die Ratschen der neuen TMV Zurrgurte sind aus VA gelasert, gekantet und mit kleinen Federn versehen. Mit einer Messingh\u00fclse ist der Handgriff abgerundet. Das jeweilige Originalband (urspr\u00fcnglich von einer Niete zusammengehalten), wurde durch ein neues 5 mm breites Band ersetzt. Zurrratsche und die Haken sind mit den B\u00e4ndern vern\u00e4ht. Zudem wurde ein blauer oder roter Streifen mit eingebracht, auf dem im Original die Daten des Zurrgurtes verzeichnet sind. Das lange Band hat eine L\u00e4nge von 45 cm, was im Original ein 6-m-Zurrgurt entspr\u00e4che. Bei der Zurrratsche und dem Haken ist die Bandl\u00e4nge 3,5 cm, entsprechend 0,50 m im Original. Die Zurrratsche funktioniert beim Spannen und L\u00f6sen wie das Original. Die TMV Zurrgurte gibt es in den Farben Orange, Blau und Rot. Mit diesen Zurrgurten erhalten die Modelle eine weitere detaillierte und originalgetreue Aufwertung.<\/p>\n\n\n\n<figure class=\"wp-block-image size-full is-resized\"><a href=\"http:\/\/toensfeldt-modellbau.de\/wp-content\/uploads\/2023\/09\/Zurrgurt-Orange-1.jpg\"><img loading=\"lazy\" decoding=\"async\" width=\"567\" height=\"454\" src=\"http:\/\/toensfeldt-modellbau.de\/wp-content\/uploads\/2023\/09\/Zurrgurt-Orange-1.jpg\" alt=\"\" class=\"wp-image-7233\" style=\"width:670px;height:454px\" srcset=\"https:\/\/toensfeldt-modellbau.de\/wp-content\/uploads\/2023\/09\/Zurrgurt-Orange-1.jpg 567w, https:\/\/toensfeldt-modellbau.de\/wp-content\/uploads\/2023\/09\/Zurrgurt-Orange-1-300x240.jpg 300w\" sizes=\"auto, (max-width: 567px) 100vw, 567px\" \/><\/a><\/figure>\n\n\n\n<p>TMV Zurrgurt Orange mit 45 cm Band l\u00e4nge<\/p>\n\n\n\n<figure class=\"wp-block-image size-full is-resized\"><a href=\"http:\/\/toensfeldt-modellbau.de\/wp-content\/uploads\/2023\/09\/Zurrgurt-Blau-1.jpg\"><img loading=\"lazy\" decoding=\"async\" width=\"567\" height=\"415\" src=\"http:\/\/toensfeldt-modellbau.de\/wp-content\/uploads\/2023\/09\/Zurrgurt-Blau-1.jpg\" alt=\"\" class=\"wp-image-7230\" style=\"width:670px;height:415px\" srcset=\"https:\/\/toensfeldt-modellbau.de\/wp-content\/uploads\/2023\/09\/Zurrgurt-Blau-1.jpg 567w, https:\/\/toensfeldt-modellbau.de\/wp-content\/uploads\/2023\/09\/Zurrgurt-Blau-1-300x220.jpg 300w\" sizes=\"auto, (max-width: 567px) 100vw, 567px\" \/><\/a><\/figure>\n\n\n\n<p>TMV Zurrgurt Blau mit 45 cm Band l\u00e4nge<\/p>\n\n\n\n<figure class=\"wp-block-image size-full is-resized\"><a href=\"http:\/\/toensfeldt-modellbau.de\/wp-content\/uploads\/2023\/09\/Zurrgurt-Rot-1.jpg\"><img loading=\"lazy\" decoding=\"async\" width=\"567\" height=\"541\" src=\"http:\/\/toensfeldt-modellbau.de\/wp-content\/uploads\/2023\/09\/Zurrgurt-Rot-1.jpg\" alt=\"\" class=\"wp-image-7234\" style=\"width:670px;height:541px\" srcset=\"https:\/\/toensfeldt-modellbau.de\/wp-content\/uploads\/2023\/09\/Zurrgurt-Rot-1.jpg 567w, https:\/\/toensfeldt-modellbau.de\/wp-content\/uploads\/2023\/09\/Zurrgurt-Rot-1-300x286.jpg 300w\" sizes=\"auto, (max-width: 567px) 100vw, 567px\" \/><\/a><\/figure>\n\n\n\n<p>TMV Zurrgurt Rot mit 45 cm Band l\u00e4nge<\/p>\n\n\n\n<figure class=\"wp-block-image size-full is-resized\"><a href=\"http:\/\/toensfeldt-modellbau.de\/wp-content\/uploads\/2023\/09\/Zurrgurt-Blau-2.jpg\"><img loading=\"lazy\" decoding=\"async\" width=\"567\" height=\"454\" src=\"http:\/\/toensfeldt-modellbau.de\/wp-content\/uploads\/2023\/09\/Zurrgurt-Blau-2.jpg\" alt=\"\" class=\"wp-image-7231\" style=\"width:670px;height:454px\" srcset=\"https:\/\/toensfeldt-modellbau.de\/wp-content\/uploads\/2023\/09\/Zurrgurt-Blau-2.jpg 567w, https:\/\/toensfeldt-modellbau.de\/wp-content\/uploads\/2023\/09\/Zurrgurt-Blau-2-300x240.jpg 300w\" sizes=\"auto, (max-width: 567px) 100vw, 567px\" \/><\/a><\/figure>\n\n\n\n<p>Absofort sind die Zurrgurte auch in einer L\u00e4nge von 72 cm, entspricht im Orginal 10 m, zu haben so wie gegen aufpreis sind Sonder L\u00e4ngen in Rot, Blau und Orange m\u00f6glich ! <\/p>\n\n\n\n<p>Technische Daten Ratsche:<\/p>\n\n\n\n<ul class=\"wp-block-list\">\n<li>Breite Griff: ca. 13 mm<\/li>\n\n\n\n<li>L\u00e4nge \u00fcberalles ge\u00f6fnit: ca. 38 mm<\/li>\n\n\n\n<li>Tiefe: ca. 6 mm<\/li>\n<\/ul>\n\n\n\n<p>Technische Daten Band Kurz:<\/p>\n\n\n\n<ul class=\"wp-block-list\">\n<li>L\u00e4nge: 3,5 cm<\/li>\n\n\n\n<li>Breite 0,5 cm<\/li>\n<\/ul>\n\n\n\n<p>Technische Daten Band 45 cm Lang:<\/p>\n\n\n\n<ul class=\"wp-block-list\">\n<li>L\u00e4nge: 45 cm<\/li>\n\n\n\n<li>Breite: 0,5 cm<\/li>\n<\/ul>\n\n\n\n<p>Technische Daten Band 72  cm Lang:<\/p>\n\n\n\n<ul class=\"wp-block-list\">\n<li>L\u00e4nge: 72 cm<\/li>\n\n\n\n<li>Breite: 0,5 cm<\/li>\n<\/ul>\n\n\n\n<p>Art. Nr. Bestelltext:<\/p>\n\n\n\n<ul class=\"wp-block-list\">\n<li>030090 TMV Zurrgurt Funkzional 45 cm Orange<\/li>\n\n\n\n<li>030091 TMV Zurrgurt Funkzional 45 cm Blau<\/li>\n\n\n\n<li>030092 TMV Zurrgurt Funkzional 45 cm Rot<\/li>\n\n\n\n<li>030093 TMV Zurrgurt Funkzional 72 cm Orange<\/li>\n\n\n\n<li>030094 TMV Zurrgurt Funkzional 72 cm Blau<\/li>\n\n\n\n<li>030095 TMV Zurrgurt Funkzional 72 cm Rot<\/li>\n\n\n\n<li>030096 TMV Zurrgurt Funkzional Sonder<\/li>\n\n\n\n<li>030097 TMV Zurrgurt Funkzional 45 cm Schwarz<\/li>\n\n\n\n<li>030098 TMV Zurrgurt Funkzional 72 cm Schwarz<\/li>\n<\/ul>\n\n\n\n<figure class=\"wp-block-image size-full\"><a href=\"http:\/\/toensfeldt-modellbau.de\/wp-content\/uploads\/2024\/07\/1-Platz-2024.jpg\"><img loading=\"lazy\" decoding=\"async\" width=\"283\" height=\"405\" src=\"http:\/\/toensfeldt-modellbau.de\/wp-content\/uploads\/2024\/07\/1-Platz-2024.jpg\" alt=\"\" class=\"wp-image-7411\" srcset=\"https:\/\/toensfeldt-modellbau.de\/wp-content\/uploads\/2024\/07\/1-Platz-2024.jpg 283w, https:\/\/toensfeldt-modellbau.de\/wp-content\/uploads\/2024\/07\/1-Platz-2024-210x300.jpg 210w\" sizes=\"auto, (max-width: 283px) 100vw, 283px\" \/><\/a><\/figure>\n\n\n\n<p>Herstellerdaten gem\u00e4s GPSR<\/p>\n\n\n\n<p>Olaf T\u00f6nsfeldt<br>T\u00f6nsfeldt Modellbau Vertrieb<br>Nobiskr\u00fcger Allee 20<br>24768 Rendsburg<\/p>\n\n\n\n<p><strong>Deutschland<\/strong><br>Tel.: 0049 (0 ) 43 31\/ 51 95<br>E-Mail an: <a href=\"mailto:tmv@toensfeldt-modellbau.de\">tmv@toensfeldt-modellbau.de<\/a><\/p>\n","protected":false},"excerpt":{"rendered":"<p>TMV funktionsf\u00e4hige Zurrgurte Die Ratschen der neuen TMV Zurrgurte sind aus VA gelasert, gekantet und mit kleinen Federn versehen. Mit einer Messingh\u00fclse ist der Handgriff abgerundet. Das jeweilige Originalband (urspr\u00fcnglich von einer Niete zusammengehalten), wurde durch ein neues 5 mm &hellip; <a href=\"https:\/\/toensfeldt-modellbau.de\/?page_id=7236\">Weiterlesen <span class=\"meta-nav\">&rarr;<\/span><\/a><\/p>\n","protected":false},"author":2,"featured_media":0,"parent":0,"menu_order":0,"comment_status":"closed","ping_status":"closed","template":"","meta":{"footnotes":""},"class_list":["post-7236","page","type-page","status-publish","hentry"],"_links":{"self":[{"href":"https:\/\/toensfeldt-modellbau.de\/index.php?rest_route=\/wp\/v2\/pages\/7236","targetHints":{"allow":["GET"]}}],"collection":[{"href":"https:\/\/toensfeldt-modellbau.de\/index.php?rest_route=\/wp\/v2\/pages"}],"about":[{"href":"https:\/\/toensfeldt-modellbau.de\/index.php?rest_route=\/wp\/v2\/types\/page"}],"author":[{"embeddable":true,"href":"https:\/\/toensfeldt-modellbau.de\/index.php?rest_route=\/wp\/v2\/users\/2"}],"replies":[{"embeddable":true,"href":"https:\/\/toensfeldt-modellbau.de\/index.php?rest_route=%2Fwp%2Fv2%2Fcomments&post=7236"}],"version-history":[{"count":4,"href":"https:\/\/toensfeldt-modellbau.de\/index.php?rest_route=\/wp\/v2\/pages\/7236\/revisions"}],"predecessor-version":[{"id":7820,"href":"https:\/\/toensfeldt-modellbau.de\/index.php?rest_route=\/wp\/v2\/pages\/7236\/revisions\/7820"}],"wp:attachment":[{"href":"https:\/\/toensfeldt-modellbau.de\/index.php?rest_route=%2Fwp%2Fv2%2Fmedia&parent=7236"}],"curies":[{"name":"wp","href":"https:\/\/api.w.org\/{rel}","templated":true}]}}