{"id":7255,"date":"2024-01-16T10:14:15","date_gmt":"2024-01-16T08:14:15","guid":{"rendered":"https:\/\/toensfeldt-modellbau.de\/?page_id=7255"},"modified":"2025-03-08T12:45:37","modified_gmt":"2025-03-08T10:45:37","slug":"ladegeraet-2","status":"publish","type":"page","link":"https:\/\/toensfeldt-modellbau.de\/?page_id=7255","title":{"rendered":"Ladeger\u00e4t"},"content":{"rendered":"\n<p>Steckerladeger\u00e4t f\u00fcr 4-zellige NiMH-Akku-Packs.<\/p>\n\n\n\n<figure class=\"wp-block-image size-full is-resized\"><a href=\"http:\/\/toensfeldt-modellbau.de\/wp-content\/uploads\/2023\/12\/STL62-Int.jpg\"><img loading=\"lazy\" decoding=\"async\" width=\"567\" height=\"498\" src=\"http:\/\/toensfeldt-modellbau.de\/wp-content\/uploads\/2023\/12\/STL62-Int.jpg\" alt=\"\" class=\"wp-image-7250\" style=\"width:670px;height:auto\" srcset=\"https:\/\/toensfeldt-modellbau.de\/wp-content\/uploads\/2023\/12\/STL62-Int.jpg 567w, https:\/\/toensfeldt-modellbau.de\/wp-content\/uploads\/2023\/12\/STL62-Int-300x263.jpg 300w\" sizes=\"auto, (max-width: 567px) 100vw, 567px\" \/><\/a><\/figure>\n\n\n\n<p>Beschreibung STL62<\/p>\n\n\n\n<p>Das STL62 ist ein Steckerladeger\u00e4t f\u00fcr 4-zellige NiMH-Akku-Packs. Durch die Aufteilung in Netzteil und abgesetzter Ladeelektronik (l\u00e4ngliches, schwarzes Geh\u00e4use) ist es sehr betriebssicher.<br>Es l\u00e4dt mit einem maximalen Strom von 200 mA und ist ideal geeignet f\u00fcr Akkuzellen mit 2000 mAh Kapazit\u00e4t, wie z. B. die beliebten eneloop-AA-Zellen.<br>Durch den moderaten Ladestrom \u00fcberl\u00e4dt es diese Zellen nicht und kann gefahrlos unbeaufsichtigt gelassen werden.<br>Als besonderes High-Light besitzt es eine Ladeschlusserkennung: Die rote Kontroll-LED erlischt, wenn der Akku-Pack voll ist!<br>Technische Daten:<\/p>\n\n\n\n<ul class=\"wp-block-list\">\n<li>Ausgangsspannung: 5,9 Volt (+-2%)<\/li>\n\n\n\n<li>Ladestrom: max. 200 mA (+-10%)<\/li>\n\n\n\n<li>Ausgang kurzschlussfest<\/li>\n\n\n\n<li>Ladeschlussmeldung durch erl\u00f6schende LED<\/li>\n\n\n\n<li>zus\u00e4tzliche Netzbetriebsanzeige am Steckernetzteil (LED)<\/li>\n\n\n\n<li>Steckernetzteil einer namhaften deutschen Marke<\/li>\n<\/ul>\n\n\n\n<p>Wichtige Hinweise:<\/p>\n\n\n\n<ul class=\"wp-block-list\">\n<li>Das Ladeger\u00e4t ist kein normales Netzteil, es sollte nur f\u00fcr den Zweck des Ladens von 4-zelligen NiMH-Akkus verwendet werden! Andere Akku-Typen bzw. Zellzahlen d\u00fcrfen damit nicht geladen werden!!<\/li>\n\n\n\n<li>Der Ausgang ist kurzschlussfest, allerdings kann der Ladeteil bei dauerhaftem Kurzschluss hei\u00df werden! Bitte daher unbedingt sicherstellen, dass der Ausgang nicht \u00fcberlastet wird!<\/li>\n\n\n\n<li>Im (g\u00fcltigen) Ladebetrieb kann sich der Ladeteil leicht erw\u00e4rmen, das ist normal. Sollte der Ladeteil jedoch hei\u00df werden, bitte sofort das Laden beenden und das Netzteil aus der Steckdose ziehen!<br>Pr\u00fcfen Sie, ob der zu ladende Akku defekt ist, bzw. ob es einen Kurzschluss gegeben hat. Falls beides auszuschlie\u00dfen ist, liegt vermutlich ein Defekt an der Elektronik vor.<br>Setzen Sie sich in diesem Fall bitte mit Ihrem H\u00e4ndler in Verbindung.<\/li>\n\n\n\n<li>Das Netzteil kann leise sirrende Ger\u00e4usche von sich geben, auch das ist normal und kein Grund zur Reklamation!<\/li>\n\n\n\n<li>Nach erl\u00f6schen der Lade-LED flie\u00dft weiterhin ein geringer Restrom in den Akku (&#8222;Tr\u00f6pfchen-Ladung&#8220;). Der Ladeausgang wird nicht vom Akku getrennt!<\/li>\n<\/ul>\n\n\n\n<p>Art. Nr. Bestelltext:<\/p>\n\n\n\n<p>100060 Ladeger\u00e4t STL62<\/p>\n\n\n\n<p>Herstellerdaten gem\u00e4s GPSR<\/p>\n\n\n\n<p>Olaf T\u00f6nsfeldt<br>T\u00f6nsfeldt Modellbau Vertrieb<br>Nobiskr\u00fcger Allee 20<br>24768 Rendsburg<\/p>\n\n\n\n<p><strong>Deutschland<\/strong><br>Tel.: 0049 (0 ) 43 31\/ 51 95<br>E-Mail an: <a href=\"mailto:tmv@toensfeldt-modellbau.de\">tmv@toensfeldt-modellbau.de<\/a><\/p>\n","protected":false},"excerpt":{"rendered":"<p>Steckerladeger\u00e4t f\u00fcr 4-zellige NiMH-Akku-Packs. Beschreibung STL62 Das STL62 ist ein Steckerladeger\u00e4t f\u00fcr 4-zellige NiMH-Akku-Packs. Durch die Aufteilung in Netzteil und abgesetzter Ladeelektronik (l\u00e4ngliches, schwarzes Geh\u00e4use) ist es sehr betriebssicher.Es l\u00e4dt mit einem maximalen Strom von 200 mA und ist ideal &hellip; <a href=\"https:\/\/toensfeldt-modellbau.de\/?page_id=7255\">Weiterlesen <span class=\"meta-nav\">&rarr;<\/span><\/a><\/p>\n","protected":false},"author":2,"featured_media":0,"parent":0,"menu_order":0,"comment_status":"closed","ping_status":"closed","template":"","meta":{"footnotes":""},"class_list":["post-7255","page","type-page","status-publish","hentry"],"_links":{"self":[{"href":"https:\/\/toensfeldt-modellbau.de\/index.php?rest_route=\/wp\/v2\/pages\/7255","targetHints":{"allow":["GET"]}}],"collection":[{"href":"https:\/\/toensfeldt-modellbau.de\/index.php?rest_route=\/wp\/v2\/pages"}],"about":[{"href":"https:\/\/toensfeldt-modellbau.de\/index.php?rest_route=\/wp\/v2\/types\/page"}],"author":[{"embeddable":true,"href":"https:\/\/toensfeldt-modellbau.de\/index.php?rest_route=\/wp\/v2\/users\/2"}],"replies":[{"embeddable":true,"href":"https:\/\/toensfeldt-modellbau.de\/index.php?rest_route=%2Fwp%2Fv2%2Fcomments&post=7255"}],"version-history":[{"count":3,"href":"https:\/\/toensfeldt-modellbau.de\/index.php?rest_route=\/wp\/v2\/pages\/7255\/revisions"}],"predecessor-version":[{"id":7623,"href":"https:\/\/toensfeldt-modellbau.de\/index.php?rest_route=\/wp\/v2\/pages\/7255\/revisions\/7623"}],"wp:attachment":[{"href":"https:\/\/toensfeldt-modellbau.de\/index.php?rest_route=%2Fwp%2Fv2%2Fmedia&parent=7255"}],"curies":[{"name":"wp","href":"https:\/\/api.w.org\/{rel}","templated":true}]}}