{"id":73,"date":"2013-11-21T13:33:10","date_gmt":"2013-11-21T11:33:10","guid":{"rendered":"http:\/\/toensfeldt-modellbau.de\/?page_id=73"},"modified":"2025-03-02T12:23:27","modified_gmt":"2025-03-02T10:23:27","slug":"gliederzugfahrgestelle-2","status":"publish","type":"page","link":"https:\/\/toensfeldt-modellbau.de\/?page_id=73","title":{"rendered":"Gliederzugfahrgestelle"},"content":{"rendered":"<p><img loading=\"lazy\" decoding=\"async\" class=\"size-full wp-image-75 alignleft\" src=\"http:\/\/toensfeldt-modellbau.de\/wp-content\/uploads\/2013\/11\/G5305A1-300x150.jpg\" alt=\"G5305A1-300x150\" width=\"300\" height=\"150\" \/>Funktionsmodelle im Ma\u00dfstab 1:16<\/p>\n<p><strong><em><span style=\"color: #ff0000;\">Gliederzugmaschine 530 mm der Rahmen ist ausverkauft !<br \/>\n<\/span><\/em><\/strong><\/p>\n<ul>\n<li>Fahrgestell f\u00fcr Gliederzugmaschinen mit bis zu 5 Achsen, kann aber auch als Sattellzugmaschiene aufgebaut werden. Rahmen aus gelaserten Stahlblech 1,0 mm, zum C &#8211; Profil weiterverarbeitet und Pulverbeschichtet. Ohne Achsen, Reifen, Felgen, Sto\u00dfstange und Fahrerhaus.<\/li>\n<\/ul>\n<p><img loading=\"lazy\" decoding=\"async\" class=\"alignnone size-full wp-image-75\" src=\"http:\/\/toensfeldt-modellbau.de\/wp-content\/uploads\/2013\/11\/G5305A1-300x150.jpg\" alt=\"G5305A1-300x150\" width=\"300\" height=\"150\" \/><\/p>\n<p>Technische Daten :<\/p>\n<ul>\n<li>L\u00e4nge : ca. 530 mm<\/li>\n<li>Breite : ca. 60 mm<\/li>\n<li>H\u00f6he : ca. 20 mm<\/li>\n<\/ul>\n<p>Art. Nr.: Bestelltext:<\/p>\n<ul>\n<li><span style=\"color: #ff0000;\">0<\/span><span style=\"color: #ff0000;\">00000<\/span> Gliederzug., 530, Anthrazit <span style=\"color: #0000ff;\">Ausverkauft<\/span><\/li>\n<li><span style=\"color: #ff0000;\">000000<\/span> Gliederzug., 530, Schwarz <span style=\"color: #0000ff;\">Ausverkauft<\/span><\/li>\n<li><span style=\"color: #ff0000;\">000000<\/span> Gliederzug., 530, Natur <span style=\"color: #0000ff;\">Ausverkauft<\/span><\/li>\n<\/ul>\n<p><strong><em><span style=\"color: #ff0000;\">Gliederzugmaschine 590 mm<\/span><\/em><\/strong><\/p>\n<ul>\n<li>Fahrgestell f\u00fcr Gliederzugmaschinen mit bis zu 5 Achsen, kann aber auch als Sattelzugmaschine aufgebaut werden. Rahmen aus gelaserten Stahlblech 1,0 mm, zum C &#8211; Profil weiterverarbeitet und pulverbeschichtet. Ohne Achsen, Reifen und Felgen.<\/li>\n<\/ul>\n<p><img loading=\"lazy\" decoding=\"async\" class=\"alignnone size-full wp-image-76\" src=\"http:\/\/toensfeldt-modellbau.de\/wp-content\/uploads\/2013\/11\/g5905a1-300x93.jpg\" alt=\"g5905a1-300x93\" width=\"300\" height=\"93\" \/><\/p>\n<p>Technische Daten :<\/p>\n<ul>\n<li>L\u00e4nge : ca. 590 mm<\/li>\n<li>Breite : ca. 60 mm<\/li>\n<li>H\u00f6he : ca. 20 mm<\/li>\n<\/ul>\n<p>Art. Nr.: Bestelltext:<\/p>\n<ul>\n<li><span style=\"color: #ff0000;\">020039<\/span> Gliederzug., 590, Anthrazit<\/li>\n<li><span style=\"color: #ff0000;\">020040<\/span> Gliederzug., 590, Schwarz<\/li>\n<li><span style=\"color: #ff0000;\">020041<\/span> Gliederzug., 590, Natur<\/li>\n<\/ul>\n<p><strong><em><span style=\"color: #ff0000;\">Montagesatz mit Kippvorrichtung<\/span><\/em><\/strong><\/p>\n<p><img loading=\"lazy\" decoding=\"async\" class=\"alignnone size-full wp-image-66\" src=\"http:\/\/toensfeldt-modellbau.de\/wp-content\/uploads\/2013\/11\/MONTAG-1.jpg\" alt=\"MONTAG-1\" width=\"198\" height=\"116\" \/><\/p>\n<ul>\n<li>F\u00fcr BRUDER-F\u00fchrerh\u00e4user MB ACTORS, MAM TGA L und MAN TGA LX. Dient zur Anbindung des F\u00fchrerhauses sowohl f\u00fcr den TMV-C-Profil- als auch f\u00fcr den WEDICO-Standardrahmen.<\/li>\n<\/ul>\n<p>Art. Nr.: Bestelltext:<\/p>\n<ul>\n<li><span style=\"color: #ff0000;\">020016<\/span> Montagesatz, natur<\/li>\n<li><span style=\"color: #ff0000;\">020021<\/span> Montagesatz, anthrazit<\/li>\n<li><span style=\"color: #ff0000;\">020022<\/span> Montagesatz, schwarz<\/li>\n<\/ul>\n<p><span style=\"font-size: medium;\">Herstellerdaten gem\u00e4s GPSR<\/span><\/p>\n<p><span style=\"font-size: medium;\">Olaf T\u00f6nsfeldt<br \/>\nT\u00f6nsfeldt <span style=\"color: #000000;\">Modellbau Vertrieb<\/span><span style=\"color: #ff0000;\"><span style=\"font-family: Arial, Helvetica, sans-serif;\"><br \/>\n<\/span><\/span>Nobiskr\u00fcger Allee 20<span style=\"font-family: Arial, Helvetica, sans-serif;\"><br \/>\n<\/span>24768 Rendsburg<\/span><\/p>\n<p><strong><span style=\"font-size: medium;\">Deutschland<\/span><\/strong><span style=\"font-size: medium;\"><br \/>\nTel.: 0049 (0 ) 43 31\/ 51 95<br \/>\nE-Mail an: <a href=\"mailto:tmv@toensfeldt-modellbau.de\">tmv@toensfeldt-modellbau.de<\/a><\/span><\/p>\n","protected":false},"excerpt":{"rendered":"<p>Funktionsmodelle im Ma\u00dfstab 1:16 Gliederzugmaschine 530 mm der Rahmen ist ausverkauft ! Fahrgestell f\u00fcr Gliederzugmaschinen mit bis zu 5 Achsen, kann aber auch als Sattellzugmaschiene aufgebaut werden. Rahmen aus gelaserten Stahlblech 1,0 mm, zum C &#8211; Profil weiterverarbeitet und Pulverbeschichtet. &hellip; <a href=\"https:\/\/toensfeldt-modellbau.de\/?page_id=73\">Weiterlesen <span class=\"meta-nav\">&rarr;<\/span><\/a><\/p>\n","protected":false},"author":3,"featured_media":0,"parent":60,"menu_order":2,"comment_status":"closed","ping_status":"closed","template":"","meta":{"footnotes":""},"class_list":["post-73","page","type-page","status-publish","hentry"],"_links":{"self":[{"href":"https:\/\/toensfeldt-modellbau.de\/index.php?rest_route=\/wp\/v2\/pages\/73","targetHints":{"allow":["GET"]}}],"collection":[{"href":"https:\/\/toensfeldt-modellbau.de\/index.php?rest_route=\/wp\/v2\/pages"}],"about":[{"href":"https:\/\/toensfeldt-modellbau.de\/index.php?rest_route=\/wp\/v2\/types\/page"}],"author":[{"embeddable":true,"href":"https:\/\/toensfeldt-modellbau.de\/index.php?rest_route=\/wp\/v2\/users\/3"}],"replies":[{"embeddable":true,"href":"https:\/\/toensfeldt-modellbau.de\/index.php?rest_route=%2Fwp%2Fv2%2Fcomments&post=73"}],"version-history":[{"count":11,"href":"https:\/\/toensfeldt-modellbau.de\/index.php?rest_route=\/wp\/v2\/pages\/73\/revisions"}],"predecessor-version":[{"id":7554,"href":"https:\/\/toensfeldt-modellbau.de\/index.php?rest_route=\/wp\/v2\/pages\/73\/revisions\/7554"}],"up":[{"embeddable":true,"href":"https:\/\/toensfeldt-modellbau.de\/index.php?rest_route=\/wp\/v2\/pages\/60"}],"wp:attachment":[{"href":"https:\/\/toensfeldt-modellbau.de\/index.php?rest_route=%2Fwp%2Fv2%2Fmedia&parent=73"}],"curies":[{"name":"wp","href":"https:\/\/api.w.org\/{rel}","templated":true}]}}