{"id":7303,"date":"2024-05-04T10:33:18","date_gmt":"2024-05-04T08:33:18","guid":{"rendered":"https:\/\/toensfeldt-modellbau.de\/?page_id=7303"},"modified":"2026-04-08T17:03:30","modified_gmt":"2026-04-08T15:03:30","slug":"gs-ersatzteile","status":"publish","type":"page","link":"https:\/\/toensfeldt-modellbau.de\/?page_id=7303","title":{"rendered":"GS H50 Reifen"},"content":{"rendered":"\n<p><strong><em>Reifen Orginal von Robbe f\u00fcr Gabelstapler Linde H50<\/em><\/strong><\/p>\n\n\n\n<p>Reifen Antriebsachse<\/p>\n\n\n\n<figure class=\"wp-block-image size-full is-resized\"><a href=\"http:\/\/toensfeldt-modellbau.de\/wp-content\/uploads\/2024\/05\/15.4-Antriebsreifen-Int.jpg\"><img loading=\"lazy\" decoding=\"async\" width=\"425\" height=\"615\" src=\"http:\/\/toensfeldt-modellbau.de\/wp-content\/uploads\/2024\/05\/15.4-Antriebsreifen-Int.jpg\" alt=\"\" class=\"wp-image-7313\" style=\"width:670px;height:auto\" srcset=\"https:\/\/toensfeldt-modellbau.de\/wp-content\/uploads\/2024\/05\/15.4-Antriebsreifen-Int.jpg 425w, https:\/\/toensfeldt-modellbau.de\/wp-content\/uploads\/2024\/05\/15.4-Antriebsreifen-Int-207x300.jpg 207w\" sizes=\"auto, (max-width: 425px) 100vw, 425px\" \/><\/a><\/figure>\n\n\n\n<p>Reifen Lenkachse<\/p>\n\n\n\n<figure class=\"wp-block-image size-full is-resized\"><a href=\"http:\/\/toensfeldt-modellbau.de\/wp-content\/uploads\/2024\/05\/15.3-Lenckachsreifen-Int.jpg\"><img loading=\"lazy\" decoding=\"async\" width=\"425\" height=\"526\" src=\"http:\/\/toensfeldt-modellbau.de\/wp-content\/uploads\/2024\/05\/15.3-Lenckachsreifen-Int.jpg\" alt=\"\" class=\"wp-image-7312\" style=\"width:670px;height:auto\" srcset=\"https:\/\/toensfeldt-modellbau.de\/wp-content\/uploads\/2024\/05\/15.3-Lenckachsreifen-Int.jpg 425w, https:\/\/toensfeldt-modellbau.de\/wp-content\/uploads\/2024\/05\/15.3-Lenckachsreifen-Int-242x300.jpg 242w\" sizes=\"auto, (max-width: 425px) 100vw, 425px\" \/><\/a><\/figure>\n\n\n\n<p>Art. Nr. Bestelltext:<\/p>\n\n\n\n<p><strong><em>Orginal Robbe Reifen wenn Verf\u00fcgbar<\/em><\/strong><\/p>\n\n\n\n<ul class=\"wp-block-list\">\n<li>020539 2 Reifen Antriebsachse Stapler H50<\/li>\n\n\n\n<li>020541 2 Reifen Lenkachse Stapler H50<\/li>\n\n\n\n<li>020539 Es sind keine S\u00e4tze vorhanden<\/li>\n\n\n\n<li>020541 Es sind 10 S\u00e4tze vorhanden<\/li>\n\n\n\n<li>Stand 14.02.2026<\/li>\n<\/ul>\n\n\n\n<p><strong><em>TMV Reifen neues Profil Robbe Gabelstapler Linde H50<\/em><\/strong><\/p>\n\n\n\n<p><strong><em>Neues Reifen Profil mit Beschriftung auf dem Reifen f\u00fcr den H50. Die Reifen werden exklusiv f\u00fcr TMV in Kleinserie aus Silikon gegossen. Sie sind passend f\u00fcr die Felgen vom H50 egal ob Kunststoff oder Alu.&nbsp;<\/em><\/strong><\/p>\n\n\n\n<p>Reifensatz f\u00fcr Robbe Gabelstapler Linde H50<\/p>\n\n\n\n<figure class=\"wp-block-image size-full is-resized\"><a href=\"http:\/\/toensfeldt-modellbau.de\/wp-content\/uploads\/2026\/02\/Pro-Neu-Satz-Int.jpg\"><img loading=\"lazy\" decoding=\"async\" width=\"567\" height=\"410\" src=\"http:\/\/toensfeldt-modellbau.de\/wp-content\/uploads\/2026\/02\/Pro-Neu-Satz-Int.jpg\" alt=\"\" class=\"wp-image-8021\" style=\"width:670px;height:auto\" srcset=\"https:\/\/toensfeldt-modellbau.de\/wp-content\/uploads\/2026\/02\/Pro-Neu-Satz-Int.jpg 567w, https:\/\/toensfeldt-modellbau.de\/wp-content\/uploads\/2026\/02\/Pro-Neu-Satz-Int-300x217.jpg 300w\" sizes=\"auto, (max-width: 567px) 100vw, 567px\" \/><\/a><\/figure>\n\n\n\n<p>Reifen Antriebsachse<\/p>\n\n\n\n<figure class=\"wp-block-image size-full is-resized\"><a href=\"http:\/\/toensfeldt-modellbau.de\/wp-content\/uploads\/2026\/02\/Pro-neu-B4-Ana-Int.jpg\"><img loading=\"lazy\" decoding=\"async\" width=\"567\" height=\"423\" src=\"http:\/\/toensfeldt-modellbau.de\/wp-content\/uploads\/2026\/02\/Pro-neu-B4-Ana-Int.jpg\" alt=\"\" class=\"wp-image-8016\" style=\"aspect-ratio:1.3404467883246485;width:670px;height:auto\" srcset=\"https:\/\/toensfeldt-modellbau.de\/wp-content\/uploads\/2026\/02\/Pro-neu-B4-Ana-Int.jpg 567w, https:\/\/toensfeldt-modellbau.de\/wp-content\/uploads\/2026\/02\/Pro-neu-B4-Ana-Int-300x224.jpg 300w\" sizes=\"auto, (max-width: 567px) 100vw, 567px\" \/><\/a><\/figure>\n\n\n\n<figure class=\"wp-block-image size-full is-resized\"><a href=\"http:\/\/toensfeldt-modellbau.de\/wp-content\/uploads\/2026\/02\/Pro-neu-B2-Ana.jpg\"><img loading=\"lazy\" decoding=\"async\" width=\"425\" height=\"540\" src=\"http:\/\/toensfeldt-modellbau.de\/wp-content\/uploads\/2026\/02\/Pro-neu-B2-Ana.jpg\" alt=\"\" class=\"wp-image-8014\" style=\"width:670px;height:auto\" srcset=\"https:\/\/toensfeldt-modellbau.de\/wp-content\/uploads\/2026\/02\/Pro-neu-B2-Ana.jpg 425w, https:\/\/toensfeldt-modellbau.de\/wp-content\/uploads\/2026\/02\/Pro-neu-B2-Ana-236x300.jpg 236w\" sizes=\"auto, (max-width: 425px) 100vw, 425px\" \/><\/a><\/figure>\n\n\n\n<figure class=\"wp-block-image size-full is-resized\"><a href=\"http:\/\/toensfeldt-modellbau.de\/wp-content\/uploads\/2026\/02\/Pro-neu-B1-Ana.jpg\"><img loading=\"lazy\" decoding=\"async\" width=\"425\" height=\"461\" src=\"http:\/\/toensfeldt-modellbau.de\/wp-content\/uploads\/2026\/02\/Pro-neu-B1-Ana.jpg\" alt=\"\" class=\"wp-image-8013\" style=\"width:670px;height:auto\" srcset=\"https:\/\/toensfeldt-modellbau.de\/wp-content\/uploads\/2026\/02\/Pro-neu-B1-Ana.jpg 425w, https:\/\/toensfeldt-modellbau.de\/wp-content\/uploads\/2026\/02\/Pro-neu-B1-Ana-277x300.jpg 277w\" sizes=\"auto, (max-width: 425px) 100vw, 425px\" \/><\/a><\/figure>\n\n\n\n<figure class=\"wp-block-image size-full is-resized\"><a href=\"http:\/\/toensfeldt-modellbau.de\/wp-content\/uploads\/2026\/02\/Pro-neu-B3-Ana.jpg\"><img loading=\"lazy\" decoding=\"async\" width=\"425\" height=\"472\" src=\"http:\/\/toensfeldt-modellbau.de\/wp-content\/uploads\/2026\/02\/Pro-neu-B3-Ana.jpg\" alt=\"\" class=\"wp-image-8015\" style=\"width:670px;height:auto\" srcset=\"https:\/\/toensfeldt-modellbau.de\/wp-content\/uploads\/2026\/02\/Pro-neu-B3-Ana.jpg 425w, https:\/\/toensfeldt-modellbau.de\/wp-content\/uploads\/2026\/02\/Pro-neu-B3-Ana-270x300.jpg 270w\" sizes=\"auto, (max-width: 425px) 100vw, 425px\" \/><\/a><\/figure>\n\n\n\n<p>Reifen Lenkachse<\/p>\n\n\n\n<figure class=\"wp-block-image size-full is-resized\"><a href=\"http:\/\/toensfeldt-modellbau.de\/wp-content\/uploads\/2026\/02\/Pro-neu-B4-Lenka-Int.jpg\"><img loading=\"lazy\" decoding=\"async\" width=\"567\" height=\"386\" src=\"http:\/\/toensfeldt-modellbau.de\/wp-content\/uploads\/2026\/02\/Pro-neu-B4-Lenka-Int.jpg\" alt=\"\" class=\"wp-image-8020\" style=\"aspect-ratio:1.4689224182660936;width:670px;height:auto\" srcset=\"https:\/\/toensfeldt-modellbau.de\/wp-content\/uploads\/2026\/02\/Pro-neu-B4-Lenka-Int.jpg 567w, https:\/\/toensfeldt-modellbau.de\/wp-content\/uploads\/2026\/02\/Pro-neu-B4-Lenka-Int-300x204.jpg 300w\" sizes=\"auto, (max-width: 567px) 100vw, 567px\" \/><\/a><\/figure>\n\n\n\n<figure class=\"wp-block-image size-full is-resized\"><a href=\"http:\/\/toensfeldt-modellbau.de\/wp-content\/uploads\/2026\/02\/Pro-neu-B2-Lenka.jpg\"><img loading=\"lazy\" decoding=\"async\" width=\"425\" height=\"584\" src=\"http:\/\/toensfeldt-modellbau.de\/wp-content\/uploads\/2026\/02\/Pro-neu-B2-Lenka.jpg\" alt=\"\" class=\"wp-image-8018\" style=\"width:670px;height:auto\" srcset=\"https:\/\/toensfeldt-modellbau.de\/wp-content\/uploads\/2026\/02\/Pro-neu-B2-Lenka.jpg 425w, https:\/\/toensfeldt-modellbau.de\/wp-content\/uploads\/2026\/02\/Pro-neu-B2-Lenka-218x300.jpg 218w\" sizes=\"auto, (max-width: 425px) 100vw, 425px\" \/><\/a><\/figure>\n\n\n\n<figure class=\"wp-block-image size-full is-resized\"><a href=\"http:\/\/toensfeldt-modellbau.de\/wp-content\/uploads\/2026\/02\/Pro-neu-B1-Lenka.jpg\"><img loading=\"lazy\" decoding=\"async\" width=\"425\" height=\"502\" src=\"http:\/\/toensfeldt-modellbau.de\/wp-content\/uploads\/2026\/02\/Pro-neu-B1-Lenka.jpg\" alt=\"\" class=\"wp-image-8017\" style=\"width:670px;height:auto\" srcset=\"https:\/\/toensfeldt-modellbau.de\/wp-content\/uploads\/2026\/02\/Pro-neu-B1-Lenka.jpg 425w, https:\/\/toensfeldt-modellbau.de\/wp-content\/uploads\/2026\/02\/Pro-neu-B1-Lenka-254x300.jpg 254w\" sizes=\"auto, (max-width: 425px) 100vw, 425px\" \/><\/a><\/figure>\n\n\n\n<figure class=\"wp-block-image size-full is-resized\"><a href=\"http:\/\/toensfeldt-modellbau.de\/wp-content\/uploads\/2026\/02\/Pro-neu-B3-Lenka.jpg\"><img loading=\"lazy\" decoding=\"async\" width=\"425\" height=\"436\" src=\"http:\/\/toensfeldt-modellbau.de\/wp-content\/uploads\/2026\/02\/Pro-neu-B3-Lenka.jpg\" alt=\"\" class=\"wp-image-8019\" style=\"width:670px;height:auto\" srcset=\"https:\/\/toensfeldt-modellbau.de\/wp-content\/uploads\/2026\/02\/Pro-neu-B3-Lenka.jpg 425w, https:\/\/toensfeldt-modellbau.de\/wp-content\/uploads\/2026\/02\/Pro-neu-B3-Lenka-292x300.jpg 292w\" sizes=\"auto, (max-width: 425px) 100vw, 425px\" \/><\/a><\/figure>\n\n\n\n<p>Art. Nr. Bestelltext:<\/p>\n\n\n\n<ul class=\"wp-block-list\">\n<li>020523 TMV 2 Reifen neues Profil Antriebsachse H50<\/li>\n\n\n\n<li>020524 TMV 2 Reifen neues Profil Lenkachse H50<\/li>\n<\/ul>\n\n\n\n<p><strong><em>TMV Reifen altes Profil Robbe Gabelstapler Linde H50<\/em><\/strong><\/p>\n\n\n\n<p>Reifen Antriebsachse<\/p>\n\n\n\n<p>Bilder Folgen<\/p>\n\n\n\n<p>Reifen Lenkachse<\/p>\n\n\n\n<p>Bilder Folgen<\/p>\n\n\n\n<p>Art. Nr. Bestelltext:<\/p>\n\n\n\n<ul class=\"wp-block-list\">\n<li>020525 TMV 2 Reifen altes Profil Antriebsachse H50<\/li>\n\n\n\n<li>020526 TMV 2 Reifen altes Profil Lenkachse H50<\/li>\n<\/ul>\n\n\n\n<p>Herstellerdaten gem\u00e4s GPSR<\/p>\n\n\n\n<p>Olaf T\u00f6nsfeldt<br>T\u00f6nsfeldt Modellbau Vertrieb<br>Nobiskr\u00fcger Allee 20<br>24768 Rendsburg<\/p>\n\n\n\n<p><strong>Deutschland<\/strong><br>Tel.: 0049 (0 ) 43 31\/ 51 95<br>E-Mail an: <a href=\"mailto:tmv@toensfeldt-modellbau.de\">tmv@toensfeldt-modellbau.de<\/a><\/p>\n\n\n\n<p><em><mark style=\"background-color:rgba(0, 0, 0, 0)\" class=\"has-inline-color has-blue-color\">Die namentliche Nennung von Herstellern und Produkten erfolgt nur zum Zweck der eindeutigen Bezeichnung der Artikel der einzelnen Hersteller. Einige der auf dieser Internetseite genannten Produktnamen sind eingetragene Warenzeichen bzw. unterliegen dem Copyright der jeweiligen Eigent\u00fcmer.<\/mark><\/em><\/p>\n","protected":false},"excerpt":{"rendered":"<p>Reifen Orginal von Robbe f\u00fcr Gabelstapler Linde H50 Reifen Antriebsachse Reifen Lenkachse Art. Nr. Bestelltext: Orginal Robbe Reifen wenn Verf\u00fcgbar TMV Reifen neues Profil Robbe Gabelstapler Linde H50 Neues Reifen Profil mit Beschriftung auf dem Reifen f\u00fcr den H50. Die &hellip; <a href=\"https:\/\/toensfeldt-modellbau.de\/?page_id=7303\">Weiterlesen <span class=\"meta-nav\">&rarr;<\/span><\/a><\/p>\n","protected":false},"author":2,"featured_media":0,"parent":0,"menu_order":0,"comment_status":"closed","ping_status":"closed","template":"","meta":{"footnotes":""},"class_list":["post-7303","page","type-page","status-publish","hentry"],"_links":{"self":[{"href":"https:\/\/toensfeldt-modellbau.de\/index.php?rest_route=\/wp\/v2\/pages\/7303","targetHints":{"allow":["GET"]}}],"collection":[{"href":"https:\/\/toensfeldt-modellbau.de\/index.php?rest_route=\/wp\/v2\/pages"}],"about":[{"href":"https:\/\/toensfeldt-modellbau.de\/index.php?rest_route=\/wp\/v2\/types\/page"}],"author":[{"embeddable":true,"href":"https:\/\/toensfeldt-modellbau.de\/index.php?rest_route=\/wp\/v2\/users\/2"}],"replies":[{"embeddable":true,"href":"https:\/\/toensfeldt-modellbau.de\/index.php?rest_route=%2Fwp%2Fv2%2Fcomments&post=7303"}],"version-history":[{"count":15,"href":"https:\/\/toensfeldt-modellbau.de\/index.php?rest_route=\/wp\/v2\/pages\/7303\/revisions"}],"predecessor-version":[{"id":8123,"href":"https:\/\/toensfeldt-modellbau.de\/index.php?rest_route=\/wp\/v2\/pages\/7303\/revisions\/8123"}],"wp:attachment":[{"href":"https:\/\/toensfeldt-modellbau.de\/index.php?rest_route=%2Fwp%2Fv2%2Fmedia&parent=7303"}],"curies":[{"name":"wp","href":"https:\/\/api.w.org\/{rel}","templated":true}]}}