{"id":7316,"date":"2024-05-04T10:53:12","date_gmt":"2024-05-04T08:53:12","guid":{"rendered":"https:\/\/toensfeldt-modellbau.de\/?page_id=7316"},"modified":"2026-04-08T17:11:06","modified_gmt":"2026-04-08T15:11:06","slug":"gs-bundbuchse","status":"publish","type":"page","link":"https:\/\/toensfeldt-modellbau.de\/?page_id=7316","title":{"rendered":"GS H50 Bundh\u00fclse"},"content":{"rendered":"\n<figure class=\"wp-block-image size-full is-resized\"><a href=\"http:\/\/toensfeldt-modellbau.de\/wp-content\/uploads\/2024\/05\/9.7-Bundhuelse-Int.jpg\"><img loading=\"lazy\" decoding=\"async\" width=\"567\" height=\"516\" src=\"http:\/\/toensfeldt-modellbau.de\/wp-content\/uploads\/2024\/05\/9.7-Bundhuelse-Int.jpg\" alt=\"\" class=\"wp-image-7311\" style=\"width:670px;height:auto\" srcset=\"https:\/\/toensfeldt-modellbau.de\/wp-content\/uploads\/2024\/05\/9.7-Bundhuelse-Int.jpg 567w, https:\/\/toensfeldt-modellbau.de\/wp-content\/uploads\/2024\/05\/9.7-Bundhuelse-Int-300x273.jpg 300w\" sizes=\"auto, (max-width: 567px) 100vw, 567px\" \/><\/a><\/figure>\n\n\n\n<p>Bundh\u00fclse Robbe Teil 9.7<\/p>\n\n\n\n<p>Die Bundh\u00fclsen Kunststoff sind der Ersatz f\u00fcr die Messingbundh\u00fclsen, Die Kunststoff Bundh\u00fclsen sind selbst schmierend.<\/p>\n\n\n\n<p>Art. Nr. Bestelltext<\/p>\n\n\n\n<p>020540 2 Bundh\u00fclsen Kunststoff <\/p>\n\n\n\n<p>Herstellerdaten gem\u00e4s GPSR<\/p>\n\n\n\n<p>Olaf T\u00f6nsfeldt<br>T\u00f6nsfeldt Modellbau Vertrieb<br>Nobiskr\u00fcger Allee 20<br>24768 Rendsburg<\/p>\n\n\n\n<p><strong>Deutschland<\/strong><br>Tel.: 0049 (0 ) 43 31\/ 51 95<br>E-Mail an: <a href=\"mailto:tmv@toensfeldt-modellbau.de\">tmv@toensfeldt-modellbau.de<\/a><\/p>\n\n\n\n<p><em><mark style=\"background-color:rgba(0, 0, 0, 0)\" class=\"has-inline-color has-blue-color\">Die namentliche Nennung von Herstellern und Produkten erfolgt nur zum Zweck der eindeutigen Bezeichnung der Artikel der einzelnen Hersteller. Einige der auf dieser Internetseite genannten Produktnamen sind eingetragene Warenzeichen bzw. unterliegen dem Copyright der jeweiligen Eigent\u00fcmer.<\/mark><\/em><\/p>\n","protected":false},"excerpt":{"rendered":"<p>Bundh\u00fclse Robbe Teil 9.7 Die Bundh\u00fclsen Kunststoff sind der Ersatz f\u00fcr die Messingbundh\u00fclsen, Die Kunststoff Bundh\u00fclsen sind selbst schmierend. Art. Nr. Bestelltext 020540 2 Bundh\u00fclsen Kunststoff Herstellerdaten gem\u00e4s GPSR Olaf T\u00f6nsfeldtT\u00f6nsfeldt Modellbau VertriebNobiskr\u00fcger Allee 2024768 Rendsburg DeutschlandTel.: 0049 (0 ) &hellip; <a href=\"https:\/\/toensfeldt-modellbau.de\/?page_id=7316\">Weiterlesen <span class=\"meta-nav\">&rarr;<\/span><\/a><\/p>\n","protected":false},"author":2,"featured_media":0,"parent":0,"menu_order":0,"comment_status":"closed","ping_status":"closed","template":"","meta":{"footnotes":""},"class_list":["post-7316","page","type-page","status-publish","hentry"],"_links":{"self":[{"href":"https:\/\/toensfeldt-modellbau.de\/index.php?rest_route=\/wp\/v2\/pages\/7316","targetHints":{"allow":["GET"]}}],"collection":[{"href":"https:\/\/toensfeldt-modellbau.de\/index.php?rest_route=\/wp\/v2\/pages"}],"about":[{"href":"https:\/\/toensfeldt-modellbau.de\/index.php?rest_route=\/wp\/v2\/types\/page"}],"author":[{"embeddable":true,"href":"https:\/\/toensfeldt-modellbau.de\/index.php?rest_route=\/wp\/v2\/users\/2"}],"replies":[{"embeddable":true,"href":"https:\/\/toensfeldt-modellbau.de\/index.php?rest_route=%2Fwp%2Fv2%2Fcomments&post=7316"}],"version-history":[{"count":6,"href":"https:\/\/toensfeldt-modellbau.de\/index.php?rest_route=\/wp\/v2\/pages\/7316\/revisions"}],"predecessor-version":[{"id":8129,"href":"https:\/\/toensfeldt-modellbau.de\/index.php?rest_route=\/wp\/v2\/pages\/7316\/revisions\/8129"}],"wp:attachment":[{"href":"https:\/\/toensfeldt-modellbau.de\/index.php?rest_route=%2Fwp%2Fv2%2Fmedia&parent=7316"}],"curies":[{"name":"wp","href":"https:\/\/api.w.org\/{rel}","templated":true}]}}