{"id":7355,"date":"2024-05-04T12:57:24","date_gmt":"2024-05-04T10:57:24","guid":{"rendered":"https:\/\/toensfeldt-modellbau.de\/?page_id=7355"},"modified":"2025-03-09T11:37:27","modified_gmt":"2025-03-09T09:37:27","slug":"kanttentrimer","status":"publish","type":"page","link":"https:\/\/toensfeldt-modellbau.de\/?page_id=7355","title":{"rendered":"Kantentrimer"},"content":{"rendered":"\n<figure class=\"wp-block-image size-full is-resized\"><a href=\"http:\/\/toensfeldt-modellbau.de\/wp-content\/uploads\/2024\/05\/Kantentrimmer-2-Int.jpg\"><img loading=\"lazy\" decoding=\"async\" width=\"567\" height=\"755\" src=\"http:\/\/toensfeldt-modellbau.de\/wp-content\/uploads\/2024\/05\/Kantentrimmer-2-Int.jpg\" alt=\"\" class=\"wp-image-7354\" style=\"width:670px;height:auto\" srcset=\"https:\/\/toensfeldt-modellbau.de\/wp-content\/uploads\/2024\/05\/Kantentrimmer-2-Int.jpg 567w, https:\/\/toensfeldt-modellbau.de\/wp-content\/uploads\/2024\/05\/Kantentrimmer-2-Int-225x300.jpg 225w\" sizes=\"auto, (max-width: 567px) 100vw, 567px\" \/><\/a><\/figure>\n\n\n\n<p>Kantentrimmer Metal und Kunststoff mit Metal Klinge<\/p>\n\n\n\n<figure class=\"wp-block-image size-full is-resized\"><a href=\"http:\/\/toensfeldt-modellbau.de\/wp-content\/uploads\/2024\/05\/2-Kantentrimmer-1.jpg\"><img loading=\"lazy\" decoding=\"async\" width=\"425\" height=\"167\" src=\"http:\/\/toensfeldt-modellbau.de\/wp-content\/uploads\/2024\/05\/2-Kantentrimmer-1.jpg\" alt=\"\" class=\"wp-image-7350\" style=\"width:670px;height:auto\" srcset=\"https:\/\/toensfeldt-modellbau.de\/wp-content\/uploads\/2024\/05\/2-Kantentrimmer-1.jpg 425w, https:\/\/toensfeldt-modellbau.de\/wp-content\/uploads\/2024\/05\/2-Kantentrimmer-1-300x118.jpg 300w\" sizes=\"auto, (max-width: 425px) 100vw, 425px\" \/><\/a><\/figure>\n\n\n\n<figure class=\"wp-block-image size-full is-resized\"><a href=\"http:\/\/toensfeldt-modellbau.de\/wp-content\/uploads\/2024\/05\/Kantentrimmer-1.jpg\"><img loading=\"lazy\" decoding=\"async\" width=\"425\" height=\"317\" src=\"http:\/\/toensfeldt-modellbau.de\/wp-content\/uploads\/2024\/05\/Kantentrimmer-1.jpg\" alt=\"\" class=\"wp-image-7353\" style=\"width:670px;height:auto\" srcset=\"https:\/\/toensfeldt-modellbau.de\/wp-content\/uploads\/2024\/05\/Kantentrimmer-1.jpg 425w, https:\/\/toensfeldt-modellbau.de\/wp-content\/uploads\/2024\/05\/Kantentrimmer-1-300x224.jpg 300w\" sizes=\"auto, (max-width: 425px) 100vw, 425px\" \/><\/a><\/figure>\n\n\n\n<p>Art. Nr. Bestel. Text.:<\/p>\n\n\n\n<p>Art. Nr. 040280 Kantentrimmer Benzin mit Klinge<br><br><strong>Importeur:<\/strong><\/p>\n\n\n\n<p>Olaf T\u00f6nsfeldt<br>T\u00f6nsfeldt Modellbau Vertrieb<br>Nobiskr\u00fcger Allee 20<br>24768 Rendsburg<\/p>\n\n\n\n<p><strong>Deutschland<\/strong><br>Tel.: 0049 (0 ) 43 31\/ 51 95<br>E-Mail an: <a href=\"mailto:tmv@toensfeldt-modellbau.de\">tmv@toensfeldt-modellbau.de<\/a><\/p>\n","protected":false},"excerpt":{"rendered":"<p>Kantentrimmer Metal und Kunststoff mit Metal Klinge Art. Nr. Bestel. Text.: Art. Nr. 040280 Kantentrimmer Benzin mit Klinge Importeur: Olaf T\u00f6nsfeldtT\u00f6nsfeldt Modellbau VertriebNobiskr\u00fcger Allee 2024768 Rendsburg DeutschlandTel.: 0049 (0 ) 43 31\/ 51 95E-Mail an: tmv@toensfeldt-modellbau.de<\/p>\n","protected":false},"author":2,"featured_media":0,"parent":0,"menu_order":0,"comment_status":"closed","ping_status":"closed","template":"","meta":{"footnotes":""},"class_list":["post-7355","page","type-page","status-publish","hentry"],"_links":{"self":[{"href":"https:\/\/toensfeldt-modellbau.de\/index.php?rest_route=\/wp\/v2\/pages\/7355","targetHints":{"allow":["GET"]}}],"collection":[{"href":"https:\/\/toensfeldt-modellbau.de\/index.php?rest_route=\/wp\/v2\/pages"}],"about":[{"href":"https:\/\/toensfeldt-modellbau.de\/index.php?rest_route=\/wp\/v2\/types\/page"}],"author":[{"embeddable":true,"href":"https:\/\/toensfeldt-modellbau.de\/index.php?rest_route=\/wp\/v2\/users\/2"}],"replies":[{"embeddable":true,"href":"https:\/\/toensfeldt-modellbau.de\/index.php?rest_route=%2Fwp%2Fv2%2Fcomments&post=7355"}],"version-history":[{"count":3,"href":"https:\/\/toensfeldt-modellbau.de\/index.php?rest_route=\/wp\/v2\/pages\/7355\/revisions"}],"predecessor-version":[{"id":7715,"href":"https:\/\/toensfeldt-modellbau.de\/index.php?rest_route=\/wp\/v2\/pages\/7355\/revisions\/7715"}],"wp:attachment":[{"href":"https:\/\/toensfeldt-modellbau.de\/index.php?rest_route=%2Fwp%2Fv2%2Fmedia&parent=7355"}],"curies":[{"name":"wp","href":"https:\/\/api.w.org\/{rel}","templated":true}]}}