{"id":7369,"date":"2024-05-10T09:51:42","date_gmt":"2024-05-10T07:51:42","guid":{"rendered":"https:\/\/toensfeldt-modellbau.de\/?page_id=7369"},"modified":"2025-07-15T15:41:14","modified_gmt":"2025-07-15T13:41:14","slug":"ladekran-mit-kurbel","status":"publish","type":"page","link":"https:\/\/toensfeldt-modellbau.de\/?page_id=7369","title":{"rendered":"Ladekran mit Kurbel"},"content":{"rendered":"\n<figure class=\"wp-block-image size-large is-resized\"><a href=\"http:\/\/toensfeldt-modellbau.de\/wp-content\/uploads\/2024\/05\/Ladekran-Bruder-Sprinter-scaled.jpg\"><img loading=\"lazy\" decoding=\"async\" width=\"1024\" height=\"683\" src=\"http:\/\/toensfeldt-modellbau.de\/wp-content\/uploads\/2024\/05\/Ladekran-Bruder-Sprinter-1024x683.jpg\" alt=\"\" class=\"wp-image-7365\" style=\"width:670px;height:auto\" srcset=\"https:\/\/toensfeldt-modellbau.de\/wp-content\/uploads\/2024\/05\/Ladekran-Bruder-Sprinter-1024x683.jpg 1024w, https:\/\/toensfeldt-modellbau.de\/wp-content\/uploads\/2024\/05\/Ladekran-Bruder-Sprinter-300x200.jpg 300w, https:\/\/toensfeldt-modellbau.de\/wp-content\/uploads\/2024\/05\/Ladekran-Bruder-Sprinter-768x512.jpg 768w, https:\/\/toensfeldt-modellbau.de\/wp-content\/uploads\/2024\/05\/Ladekran-Bruder-Sprinter-1536x1024.jpg 1536w, https:\/\/toensfeldt-modellbau.de\/wp-content\/uploads\/2024\/05\/Ladekran-Bruder-Sprinter-2048x1365.jpg 2048w\" sizes=\"auto, (max-width: 1024px) 100vw, 1024px\" \/><\/a><\/figure>\n\n\n\n<p>Idee von Olaf T\u00f6nsfeldt zum Ladekran Handkurbel entworfen und gebaut von Robert Schabsky aus Mannheim Limitierte Auflage von 25 St\u00fcck<\/p>\n\n\n\n<p>Fu\u00df aus Alu gedreht und gefr\u00e4st Verbindungsst\u00fcck Fu\u00df und Ausleger aus VA die L\u00e4nge ist 7 cm, Kranausleger mit Geh\u00e4use gefr\u00e4st, Seilrolle Messing, Seiltrommel gedreht aus Messing Zahnr\u00e4der aus Stahl. Der Sicherungsschieber ist Messing gedreht die Zahnstange ist zurecht gefr\u00e4st. Kurbel zusammengesetzt aus einen St\u00fcck Messing Rohr einen Stahldraht und einem Messing Rundst\u00fcck gedret Kranausleger Drehgestell ist aus Alu gedreht Sicherung Drehgestell ist aus Stahldraht und einer schraube zusammen ges\u00e4zt.<\/p>\n\n\n\n<figure class=\"wp-block-image size-large is-resized\"><a href=\"http:\/\/toensfeldt-modellbau.de\/wp-content\/uploads\/2024\/05\/TMV-Ladekran-Bruder-Sprinter2-scaled.jpg\"><img loading=\"lazy\" decoding=\"async\" width=\"1024\" height=\"683\" src=\"http:\/\/toensfeldt-modellbau.de\/wp-content\/uploads\/2024\/05\/TMV-Ladekran-Bruder-Sprinter2-1024x683.jpg\" alt=\"\" class=\"wp-image-7366\" style=\"width:670px;height:auto\" srcset=\"https:\/\/toensfeldt-modellbau.de\/wp-content\/uploads\/2024\/05\/TMV-Ladekran-Bruder-Sprinter2-1024x683.jpg 1024w, https:\/\/toensfeldt-modellbau.de\/wp-content\/uploads\/2024\/05\/TMV-Ladekran-Bruder-Sprinter2-300x200.jpg 300w, https:\/\/toensfeldt-modellbau.de\/wp-content\/uploads\/2024\/05\/TMV-Ladekran-Bruder-Sprinter2-768x512.jpg 768w, https:\/\/toensfeldt-modellbau.de\/wp-content\/uploads\/2024\/05\/TMV-Ladekran-Bruder-Sprinter2-1536x1024.jpg 1536w, https:\/\/toensfeldt-modellbau.de\/wp-content\/uploads\/2024\/05\/TMV-Ladekran-Bruder-Sprinter2-2048x1365.jpg 2048w\" sizes=\"auto, (max-width: 1024px) 100vw, 1024px\" \/><\/a><\/figure>\n\n\n\n<figure class=\"wp-block-image size-large is-resized\"><a href=\"http:\/\/toensfeldt-modellbau.de\/wp-content\/uploads\/2024\/05\/TMV-Ladekran-Bruder-Anhaenger-scaled.jpg\"><img loading=\"lazy\" decoding=\"async\" width=\"1024\" height=\"648\" src=\"http:\/\/toensfeldt-modellbau.de\/wp-content\/uploads\/2024\/05\/TMV-Ladekran-Bruder-Anhaenger-1024x648.jpg\" alt=\"\" class=\"wp-image-7364\" style=\"width:670px;height:auto\" srcset=\"https:\/\/toensfeldt-modellbau.de\/wp-content\/uploads\/2024\/05\/TMV-Ladekran-Bruder-Anhaenger-1024x648.jpg 1024w, https:\/\/toensfeldt-modellbau.de\/wp-content\/uploads\/2024\/05\/TMV-Ladekran-Bruder-Anhaenger-300x190.jpg 300w, https:\/\/toensfeldt-modellbau.de\/wp-content\/uploads\/2024\/05\/TMV-Ladekran-Bruder-Anhaenger-768x486.jpg 768w, https:\/\/toensfeldt-modellbau.de\/wp-content\/uploads\/2024\/05\/TMV-Ladekran-Bruder-Anhaenger-1536x972.jpg 1536w, https:\/\/toensfeldt-modellbau.de\/wp-content\/uploads\/2024\/05\/TMV-Ladekran-Bruder-Anhaenger-2048x1295.jpg 2048w\" sizes=\"auto, (max-width: 1024px) 100vw, 1024px\" \/><\/a><\/figure>\n\n\n\n<figure class=\"wp-block-image size-full is-resized\"><a href=\"http:\/\/toensfeldt-modellbau.de\/wp-content\/uploads\/2024\/05\/Kran.jpg\"><img loading=\"lazy\" decoding=\"async\" width=\"425\" height=\"338\" src=\"http:\/\/toensfeldt-modellbau.de\/wp-content\/uploads\/2024\/05\/Kran.jpg\" alt=\"\" class=\"wp-image-7368\" style=\"width:670px;height:auto\" srcset=\"https:\/\/toensfeldt-modellbau.de\/wp-content\/uploads\/2024\/05\/Kran.jpg 425w, https:\/\/toensfeldt-modellbau.de\/wp-content\/uploads\/2024\/05\/Kran-300x239.jpg 300w\" sizes=\"auto, (max-width: 425px) 100vw, 425px\" \/><\/a><\/figure>\n\n\n\n<figure class=\"wp-block-image size-full is-resized\"><a href=\"http:\/\/toensfeldt-modellbau.de\/wp-content\/uploads\/2024\/05\/Haken-Ladekranjpg.jpg\"><img loading=\"lazy\" decoding=\"async\" width=\"425\" height=\"265\" src=\"http:\/\/toensfeldt-modellbau.de\/wp-content\/uploads\/2024\/05\/Haken-Ladekranjpg.jpg\" alt=\"\" class=\"wp-image-7367\" style=\"width:670px;height:auto\" srcset=\"https:\/\/toensfeldt-modellbau.de\/wp-content\/uploads\/2024\/05\/Haken-Ladekranjpg.jpg 425w, https:\/\/toensfeldt-modellbau.de\/wp-content\/uploads\/2024\/05\/Haken-Ladekranjpg-300x187.jpg 300w\" sizes=\"auto, (max-width: 425px) 100vw, 425px\" \/><\/a><\/figure>\n\n\n\n<p>Art.Nr. Bestell Text:<\/p>\n\n\n\n<ul class=\"wp-block-list\">\n<li>020460 Ladekran mit Kurbel<\/li>\n<\/ul>\n\n\n\n<figure class=\"wp-block-image size-full\"><a href=\"http:\/\/toensfeldt-modellbau.de\/wp-content\/uploads\/2025\/07\/Modelle-Platz-2-2025.jpg\"><img loading=\"lazy\" decoding=\"async\" width=\"283\" height=\"421\" src=\"http:\/\/toensfeldt-modellbau.de\/wp-content\/uploads\/2025\/07\/Modelle-Platz-2-2025.jpg\" alt=\"\" class=\"wp-image-7814\" srcset=\"https:\/\/toensfeldt-modellbau.de\/wp-content\/uploads\/2025\/07\/Modelle-Platz-2-2025.jpg 283w, https:\/\/toensfeldt-modellbau.de\/wp-content\/uploads\/2025\/07\/Modelle-Platz-2-2025-202x300.jpg 202w\" sizes=\"auto, (max-width: 283px) 100vw, 283px\" \/><\/a><\/figure>\n\n\n\n<p>Herstellerdaten gem\u00e4s GPSR<\/p>\n\n\n\n<p>Olaf T\u00f6nsfeldt<br>T\u00f6nsfeldt Modellbau Vertrieb<br>Nobiskr\u00fcger Allee 20<br>24768 Rendsburg<\/p>\n\n\n\n<p><strong>Deutschland<\/strong><br>Tel.: 0049 (0 ) 43 31\/ 51 95<br>E-Mail an: <a href=\"mailto:tmv@toensfeldt-modellbau.de\">tmv@toensfeldt-modellbau.de<\/a><\/p>\n","protected":false},"excerpt":{"rendered":"<p>Idee von Olaf T\u00f6nsfeldt zum Ladekran Handkurbel entworfen und gebaut von Robert Schabsky aus Mannheim Limitierte Auflage von 25 St\u00fcck Fu\u00df aus Alu gedreht und gefr\u00e4st Verbindungsst\u00fcck Fu\u00df und Ausleger aus VA die L\u00e4nge ist 7 cm, Kranausleger mit Geh\u00e4use &hellip; <a href=\"https:\/\/toensfeldt-modellbau.de\/?page_id=7369\">Weiterlesen <span class=\"meta-nav\">&rarr;<\/span><\/a><\/p>\n","protected":false},"author":2,"featured_media":0,"parent":0,"menu_order":0,"comment_status":"closed","ping_status":"closed","template":"","meta":{"footnotes":""},"class_list":["post-7369","page","type-page","status-publish","hentry"],"_links":{"self":[{"href":"https:\/\/toensfeldt-modellbau.de\/index.php?rest_route=\/wp\/v2\/pages\/7369","targetHints":{"allow":["GET"]}}],"collection":[{"href":"https:\/\/toensfeldt-modellbau.de\/index.php?rest_route=\/wp\/v2\/pages"}],"about":[{"href":"https:\/\/toensfeldt-modellbau.de\/index.php?rest_route=\/wp\/v2\/types\/page"}],"author":[{"embeddable":true,"href":"https:\/\/toensfeldt-modellbau.de\/index.php?rest_route=\/wp\/v2\/users\/2"}],"replies":[{"embeddable":true,"href":"https:\/\/toensfeldt-modellbau.de\/index.php?rest_route=%2Fwp%2Fv2%2Fcomments&post=7369"}],"version-history":[{"count":3,"href":"https:\/\/toensfeldt-modellbau.de\/index.php?rest_route=\/wp\/v2\/pages\/7369\/revisions"}],"predecessor-version":[{"id":7819,"href":"https:\/\/toensfeldt-modellbau.de\/index.php?rest_route=\/wp\/v2\/pages\/7369\/revisions\/7819"}],"wp:attachment":[{"href":"https:\/\/toensfeldt-modellbau.de\/index.php?rest_route=%2Fwp%2Fv2%2Fmedia&parent=7369"}],"curies":[{"name":"wp","href":"https:\/\/api.w.org\/{rel}","templated":true}]}}