{"id":7436,"date":"2024-10-12T15:26:52","date_gmt":"2024-10-12T13:26:52","guid":{"rendered":"https:\/\/toensfeldt-modellbau.de\/?page_id=7436"},"modified":"2025-03-02T11:48:57","modified_gmt":"2025-03-02T09:48:57","slug":"anhaenger-zurvor","status":"publish","type":"page","link":"https:\/\/toensfeldt-modellbau.de\/?page_id=7436","title":{"rendered":"Anh\u00e4nger Zurvor."},"content":{"rendered":"\n<figure class=\"wp-block-image size-full is-resized\"><a href=\"http:\/\/toensfeldt-modellbau.de\/wp-content\/uploads\/2024\/10\/TT-Zugvorichtung-Int.jpg\"><img loading=\"lazy\" decoding=\"async\" width=\"567\" height=\"319\" src=\"http:\/\/toensfeldt-modellbau.de\/wp-content\/uploads\/2024\/10\/TT-Zugvorichtung-Int.jpg\" alt=\"\" class=\"wp-image-7441\" style=\"width:670px;height:auto\" srcset=\"https:\/\/toensfeldt-modellbau.de\/wp-content\/uploads\/2024\/10\/TT-Zugvorichtung-Int.jpg 567w, https:\/\/toensfeldt-modellbau.de\/wp-content\/uploads\/2024\/10\/TT-Zugvorichtung-Int-300x169.jpg 300w\" sizes=\"auto, (max-width: 567px) 100vw, 567px\" \/><\/a><\/figure>\n\n\n\n<p>Mit der TMV Zugvorichtung f\u00fcr Anh\u00e4nger k\u00f6nnen Anh\u00e4nger vom Tow Truck abgeschlept werden. Die Zurvorichtung f\u00fcr Anh\u00e4nger ist aus Alu und in Plattenbau weise verschraubt. Es wird die Grundplatte f\u00fcr die Sattelplatte ben\u00f6tigt. Mit den Bolzen der Grundplatte wird die Zugvorichtung verbolzt.<\/p>\n\n\n\n<p>Packungs Inhalt: Zugvorichtung, Bolzen Und Sichrungs Splint.<\/p>\n\n\n\n<figure class=\"wp-block-image size-full is-resized\"><a href=\"http:\/\/toensfeldt-modellbau.de\/wp-content\/uploads\/2024\/10\/TT-Zugvorichtung-2.jpg\"><img loading=\"lazy\" decoding=\"async\" width=\"425\" height=\"287\" src=\"http:\/\/toensfeldt-modellbau.de\/wp-content\/uploads\/2024\/10\/TT-Zugvorichtung-2.jpg\" alt=\"\" class=\"wp-image-7440\" style=\"width:670px;height:auto\" srcset=\"https:\/\/toensfeldt-modellbau.de\/wp-content\/uploads\/2024\/10\/TT-Zugvorichtung-2.jpg 425w, https:\/\/toensfeldt-modellbau.de\/wp-content\/uploads\/2024\/10\/TT-Zugvorichtung-2-300x203.jpg 300w\" sizes=\"auto, (max-width: 425px) 100vw, 425px\" \/><\/a><\/figure>\n\n\n\n<figure class=\"wp-block-image size-full is-resized\"><a href=\"http:\/\/toensfeldt-modellbau.de\/wp-content\/uploads\/2024\/10\/TT-Zugvorichtung-1.jpg\"><img loading=\"lazy\" decoding=\"async\" width=\"425\" height=\"301\" src=\"http:\/\/toensfeldt-modellbau.de\/wp-content\/uploads\/2024\/10\/TT-Zugvorichtung-1.jpg\" alt=\"\" class=\"wp-image-7439\" style=\"width:670px;height:auto\" srcset=\"https:\/\/toensfeldt-modellbau.de\/wp-content\/uploads\/2024\/10\/TT-Zugvorichtung-1.jpg 425w, https:\/\/toensfeldt-modellbau.de\/wp-content\/uploads\/2024\/10\/TT-Zugvorichtung-1-300x212.jpg 300w\" sizes=\"auto, (max-width: 425px) 100vw, 425px\" \/><\/a><\/figure>\n\n\n\n<p>Art. Nr. Bestelltext:<\/p>\n\n\n\n<ul class=\"wp-block-list\">\n<li>050277 TMV Zugvorrichtung Anh\u00e4nger Tow Truck Alu<\/li>\n\n\n\n<li>050278 TMV Zugvorrichtung Anh\u00e4nger Tow Truck Alu Farbe<\/li>\n<\/ul>\n\n\n\n<p>Herstellerdaten gem\u00e4s GPSR<\/p>\n\n\n\n<p>Olaf T\u00f6nsfeldt<br>T\u00f6nsfeldt Modellbau Vertrieb<br>Nobiskr\u00fcger Allee 20<br>24768 Rendsburg<\/p>\n\n\n\n<p><strong>Deutschland<\/strong><br>Tel.: 0049 (0 ) 43 31\/ 51 95<br>E-Mail an: tmv@toensfeldt-modellbau.de<\/p>\n","protected":false},"excerpt":{"rendered":"<p>Mit der TMV Zugvorichtung f\u00fcr Anh\u00e4nger k\u00f6nnen Anh\u00e4nger vom Tow Truck abgeschlept werden. Die Zurvorichtung f\u00fcr Anh\u00e4nger ist aus Alu und in Plattenbau weise verschraubt. Es wird die Grundplatte f\u00fcr die Sattelplatte ben\u00f6tigt. Mit den Bolzen der Grundplatte wird die &hellip; <a href=\"https:\/\/toensfeldt-modellbau.de\/?page_id=7436\">Weiterlesen <span class=\"meta-nav\">&rarr;<\/span><\/a><\/p>\n","protected":false},"author":2,"featured_media":0,"parent":0,"menu_order":0,"comment_status":"closed","ping_status":"closed","template":"","meta":{"footnotes":""},"class_list":["post-7436","page","type-page","status-publish","hentry"],"_links":{"self":[{"href":"https:\/\/toensfeldt-modellbau.de\/index.php?rest_route=\/wp\/v2\/pages\/7436","targetHints":{"allow":["GET"]}}],"collection":[{"href":"https:\/\/toensfeldt-modellbau.de\/index.php?rest_route=\/wp\/v2\/pages"}],"about":[{"href":"https:\/\/toensfeldt-modellbau.de\/index.php?rest_route=\/wp\/v2\/types\/page"}],"author":[{"embeddable":true,"href":"https:\/\/toensfeldt-modellbau.de\/index.php?rest_route=\/wp\/v2\/users\/2"}],"replies":[{"embeddable":true,"href":"https:\/\/toensfeldt-modellbau.de\/index.php?rest_route=%2Fwp%2Fv2%2Fcomments&post=7436"}],"version-history":[{"count":4,"href":"https:\/\/toensfeldt-modellbau.de\/index.php?rest_route=\/wp\/v2\/pages\/7436\/revisions"}],"predecessor-version":[{"id":7507,"href":"https:\/\/toensfeldt-modellbau.de\/index.php?rest_route=\/wp\/v2\/pages\/7436\/revisions\/7507"}],"wp:attachment":[{"href":"https:\/\/toensfeldt-modellbau.de\/index.php?rest_route=%2Fwp%2Fv2%2Fmedia&parent=7436"}],"curies":[{"name":"wp","href":"https:\/\/api.w.org\/{rel}","templated":true}]}}