{"id":7478,"date":"2025-01-16T13:42:26","date_gmt":"2025-01-16T11:42:26","guid":{"rendered":"https:\/\/toensfeldt-modellbau.de\/?page_id=7478"},"modified":"2025-03-02T11:50:52","modified_gmt":"2025-03-02T09:50:52","slug":"tt-rad-halter","status":"publish","type":"page","link":"https:\/\/toensfeldt-modellbau.de\/?page_id=7478","title":{"rendered":"TT Rad Halter"},"content":{"rendered":"\n<figure class=\"wp-block-image size-full is-resized\"><a href=\"http:\/\/toensfeldt-modellbau.de\/wp-content\/uploads\/2025\/01\/Rad-Halter-Int.jpg\"><img loading=\"lazy\" decoding=\"async\" width=\"567\" height=\"481\" src=\"http:\/\/toensfeldt-modellbau.de\/wp-content\/uploads\/2025\/01\/Rad-Halter-Int.jpg\" alt=\"\" class=\"wp-image-7475\" style=\"width:670px;height:auto\" srcset=\"https:\/\/toensfeldt-modellbau.de\/wp-content\/uploads\/2025\/01\/Rad-Halter-Int.jpg 567w, https:\/\/toensfeldt-modellbau.de\/wp-content\/uploads\/2025\/01\/Rad-Halter-Int-300x254.jpg 300w\" sizes=\"auto, (max-width: 567px) 100vw, 567px\" \/><\/a><\/figure>\n\n\n\n<p>TMV Reserveradhalter Ausleger Alu TOW TRUCK . Materil Alu schwarz pulverbeschichtet mit 2 Schrauben in verschiedenen L\u00e4ngen f\u00fcr R\u00e4der der Vorderache oder der Hinterachse jeweils mit Stopmutter.<\/p>\n\n\n\n<figure class=\"wp-block-image size-full is-resized\"><a href=\"http:\/\/toensfeldt-modellbau.de\/wp-content\/uploads\/2025\/01\/Rad-Halter-Int2.jpg\"><img loading=\"lazy\" decoding=\"async\" width=\"425\" height=\"389\" src=\"http:\/\/toensfeldt-modellbau.de\/wp-content\/uploads\/2025\/01\/Rad-Halter-Int2.jpg\" alt=\"\" class=\"wp-image-7477\" style=\"width:670px;height:auto\" srcset=\"https:\/\/toensfeldt-modellbau.de\/wp-content\/uploads\/2025\/01\/Rad-Halter-Int2.jpg 425w, https:\/\/toensfeldt-modellbau.de\/wp-content\/uploads\/2025\/01\/Rad-Halter-Int2-300x275.jpg 300w\" sizes=\"auto, (max-width: 425px) 100vw, 425px\" \/><\/a><\/figure>\n\n\n\n<figure class=\"wp-block-image size-full is-resized\"><a href=\"http:\/\/toensfeldt-modellbau.de\/wp-content\/uploads\/2025\/01\/Rad-Halter-Int1.jpg\"><img loading=\"lazy\" decoding=\"async\" width=\"425\" height=\"519\" src=\"http:\/\/toensfeldt-modellbau.de\/wp-content\/uploads\/2025\/01\/Rad-Halter-Int1.jpg\" alt=\"\" class=\"wp-image-7476\" style=\"width:670px;height:auto\" srcset=\"https:\/\/toensfeldt-modellbau.de\/wp-content\/uploads\/2025\/01\/Rad-Halter-Int1.jpg 425w, https:\/\/toensfeldt-modellbau.de\/wp-content\/uploads\/2025\/01\/Rad-Halter-Int1-246x300.jpg 246w\" sizes=\"auto, (max-width: 425px) 100vw, 425px\" \/><\/a><\/figure>\n\n\n\n<p>Art. Nr. Bestelltext:<\/p>\n\n\n\n<p>050218 TMV Reserveradhalter Ausleger Alu TOW TRUCK<\/p>\n\n\n\n<p>Herstellerdaten gem\u00e4s GPSR<\/p>\n\n\n\n<p>Olaf T\u00f6nsfeldt<br>T\u00f6nsfeldt Modellbau Vertrieb<br>Nobiskr\u00fcger Allee 20<br>24768 Rendsburg<\/p>\n\n\n\n<p><strong>Deutschland<\/strong><br>Tel.: 0049 (0 ) 43 31\/ 51 95<br>E-Mail an: tmv@toensfeldt-modellbau.de<\/p>\n","protected":false},"excerpt":{"rendered":"<p>TMV Reserveradhalter Ausleger Alu TOW TRUCK . Materil Alu schwarz pulverbeschichtet mit 2 Schrauben in verschiedenen L\u00e4ngen f\u00fcr R\u00e4der der Vorderache oder der Hinterachse jeweils mit Stopmutter. Art. Nr. Bestelltext: 050218 TMV Reserveradhalter Ausleger Alu TOW TRUCK Herstellerdaten gem\u00e4s GPSR &hellip; <a href=\"https:\/\/toensfeldt-modellbau.de\/?page_id=7478\">Weiterlesen <span class=\"meta-nav\">&rarr;<\/span><\/a><\/p>\n","protected":false},"author":2,"featured_media":0,"parent":0,"menu_order":0,"comment_status":"closed","ping_status":"closed","template":"","meta":{"footnotes":""},"class_list":["post-7478","page","type-page","status-publish","hentry"],"_links":{"self":[{"href":"https:\/\/toensfeldt-modellbau.de\/index.php?rest_route=\/wp\/v2\/pages\/7478","targetHints":{"allow":["GET"]}}],"collection":[{"href":"https:\/\/toensfeldt-modellbau.de\/index.php?rest_route=\/wp\/v2\/pages"}],"about":[{"href":"https:\/\/toensfeldt-modellbau.de\/index.php?rest_route=\/wp\/v2\/types\/page"}],"author":[{"embeddable":true,"href":"https:\/\/toensfeldt-modellbau.de\/index.php?rest_route=\/wp\/v2\/users\/2"}],"replies":[{"embeddable":true,"href":"https:\/\/toensfeldt-modellbau.de\/index.php?rest_route=%2Fwp%2Fv2%2Fcomments&post=7478"}],"version-history":[{"count":3,"href":"https:\/\/toensfeldt-modellbau.de\/index.php?rest_route=\/wp\/v2\/pages\/7478\/revisions"}],"predecessor-version":[{"id":7511,"href":"https:\/\/toensfeldt-modellbau.de\/index.php?rest_route=\/wp\/v2\/pages\/7478\/revisions\/7511"}],"wp:attachment":[{"href":"https:\/\/toensfeldt-modellbau.de\/index.php?rest_route=%2Fwp%2Fv2%2Fmedia&parent=7478"}],"curies":[{"name":"wp","href":"https:\/\/api.w.org\/{rel}","templated":true}]}}